{"id":11543,"date":"2019-04-03T13:57:56","date_gmt":"2019-04-03T11:57:56","guid":{"rendered":"https:\/\/shop.crearesa.de\/?post_type=product&#038;p=11543"},"modified":"2021-11-11T10:30:18","modified_gmt":"2021-11-11T09:30:18","slug":"crearetro-hoodie-schnittmuster","status":"publish","type":"product","link":"https:\/\/crearesa.de\/shop\/produkt\/crearetro-hoodie-schnittmuster\/","title":{"rendered":"Crearetro Hoodie &#8211; Schnittmuster (E-Book)"},"content":{"rendered":"<p><strong>Neu: Raglanpulli Crearetro jetzt auch mit Kapuze!<\/strong><\/p>\n<p>Mit dem Schnittmuster Crearetro Hoodie lassen sich verschiedene Modelle n\u00e4hen. Die Pullis haben eine modisch weite, l\u00e4ssige Form. Wer es nicht so oversized mag, n\u00e4ht eine Nummer kleiner.<\/p>\n<p>Der Grundschnitt ist ein Raglanschnitt, der mit einer V-Passe kombiniert werden kann.<\/p>\n<p>Der Schnitt enth\u00e4lt<\/p>\n<ul>\n<li>zwei verschiedene L\u00e4ngen, wobei jede L\u00e4nge dazwischen auch m\u00f6glich ist<\/li>\n<li>zwei Saumabschl\u00fcsse: Blenden mit hohen Seitenschlitzen oder Saumb\u00fcndchen<\/li>\n<li>zwei verschiedene \u00c4rmel: nach vorne schmal zulaufend mit hohem B\u00fcndchen oder etwas weiter mit kurzem Armb\u00fcndchen<\/li>\n<li>Passe mit Schulternaht oder Passen getrennt durch die Raglannaht<\/li>\n<li>mit Kapuze oder auch ohne<\/li>\n<\/ul>\n<p>Stellvertretend f\u00fcr die vielen m\u00f6glichen Varianten werden im Schnittmuster 3 Modelle beschrieben.<\/p>\n<p><strong>Das E-Book enth\u00e4lt das Schnittmuster in Gr\u00f6\u00dfe 34 bis 50<\/strong>. Eine ausf\u00fchrliche Schritt-f\u00fcr-Schritt-Anleitung mit zahlreichen Fotos richtet sich vor allem an N\u00e4hanf\u00e4nger.<\/p>\n<p>Erg\u00e4nzend zur Anleitung findest du im E-Book <strong>viele Tipps<\/strong> und auch Grundlagenwissen f\u00fcr Anf\u00e4nger die ohne Overlockmaschine n\u00e4hen. Insbesondere wird auch auf die Verarbeitung von Jersey eingegangen.<\/p>\n<p><strong>Nach dem Kauf kannst du eine ZIP-Datei herunterladen und entpacken. In dieser sind enthalten:<\/strong><\/p>\n<ul>\n<li>Das Schnittmuster zum Ausdruck auf DIN A4 Papier (33 Seiten). Nach dem Ausdruck musst du die Seiten zusammenkleben.<a style=\"font-family: -apple-system, BlinkMacSystemFont, 'Segoe UI', Roboto, Oxygen-Sans, Ubuntu, Cantarell, 'Helvetica Neue', sans-serif;\" href=\"https:\/\/crearesa.de\/schnittmuster-e-book-ausdrucken-und-kleben\/\" target=\"_blank\" rel=\"noopener noreferrer\">\u00a0&gt;&gt; Eine Anleitung dazu findest du auf meinem Blog.<\/a><\/li>\n<li>Das Schnittmuster im DIN A0 Format f\u00fcr den Ausdruck an einem Plotter &#8211; entweder in einer Druckerei oder bei einer Online-Plotterei.<\/li>\n<li>Die Anleitung umfasst 48 Seiten und richtet sich auch an Anf\u00e4nger<\/li>\n<li>Eine Plot-Vorlage f\u00fcr den Schriftzug &#8220;CREARESA&#8221;<\/li>\n<li>N\u00e4htipps f\u00fcr Anf\u00e4nger (PDF mit 8 Seiten), Skizzen f\u00fcr deinen Entwurf (PDF)<\/li>\n<\/ul>\n<p>&nbsp;<\/p>\n<p><strong>f\u00fcr mehr Designbeispiele und Tutorials st\u00f6bere durch meinen Blog\u00a0<a href=\"https:\/\/crearesa.de\/category\/crearetro-raglanpulli\/\" target=\"_blank\" rel=\"noopener noreferrer\">www.crearesa.de<\/a><\/strong><\/p>\n<p>F\u00fcr alle Blogger unter euch: Zeigt uns eure fertigen Pullis auf Instagram unter <a href=\"https:\/\/www.instagram.com\/explore\/tags\/crearetrohoodie\/\" target=\"_blank\" rel=\"noopener noreferrer\">#crearetrohoodie<\/a>\u00a0<a href=\"https:\/\/www.instagram.com\/explore\/tags\/crearetro\/\">#crearetro<\/a>\u00a0 <a href=\"https:\/\/www.instagram.com\/explore\/tags\/retropulli\/\" target=\"_blank\" rel=\"noopener noreferrer\">#retropulli<\/a> <a href=\"https:\/\/www.instagram.com\/explore\/tags\/crearesa\/\" target=\"_blank\" rel=\"noopener noreferrer\">#crearesa<\/a><\/p>\n","protected":false},"excerpt":{"rendered":"<p><strong>Crearetro &#8211; jetzt mit Kapuze!<\/strong><\/p>\n<p>noch mehr Infos auf meinem Blog <a href=\"https:\/\/crearesa.de\/crearetro-kapuzenpulli-schnittmuster\/\">crearesa.de<\/a><\/p>\n<div class=\"thrv_wrapper thrv_bullets_shortcode\">\n<ul>\n<li>weite l\u00e4ssige Form im Raglanschnitt<\/li>\n<li>optional: V-Passe mit Schulternaht oder mit Raglann\u00e4hten<\/li>\n<li>zwei verschiedene L\u00e4ngen, wobei jede L\u00e4nge dazwischen auch m\u00f6glich ist<\/li>\n<li>zwei Saumabschl\u00fcsse: Blenden mit hohen Seitenschlitzen oder Saumb\u00fcndchen<\/li>\n<li>zwei verschiedene \u00c4rmel: nach vorne schmal zulaufend mit hohem B\u00fcndchen oder etwas weiter mit kurzem Armb\u00fcndchen<\/li>\n<li><strong>mit oder ohne Kapuze<\/strong><\/li>\n<li>Gr. 34 bis 52<\/li>\n<\/ul>\n<p><span style=\"color: #ff0000; font-size: 11px; font-family: -apple-system, BlinkMacSystemFont, 'Segoe UI', Roboto, Oxygen-Sans, Ubuntu, Cantarell, 'Helvetica Neue', sans-serif;\">Bist du <\/span><strong style=\"color: #ff0000; font-size: 11px; font-family: -apple-system, BlinkMacSystemFont, 'Segoe UI', Roboto, Oxygen-Sans, Ubuntu, Cantarell, 'Helvetica Neue', sans-serif;\">nicht aus Deutschland, \u00d6sterreich \u00a0oder der Schweiz<\/strong><span style=\"color: #ff0000; font-size: 11px; font-family: -apple-system, BlinkMacSystemFont, 'Segoe UI', Roboto, Oxygen-Sans, Ubuntu, Cantarell, 'Helvetica Neue', sans-serif;\">? Willst du <\/span><strong style=\"color: #ff0000; font-size: 11px; font-family: -apple-system, BlinkMacSystemFont, 'Segoe UI', Roboto, Oxygen-Sans, Ubuntu, Cantarell, 'Helvetica Neue', sans-serif;\">nicht mit Vorauskasse oder PayPal<\/strong><span style=\"color: #ff0000; font-size: 11px; font-family: -apple-system, BlinkMacSystemFont, 'Segoe UI', Roboto, Oxygen-Sans, Ubuntu, Cantarell, 'Helvetica Neue', sans-serif;\"> bezahlen?<\/span><\/p>\n<p><span style=\"color: #ff0000; font-size: 11px; font-family: -apple-system, BlinkMacSystemFont, 'Segoe UI', Roboto, Oxygen-Sans, Ubuntu, Cantarell, 'Helvetica Neue', sans-serif;\">Dann kannst du diesen meine Schnitte auch bei <a href=\"https:\/\/www.snaply.de\/designer\/crearesa\" target=\"_blank\" rel=\"noopener noreferrer\">Snaply<\/a> kaufen.<\/span><\/p>\n<\/div>\n","protected":false},"featured_media":11576,"comment_status":"open","ping_status":"closed","template":"","meta":{"site-sidebar-layout":"default","site-content-layout":"","ast-site-content-layout":"default","site-content-style":"default","site-sidebar-style":"default","ast-global-header-display":"","ast-banner-title-visibility":"","ast-main-header-display":"","ast-hfb-above-header-display":"","ast-hfb-below-header-display":"","ast-hfb-mobile-header-display":"","site-post-title":"","ast-breadcrumbs-content":"","ast-featured-img":"","footer-sml-layout":"","ast-disable-related-posts":"","theme-transparent-header-meta":"","adv-header-id-meta":"","stick-header-meta":"","header-above-stick-meta":"","header-main-stick-meta":"","header-below-stick-meta":"","astra-migrate-meta-layouts":"default","ast-page-background-enabled":"default","ast-page-background-meta":{"desktop":{"background-color":"","background-image":"","background-repeat":"repeat","background-position":"center center","background-size":"auto","background-attachment":"scroll","background-type":"","background-media":"","overlay-type":"","overlay-color":"","overlay-opacity":"","overlay-gradient":""},"tablet":{"background-color":"","background-image":"","background-repeat":"repeat","background-position":"center center","background-size":"auto","background-attachment":"scroll","background-type":"","background-media":"","overlay-type":"","overlay-color":"","overlay-opacity":"","overlay-gradient":""},"mobile":{"background-color":"","background-image":"","background-repeat":"repeat","background-position":"center center","background-size":"auto","background-attachment":"scroll","background-type":"","background-media":"","overlay-type":"","overlay-color":"","overlay-opacity":"","overlay-gradient":""}},"ast-content-background-meta":{"desktop":{"background-color":"var(--ast-global-color-5)","background-image":"","background-repeat":"repeat","background-position":"center center","background-size":"auto","background-attachment":"scroll","background-type":"","background-media":"","overlay-type":"","overlay-color":"","overlay-opacity":"","overlay-gradient":""},"tablet":{"background-color":"var(--ast-global-color-5)","background-image":"","background-repeat":"repeat","background-position":"center center","background-size":"auto","background-attachment":"scroll","background-type":"","background-media":"","overlay-type":"","overlay-color":"","overlay-opacity":"","overlay-gradient":""},"mobile":{"background-color":"var(--ast-global-color-5)","background-image":"","background-repeat":"repeat","background-position":"center center","background-size":"auto","background-attachment":"scroll","background-type":"","background-media":"","overlay-type":"","overlay-color":"","overlay-opacity":"","overlay-gradient":""}}},"product_brand":[],"product_cat":[35],"product_tag":[99,93,94,95,97,98],"class_list":{"0":"post-11543","1":"product","2":"type-product","3":"status-publish","4":"has-post-thumbnail","6":"product_cat-schnittmuster-fuer-damen-und-kinder","7":"product_tag-kapuzenpulli","8":"product_tag-crearetro","9":"product_tag-hoodie","10":"product_tag-sweatshirt","11":"product_tag-damen","12":"product_tag-raglanpulli","13":"desktop-align-left","14":"tablet-align-left","15":"mobile-align-left","16":"ast-product-gallery-layout-horizontal","17":"ast-product-tabs-layout-vertical","19":"first","20":"instock","21":"downloadable","22":"virtual","23":"sold-individually","24":"taxable","25":"purchasable","26":"product-type-simple"},"yoast_head":"<!-- This site is optimized with the Yoast SEO plugin v27.3 - https:\/\/yoast.com\/product\/yoast-seo-wordpress\/ -->\n<title>Crearetro Hoodie - Schnittmuster (E-Book) - creaResa - sch\u00f6ne Sachen selber machen<\/title>\n<meta name=\"robots\" content=\"index, follow, max-snippet:-1, max-image-preview:large, max-video-preview:-1\" \/>\n<link rel=\"canonical\" href=\"https:\/\/crearesa.de\/shop\/produkt\/crearetro-hoodie-schnittmuster\/\" \/>\n<meta property=\"og:locale\" content=\"de_DE\" \/>\n<meta property=\"og:type\" content=\"article\" \/>\n<meta property=\"og:title\" content=\"Crearetro Hoodie - Schnittmuster (E-Book) - creaResa - sch\u00f6ne Sachen selber machen\" \/>\n<meta property=\"og:description\" content=\"Crearetro - jetzt mit Kapuze!  noch mehr Infos auf meinem Blog crearesa.de    weite l\u00e4ssige Form im Raglanschnitt  optional: V-Passe mit Schulternaht oder mit Raglann\u00e4hten  zwei verschiedene L\u00e4ngen, wobei jede L\u00e4nge dazwischen auch m\u00f6glich ist  zwei Saumabschl\u00fcsse: Blenden mit hohen Seitenschlitzen oder Saumb\u00fcndchen  zwei verschiedene \u00c4rmel: nach vorne schmal zulaufend mit hohem B\u00fcndchen oder etwas weiter mit kurzem Armb\u00fcndchen  mit oder ohne Kapuze  Gr. 34 bis 52  Bist du nicht aus Deutschland, \u00d6sterreich \u00a0oder der Schweiz? Willst du nicht mit Vorauskasse oder PayPal bezahlen?  Dann kannst du diesen meine Schnitte auch bei Snaply kaufen.\" \/>\n<meta property=\"og:url\" content=\"https:\/\/crearesa.de\/shop\/produkt\/crearetro-hoodie-schnittmuster\/\" \/>\n<meta property=\"og:site_name\" content=\"creaResa - sch\u00f6ne Sachen selber machen\" \/>\n<meta property=\"article:publisher\" content=\"https:\/\/www.facebook.com\/crearesa\/\" \/>\n<meta property=\"article:modified_time\" content=\"2021-11-11T09:30:18+00:00\" \/>\n<meta property=\"og:image\" content=\"https:\/\/crearesa.de\/shop\/wp-content\/uploads\/2019\/04\/crearetro-hoodie-titel-shop.jpg\" \/>\n\t<meta property=\"og:image:width\" content=\"1061\" \/>\n\t<meta property=\"og:image:height\" content=\"1061\" \/>\n\t<meta property=\"og:image:type\" content=\"image\/jpeg\" \/>\n<meta name=\"twitter:card\" content=\"summary_large_image\" \/>\n<meta name=\"twitter:label1\" content=\"Gesch\u00e4tzte Lesezeit\" \/>\n\t<meta name=\"twitter:data1\" content=\"2\u00a0Minuten\" \/>\n<script type=\"application\/ld+json\" class=\"yoast-schema-graph\">{\"@context\":\"https:\\\/\\\/schema.org\",\"@graph\":[{\"@type\":\"WebPage\",\"@id\":\"https:\\\/\\\/crearesa.de\\\/shop\\\/produkt\\\/crearetro-hoodie-schnittmuster\\\/\",\"url\":\"https:\\\/\\\/crearesa.de\\\/shop\\\/produkt\\\/crearetro-hoodie-schnittmuster\\\/\",\"name\":\"Crearetro Hoodie - Schnittmuster (E-Book) - creaResa - sch\u00f6ne Sachen selber machen\",\"isPartOf\":{\"@id\":\"https:\\\/\\\/crearesa.de\\\/shop\\\/#website\"},\"primaryImageOfPage\":{\"@id\":\"https:\\\/\\\/crearesa.de\\\/shop\\\/produkt\\\/crearetro-hoodie-schnittmuster\\\/#primaryimage\"},\"image\":{\"@id\":\"https:\\\/\\\/crearesa.de\\\/shop\\\/produkt\\\/crearetro-hoodie-schnittmuster\\\/#primaryimage\"},\"thumbnailUrl\":\"https:\\\/\\\/crearesa.de\\\/shop\\\/wp-content\\\/uploads\\\/2019\\\/04\\\/crearetro-hoodie-titel-shop.jpg\",\"datePublished\":\"2019-04-03T11:57:56+00:00\",\"dateModified\":\"2021-11-11T09:30:18+00:00\",\"breadcrumb\":{\"@id\":\"https:\\\/\\\/crearesa.de\\\/shop\\\/produkt\\\/crearetro-hoodie-schnittmuster\\\/#breadcrumb\"},\"inLanguage\":\"de\",\"potentialAction\":[{\"@type\":\"ReadAction\",\"target\":[\"https:\\\/\\\/crearesa.de\\\/shop\\\/produkt\\\/crearetro-hoodie-schnittmuster\\\/\"]}]},{\"@type\":\"ImageObject\",\"inLanguage\":\"de\",\"@id\":\"https:\\\/\\\/crearesa.de\\\/shop\\\/produkt\\\/crearetro-hoodie-schnittmuster\\\/#primaryimage\",\"url\":\"https:\\\/\\\/crearesa.de\\\/shop\\\/wp-content\\\/uploads\\\/2019\\\/04\\\/crearetro-hoodie-titel-shop.jpg\",\"contentUrl\":\"https:\\\/\\\/crearesa.de\\\/shop\\\/wp-content\\\/uploads\\\/2019\\\/04\\\/crearetro-hoodie-titel-shop.jpg\",\"width\":1061,\"height\":1061},{\"@type\":\"BreadcrumbList\",\"@id\":\"https:\\\/\\\/crearesa.de\\\/shop\\\/produkt\\\/crearetro-hoodie-schnittmuster\\\/#breadcrumb\",\"itemListElement\":[{\"@type\":\"ListItem\",\"position\":1,\"name\":\"Startseite\",\"item\":\"https:\\\/\\\/crearesa.de\\\/shop\\\/\"},{\"@type\":\"ListItem\",\"position\":2,\"name\":\"Schnittmuster Shop\",\"item\":\"https:\\\/\\\/crearesa.de\\\/shop\\\/\"},{\"@type\":\"ListItem\",\"position\":3,\"name\":\"Crearetro Hoodie &#8211; Schnittmuster (E-Book)\"}]},{\"@type\":\"WebSite\",\"@id\":\"https:\\\/\\\/crearesa.de\\\/shop\\\/#website\",\"url\":\"https:\\\/\\\/crearesa.de\\\/shop\\\/\",\"name\":\"creaResa - sch\u00f6ne Sachen selber machen\",\"description\":\"Shop f\u00fcr Schnittmuster und N\u00e4hpakete\",\"publisher\":{\"@id\":\"https:\\\/\\\/crearesa.de\\\/shop\\\/#organization\"},\"potentialAction\":[{\"@type\":\"SearchAction\",\"target\":{\"@type\":\"EntryPoint\",\"urlTemplate\":\"https:\\\/\\\/crearesa.de\\\/shop\\\/?s={search_term_string}\"},\"query-input\":{\"@type\":\"PropertyValueSpecification\",\"valueRequired\":true,\"valueName\":\"search_term_string\"}}],\"inLanguage\":\"de\"},{\"@type\":\"Organization\",\"@id\":\"https:\\\/\\\/crearesa.de\\\/shop\\\/#organization\",\"name\":\"creaResa\",\"url\":\"https:\\\/\\\/crearesa.de\\\/shop\\\/\",\"logo\":{\"@type\":\"ImageObject\",\"inLanguage\":\"de\",\"@id\":\"https:\\\/\\\/crearesa.de\\\/shop\\\/#\\\/schema\\\/logo\\\/image\\\/\",\"url\":\"https:\\\/\\\/crearesa.de\\\/shop\\\/wp-content\\\/uploads\\\/2020\\\/06\\\/logo_crearesa-1.png\",\"contentUrl\":\"https:\\\/\\\/crearesa.de\\\/shop\\\/wp-content\\\/uploads\\\/2020\\\/06\\\/logo_crearesa-1.png\",\"width\":400,\"height\":172,\"caption\":\"creaResa\"},\"image\":{\"@id\":\"https:\\\/\\\/crearesa.de\\\/shop\\\/#\\\/schema\\\/logo\\\/image\\\/\"},\"sameAs\":[\"https:\\\/\\\/www.facebook.com\\\/crearesa\\\/\",\"https:\\\/\\\/www.instagram.com\\\/crearesa\\\/\",\"https:\\\/\\\/www.pinterest.de\\\/resa_crearesa\\\/\"]}]}<\/script>\n<!-- \/ Yoast SEO plugin. -->","yoast_head_json":{"title":"Crearetro Hoodie - Schnittmuster (E-Book) - creaResa - sch\u00f6ne Sachen selber machen","robots":{"index":"index","follow":"follow","max-snippet":"max-snippet:-1","max-image-preview":"max-image-preview:large","max-video-preview":"max-video-preview:-1"},"canonical":"https:\/\/crearesa.de\/shop\/produkt\/crearetro-hoodie-schnittmuster\/","og_locale":"de_DE","og_type":"article","og_title":"Crearetro Hoodie - Schnittmuster (E-Book) - creaResa - sch\u00f6ne Sachen selber machen","og_description":"Crearetro - jetzt mit Kapuze!  noch mehr Infos auf meinem Blog crearesa.de    weite l\u00e4ssige Form im Raglanschnitt  optional: V-Passe mit Schulternaht oder mit Raglann\u00e4hten  zwei verschiedene L\u00e4ngen, wobei jede L\u00e4nge dazwischen auch m\u00f6glich ist  zwei Saumabschl\u00fcsse: Blenden mit hohen Seitenschlitzen oder Saumb\u00fcndchen  zwei verschiedene \u00c4rmel: nach vorne schmal zulaufend mit hohem B\u00fcndchen oder etwas weiter mit kurzem Armb\u00fcndchen  mit oder ohne Kapuze  Gr. 34 bis 52  Bist du nicht aus Deutschland, \u00d6sterreich \u00a0oder der Schweiz? Willst du nicht mit Vorauskasse oder PayPal bezahlen?  Dann kannst du diesen meine Schnitte auch bei Snaply kaufen.","og_url":"https:\/\/crearesa.de\/shop\/produkt\/crearetro-hoodie-schnittmuster\/","og_site_name":"creaResa - sch\u00f6ne Sachen selber machen","article_publisher":"https:\/\/www.facebook.com\/crearesa\/","article_modified_time":"2021-11-11T09:30:18+00:00","og_image":[{"width":1061,"height":1061,"url":"https:\/\/crearesa.de\/shop\/wp-content\/uploads\/2019\/04\/crearetro-hoodie-titel-shop.jpg","type":"image\/jpeg"}],"twitter_card":"summary_large_image","twitter_misc":{"Gesch\u00e4tzte Lesezeit":"2\u00a0Minuten"},"schema":{"@context":"https:\/\/schema.org","@graph":[{"@type":"WebPage","@id":"https:\/\/crearesa.de\/shop\/produkt\/crearetro-hoodie-schnittmuster\/","url":"https:\/\/crearesa.de\/shop\/produkt\/crearetro-hoodie-schnittmuster\/","name":"Crearetro Hoodie - Schnittmuster (E-Book) - creaResa - sch\u00f6ne Sachen selber machen","isPartOf":{"@id":"https:\/\/crearesa.de\/shop\/#website"},"primaryImageOfPage":{"@id":"https:\/\/crearesa.de\/shop\/produkt\/crearetro-hoodie-schnittmuster\/#primaryimage"},"image":{"@id":"https:\/\/crearesa.de\/shop\/produkt\/crearetro-hoodie-schnittmuster\/#primaryimage"},"thumbnailUrl":"https:\/\/crearesa.de\/shop\/wp-content\/uploads\/2019\/04\/crearetro-hoodie-titel-shop.jpg","datePublished":"2019-04-03T11:57:56+00:00","dateModified":"2021-11-11T09:30:18+00:00","breadcrumb":{"@id":"https:\/\/crearesa.de\/shop\/produkt\/crearetro-hoodie-schnittmuster\/#breadcrumb"},"inLanguage":"de","potentialAction":[{"@type":"ReadAction","target":["https:\/\/crearesa.de\/shop\/produkt\/crearetro-hoodie-schnittmuster\/"]}]},{"@type":"ImageObject","inLanguage":"de","@id":"https:\/\/crearesa.de\/shop\/produkt\/crearetro-hoodie-schnittmuster\/#primaryimage","url":"https:\/\/crearesa.de\/shop\/wp-content\/uploads\/2019\/04\/crearetro-hoodie-titel-shop.jpg","contentUrl":"https:\/\/crearesa.de\/shop\/wp-content\/uploads\/2019\/04\/crearetro-hoodie-titel-shop.jpg","width":1061,"height":1061},{"@type":"BreadcrumbList","@id":"https:\/\/crearesa.de\/shop\/produkt\/crearetro-hoodie-schnittmuster\/#breadcrumb","itemListElement":[{"@type":"ListItem","position":1,"name":"Startseite","item":"https:\/\/crearesa.de\/shop\/"},{"@type":"ListItem","position":2,"name":"Schnittmuster Shop","item":"https:\/\/crearesa.de\/shop\/"},{"@type":"ListItem","position":3,"name":"Crearetro Hoodie &#8211; Schnittmuster (E-Book)"}]},{"@type":"WebSite","@id":"https:\/\/crearesa.de\/shop\/#website","url":"https:\/\/crearesa.de\/shop\/","name":"creaResa - sch\u00f6ne Sachen selber machen","description":"Shop f\u00fcr Schnittmuster und N\u00e4hpakete","publisher":{"@id":"https:\/\/crearesa.de\/shop\/#organization"},"potentialAction":[{"@type":"SearchAction","target":{"@type":"EntryPoint","urlTemplate":"https:\/\/crearesa.de\/shop\/?s={search_term_string}"},"query-input":{"@type":"PropertyValueSpecification","valueRequired":true,"valueName":"search_term_string"}}],"inLanguage":"de"},{"@type":"Organization","@id":"https:\/\/crearesa.de\/shop\/#organization","name":"creaResa","url":"https:\/\/crearesa.de\/shop\/","logo":{"@type":"ImageObject","inLanguage":"de","@id":"https:\/\/crearesa.de\/shop\/#\/schema\/logo\/image\/","url":"https:\/\/crearesa.de\/shop\/wp-content\/uploads\/2020\/06\/logo_crearesa-1.png","contentUrl":"https:\/\/crearesa.de\/shop\/wp-content\/uploads\/2020\/06\/logo_crearesa-1.png","width":400,"height":172,"caption":"creaResa"},"image":{"@id":"https:\/\/crearesa.de\/shop\/#\/schema\/logo\/image\/"},"sameAs":["https:\/\/www.facebook.com\/crearesa\/","https:\/\/www.instagram.com\/crearesa\/","https:\/\/www.pinterest.de\/resa_crearesa\/"]}]}},"_links":{"self":[{"href":"https:\/\/crearesa.de\/shop\/wp-json\/wp\/v2\/product\/11543","targetHints":{"allow":["GET"]}}],"collection":[{"href":"https:\/\/crearesa.de\/shop\/wp-json\/wp\/v2\/product"}],"about":[{"href":"https:\/\/crearesa.de\/shop\/wp-json\/wp\/v2\/types\/product"}],"replies":[{"embeddable":true,"href":"https:\/\/crearesa.de\/shop\/wp-json\/wp\/v2\/comments?post=11543"}],"wp:featuredmedia":[{"embeddable":true,"href":"https:\/\/crearesa.de\/shop\/wp-json\/wp\/v2\/media\/11576"}],"wp:attachment":[{"href":"https:\/\/crearesa.de\/shop\/wp-json\/wp\/v2\/media?parent=11543"}],"wp:term":[{"taxonomy":"product_brand","embeddable":true,"href":"https:\/\/crearesa.de\/shop\/wp-json\/wp\/v2\/product_brand?post=11543"},{"taxonomy":"product_cat","embeddable":true,"href":"https:\/\/crearesa.de\/shop\/wp-json\/wp\/v2\/product_cat?post=11543"},{"taxonomy":"product_tag","embeddable":true,"href":"https:\/\/crearesa.de\/shop\/wp-json\/wp\/v2\/product_tag?post=11543"}],"curies":[{"name":"wp","href":"https:\/\/api.w.org\/{rel}","templated":true}]}}