{"id":12061,"date":"2019-04-29T17:13:43","date_gmt":"2019-04-29T15:13:43","guid":{"rendered":"https:\/\/shop.crearesa.de\/?post_type=product&#038;p=12061"},"modified":"2021-11-11T10:30:08","modified_gmt":"2021-11-11T09:30:08","slug":"crearetro-kids-schnittmuster","status":"publish","type":"product","link":"https:\/\/crearesa.de\/shop\/produkt\/crearetro-kids-schnittmuster\/","title":{"rendered":"Crearetro Kids &#8211; Schnittmuster (E-Book)"},"content":{"rendered":"<p>Mit dem Schnittmuster Crearetro Kids lassen sich verschiedene Modelle n\u00e4hen. Die Pullis haben eine Oversize-Passform.<\/p>\n<p>Der Grundschnitt ist ein Raglanschnitt, der mit einer V-Passe kombiniert werden kann.<\/p>\n<p>Der Schnitt enth\u00e4lt<\/p>\n<ul>\n<li>drei verschiedene L\u00e4ngen, wobei jede L\u00e4nge dazwischen auch m\u00f6glich ist<\/li>\n<li>zwei Saumabschl\u00fcsse: Blenden mit Seitenschlitzen oder Saumb\u00fcndchen<\/li>\n<li>Passe mit Schulternaht oder Passen getrennt durch die Raglannaht<\/li>\n<li>mit oder ohne Kapuze<\/li>\n<\/ul>\n<p>Stellvertretend f\u00fcr die vielen m\u00f6glichen Varianten werden im Schnittmuster 3 Modelle beschrieben.<\/p>\n<p><strong>Das E-Book enth\u00e4lt das Schnittmuster in Gr\u00f6\u00dfe 116 bis 164<\/strong>. Eine ausf\u00fchrliche Schritt-f\u00fcr-Schritt-Anleitung mit zahlreichen Fotos richtet sich vor allem an N\u00e4hanf\u00e4nger.<\/p>\n<p>Erg\u00e4nzend zur Anleitung findest du im E-Book <strong>viele Tipps<\/strong> und auch Grundlagenwissen f\u00fcr Anf\u00e4nger die ohne Overlockmaschine n\u00e4hen. Insbesondere wird auch auf die Verarbeitung von Jersey eingegangen.<\/p>\n<p><strong>Nach dem Kauf kannst du eine ZIP-Datei herunterladen und entpacken. In dieser sind enthalten:<\/strong><\/p>\n<ul>\n<li>Das Schnittmuster zum Ausdruck auf DIN A4 Papier (21 Seiten). Nach dem Ausdruck musst du die Seiten zusammenkleben.<a style=\"font-family: -apple-system, BlinkMacSystemFont, 'Segoe UI', Roboto, Oxygen-Sans, Ubuntu, Cantarell, 'Helvetica Neue', sans-serif;\" href=\"https:\/\/crearesa.de\/schnittmuster-e-book-ausdrucken-und-kleben\/\" target=\"_blank\" rel=\"noopener noreferrer\">\u00a0&gt;&gt; Eine Anleitung dazu findest du auf meinem Blog.<\/a><\/li>\n<li>Das Schnittmuster im DIN A0 Format f\u00fcr den Ausdruck an einem Plotter &#8211; entweder in einer Druckerei oder bei einer Online-Plotterei.<\/li>\n<li>Die Anleitung inklusive Tutorials f\u00fcr N\u00e4hanf\u00e4nger und viele Designbeispiele.<\/li>\n<li>N\u00e4htipps f\u00fcr Anf\u00e4nger (PDF mit 8 Seiten), Skizzen f\u00fcr deinen Entwurf (PDF)<\/li>\n<\/ul>\n<p>&nbsp;<\/p>\n<p><strong>f\u00fcr mehr Designbeispiele und Tutorials st\u00f6bere durch meinen Blog\u00a0<a href=\"https:\/\/crearesa.de\/category\/crearetro-raglanpulli\/\" target=\"_blank\" rel=\"noopener noreferrer\">www.crearesa.de<\/a><\/strong><\/p>\n<p>F\u00fcr alle Blogger unter euch: Zeigt uns eure fertigen Pullis auf Instagram unter <a href=\"https:\/\/www.instagram.com\/explore\/tags\/crearetrokids\/\">#crearetrokids<\/a>\u00a0<a href=\"https:\/\/www.instagram.com\/explore\/tags\/crearetrohoodie\/\" target=\"_blank\" rel=\"noopener noreferrer\">#crearetrohoodie<\/a>\u00a0<a href=\"https:\/\/www.instagram.com\/explore\/tags\/crearetro\/\">#crearetro<\/a>\u00a0 <a href=\"https:\/\/www.instagram.com\/explore\/tags\/crearesa\/\" target=\"_blank\" rel=\"noopener noreferrer\">#crearesa<\/a><\/p>\n","protected":false},"excerpt":{"rendered":"<p><strong>Crearetro &#8211; jetzt f\u00fcr Kinder in Gr. 116 bis 164<\/strong><\/p>\n<p>noch mehr Infos auf meinem Blog <a href=\"https:\/\/crearesa.de\/category\/crearetro-raglanpulli\/\" target=\"_blank\" rel=\"noopener noreferrer\">crearesa.de<\/a><\/p>\n<div class=\"thrv_wrapper thrv_bullets_shortcode\">\n<ul>\n<li>Oversize Form im Raglanschnitt<\/li>\n<li>optional: V-Passe mit Schulternaht oder mit Raglann\u00e4hten<\/li>\n<li>drei verschiedene L\u00e4ngen, wobei jede L\u00e4nge dazwischen auch m\u00f6glich ist<\/li>\n<li>zwei Saumabschl\u00fcsse: Blenden mit Seitenschlitzen oder Saumb\u00fcndchen<\/li>\n<li>mit oder ohne Kapuze<\/li>\n<\/ul>\n<p>Crearetro Kids kannst du auch zusammen mit dem Damenschnitt Crearetro Hoodie\u00a0als <a href=\"https:\/\/crearesa.de\/shop\/\">Kombipaket<\/a> kaufen.<\/p>\n<p><span style=\"color: #ff0000; font-size: 11px; font-family: -apple-system, BlinkMacSystemFont, 'Segoe UI', Roboto, Oxygen-Sans, Ubuntu, Cantarell, 'Helvetica Neue', sans-serif;\">Bist du <\/span><strong style=\"color: #ff0000; font-size: 11px; font-family: -apple-system, BlinkMacSystemFont, 'Segoe UI', Roboto, Oxygen-Sans, Ubuntu, Cantarell, 'Helvetica Neue', sans-serif;\">nicht aus Deutschland, \u00d6sterreich \u00a0oder der Schweiz<\/strong><span style=\"color: #ff0000; font-size: 11px; font-family: -apple-system, BlinkMacSystemFont, 'Segoe UI', Roboto, Oxygen-Sans, Ubuntu, Cantarell, 'Helvetica Neue', sans-serif;\">? Willst du <\/span><strong style=\"color: #ff0000; font-size: 11px; font-family: -apple-system, BlinkMacSystemFont, 'Segoe UI', Roboto, Oxygen-Sans, Ubuntu, Cantarell, 'Helvetica Neue', sans-serif;\">nicht mit Vorauskasse oder PayPal<\/strong><span style=\"color: #ff0000; font-size: 11px; font-family: -apple-system, BlinkMacSystemFont, 'Segoe UI', Roboto, Oxygen-Sans, Ubuntu, Cantarell, 'Helvetica Neue', sans-serif;\"> bezahlen?<\/span><\/p>\n<p><span style=\"color: #ff0000; font-size: 11px; font-family: -apple-system, BlinkMacSystemFont, 'Segoe UI', Roboto, Oxygen-Sans, Ubuntu, Cantarell, 'Helvetica Neue', sans-serif;\">Dann kannst du diesen meine Schnitte auch bei <a href=\"https:\/\/www.snaply.de\/designer\/crearesa\" target=\"_blank\" rel=\"noopener noreferrer\">Snaply<\/a> kaufen.<\/span><\/p>\n<\/div>\n","protected":false},"featured_media":12069,"comment_status":"open","ping_status":"closed","template":"","meta":{"site-sidebar-layout":"default","site-content-layout":"default","ast-site-content-layout":"default","site-content-style":"default","site-sidebar-style":"default","ast-global-header-display":"","ast-banner-title-visibility":"","ast-main-header-display":"","ast-hfb-above-header-display":"","ast-hfb-below-header-display":"","ast-hfb-mobile-header-display":"","site-post-title":"","ast-breadcrumbs-content":"","ast-featured-img":"","footer-sml-layout":"","ast-disable-related-posts":"","theme-transparent-header-meta":"default","adv-header-id-meta":"","stick-header-meta":"default","header-above-stick-meta":"","header-main-stick-meta":"","header-below-stick-meta":"","astra-migrate-meta-layouts":"default","ast-page-background-enabled":"default","ast-page-background-meta":{"desktop":{"background-color":"","background-image":"","background-repeat":"repeat","background-position":"center center","background-size":"auto","background-attachment":"scroll","background-type":"","background-media":"","overlay-type":"","overlay-color":"","overlay-opacity":"","overlay-gradient":""},"tablet":{"background-color":"","background-image":"","background-repeat":"repeat","background-position":"center center","background-size":"auto","background-attachment":"scroll","background-type":"","background-media":"","overlay-type":"","overlay-color":"","overlay-opacity":"","overlay-gradient":""},"mobile":{"background-color":"","background-image":"","background-repeat":"repeat","background-position":"center center","background-size":"auto","background-attachment":"scroll","background-type":"","background-media":"","overlay-type":"","overlay-color":"","overlay-opacity":"","overlay-gradient":""}},"ast-content-background-meta":{"desktop":{"background-color":"var(--ast-global-color-5)","background-image":"","background-repeat":"repeat","background-position":"center center","background-size":"auto","background-attachment":"scroll","background-type":"","background-media":"","overlay-type":"","overlay-color":"","overlay-opacity":"","overlay-gradient":""},"tablet":{"background-color":"var(--ast-global-color-5)","background-image":"","background-repeat":"repeat","background-position":"center center","background-size":"auto","background-attachment":"scroll","background-type":"","background-media":"","overlay-type":"","overlay-color":"","overlay-opacity":"","overlay-gradient":""},"mobile":{"background-color":"var(--ast-global-color-5)","background-image":"","background-repeat":"repeat","background-position":"center center","background-size":"auto","background-attachment":"scroll","background-type":"","background-media":"","overlay-type":"","overlay-color":"","overlay-opacity":"","overlay-gradient":""}}},"product_brand":[],"product_cat":[35],"product_tag":[95,96,98,99,93,94],"class_list":{"0":"post-12061","1":"product","2":"type-product","3":"status-publish","4":"has-post-thumbnail","6":"product_cat-schnittmuster-fuer-damen-und-kinder","7":"product_tag-sweatshirt","8":"product_tag-kinder","9":"product_tag-raglanpulli","10":"product_tag-kapuzenpulli","11":"product_tag-crearetro","12":"product_tag-hoodie","13":"desktop-align-left","14":"tablet-align-left","15":"mobile-align-left","16":"ast-product-gallery-layout-horizontal","17":"ast-product-tabs-layout-vertical","19":"first","20":"instock","21":"featured","22":"downloadable","23":"virtual","24":"sold-individually","25":"taxable","26":"purchasable","27":"product-type-simple"},"yoast_head":"<!-- This site is optimized with the Yoast SEO plugin v27.3 - https:\/\/yoast.com\/product\/yoast-seo-wordpress\/ -->\n<title>Crearetro Kids - Schnittmuster (E-Book) - creaResa - sch\u00f6ne Sachen selber machen<\/title>\n<meta name=\"robots\" content=\"index, follow, max-snippet:-1, max-image-preview:large, max-video-preview:-1\" \/>\n<link rel=\"canonical\" href=\"https:\/\/crearesa.de\/shop\/produkt\/crearetro-kids-schnittmuster\/\" \/>\n<meta property=\"og:locale\" content=\"de_DE\" \/>\n<meta property=\"og:type\" content=\"article\" \/>\n<meta property=\"og:title\" content=\"Crearetro Kids - Schnittmuster (E-Book) - creaResa - sch\u00f6ne Sachen selber machen\" \/>\n<meta property=\"og:description\" content=\"Crearetro - jetzt f\u00fcr Kinder in Gr. 116 bis 164  noch mehr Infos auf meinem Blog crearesa.de    Oversize Form im Raglanschnitt  optional: V-Passe mit Schulternaht oder mit Raglann\u00e4hten  drei verschiedene L\u00e4ngen, wobei jede L\u00e4nge dazwischen auch m\u00f6glich ist  zwei Saumabschl\u00fcsse: Blenden mit Seitenschlitzen oder Saumb\u00fcndchen  mit oder ohne Kapuze  Crearetro Kids kannst du auch zusammen mit dem Damenschnitt Crearetro Hoodie\u00a0als Kombipaket kaufen.  Bist du nicht aus Deutschland, \u00d6sterreich \u00a0oder der Schweiz? Willst du nicht mit Vorauskasse oder PayPal bezahlen?  Dann kannst du diesen meine Schnitte auch bei Snaply kaufen.\" \/>\n<meta property=\"og:url\" content=\"https:\/\/crearesa.de\/shop\/produkt\/crearetro-kids-schnittmuster\/\" \/>\n<meta property=\"og:site_name\" content=\"creaResa - sch\u00f6ne Sachen selber machen\" \/>\n<meta property=\"article:publisher\" content=\"https:\/\/www.facebook.com\/crearesa\/\" \/>\n<meta property=\"article:modified_time\" content=\"2021-11-11T09:30:08+00:00\" \/>\n<meta property=\"og:image\" content=\"https:\/\/crearesa.de\/shop\/wp-content\/uploads\/2019\/04\/crearetro-kids-cover-10.jpg\" \/>\n\t<meta property=\"og:image:width\" content=\"1000\" \/>\n\t<meta property=\"og:image:height\" content=\"1000\" \/>\n\t<meta property=\"og:image:type\" content=\"image\/jpeg\" \/>\n<meta name=\"twitter:card\" content=\"summary_large_image\" \/>\n<meta name=\"twitter:label1\" content=\"Gesch\u00e4tzte Lesezeit\" \/>\n\t<meta name=\"twitter:data1\" content=\"1\u00a0Minute\" \/>\n<script type=\"application\/ld+json\" class=\"yoast-schema-graph\">{\"@context\":\"https:\\\/\\\/schema.org\",\"@graph\":[{\"@type\":\"WebPage\",\"@id\":\"https:\\\/\\\/crearesa.de\\\/shop\\\/produkt\\\/crearetro-kids-schnittmuster\\\/\",\"url\":\"https:\\\/\\\/crearesa.de\\\/shop\\\/produkt\\\/crearetro-kids-schnittmuster\\\/\",\"name\":\"Crearetro Kids - Schnittmuster (E-Book) - creaResa - sch\u00f6ne Sachen selber machen\",\"isPartOf\":{\"@id\":\"https:\\\/\\\/crearesa.de\\\/shop\\\/#website\"},\"primaryImageOfPage\":{\"@id\":\"https:\\\/\\\/crearesa.de\\\/shop\\\/produkt\\\/crearetro-kids-schnittmuster\\\/#primaryimage\"},\"image\":{\"@id\":\"https:\\\/\\\/crearesa.de\\\/shop\\\/produkt\\\/crearetro-kids-schnittmuster\\\/#primaryimage\"},\"thumbnailUrl\":\"https:\\\/\\\/crearesa.de\\\/shop\\\/wp-content\\\/uploads\\\/2019\\\/04\\\/crearetro-kids-cover-10.jpg\",\"datePublished\":\"2019-04-29T15:13:43+00:00\",\"dateModified\":\"2021-11-11T09:30:08+00:00\",\"breadcrumb\":{\"@id\":\"https:\\\/\\\/crearesa.de\\\/shop\\\/produkt\\\/crearetro-kids-schnittmuster\\\/#breadcrumb\"},\"inLanguage\":\"de\",\"potentialAction\":[{\"@type\":\"ReadAction\",\"target\":[\"https:\\\/\\\/crearesa.de\\\/shop\\\/produkt\\\/crearetro-kids-schnittmuster\\\/\"]}]},{\"@type\":\"ImageObject\",\"inLanguage\":\"de\",\"@id\":\"https:\\\/\\\/crearesa.de\\\/shop\\\/produkt\\\/crearetro-kids-schnittmuster\\\/#primaryimage\",\"url\":\"https:\\\/\\\/crearesa.de\\\/shop\\\/wp-content\\\/uploads\\\/2019\\\/04\\\/crearetro-kids-cover-10.jpg\",\"contentUrl\":\"https:\\\/\\\/crearesa.de\\\/shop\\\/wp-content\\\/uploads\\\/2019\\\/04\\\/crearetro-kids-cover-10.jpg\",\"width\":1000,\"height\":1000,\"caption\":\"ozedf\"},{\"@type\":\"BreadcrumbList\",\"@id\":\"https:\\\/\\\/crearesa.de\\\/shop\\\/produkt\\\/crearetro-kids-schnittmuster\\\/#breadcrumb\",\"itemListElement\":[{\"@type\":\"ListItem\",\"position\":1,\"name\":\"Startseite\",\"item\":\"https:\\\/\\\/crearesa.de\\\/shop\\\/\"},{\"@type\":\"ListItem\",\"position\":2,\"name\":\"Schnittmuster Shop\",\"item\":\"https:\\\/\\\/crearesa.de\\\/shop\\\/\"},{\"@type\":\"ListItem\",\"position\":3,\"name\":\"Crearetro Kids &#8211; Schnittmuster (E-Book)\"}]},{\"@type\":\"WebSite\",\"@id\":\"https:\\\/\\\/crearesa.de\\\/shop\\\/#website\",\"url\":\"https:\\\/\\\/crearesa.de\\\/shop\\\/\",\"name\":\"creaResa - sch\u00f6ne Sachen selber machen\",\"description\":\"Shop f\u00fcr Schnittmuster und N\u00e4hpakete\",\"publisher\":{\"@id\":\"https:\\\/\\\/crearesa.de\\\/shop\\\/#organization\"},\"potentialAction\":[{\"@type\":\"SearchAction\",\"target\":{\"@type\":\"EntryPoint\",\"urlTemplate\":\"https:\\\/\\\/crearesa.de\\\/shop\\\/?s={search_term_string}\"},\"query-input\":{\"@type\":\"PropertyValueSpecification\",\"valueRequired\":true,\"valueName\":\"search_term_string\"}}],\"inLanguage\":\"de\"},{\"@type\":\"Organization\",\"@id\":\"https:\\\/\\\/crearesa.de\\\/shop\\\/#organization\",\"name\":\"creaResa\",\"url\":\"https:\\\/\\\/crearesa.de\\\/shop\\\/\",\"logo\":{\"@type\":\"ImageObject\",\"inLanguage\":\"de\",\"@id\":\"https:\\\/\\\/crearesa.de\\\/shop\\\/#\\\/schema\\\/logo\\\/image\\\/\",\"url\":\"https:\\\/\\\/crearesa.de\\\/shop\\\/wp-content\\\/uploads\\\/2020\\\/06\\\/logo_crearesa-1.png\",\"contentUrl\":\"https:\\\/\\\/crearesa.de\\\/shop\\\/wp-content\\\/uploads\\\/2020\\\/06\\\/logo_crearesa-1.png\",\"width\":400,\"height\":172,\"caption\":\"creaResa\"},\"image\":{\"@id\":\"https:\\\/\\\/crearesa.de\\\/shop\\\/#\\\/schema\\\/logo\\\/image\\\/\"},\"sameAs\":[\"https:\\\/\\\/www.facebook.com\\\/crearesa\\\/\",\"https:\\\/\\\/www.instagram.com\\\/crearesa\\\/\",\"https:\\\/\\\/www.pinterest.de\\\/resa_crearesa\\\/\"]}]}<\/script>\n<!-- \/ Yoast SEO plugin. -->","yoast_head_json":{"title":"Crearetro Kids - Schnittmuster (E-Book) - creaResa - sch\u00f6ne Sachen selber machen","robots":{"index":"index","follow":"follow","max-snippet":"max-snippet:-1","max-image-preview":"max-image-preview:large","max-video-preview":"max-video-preview:-1"},"canonical":"https:\/\/crearesa.de\/shop\/produkt\/crearetro-kids-schnittmuster\/","og_locale":"de_DE","og_type":"article","og_title":"Crearetro Kids - Schnittmuster (E-Book) - creaResa - sch\u00f6ne Sachen selber machen","og_description":"Crearetro - jetzt f\u00fcr Kinder in Gr. 116 bis 164  noch mehr Infos auf meinem Blog crearesa.de    Oversize Form im Raglanschnitt  optional: V-Passe mit Schulternaht oder mit Raglann\u00e4hten  drei verschiedene L\u00e4ngen, wobei jede L\u00e4nge dazwischen auch m\u00f6glich ist  zwei Saumabschl\u00fcsse: Blenden mit Seitenschlitzen oder Saumb\u00fcndchen  mit oder ohne Kapuze  Crearetro Kids kannst du auch zusammen mit dem Damenschnitt Crearetro Hoodie\u00a0als Kombipaket kaufen.  Bist du nicht aus Deutschland, \u00d6sterreich \u00a0oder der Schweiz? Willst du nicht mit Vorauskasse oder PayPal bezahlen?  Dann kannst du diesen meine Schnitte auch bei Snaply kaufen.","og_url":"https:\/\/crearesa.de\/shop\/produkt\/crearetro-kids-schnittmuster\/","og_site_name":"creaResa - sch\u00f6ne Sachen selber machen","article_publisher":"https:\/\/www.facebook.com\/crearesa\/","article_modified_time":"2021-11-11T09:30:08+00:00","og_image":[{"width":1000,"height":1000,"url":"https:\/\/crearesa.de\/shop\/wp-content\/uploads\/2019\/04\/crearetro-kids-cover-10.jpg","type":"image\/jpeg"}],"twitter_card":"summary_large_image","twitter_misc":{"Gesch\u00e4tzte Lesezeit":"1\u00a0Minute"},"schema":{"@context":"https:\/\/schema.org","@graph":[{"@type":"WebPage","@id":"https:\/\/crearesa.de\/shop\/produkt\/crearetro-kids-schnittmuster\/","url":"https:\/\/crearesa.de\/shop\/produkt\/crearetro-kids-schnittmuster\/","name":"Crearetro Kids - Schnittmuster (E-Book) - creaResa - sch\u00f6ne Sachen selber machen","isPartOf":{"@id":"https:\/\/crearesa.de\/shop\/#website"},"primaryImageOfPage":{"@id":"https:\/\/crearesa.de\/shop\/produkt\/crearetro-kids-schnittmuster\/#primaryimage"},"image":{"@id":"https:\/\/crearesa.de\/shop\/produkt\/crearetro-kids-schnittmuster\/#primaryimage"},"thumbnailUrl":"https:\/\/crearesa.de\/shop\/wp-content\/uploads\/2019\/04\/crearetro-kids-cover-10.jpg","datePublished":"2019-04-29T15:13:43+00:00","dateModified":"2021-11-11T09:30:08+00:00","breadcrumb":{"@id":"https:\/\/crearesa.de\/shop\/produkt\/crearetro-kids-schnittmuster\/#breadcrumb"},"inLanguage":"de","potentialAction":[{"@type":"ReadAction","target":["https:\/\/crearesa.de\/shop\/produkt\/crearetro-kids-schnittmuster\/"]}]},{"@type":"ImageObject","inLanguage":"de","@id":"https:\/\/crearesa.de\/shop\/produkt\/crearetro-kids-schnittmuster\/#primaryimage","url":"https:\/\/crearesa.de\/shop\/wp-content\/uploads\/2019\/04\/crearetro-kids-cover-10.jpg","contentUrl":"https:\/\/crearesa.de\/shop\/wp-content\/uploads\/2019\/04\/crearetro-kids-cover-10.jpg","width":1000,"height":1000,"caption":"ozedf"},{"@type":"BreadcrumbList","@id":"https:\/\/crearesa.de\/shop\/produkt\/crearetro-kids-schnittmuster\/#breadcrumb","itemListElement":[{"@type":"ListItem","position":1,"name":"Startseite","item":"https:\/\/crearesa.de\/shop\/"},{"@type":"ListItem","position":2,"name":"Schnittmuster Shop","item":"https:\/\/crearesa.de\/shop\/"},{"@type":"ListItem","position":3,"name":"Crearetro Kids &#8211; Schnittmuster (E-Book)"}]},{"@type":"WebSite","@id":"https:\/\/crearesa.de\/shop\/#website","url":"https:\/\/crearesa.de\/shop\/","name":"creaResa - sch\u00f6ne Sachen selber machen","description":"Shop f\u00fcr Schnittmuster und N\u00e4hpakete","publisher":{"@id":"https:\/\/crearesa.de\/shop\/#organization"},"potentialAction":[{"@type":"SearchAction","target":{"@type":"EntryPoint","urlTemplate":"https:\/\/crearesa.de\/shop\/?s={search_term_string}"},"query-input":{"@type":"PropertyValueSpecification","valueRequired":true,"valueName":"search_term_string"}}],"inLanguage":"de"},{"@type":"Organization","@id":"https:\/\/crearesa.de\/shop\/#organization","name":"creaResa","url":"https:\/\/crearesa.de\/shop\/","logo":{"@type":"ImageObject","inLanguage":"de","@id":"https:\/\/crearesa.de\/shop\/#\/schema\/logo\/image\/","url":"https:\/\/crearesa.de\/shop\/wp-content\/uploads\/2020\/06\/logo_crearesa-1.png","contentUrl":"https:\/\/crearesa.de\/shop\/wp-content\/uploads\/2020\/06\/logo_crearesa-1.png","width":400,"height":172,"caption":"creaResa"},"image":{"@id":"https:\/\/crearesa.de\/shop\/#\/schema\/logo\/image\/"},"sameAs":["https:\/\/www.facebook.com\/crearesa\/","https:\/\/www.instagram.com\/crearesa\/","https:\/\/www.pinterest.de\/resa_crearesa\/"]}]}},"_links":{"self":[{"href":"https:\/\/crearesa.de\/shop\/wp-json\/wp\/v2\/product\/12061","targetHints":{"allow":["GET"]}}],"collection":[{"href":"https:\/\/crearesa.de\/shop\/wp-json\/wp\/v2\/product"}],"about":[{"href":"https:\/\/crearesa.de\/shop\/wp-json\/wp\/v2\/types\/product"}],"replies":[{"embeddable":true,"href":"https:\/\/crearesa.de\/shop\/wp-json\/wp\/v2\/comments?post=12061"}],"wp:featuredmedia":[{"embeddable":true,"href":"https:\/\/crearesa.de\/shop\/wp-json\/wp\/v2\/media\/12069"}],"wp:attachment":[{"href":"https:\/\/crearesa.de\/shop\/wp-json\/wp\/v2\/media?parent=12061"}],"wp:term":[{"taxonomy":"product_brand","embeddable":true,"href":"https:\/\/crearesa.de\/shop\/wp-json\/wp\/v2\/product_brand?post=12061"},{"taxonomy":"product_cat","embeddable":true,"href":"https:\/\/crearesa.de\/shop\/wp-json\/wp\/v2\/product_cat?post=12061"},{"taxonomy":"product_tag","embeddable":true,"href":"https:\/\/crearesa.de\/shop\/wp-json\/wp\/v2\/product_tag?post=12061"}],"curies":[{"name":"wp","href":"https:\/\/api.w.org\/{rel}","templated":true}]}}