{"id":13006,"date":"2019-07-29T21:19:29","date_gmt":"2019-07-29T19:19:29","guid":{"rendered":"https:\/\/shop.crearesa.de\/?post_type=product&#038;p=13006"},"modified":"2023-11-18T09:54:15","modified_gmt":"2023-11-18T08:54:15","slug":"rucksacktaschemaxi-schnittmuster","status":"publish","type":"product","link":"https:\/\/crearesa.de\/shop\/produkt\/rucksacktaschemaxi-schnittmuster\/","title":{"rendered":"Rucksacktasche Maxi  &#8211;  Schnittmuster (E-Book)"},"content":{"rendered":"<p>Diese Rucksacktasche kann mit vielen Details ausgestattet werden oder ganz einfach gen\u00e4ht werden. Je nach Stoffwahl ist die Tasche ein gro\u00dfer <strong>Shopper<\/strong> f\u00fcr die Stadt oder auch eine ger\u00e4umige <strong>Strandtasche<\/strong>.<\/p>\n<p><strong>Maxibeutel f\u00fcr 4 Tragem\u00f6glichkeiten:<\/strong><\/p>\n<ul>\n<li>mit kurzen Taschenhenkeln<\/li>\n<li>mit langem Schultergurt<\/li>\n<li>mit Kordeln f\u00fcr die Rucksack-Funktion<\/li>\n<li>optional: extra Rucksackgurte f\u00fcr bequemes Tragen.<\/li>\n<\/ul>\n<p>Du kannst dich auch nur f\u00fcr eine Tragem\u00f6glichkeit entscheiden.<\/p>\n<p><strong>Ausstattung<\/strong><\/p>\n<ul>\n<li>Rei\u00dfverschlussfach au\u00dfen und Steckfach im Futter<\/li>\n<li>Rei\u00dfverschluss f\u00fcr seitlichen Eingriff in die Tasche<\/li>\n<\/ul>\n<p><strong>Ma\u00dfe:<\/strong><\/p>\n<ul>\n<li>Gr\u00f6\u00dfe 1: 57 cm breit, 44 cm hoch<\/li>\n<li>Gr\u00f6\u00dfe 2: 64 cm breit, 49 cm hoch<\/li>\n<\/ul>\n<p class=\"p1\"><b>N\u00e4hschwierigkeit:<\/b> leicht bis mittel<br \/>\n<span style=\"font-family: -apple-system, BlinkMacSystemFont, 'Segoe UI', Roboto, Oxygen-Sans, Ubuntu, Cantarell, 'Helvetica Neue', sans-serif;\">leicht &#8211; OHNE REISSVERSCHLUSSTASCHEN<br \/>\n<\/span>mittel &#8211;<span class=\"Apple-converted-space\">\u00a0 <\/span>MIT REISSVERSCHLUSSTASCHEN UND SEITLICHEM EINGRIFF<\/p>\n<p><strong>Materialempfehlung:<br \/>\n<\/strong>Au\u00dfenstoff: Baumwolle, Canvas, Outdoorstoffe, Kunstleder ohne Stretchanteil, Jeans<br \/>\nFutter: leichtere Baumwolle oder wasserabweisende Stoffe<\/p>\n<p><strong>Material<\/strong><\/p>\n<ul>\n<li>70cm bzw. 50cm + 25cm Au\u00dfenstoff, 140cm breit<\/li>\n<li>25cm f\u00fcr Tunnel + Tr\u00e4ger + Schlaufen, 140cm breit<\/li>\n<li>80cm f\u00fcr Futter, 140cm breit<\/li>\n<li>Rei\u00dfverschluss: 40cm +25cm oder Endlosrrei\u00dfverschluss und 2 Zipper<\/li>\n<li>Kordel: 4m<\/li>\n<li>2 Magnetverschl\u00fcsse 18mm oder 2 Druckkn\u00f6pfe<\/li>\n<li>20 cm Volumenvlies H630 oder festes Vlies H250 f\u00fcr die Tr\u00e4ger<\/li>\n<li>10 cm H250 f\u00fcr die Rei\u00dfverschlusstaschen<\/li>\n<li>Passendes N\u00e4hgarn, Stecknadeln, Klammern, Sicherheitsnadel<\/li>\n<\/ul>\n<p><strong>Optional<\/strong><\/p>\n<ul>\n<li>F\u00fcr einen langen, abnehmbaren Schultergurt: 1,50m Gurtband + 2 D-Ringe + 2 Karabiner + 1 Schieber, alles 4cm breit<\/li>\n<li>F\u00fcr extra abnehmbare Rucksackgurte: 2m Gurtband + 4 D-Ringe + 4 Karabiner + 2 Schieber, alles 4cm breit<\/li>\n<li>Webbandrest und kleiner Karabiner f\u00fcr ein Schl\u00fcsselband<\/li>\n<\/ul>\n<p>&nbsp;<\/p>\n<p>Alle Schnittmusterteile enthalten bereits die Nahtzugabe.<\/p>\n<p>Nach dem Ausdrucken musst du nur 9 DIN A4 Seiten zusammenkleben<\/p>\n<p><strong>Nach erfolgter Bezahlung (Paypal oder Vorauszahlung) erh\u00e4ltst du eine E-Mail mit einem Download-Link. F\u00fcr den Ausdruck der Schnittmuster ben\u00f6tigst du einen Drucker.<\/strong><\/p>\n<p>N\u00e4heres zum Bestellvorgang und was du von einem creaResa-E-Book erwarten darfst, kannst du auch auf meinem Blog nachlesen.\u00a0\u00a0<a href=\"https:\/\/crearesa.de\/schnittmuster-e-book-ausdrucken-und-kleben\/\" target=\"_blank\" rel=\"noopener noreferrer\">www.crearesa.de<\/a><\/p>\n<p>F\u00fcr alle Blogger unter euch: Zeig uns deine fertige Rucksacktasche auf Instagram unter <a href=\"https:\/\/www.instagram.com\/explore\/tags\/rucksacktaschemaxi\/\" target=\"_blank\" rel=\"noopener noreferrer\">#rucksacktaschemaxi<\/a>\u00a0.<\/p>\n","protected":false},"excerpt":{"rendered":"<p><strong>Shopper &#8211; Strandtasche -Rucksack<br \/>\n<\/strong><\/p>\n<p>zwei Gr\u00f6\u00dfen<\/p>\n<p>Schnittmuster und Schritt-f\u00fcr-Schritt-N\u00e4hanleitung mit vielen Bildern.<\/p>\n","protected":false},"featured_media":13025,"comment_status":"open","ping_status":"closed","template":"","meta":{"site-sidebar-layout":"default","site-content-layout":"default","ast-site-content-layout":"default","site-content-style":"default","site-sidebar-style":"default","ast-global-header-display":"","ast-banner-title-visibility":"","ast-main-header-display":"","ast-hfb-above-header-display":"","ast-hfb-below-header-display":"","ast-hfb-mobile-header-display":"","site-post-title":"","ast-breadcrumbs-content":"","ast-featured-img":"","footer-sml-layout":"","ast-disable-related-posts":"","theme-transparent-header-meta":"default","adv-header-id-meta":"","stick-header-meta":"default","header-above-stick-meta":"","header-main-stick-meta":"","header-below-stick-meta":"","astra-migrate-meta-layouts":"default","ast-page-background-enabled":"default","ast-page-background-meta":{"desktop":{"background-color":"","background-image":"","background-repeat":"repeat","background-position":"center center","background-size":"auto","background-attachment":"scroll","background-type":"","background-media":"","overlay-type":"","overlay-color":"","overlay-opacity":"","overlay-gradient":""},"tablet":{"background-color":"","background-image":"","background-repeat":"repeat","background-position":"center center","background-size":"auto","background-attachment":"scroll","background-type":"","background-media":"","overlay-type":"","overlay-color":"","overlay-opacity":"","overlay-gradient":""},"mobile":{"background-color":"","background-image":"","background-repeat":"repeat","background-position":"center center","background-size":"auto","background-attachment":"scroll","background-type":"","background-media":"","overlay-type":"","overlay-color":"","overlay-opacity":"","overlay-gradient":""}},"ast-content-background-meta":{"desktop":{"background-color":"var(--ast-global-color-5)","background-image":"","background-repeat":"repeat","background-position":"center center","background-size":"auto","background-attachment":"scroll","background-type":"","background-media":"","overlay-type":"","overlay-color":"","overlay-opacity":"","overlay-gradient":""},"tablet":{"background-color":"var(--ast-global-color-5)","background-image":"","background-repeat":"repeat","background-position":"center center","background-size":"auto","background-attachment":"scroll","background-type":"","background-media":"","overlay-type":"","overlay-color":"","overlay-opacity":"","overlay-gradient":""},"mobile":{"background-color":"var(--ast-global-color-5)","background-image":"","background-repeat":"repeat","background-position":"center center","background-size":"auto","background-attachment":"scroll","background-type":"","background-media":"","overlay-type":"","overlay-color":"","overlay-opacity":"","overlay-gradient":""}}},"product_brand":[],"product_cat":[34],"product_tag":[88,63,66,69,70,71,72,73,74,80,87,62],"class_list":{"0":"post-13006","1":"product","2":"type-product","3":"status-publish","4":"has-post-thumbnail","6":"product_cat-schnittmuster-fuer-taschen","7":"product_tag-weekender","8":"product_tag-schultertasche","9":"product_tag-einkaufstasche","10":"product_tag-beuteltasche","11":"product_tag-rucksack","12":"product_tag-rucksacktasche","13":"product_tag-shopper","14":"product_tag-sporttasche","15":"product_tag-strandtasche","16":"product_tag-badetasche","17":"product_tag-maxi","18":"product_tag-umhaengetasche","19":"desktop-align-left","20":"tablet-align-left","21":"mobile-align-left","22":"ast-product-gallery-layout-horizontal","23":"ast-product-tabs-layout-vertical","25":"first","26":"instock","27":"downloadable","28":"virtual","29":"sold-individually","30":"taxable","31":"purchasable","32":"product-type-simple"},"yoast_head":"<!-- This site is optimized with the Yoast SEO plugin v27.3 - https:\/\/yoast.com\/product\/yoast-seo-wordpress\/ -->\n<title>Rucksacktasche Maxi - Schnittmuster (E-Book) - creaResa - sch\u00f6ne Sachen selber machen<\/title>\n<meta name=\"robots\" content=\"index, follow, max-snippet:-1, max-image-preview:large, max-video-preview:-1\" \/>\n<link rel=\"canonical\" href=\"https:\/\/crearesa.de\/shop\/produkt\/rucksacktaschemaxi-schnittmuster\/\" \/>\n<meta property=\"og:locale\" content=\"de_DE\" \/>\n<meta property=\"og:type\" content=\"article\" \/>\n<meta property=\"og:title\" content=\"Rucksacktasche Maxi - Schnittmuster (E-Book) - creaResa - sch\u00f6ne Sachen selber machen\" \/>\n<meta property=\"og:description\" content=\"Shopper - Strandtasche -Rucksack   zwei Gr\u00f6\u00dfen  Schnittmuster und Schritt-f\u00fcr-Schritt-N\u00e4hanleitung mit vielen Bildern.\" \/>\n<meta property=\"og:url\" content=\"https:\/\/crearesa.de\/shop\/produkt\/rucksacktaschemaxi-schnittmuster\/\" \/>\n<meta property=\"og:site_name\" content=\"creaResa - sch\u00f6ne Sachen selber machen\" \/>\n<meta property=\"article:publisher\" content=\"https:\/\/www.facebook.com\/crearesa\/\" \/>\n<meta property=\"article:modified_time\" content=\"2023-11-18T08:54:15+00:00\" \/>\n<meta property=\"og:image\" content=\"https:\/\/crearesa.de\/shop\/wp-content\/uploads\/2019\/07\/rucksacktasche-maxi-shop-1.jpg\" \/>\n\t<meta property=\"og:image:width\" content=\"1000\" \/>\n\t<meta property=\"og:image:height\" content=\"1000\" \/>\n\t<meta property=\"og:image:type\" content=\"image\/jpeg\" \/>\n<meta name=\"twitter:card\" content=\"summary_large_image\" \/>\n<meta name=\"twitter:label1\" content=\"Gesch\u00e4tzte Lesezeit\" \/>\n\t<meta name=\"twitter:data1\" content=\"2\u00a0Minuten\" \/>\n<script type=\"application\/ld+json\" class=\"yoast-schema-graph\">{\"@context\":\"https:\\\/\\\/schema.org\",\"@graph\":[{\"@type\":\"WebPage\",\"@id\":\"https:\\\/\\\/crearesa.de\\\/shop\\\/produkt\\\/rucksacktaschemaxi-schnittmuster\\\/\",\"url\":\"https:\\\/\\\/crearesa.de\\\/shop\\\/produkt\\\/rucksacktaschemaxi-schnittmuster\\\/\",\"name\":\"Rucksacktasche Maxi - Schnittmuster (E-Book) - creaResa - sch\u00f6ne Sachen selber machen\",\"isPartOf\":{\"@id\":\"https:\\\/\\\/crearesa.de\\\/shop\\\/#website\"},\"primaryImageOfPage\":{\"@id\":\"https:\\\/\\\/crearesa.de\\\/shop\\\/produkt\\\/rucksacktaschemaxi-schnittmuster\\\/#primaryimage\"},\"image\":{\"@id\":\"https:\\\/\\\/crearesa.de\\\/shop\\\/produkt\\\/rucksacktaschemaxi-schnittmuster\\\/#primaryimage\"},\"thumbnailUrl\":\"https:\\\/\\\/crearesa.de\\\/shop\\\/wp-content\\\/uploads\\\/2019\\\/07\\\/rucksacktasche-maxi-shop-1.jpg\",\"datePublished\":\"2019-07-29T19:19:29+00:00\",\"dateModified\":\"2023-11-18T08:54:15+00:00\",\"breadcrumb\":{\"@id\":\"https:\\\/\\\/crearesa.de\\\/shop\\\/produkt\\\/rucksacktaschemaxi-schnittmuster\\\/#breadcrumb\"},\"inLanguage\":\"de\",\"potentialAction\":[{\"@type\":\"ReadAction\",\"target\":[\"https:\\\/\\\/crearesa.de\\\/shop\\\/produkt\\\/rucksacktaschemaxi-schnittmuster\\\/\"]}]},{\"@type\":\"ImageObject\",\"inLanguage\":\"de\",\"@id\":\"https:\\\/\\\/crearesa.de\\\/shop\\\/produkt\\\/rucksacktaschemaxi-schnittmuster\\\/#primaryimage\",\"url\":\"https:\\\/\\\/crearesa.de\\\/shop\\\/wp-content\\\/uploads\\\/2019\\\/07\\\/rucksacktasche-maxi-shop-1.jpg\",\"contentUrl\":\"https:\\\/\\\/crearesa.de\\\/shop\\\/wp-content\\\/uploads\\\/2019\\\/07\\\/rucksacktasche-maxi-shop-1.jpg\",\"width\":1000,\"height\":1000},{\"@type\":\"BreadcrumbList\",\"@id\":\"https:\\\/\\\/crearesa.de\\\/shop\\\/produkt\\\/rucksacktaschemaxi-schnittmuster\\\/#breadcrumb\",\"itemListElement\":[{\"@type\":\"ListItem\",\"position\":1,\"name\":\"Startseite\",\"item\":\"https:\\\/\\\/crearesa.de\\\/shop\\\/\"},{\"@type\":\"ListItem\",\"position\":2,\"name\":\"Schnittmuster Shop\",\"item\":\"https:\\\/\\\/crearesa.de\\\/shop\\\/\"},{\"@type\":\"ListItem\",\"position\":3,\"name\":\"Rucksacktasche Maxi &#8211; Schnittmuster (E-Book)\"}]},{\"@type\":\"WebSite\",\"@id\":\"https:\\\/\\\/crearesa.de\\\/shop\\\/#website\",\"url\":\"https:\\\/\\\/crearesa.de\\\/shop\\\/\",\"name\":\"creaResa - sch\u00f6ne Sachen selber machen\",\"description\":\"Shop f\u00fcr Schnittmuster und N\u00e4hpakete\",\"publisher\":{\"@id\":\"https:\\\/\\\/crearesa.de\\\/shop\\\/#organization\"},\"potentialAction\":[{\"@type\":\"SearchAction\",\"target\":{\"@type\":\"EntryPoint\",\"urlTemplate\":\"https:\\\/\\\/crearesa.de\\\/shop\\\/?s={search_term_string}\"},\"query-input\":{\"@type\":\"PropertyValueSpecification\",\"valueRequired\":true,\"valueName\":\"search_term_string\"}}],\"inLanguage\":\"de\"},{\"@type\":\"Organization\",\"@id\":\"https:\\\/\\\/crearesa.de\\\/shop\\\/#organization\",\"name\":\"creaResa\",\"url\":\"https:\\\/\\\/crearesa.de\\\/shop\\\/\",\"logo\":{\"@type\":\"ImageObject\",\"inLanguage\":\"de\",\"@id\":\"https:\\\/\\\/crearesa.de\\\/shop\\\/#\\\/schema\\\/logo\\\/image\\\/\",\"url\":\"https:\\\/\\\/crearesa.de\\\/shop\\\/wp-content\\\/uploads\\\/2020\\\/06\\\/logo_crearesa-1.png\",\"contentUrl\":\"https:\\\/\\\/crearesa.de\\\/shop\\\/wp-content\\\/uploads\\\/2020\\\/06\\\/logo_crearesa-1.png\",\"width\":400,\"height\":172,\"caption\":\"creaResa\"},\"image\":{\"@id\":\"https:\\\/\\\/crearesa.de\\\/shop\\\/#\\\/schema\\\/logo\\\/image\\\/\"},\"sameAs\":[\"https:\\\/\\\/www.facebook.com\\\/crearesa\\\/\",\"https:\\\/\\\/www.instagram.com\\\/crearesa\\\/\",\"https:\\\/\\\/www.pinterest.de\\\/resa_crearesa\\\/\"]}]}<\/script>\n<!-- \/ Yoast SEO plugin. -->","yoast_head_json":{"title":"Rucksacktasche Maxi - Schnittmuster (E-Book) - creaResa - sch\u00f6ne Sachen selber machen","robots":{"index":"index","follow":"follow","max-snippet":"max-snippet:-1","max-image-preview":"max-image-preview:large","max-video-preview":"max-video-preview:-1"},"canonical":"https:\/\/crearesa.de\/shop\/produkt\/rucksacktaschemaxi-schnittmuster\/","og_locale":"de_DE","og_type":"article","og_title":"Rucksacktasche Maxi - Schnittmuster (E-Book) - creaResa - sch\u00f6ne Sachen selber machen","og_description":"Shopper - Strandtasche -Rucksack   zwei Gr\u00f6\u00dfen  Schnittmuster und Schritt-f\u00fcr-Schritt-N\u00e4hanleitung mit vielen Bildern.","og_url":"https:\/\/crearesa.de\/shop\/produkt\/rucksacktaschemaxi-schnittmuster\/","og_site_name":"creaResa - sch\u00f6ne Sachen selber machen","article_publisher":"https:\/\/www.facebook.com\/crearesa\/","article_modified_time":"2023-11-18T08:54:15+00:00","og_image":[{"width":1000,"height":1000,"url":"https:\/\/crearesa.de\/shop\/wp-content\/uploads\/2019\/07\/rucksacktasche-maxi-shop-1.jpg","type":"image\/jpeg"}],"twitter_card":"summary_large_image","twitter_misc":{"Gesch\u00e4tzte Lesezeit":"2\u00a0Minuten"},"schema":{"@context":"https:\/\/schema.org","@graph":[{"@type":"WebPage","@id":"https:\/\/crearesa.de\/shop\/produkt\/rucksacktaschemaxi-schnittmuster\/","url":"https:\/\/crearesa.de\/shop\/produkt\/rucksacktaschemaxi-schnittmuster\/","name":"Rucksacktasche Maxi - Schnittmuster (E-Book) - creaResa - sch\u00f6ne Sachen selber machen","isPartOf":{"@id":"https:\/\/crearesa.de\/shop\/#website"},"primaryImageOfPage":{"@id":"https:\/\/crearesa.de\/shop\/produkt\/rucksacktaschemaxi-schnittmuster\/#primaryimage"},"image":{"@id":"https:\/\/crearesa.de\/shop\/produkt\/rucksacktaschemaxi-schnittmuster\/#primaryimage"},"thumbnailUrl":"https:\/\/crearesa.de\/shop\/wp-content\/uploads\/2019\/07\/rucksacktasche-maxi-shop-1.jpg","datePublished":"2019-07-29T19:19:29+00:00","dateModified":"2023-11-18T08:54:15+00:00","breadcrumb":{"@id":"https:\/\/crearesa.de\/shop\/produkt\/rucksacktaschemaxi-schnittmuster\/#breadcrumb"},"inLanguage":"de","potentialAction":[{"@type":"ReadAction","target":["https:\/\/crearesa.de\/shop\/produkt\/rucksacktaschemaxi-schnittmuster\/"]}]},{"@type":"ImageObject","inLanguage":"de","@id":"https:\/\/crearesa.de\/shop\/produkt\/rucksacktaschemaxi-schnittmuster\/#primaryimage","url":"https:\/\/crearesa.de\/shop\/wp-content\/uploads\/2019\/07\/rucksacktasche-maxi-shop-1.jpg","contentUrl":"https:\/\/crearesa.de\/shop\/wp-content\/uploads\/2019\/07\/rucksacktasche-maxi-shop-1.jpg","width":1000,"height":1000},{"@type":"BreadcrumbList","@id":"https:\/\/crearesa.de\/shop\/produkt\/rucksacktaschemaxi-schnittmuster\/#breadcrumb","itemListElement":[{"@type":"ListItem","position":1,"name":"Startseite","item":"https:\/\/crearesa.de\/shop\/"},{"@type":"ListItem","position":2,"name":"Schnittmuster Shop","item":"https:\/\/crearesa.de\/shop\/"},{"@type":"ListItem","position":3,"name":"Rucksacktasche Maxi &#8211; Schnittmuster (E-Book)"}]},{"@type":"WebSite","@id":"https:\/\/crearesa.de\/shop\/#website","url":"https:\/\/crearesa.de\/shop\/","name":"creaResa - sch\u00f6ne Sachen selber machen","description":"Shop f\u00fcr Schnittmuster und N\u00e4hpakete","publisher":{"@id":"https:\/\/crearesa.de\/shop\/#organization"},"potentialAction":[{"@type":"SearchAction","target":{"@type":"EntryPoint","urlTemplate":"https:\/\/crearesa.de\/shop\/?s={search_term_string}"},"query-input":{"@type":"PropertyValueSpecification","valueRequired":true,"valueName":"search_term_string"}}],"inLanguage":"de"},{"@type":"Organization","@id":"https:\/\/crearesa.de\/shop\/#organization","name":"creaResa","url":"https:\/\/crearesa.de\/shop\/","logo":{"@type":"ImageObject","inLanguage":"de","@id":"https:\/\/crearesa.de\/shop\/#\/schema\/logo\/image\/","url":"https:\/\/crearesa.de\/shop\/wp-content\/uploads\/2020\/06\/logo_crearesa-1.png","contentUrl":"https:\/\/crearesa.de\/shop\/wp-content\/uploads\/2020\/06\/logo_crearesa-1.png","width":400,"height":172,"caption":"creaResa"},"image":{"@id":"https:\/\/crearesa.de\/shop\/#\/schema\/logo\/image\/"},"sameAs":["https:\/\/www.facebook.com\/crearesa\/","https:\/\/www.instagram.com\/crearesa\/","https:\/\/www.pinterest.de\/resa_crearesa\/"]}]}},"_links":{"self":[{"href":"https:\/\/crearesa.de\/shop\/wp-json\/wp\/v2\/product\/13006","targetHints":{"allow":["GET"]}}],"collection":[{"href":"https:\/\/crearesa.de\/shop\/wp-json\/wp\/v2\/product"}],"about":[{"href":"https:\/\/crearesa.de\/shop\/wp-json\/wp\/v2\/types\/product"}],"replies":[{"embeddable":true,"href":"https:\/\/crearesa.de\/shop\/wp-json\/wp\/v2\/comments?post=13006"}],"wp:featuredmedia":[{"embeddable":true,"href":"https:\/\/crearesa.de\/shop\/wp-json\/wp\/v2\/media\/13025"}],"wp:attachment":[{"href":"https:\/\/crearesa.de\/shop\/wp-json\/wp\/v2\/media?parent=13006"}],"wp:term":[{"taxonomy":"product_brand","embeddable":true,"href":"https:\/\/crearesa.de\/shop\/wp-json\/wp\/v2\/product_brand?post=13006"},{"taxonomy":"product_cat","embeddable":true,"href":"https:\/\/crearesa.de\/shop\/wp-json\/wp\/v2\/product_cat?post=13006"},{"taxonomy":"product_tag","embeddable":true,"href":"https:\/\/crearesa.de\/shop\/wp-json\/wp\/v2\/product_tag?post=13006"}],"curies":[{"name":"wp","href":"https:\/\/api.w.org\/{rel}","templated":true}]}}