{"id":13467,"date":"2019-09-09T17:07:55","date_gmt":"2019-09-09T15:07:55","guid":{"rendered":"https:\/\/shop.crearesa.de\/?post_type=product&#038;p=13467"},"modified":"2023-11-24T10:25:27","modified_gmt":"2023-11-24T09:25:27","slug":"kombipaket-rucksacktasche-und-shopper-maxi-schnittmuster-e-book","status":"publish","type":"product","link":"https:\/\/crearesa.de\/shop\/produkt\/kombipaket-rucksacktasche-und-shopper-maxi-schnittmuster-e-book\/","title":{"rendered":"Kombipaket Maxi &#8211; Rucksacktasche und Shopper  &#8211;  Schnittmuster (E-Book)"},"content":{"rendered":"<p><strong>Im Kombipaket sind beide Schnittmuster enthalten.<\/strong><\/p>\n<p>Rucksacktasche und Shopper Maxi sind gro\u00dfe Beuteltaschen mit\u00a0 kurzen Taschenhenkeln, langem Tragegurt und Rucksack-Funktion. Bei der Rucksacktasche wurde auf funktionelle Details Wert gelegt, w\u00e4hrend der Shopper ganz anf\u00e4ngertauglich gehalten wurde.<\/p>\n<p>Die <strong>Rucksacktasche Maxi<\/strong> kann mit vielen Details ausgestattet werden: Rei\u00dfverschlussfach au\u00dfen oder innen, austauschbarer Tragegurt, Rei\u00dfverschluss f\u00fcr den seitlichen Eingriff in die Tasche, zus\u00e4tzliche Rucksackgurte f\u00fcr bequemes Tragen. Das Schnittmuster enth\u00e4lt zwei Gr\u00f6\u00dfen. Ideal auch als Badetasche.<\/p>\n<p>Den <strong>Shopper Maxi<\/strong>\u00a0 kannst du mit Wattierung oder auch ohne Wattierung n\u00e4hen. Bewusst wurde auf Rei\u00dfverschlusstaschen verzichtet, damit auch Anf\u00e4nger diese Tasche leicht n\u00e4hen k\u00f6nnen. Einen trendigen Touch kannst du deiner Tasche mit einem 3D-Schriftzug geben. Wer will, n\u00e4ht einen Innenbeutel in die Tasche, um diese darin zu verstauen. Eine Variante aus Kunstleder mit kurzen Tr\u00e4gern und Schultergurt aus Lederriemen wird in der Anleitung genauso ausf\u00fchrlich beschrieben, wie das wattierte Modell.<\/p>\n<p>Der &#8220;Shopper Maxi&#8221; ist somit kleine Bruder der &#8220;Rucksacktasche Maxi&#8221;. Das Schnittmuster enth\u00e4lt nur eine Gr\u00f6\u00dfe. Diese entspricht der Gr\u00f6\u00dfe 1 der Rucksacktasche.\u00a0 Die Features beider Schnittmuster lassen sich beliebig kombinieren oder austauschen.<\/p>\n<p>Hier geht es zur genauen Beschreibung der <a href=\"https:\/\/crearesa.de\/shop\/produkt\/rucksacktaschemaxi-schnittmuster\/\">Rucksacktasche Maxi<\/a><\/p>\n<p>Hier geht es zur genauen Beschreibung des <a href=\"https:\/\/crearesa.de\/shop\/produkt\/shopper-maxi-schnittmuster-e-book\/\">Shoppers Maxi<\/a><\/p>\n<p>Nach dem Ausdrucken musst du nur 9 DIN A4 Seiten zusammenkleben.<\/p>\n<p><strong>Nach erfolgter Bezahlung (Paypal oder Vorauszahlung) erh\u00e4ltst du eine E-Mail mit einem Download-Link. F\u00fcr den Ausdruck der Schnittmuster ben\u00f6tigst du einen Drucker.<\/strong><\/p>\n<p>N\u00e4heres zum Bestellvorgang und was du von einem creaResa-E-Book erwarten darfst, kannst du auch auf meinem Blog nachlesen.\u00a0\u00a0<a href=\"https:\/\/crearesa.de\/schnittmuster-e-book-ausdrucken-und-kleben\/\" target=\"_blank\" rel=\"noopener noreferrer\">www.crearesa.de<\/a><\/p>\n<p>F\u00fcr alle Blogger unter euch: Zeig uns deinen fertigen Shopper auf Instagram unter <a href=\"https:\/\/www.instagram.com\/explore\/tags\/shoppermaxi\/\" target=\"_blank\" rel=\"noopener noreferrer\">#shoppermaxi<\/a> und <a href=\"https:\/\/www.instagram.com\/explore\/tags\/rucksacktaschemaxi\/\" target=\"_blank\" rel=\"noopener noreferrer\">#rucksacktaschemaxi<\/a><\/p>\n","protected":false},"excerpt":{"rendered":"<p><strong>Gro\u00dfe Beuteltasche, Standtasche, Shopper, Falttasche<\/strong><\/p>\n<p>Schnittmuster und Schritt-f\u00fcr-Schritt-N\u00e4hanleitung mit vielen Bildern.<\/p>\n","protected":false},"featured_media":13770,"comment_status":"open","ping_status":"closed","template":"","meta":{"site-sidebar-layout":"default","site-content-layout":"default","ast-site-content-layout":"default","site-content-style":"default","site-sidebar-style":"default","ast-global-header-display":"","ast-banner-title-visibility":"","ast-main-header-display":"","ast-hfb-above-header-display":"","ast-hfb-below-header-display":"","ast-hfb-mobile-header-display":"","site-post-title":"","ast-breadcrumbs-content":"","ast-featured-img":"","footer-sml-layout":"","ast-disable-related-posts":"","theme-transparent-header-meta":"default","adv-header-id-meta":"","stick-header-meta":"default","header-above-stick-meta":"","header-main-stick-meta":"","header-below-stick-meta":"","astra-migrate-meta-layouts":"default","ast-page-background-enabled":"default","ast-page-background-meta":{"desktop":{"background-color":"","background-image":"","background-repeat":"repeat","background-position":"center center","background-size":"auto","background-attachment":"scroll","background-type":"","background-media":"","overlay-type":"","overlay-color":"","overlay-opacity":"","overlay-gradient":""},"tablet":{"background-color":"","background-image":"","background-repeat":"repeat","background-position":"center center","background-size":"auto","background-attachment":"scroll","background-type":"","background-media":"","overlay-type":"","overlay-color":"","overlay-opacity":"","overlay-gradient":""},"mobile":{"background-color":"","background-image":"","background-repeat":"repeat","background-position":"center center","background-size":"auto","background-attachment":"scroll","background-type":"","background-media":"","overlay-type":"","overlay-color":"","overlay-opacity":"","overlay-gradient":""}},"ast-content-background-meta":{"desktop":{"background-color":"var(--ast-global-color-5)","background-image":"","background-repeat":"repeat","background-position":"center center","background-size":"auto","background-attachment":"scroll","background-type":"","background-media":"","overlay-type":"","overlay-color":"","overlay-opacity":"","overlay-gradient":""},"tablet":{"background-color":"var(--ast-global-color-5)","background-image":"","background-repeat":"repeat","background-position":"center center","background-size":"auto","background-attachment":"scroll","background-type":"","background-media":"","overlay-type":"","overlay-color":"","overlay-opacity":"","overlay-gradient":""},"mobile":{"background-color":"var(--ast-global-color-5)","background-image":"","background-repeat":"repeat","background-position":"center center","background-size":"auto","background-attachment":"scroll","background-type":"","background-media":"","overlay-type":"","overlay-color":"","overlay-opacity":"","overlay-gradient":""}}},"product_brand":[],"product_cat":[34,229],"product_tag":[66,67,70,71,72,73,74,80,87,63],"class_list":{"0":"post-13467","1":"product","2":"type-product","3":"status-publish","4":"has-post-thumbnail","6":"product_cat-schnittmuster-fuer-taschen","7":"product_cat-taschen-kombipakete","8":"product_tag-einkaufstasche","9":"product_tag-falttasche","10":"product_tag-rucksack","11":"product_tag-rucksacktasche","12":"product_tag-shopper","13":"product_tag-sporttasche","14":"product_tag-strandtasche","15":"product_tag-badetasche","16":"product_tag-maxi","17":"product_tag-schultertasche","18":"desktop-align-left","19":"tablet-align-left","20":"mobile-align-left","21":"ast-product-gallery-layout-horizontal","22":"ast-product-tabs-layout-vertical","24":"first","25":"instock","26":"downloadable","27":"virtual","28":"sold-individually","29":"taxable","30":"purchasable","31":"product-type-simple"},"yoast_head":"<!-- This site is optimized with the Yoast SEO plugin v27.1.1 - https:\/\/yoast.com\/product\/yoast-seo-wordpress\/ -->\n<title>Kombipaket Maxi - Rucksacktasche und Shopper - Schnittmuster (E-Book) - creaResa - sch\u00f6ne Sachen selber machen<\/title>\n<meta name=\"robots\" content=\"index, follow, max-snippet:-1, max-image-preview:large, max-video-preview:-1\" \/>\n<link rel=\"canonical\" href=\"https:\/\/crearesa.de\/shop\/produkt\/kombipaket-rucksacktasche-und-shopper-maxi-schnittmuster-e-book\/\" \/>\n<meta property=\"og:locale\" content=\"de_DE\" \/>\n<meta property=\"og:type\" content=\"article\" \/>\n<meta property=\"og:title\" content=\"Kombipaket Maxi - Rucksacktasche und Shopper - Schnittmuster (E-Book) - creaResa - sch\u00f6ne Sachen selber machen\" \/>\n<meta property=\"og:description\" content=\"Gro\u00dfe Beuteltasche, Standtasche, Shopper, Falttasche  Schnittmuster und Schritt-f\u00fcr-Schritt-N\u00e4hanleitung mit vielen Bildern.\" \/>\n<meta property=\"og:url\" content=\"https:\/\/crearesa.de\/shop\/produkt\/kombipaket-rucksacktasche-und-shopper-maxi-schnittmuster-e-book\/\" \/>\n<meta property=\"og:site_name\" content=\"creaResa - sch\u00f6ne Sachen selber machen\" \/>\n<meta property=\"article:publisher\" content=\"https:\/\/www.facebook.com\/crearesa\/\" \/>\n<meta property=\"article:modified_time\" content=\"2023-11-24T09:25:27+00:00\" \/>\n<meta property=\"og:image\" content=\"https:\/\/crearesa.de\/shop\/wp-content\/uploads\/2019\/09\/maxi-kombipaket-beuteltasche.jpg\" \/>\n\t<meta property=\"og:image:width\" content=\"1500\" \/>\n\t<meta property=\"og:image:height\" content=\"1500\" \/>\n\t<meta property=\"og:image:type\" content=\"image\/jpeg\" \/>\n<meta name=\"twitter:card\" content=\"summary_large_image\" \/>\n<meta name=\"twitter:label1\" content=\"Gesch\u00e4tzte Lesezeit\" \/>\n\t<meta name=\"twitter:data1\" content=\"2\u00a0Minuten\" \/>\n<script type=\"application\/ld+json\" class=\"yoast-schema-graph\">{\"@context\":\"https:\/\/schema.org\",\"@graph\":[{\"@type\":\"WebPage\",\"@id\":\"https:\/\/crearesa.de\/shop\/produkt\/kombipaket-rucksacktasche-und-shopper-maxi-schnittmuster-e-book\/\",\"url\":\"https:\/\/crearesa.de\/shop\/produkt\/kombipaket-rucksacktasche-und-shopper-maxi-schnittmuster-e-book\/\",\"name\":\"Kombipaket Maxi - Rucksacktasche und Shopper - Schnittmuster (E-Book) - creaResa - sch\u00f6ne Sachen selber machen\",\"isPartOf\":{\"@id\":\"https:\/\/crearesa.de\/shop\/#website\"},\"primaryImageOfPage\":{\"@id\":\"https:\/\/crearesa.de\/shop\/produkt\/kombipaket-rucksacktasche-und-shopper-maxi-schnittmuster-e-book\/#primaryimage\"},\"image\":{\"@id\":\"https:\/\/crearesa.de\/shop\/produkt\/kombipaket-rucksacktasche-und-shopper-maxi-schnittmuster-e-book\/#primaryimage\"},\"thumbnailUrl\":\"https:\/\/crearesa.de\/shop\/wp-content\/uploads\/2019\/09\/maxi-kombipaket-beuteltasche.jpg\",\"datePublished\":\"2019-09-09T15:07:55+00:00\",\"dateModified\":\"2023-11-24T09:25:27+00:00\",\"breadcrumb\":{\"@id\":\"https:\/\/crearesa.de\/shop\/produkt\/kombipaket-rucksacktasche-und-shopper-maxi-schnittmuster-e-book\/#breadcrumb\"},\"inLanguage\":\"de\",\"potentialAction\":[{\"@type\":\"ReadAction\",\"target\":[\"https:\/\/crearesa.de\/shop\/produkt\/kombipaket-rucksacktasche-und-shopper-maxi-schnittmuster-e-book\/\"]}]},{\"@type\":\"ImageObject\",\"inLanguage\":\"de\",\"@id\":\"https:\/\/crearesa.de\/shop\/produkt\/kombipaket-rucksacktasche-und-shopper-maxi-schnittmuster-e-book\/#primaryimage\",\"url\":\"https:\/\/crearesa.de\/shop\/wp-content\/uploads\/2019\/09\/maxi-kombipaket-beuteltasche.jpg\",\"contentUrl\":\"https:\/\/crearesa.de\/shop\/wp-content\/uploads\/2019\/09\/maxi-kombipaket-beuteltasche.jpg\",\"width\":1500,\"height\":1500},{\"@type\":\"BreadcrumbList\",\"@id\":\"https:\/\/crearesa.de\/shop\/produkt\/kombipaket-rucksacktasche-und-shopper-maxi-schnittmuster-e-book\/#breadcrumb\",\"itemListElement\":[{\"@type\":\"ListItem\",\"position\":1,\"name\":\"Startseite\",\"item\":\"https:\/\/crearesa.de\/shop\/\"},{\"@type\":\"ListItem\",\"position\":2,\"name\":\"Schnittmuster Shop\",\"item\":\"https:\/\/crearesa.de\/shop\/\"},{\"@type\":\"ListItem\",\"position\":3,\"name\":\"Kombipaket Maxi &#8211; Rucksacktasche und Shopper &#8211; Schnittmuster (E-Book)\"}]},{\"@type\":\"WebSite\",\"@id\":\"https:\/\/crearesa.de\/shop\/#website\",\"url\":\"https:\/\/crearesa.de\/shop\/\",\"name\":\"creaResa - sch\u00f6ne Sachen selber machen\",\"description\":\"Shop f\u00fcr Schnittmuster und N\u00e4hpakete\",\"publisher\":{\"@id\":\"https:\/\/crearesa.de\/shop\/#organization\"},\"potentialAction\":[{\"@type\":\"SearchAction\",\"target\":{\"@type\":\"EntryPoint\",\"urlTemplate\":\"https:\/\/crearesa.de\/shop\/?s={search_term_string}\"},\"query-input\":{\"@type\":\"PropertyValueSpecification\",\"valueRequired\":true,\"valueName\":\"search_term_string\"}}],\"inLanguage\":\"de\"},{\"@type\":\"Organization\",\"@id\":\"https:\/\/crearesa.de\/shop\/#organization\",\"name\":\"creaResa\",\"url\":\"https:\/\/crearesa.de\/shop\/\",\"logo\":{\"@type\":\"ImageObject\",\"inLanguage\":\"de\",\"@id\":\"https:\/\/crearesa.de\/shop\/#\/schema\/logo\/image\/\",\"url\":\"https:\/\/crearesa.de\/shop\/wp-content\/uploads\/2020\/06\/logo_crearesa-1.png\",\"contentUrl\":\"https:\/\/crearesa.de\/shop\/wp-content\/uploads\/2020\/06\/logo_crearesa-1.png\",\"width\":400,\"height\":172,\"caption\":\"creaResa\"},\"image\":{\"@id\":\"https:\/\/crearesa.de\/shop\/#\/schema\/logo\/image\/\"},\"sameAs\":[\"https:\/\/www.facebook.com\/crearesa\/\",\"https:\/\/www.instagram.com\/crearesa\/\",\"https:\/\/www.pinterest.de\/resa_crearesa\/\"]}]}<\/script>\n<!-- \/ Yoast SEO plugin. -->","yoast_head_json":{"title":"Kombipaket Maxi - Rucksacktasche und Shopper - Schnittmuster (E-Book) - creaResa - sch\u00f6ne Sachen selber machen","robots":{"index":"index","follow":"follow","max-snippet":"max-snippet:-1","max-image-preview":"max-image-preview:large","max-video-preview":"max-video-preview:-1"},"canonical":"https:\/\/crearesa.de\/shop\/produkt\/kombipaket-rucksacktasche-und-shopper-maxi-schnittmuster-e-book\/","og_locale":"de_DE","og_type":"article","og_title":"Kombipaket Maxi - Rucksacktasche und Shopper - Schnittmuster (E-Book) - creaResa - sch\u00f6ne Sachen selber machen","og_description":"Gro\u00dfe Beuteltasche, Standtasche, Shopper, Falttasche  Schnittmuster und Schritt-f\u00fcr-Schritt-N\u00e4hanleitung mit vielen Bildern.","og_url":"https:\/\/crearesa.de\/shop\/produkt\/kombipaket-rucksacktasche-und-shopper-maxi-schnittmuster-e-book\/","og_site_name":"creaResa - sch\u00f6ne Sachen selber machen","article_publisher":"https:\/\/www.facebook.com\/crearesa\/","article_modified_time":"2023-11-24T09:25:27+00:00","og_image":[{"width":1500,"height":1500,"url":"https:\/\/crearesa.de\/shop\/wp-content\/uploads\/2019\/09\/maxi-kombipaket-beuteltasche.jpg","type":"image\/jpeg"}],"twitter_card":"summary_large_image","twitter_misc":{"Gesch\u00e4tzte Lesezeit":"2\u00a0Minuten"},"schema":{"@context":"https:\/\/schema.org","@graph":[{"@type":"WebPage","@id":"https:\/\/crearesa.de\/shop\/produkt\/kombipaket-rucksacktasche-und-shopper-maxi-schnittmuster-e-book\/","url":"https:\/\/crearesa.de\/shop\/produkt\/kombipaket-rucksacktasche-und-shopper-maxi-schnittmuster-e-book\/","name":"Kombipaket Maxi - Rucksacktasche und Shopper - Schnittmuster (E-Book) - creaResa - sch\u00f6ne Sachen selber machen","isPartOf":{"@id":"https:\/\/crearesa.de\/shop\/#website"},"primaryImageOfPage":{"@id":"https:\/\/crearesa.de\/shop\/produkt\/kombipaket-rucksacktasche-und-shopper-maxi-schnittmuster-e-book\/#primaryimage"},"image":{"@id":"https:\/\/crearesa.de\/shop\/produkt\/kombipaket-rucksacktasche-und-shopper-maxi-schnittmuster-e-book\/#primaryimage"},"thumbnailUrl":"https:\/\/crearesa.de\/shop\/wp-content\/uploads\/2019\/09\/maxi-kombipaket-beuteltasche.jpg","datePublished":"2019-09-09T15:07:55+00:00","dateModified":"2023-11-24T09:25:27+00:00","breadcrumb":{"@id":"https:\/\/crearesa.de\/shop\/produkt\/kombipaket-rucksacktasche-und-shopper-maxi-schnittmuster-e-book\/#breadcrumb"},"inLanguage":"de","potentialAction":[{"@type":"ReadAction","target":["https:\/\/crearesa.de\/shop\/produkt\/kombipaket-rucksacktasche-und-shopper-maxi-schnittmuster-e-book\/"]}]},{"@type":"ImageObject","inLanguage":"de","@id":"https:\/\/crearesa.de\/shop\/produkt\/kombipaket-rucksacktasche-und-shopper-maxi-schnittmuster-e-book\/#primaryimage","url":"https:\/\/crearesa.de\/shop\/wp-content\/uploads\/2019\/09\/maxi-kombipaket-beuteltasche.jpg","contentUrl":"https:\/\/crearesa.de\/shop\/wp-content\/uploads\/2019\/09\/maxi-kombipaket-beuteltasche.jpg","width":1500,"height":1500},{"@type":"BreadcrumbList","@id":"https:\/\/crearesa.de\/shop\/produkt\/kombipaket-rucksacktasche-und-shopper-maxi-schnittmuster-e-book\/#breadcrumb","itemListElement":[{"@type":"ListItem","position":1,"name":"Startseite","item":"https:\/\/crearesa.de\/shop\/"},{"@type":"ListItem","position":2,"name":"Schnittmuster Shop","item":"https:\/\/crearesa.de\/shop\/"},{"@type":"ListItem","position":3,"name":"Kombipaket Maxi &#8211; Rucksacktasche und Shopper &#8211; Schnittmuster (E-Book)"}]},{"@type":"WebSite","@id":"https:\/\/crearesa.de\/shop\/#website","url":"https:\/\/crearesa.de\/shop\/","name":"creaResa - sch\u00f6ne Sachen selber machen","description":"Shop f\u00fcr Schnittmuster und N\u00e4hpakete","publisher":{"@id":"https:\/\/crearesa.de\/shop\/#organization"},"potentialAction":[{"@type":"SearchAction","target":{"@type":"EntryPoint","urlTemplate":"https:\/\/crearesa.de\/shop\/?s={search_term_string}"},"query-input":{"@type":"PropertyValueSpecification","valueRequired":true,"valueName":"search_term_string"}}],"inLanguage":"de"},{"@type":"Organization","@id":"https:\/\/crearesa.de\/shop\/#organization","name":"creaResa","url":"https:\/\/crearesa.de\/shop\/","logo":{"@type":"ImageObject","inLanguage":"de","@id":"https:\/\/crearesa.de\/shop\/#\/schema\/logo\/image\/","url":"https:\/\/crearesa.de\/shop\/wp-content\/uploads\/2020\/06\/logo_crearesa-1.png","contentUrl":"https:\/\/crearesa.de\/shop\/wp-content\/uploads\/2020\/06\/logo_crearesa-1.png","width":400,"height":172,"caption":"creaResa"},"image":{"@id":"https:\/\/crearesa.de\/shop\/#\/schema\/logo\/image\/"},"sameAs":["https:\/\/www.facebook.com\/crearesa\/","https:\/\/www.instagram.com\/crearesa\/","https:\/\/www.pinterest.de\/resa_crearesa\/"]}]}},"_links":{"self":[{"href":"https:\/\/crearesa.de\/shop\/wp-json\/wp\/v2\/product\/13467","targetHints":{"allow":["GET"]}}],"collection":[{"href":"https:\/\/crearesa.de\/shop\/wp-json\/wp\/v2\/product"}],"about":[{"href":"https:\/\/crearesa.de\/shop\/wp-json\/wp\/v2\/types\/product"}],"replies":[{"embeddable":true,"href":"https:\/\/crearesa.de\/shop\/wp-json\/wp\/v2\/comments?post=13467"}],"wp:featuredmedia":[{"embeddable":true,"href":"https:\/\/crearesa.de\/shop\/wp-json\/wp\/v2\/media\/13770"}],"wp:attachment":[{"href":"https:\/\/crearesa.de\/shop\/wp-json\/wp\/v2\/media?parent=13467"}],"wp:term":[{"taxonomy":"product_brand","embeddable":true,"href":"https:\/\/crearesa.de\/shop\/wp-json\/wp\/v2\/product_brand?post=13467"},{"taxonomy":"product_cat","embeddable":true,"href":"https:\/\/crearesa.de\/shop\/wp-json\/wp\/v2\/product_cat?post=13467"},{"taxonomy":"product_tag","embeddable":true,"href":"https:\/\/crearesa.de\/shop\/wp-json\/wp\/v2\/product_tag?post=13467"}],"curies":[{"name":"wp","href":"https:\/\/api.w.org\/{rel}","templated":true}]}}