{"id":15909,"date":"2020-03-30T12:06:17","date_gmt":"2020-03-30T10:06:17","guid":{"rendered":"https:\/\/shop.crearesa.de\/?post_type=product&#038;p=15909"},"modified":"2025-11-27T17:02:26","modified_gmt":"2025-11-27T16:02:26","slug":"crossbody-bag-lilly-schnittmuster-e-book","status":"publish","type":"product","link":"https:\/\/crearesa.de\/shop\/produkt\/crossbody-bag-lilly-schnittmuster-e-book\/","title":{"rendered":"Crossbody Bag Lilly &#8211; Schnittmuster (E-Book)"},"content":{"rendered":"<p class=\"p1\"><span style=\"font-family: -apple-system, BlinkMacSystemFont, 'Segoe UI', Roboto, Oxygen-Sans, Ubuntu, Cantarell, 'Helvetica Neue', sans-serif;\">Die <strong>Crossbody Bag Lilly<\/strong> ist die gr\u00f6\u00dfere Ausgabe der Handytasche Lilly. Du kannst die Crossbody Bag Lilly in den Gr\u00f6\u00dfen 3 und 4 n\u00e4hen.<br \/>\n(Das Schnittmuster f\u00fcr die kleinere <a href=\"https:\/\/crearesa.de\/shop\/produkt\/handytasche-lilly-schnittmuster-e-book\/\">Handytasche Lilly<\/a> beinhaltet die Gr\u00f6\u00dfen 1 und 2.)<\/span><\/p>\n<p>Das Schnittmuster enth\u00e4lt zwei Modelle:<\/p>\n<p><strong>Modell 1 = STOFFTASCHE<\/strong><br \/>\nDie Tasche aus Stoff wird komplett mit Futter verst\u00fcrzt. Dieses Modell l\u00e4sst sich besonders gut aus Canvas, Jeans, Oilskin usw. n\u00e4hen.<\/p>\n<p><strong>Modell 2 = LEDERTASCHE<\/strong><br \/>\nDiese Tasche wird offenkantig gen\u00e4ht.<br \/>\nSchnitt und Anleitung sind auf Leder, Kunstleder und andere feste Materialien, die nicht ausfransen, abgestimmt. Diese Tasche wird auch gef\u00fcttert. Bei festem Obermaterial kann auch ohne Futter gen\u00e4ht werden.<\/p>\n<p><strong>Varianten<\/strong><\/p>\n<ul>\n<li>runde oder eckige Klappe<\/li>\n<li>Laschen f\u00fcr Kordel oder f\u00fcr D-Ringe<\/li>\n<li>alternativ: Tunnel auf der R\u00fcckseite der Tasche oder oben an der Tasche<\/li>\n<li>Steckfach im Futter<\/li>\n<li>Rei\u00dfverschlussfach auf der R\u00fcckseite oder alternativ auf der Vorderseite der Tasche<\/li>\n<\/ul>\n<p><b>Das E-Book enth\u00e4lt die Schnittmuster f\u00fcr die Stofftasche und f\u00fcr die Ledertasche jeweils <span style=\"color: #ff0000;\">in den Gr\u00f6\u00dfen 3 und 4<\/span>, sowie eine ausf\u00fchrliche Schritt-f\u00fcr-Schritt-Anleitung mit vielen Fotos.\u00a0<\/b><\/p>\n<p><strong>Ma\u00dfe<\/strong><\/p>\n<p>Gr\u00f6\u00dfe 3: au\u00dfen 13 cm x 18 cm<br \/>\nGr\u00f6\u00dfe 4: au\u00dfen 15 cm x 20 cm<\/p>\n<p><strong>Material<\/strong><\/p>\n<ul>\n<li>Au\u00dfenstoff 45 cm x 35 cm<\/li>\n<li>Futterstoff 25 cm x 60 cm<\/li>\n<li>1 -2 Druckkn\u00f6pfe<\/li>\n<li><b>Stofftasche:<\/b><span class=\"Apple-converted-space\">\u00a0 <\/span>Endlosrei\u00dfverschluss 16 cm mit Zipper, Volumenvlies H630,<span class=\"Apple-converted-space\">\u00a0 <\/span>Wonderdots oder ein Rest Vlieseline<\/li>\n<li><b>Ledertasche<\/b>: Vlieseline zur Futterverst\u00e4rkung, Wondertape, festes N\u00e4hgarn, Ledernadel, eventuell Textilkleber<\/li>\n<li><b>Zum Umh\u00e4ngen:<br \/>\n<\/b>Kordel, 1,50m ca. 6mm dick<br \/>\noder Stoff f\u00fcr Taschengurt:<span class=\"Apple-converted-space\">\u00a0 <\/span>5 cm x 1,25 m (Gurt mit fester L\u00e4nge)<span class=\"Apple-converted-space\">\u00a0 <\/span>bzw. 5 cm x 1,60 m (Gurt zum Verstellen)<br \/>\n2 D-Ringe 15 mm, 2 Karabiner 15 mm, evtl.<span class=\"Apple-converted-space\">\u00a0 <\/span>1 Schieber zum Verstellen<br \/>\noder Lederriemen mit passenden Karabinern,<span class=\"Apple-converted-space\">\u00a0 <\/span>Buchschrauben<br \/>\noder fertiger Taschengurt<br \/>\noder Taschenkette<\/li>\n<\/ul>\n<p><strong>Nach erfolgter Bezahlung (Paypal oder Vorauszahlung) erh\u00e4ltst du eine E-Mail mit einem Download-Link. F\u00fcr den Ausdruck ben\u00f6tigst du einen Drucker.<\/strong><\/p>\n<p><strong>Mehr Designbeispiele und erg\u00e4nzende Tutorials findest du auf meinem Blog <a href=\"https:\/\/crearesa.de\/category\/handytasche-lilly\/\" target=\"_blank\" rel=\"noopener noreferrer\">www.crearesa.de<\/a><\/strong><\/p>\n<p>F\u00fcr alle Blogger unter euch: Zeig uns deine fertige Crossbody Bag Lilly auf Instagram unter <a href=\"https:\/\/www.instagram.com\/explore\/tags\/crossbodylilly\/\" target=\"_blank\" rel=\"noopener noreferrer\">#crossbodylilly<\/a>\u00a0 <a href=\"https:\/\/www.instagram.com\/crearesa\/\" target=\"_blank\" rel=\"noopener noreferrer\">@crearesa<\/a>.<\/p>\n","protected":false},"excerpt":{"rendered":"<p>Crossbody Bag Lilly. Zwei Modelle in je in zwei Gr\u00f6\u00dfen.<br \/>\nModell 1 &#8211; STOFFTASCHE, ganz verst\u00fcrzt<br \/>\nModell 2 &#8211; LEDERTASCHE, offenkantig verarbeitet<\/p>\n<p>&nbsp;<\/p>\n<p>&nbsp;<\/p>\n","protected":false},"featured_media":15944,"comment_status":"open","ping_status":"closed","template":"","meta":{"site-sidebar-layout":"default","site-content-layout":"","ast-site-content-layout":"default","site-content-style":"default","site-sidebar-style":"default","ast-global-header-display":"","ast-banner-title-visibility":"","ast-main-header-display":"","ast-hfb-above-header-display":"","ast-hfb-below-header-display":"","ast-hfb-mobile-header-display":"","site-post-title":"","ast-breadcrumbs-content":"","ast-featured-img":"","footer-sml-layout":"","ast-disable-related-posts":"","theme-transparent-header-meta":"default","adv-header-id-meta":"","stick-header-meta":"default","header-above-stick-meta":"","header-main-stick-meta":"","header-below-stick-meta":"","astra-migrate-meta-layouts":"set","ast-page-background-enabled":"default","ast-page-background-meta":{"desktop":{"background-color":"","background-image":"","background-repeat":"repeat","background-position":"center center","background-size":"auto","background-attachment":"scroll","background-type":"","background-media":"","overlay-type":"","overlay-color":"","overlay-opacity":"","overlay-gradient":""},"tablet":{"background-color":"","background-image":"","background-repeat":"repeat","background-position":"center center","background-size":"auto","background-attachment":"scroll","background-type":"","background-media":"","overlay-type":"","overlay-color":"","overlay-opacity":"","overlay-gradient":""},"mobile":{"background-color":"","background-image":"","background-repeat":"repeat","background-position":"center center","background-size":"auto","background-attachment":"scroll","background-type":"","background-media":"","overlay-type":"","overlay-color":"","overlay-opacity":"","overlay-gradient":""}},"ast-content-background-meta":{"desktop":{"background-color":"var(--ast-global-color-5)","background-image":"","background-repeat":"repeat","background-position":"center center","background-size":"auto","background-attachment":"scroll","background-type":"","background-media":"","overlay-type":"","overlay-color":"","overlay-opacity":"","overlay-gradient":""},"tablet":{"background-color":"var(--ast-global-color-5)","background-image":"","background-repeat":"repeat","background-position":"center center","background-size":"auto","background-attachment":"scroll","background-type":"","background-media":"","overlay-type":"","overlay-color":"","overlay-opacity":"","overlay-gradient":""},"mobile":{"background-color":"var(--ast-global-color-5)","background-image":"","background-repeat":"repeat","background-position":"center center","background-size":"auto","background-attachment":"scroll","background-type":"","background-media":"","overlay-type":"","overlay-color":"","overlay-opacity":"","overlay-gradient":""}}},"product_brand":[],"product_cat":[34],"product_tag":[76,77,78,85,86,62],"class_list":{"0":"post-15909","1":"product","2":"type-product","3":"status-publish","4":"has-post-thumbnail","6":"product_cat-schnittmuster-fuer-taschen","7":"product_tag-ledertasche","8":"product_tag-handytasche","9":"product_tag-kleine-tasche","10":"product_tag-crossbody-bag-lilly","11":"product_tag-lilly","12":"product_tag-umhaengetasche","13":"desktop-align-left","14":"tablet-align-left","15":"mobile-align-left","16":"ast-product-gallery-layout-horizontal","17":"ast-product-tabs-layout-vertical","19":"first","20":"instock","21":"downloadable","22":"virtual","23":"sold-individually","24":"taxable","25":"purchasable","26":"product-type-simple"},"yoast_head":"<!-- This site is optimized with the Yoast SEO plugin v27.3 - https:\/\/yoast.com\/product\/yoast-seo-wordpress\/ -->\n<title>Crossbody Bag Lilly - Schnittmuster (E-Book) - creaResa - sch\u00f6ne Sachen selber machen<\/title>\n<meta name=\"robots\" content=\"index, follow, max-snippet:-1, max-image-preview:large, max-video-preview:-1\" \/>\n<link rel=\"canonical\" href=\"https:\/\/crearesa.de\/shop\/produkt\/crossbody-bag-lilly-schnittmuster-e-book\/\" \/>\n<meta property=\"og:locale\" content=\"de_DE\" \/>\n<meta property=\"og:type\" content=\"article\" \/>\n<meta property=\"og:title\" content=\"Crossbody Bag Lilly - Schnittmuster (E-Book) - creaResa - sch\u00f6ne Sachen selber machen\" \/>\n<meta property=\"og:description\" content=\"Crossbody Bag Lilly. Zwei Modelle in je in zwei Gr\u00f6\u00dfen. Modell 1 - STOFFTASCHE, ganz verst\u00fcrzt Modell 2 - LEDERTASCHE, offenkantig verarbeitet  &nbsp;  &nbsp;\" \/>\n<meta property=\"og:url\" content=\"https:\/\/crearesa.de\/shop\/produkt\/crossbody-bag-lilly-schnittmuster-e-book\/\" \/>\n<meta property=\"og:site_name\" content=\"creaResa - sch\u00f6ne Sachen selber machen\" \/>\n<meta property=\"article:publisher\" content=\"https:\/\/www.facebook.com\/crearesa\/\" \/>\n<meta property=\"article:modified_time\" content=\"2025-11-27T16:02:26+00:00\" \/>\n<meta property=\"og:image\" content=\"https:\/\/crearesa.de\/shop\/wp-content\/uploads\/2020\/03\/crossbody-bag-lilly-produktbild-1.jpg\" \/>\n\t<meta property=\"og:image:width\" content=\"1500\" \/>\n\t<meta property=\"og:image:height\" content=\"1500\" \/>\n\t<meta property=\"og:image:type\" content=\"image\/jpeg\" \/>\n<meta name=\"twitter:card\" content=\"summary_large_image\" \/>\n<meta name=\"twitter:label1\" content=\"Gesch\u00e4tzte Lesezeit\" \/>\n\t<meta name=\"twitter:data1\" content=\"3\u00a0Minuten\" \/>\n<script type=\"application\/ld+json\" class=\"yoast-schema-graph\">{\"@context\":\"https:\\\/\\\/schema.org\",\"@graph\":[{\"@type\":\"WebPage\",\"@id\":\"https:\\\/\\\/crearesa.de\\\/shop\\\/produkt\\\/crossbody-bag-lilly-schnittmuster-e-book\\\/\",\"url\":\"https:\\\/\\\/crearesa.de\\\/shop\\\/produkt\\\/crossbody-bag-lilly-schnittmuster-e-book\\\/\",\"name\":\"Crossbody Bag Lilly - Schnittmuster (E-Book) - creaResa - sch\u00f6ne Sachen selber machen\",\"isPartOf\":{\"@id\":\"https:\\\/\\\/crearesa.de\\\/shop\\\/#website\"},\"primaryImageOfPage\":{\"@id\":\"https:\\\/\\\/crearesa.de\\\/shop\\\/produkt\\\/crossbody-bag-lilly-schnittmuster-e-book\\\/#primaryimage\"},\"image\":{\"@id\":\"https:\\\/\\\/crearesa.de\\\/shop\\\/produkt\\\/crossbody-bag-lilly-schnittmuster-e-book\\\/#primaryimage\"},\"thumbnailUrl\":\"https:\\\/\\\/crearesa.de\\\/shop\\\/wp-content\\\/uploads\\\/2020\\\/03\\\/crossbody-bag-lilly-produktbild-1.jpg\",\"datePublished\":\"2020-03-30T10:06:17+00:00\",\"dateModified\":\"2025-11-27T16:02:26+00:00\",\"breadcrumb\":{\"@id\":\"https:\\\/\\\/crearesa.de\\\/shop\\\/produkt\\\/crossbody-bag-lilly-schnittmuster-e-book\\\/#breadcrumb\"},\"inLanguage\":\"de\",\"potentialAction\":[{\"@type\":\"ReadAction\",\"target\":[\"https:\\\/\\\/crearesa.de\\\/shop\\\/produkt\\\/crossbody-bag-lilly-schnittmuster-e-book\\\/\"]}]},{\"@type\":\"ImageObject\",\"inLanguage\":\"de\",\"@id\":\"https:\\\/\\\/crearesa.de\\\/shop\\\/produkt\\\/crossbody-bag-lilly-schnittmuster-e-book\\\/#primaryimage\",\"url\":\"https:\\\/\\\/crearesa.de\\\/shop\\\/wp-content\\\/uploads\\\/2020\\\/03\\\/crossbody-bag-lilly-produktbild-1.jpg\",\"contentUrl\":\"https:\\\/\\\/crearesa.de\\\/shop\\\/wp-content\\\/uploads\\\/2020\\\/03\\\/crossbody-bag-lilly-produktbild-1.jpg\",\"width\":1500,\"height\":1500},{\"@type\":\"BreadcrumbList\",\"@id\":\"https:\\\/\\\/crearesa.de\\\/shop\\\/produkt\\\/crossbody-bag-lilly-schnittmuster-e-book\\\/#breadcrumb\",\"itemListElement\":[{\"@type\":\"ListItem\",\"position\":1,\"name\":\"Startseite\",\"item\":\"https:\\\/\\\/crearesa.de\\\/shop\\\/\"},{\"@type\":\"ListItem\",\"position\":2,\"name\":\"Schnittmuster Shop\",\"item\":\"https:\\\/\\\/crearesa.de\\\/shop\\\/\"},{\"@type\":\"ListItem\",\"position\":3,\"name\":\"Crossbody Bag Lilly &#8211; Schnittmuster (E-Book)\"}]},{\"@type\":\"WebSite\",\"@id\":\"https:\\\/\\\/crearesa.de\\\/shop\\\/#website\",\"url\":\"https:\\\/\\\/crearesa.de\\\/shop\\\/\",\"name\":\"creaResa - sch\u00f6ne Sachen selber machen\",\"description\":\"Shop f\u00fcr Schnittmuster und N\u00e4hpakete\",\"publisher\":{\"@id\":\"https:\\\/\\\/crearesa.de\\\/shop\\\/#organization\"},\"potentialAction\":[{\"@type\":\"SearchAction\",\"target\":{\"@type\":\"EntryPoint\",\"urlTemplate\":\"https:\\\/\\\/crearesa.de\\\/shop\\\/?s={search_term_string}\"},\"query-input\":{\"@type\":\"PropertyValueSpecification\",\"valueRequired\":true,\"valueName\":\"search_term_string\"}}],\"inLanguage\":\"de\"},{\"@type\":\"Organization\",\"@id\":\"https:\\\/\\\/crearesa.de\\\/shop\\\/#organization\",\"name\":\"creaResa\",\"url\":\"https:\\\/\\\/crearesa.de\\\/shop\\\/\",\"logo\":{\"@type\":\"ImageObject\",\"inLanguage\":\"de\",\"@id\":\"https:\\\/\\\/crearesa.de\\\/shop\\\/#\\\/schema\\\/logo\\\/image\\\/\",\"url\":\"https:\\\/\\\/crearesa.de\\\/shop\\\/wp-content\\\/uploads\\\/2020\\\/06\\\/logo_crearesa-1.png\",\"contentUrl\":\"https:\\\/\\\/crearesa.de\\\/shop\\\/wp-content\\\/uploads\\\/2020\\\/06\\\/logo_crearesa-1.png\",\"width\":400,\"height\":172,\"caption\":\"creaResa\"},\"image\":{\"@id\":\"https:\\\/\\\/crearesa.de\\\/shop\\\/#\\\/schema\\\/logo\\\/image\\\/\"},\"sameAs\":[\"https:\\\/\\\/www.facebook.com\\\/crearesa\\\/\",\"https:\\\/\\\/www.instagram.com\\\/crearesa\\\/\",\"https:\\\/\\\/www.pinterest.de\\\/resa_crearesa\\\/\"]}]}<\/script>\n<!-- \/ Yoast SEO plugin. -->","yoast_head_json":{"title":"Crossbody Bag Lilly - Schnittmuster (E-Book) - creaResa - sch\u00f6ne Sachen selber machen","robots":{"index":"index","follow":"follow","max-snippet":"max-snippet:-1","max-image-preview":"max-image-preview:large","max-video-preview":"max-video-preview:-1"},"canonical":"https:\/\/crearesa.de\/shop\/produkt\/crossbody-bag-lilly-schnittmuster-e-book\/","og_locale":"de_DE","og_type":"article","og_title":"Crossbody Bag Lilly - Schnittmuster (E-Book) - creaResa - sch\u00f6ne Sachen selber machen","og_description":"Crossbody Bag Lilly. Zwei Modelle in je in zwei Gr\u00f6\u00dfen. Modell 1 - STOFFTASCHE, ganz verst\u00fcrzt Modell 2 - LEDERTASCHE, offenkantig verarbeitet  &nbsp;  &nbsp;","og_url":"https:\/\/crearesa.de\/shop\/produkt\/crossbody-bag-lilly-schnittmuster-e-book\/","og_site_name":"creaResa - sch\u00f6ne Sachen selber machen","article_publisher":"https:\/\/www.facebook.com\/crearesa\/","article_modified_time":"2025-11-27T16:02:26+00:00","og_image":[{"width":1500,"height":1500,"url":"https:\/\/crearesa.de\/shop\/wp-content\/uploads\/2020\/03\/crossbody-bag-lilly-produktbild-1.jpg","type":"image\/jpeg"}],"twitter_card":"summary_large_image","twitter_misc":{"Gesch\u00e4tzte Lesezeit":"3\u00a0Minuten"},"schema":{"@context":"https:\/\/schema.org","@graph":[{"@type":"WebPage","@id":"https:\/\/crearesa.de\/shop\/produkt\/crossbody-bag-lilly-schnittmuster-e-book\/","url":"https:\/\/crearesa.de\/shop\/produkt\/crossbody-bag-lilly-schnittmuster-e-book\/","name":"Crossbody Bag Lilly - Schnittmuster (E-Book) - creaResa - sch\u00f6ne Sachen selber machen","isPartOf":{"@id":"https:\/\/crearesa.de\/shop\/#website"},"primaryImageOfPage":{"@id":"https:\/\/crearesa.de\/shop\/produkt\/crossbody-bag-lilly-schnittmuster-e-book\/#primaryimage"},"image":{"@id":"https:\/\/crearesa.de\/shop\/produkt\/crossbody-bag-lilly-schnittmuster-e-book\/#primaryimage"},"thumbnailUrl":"https:\/\/crearesa.de\/shop\/wp-content\/uploads\/2020\/03\/crossbody-bag-lilly-produktbild-1.jpg","datePublished":"2020-03-30T10:06:17+00:00","dateModified":"2025-11-27T16:02:26+00:00","breadcrumb":{"@id":"https:\/\/crearesa.de\/shop\/produkt\/crossbody-bag-lilly-schnittmuster-e-book\/#breadcrumb"},"inLanguage":"de","potentialAction":[{"@type":"ReadAction","target":["https:\/\/crearesa.de\/shop\/produkt\/crossbody-bag-lilly-schnittmuster-e-book\/"]}]},{"@type":"ImageObject","inLanguage":"de","@id":"https:\/\/crearesa.de\/shop\/produkt\/crossbody-bag-lilly-schnittmuster-e-book\/#primaryimage","url":"https:\/\/crearesa.de\/shop\/wp-content\/uploads\/2020\/03\/crossbody-bag-lilly-produktbild-1.jpg","contentUrl":"https:\/\/crearesa.de\/shop\/wp-content\/uploads\/2020\/03\/crossbody-bag-lilly-produktbild-1.jpg","width":1500,"height":1500},{"@type":"BreadcrumbList","@id":"https:\/\/crearesa.de\/shop\/produkt\/crossbody-bag-lilly-schnittmuster-e-book\/#breadcrumb","itemListElement":[{"@type":"ListItem","position":1,"name":"Startseite","item":"https:\/\/crearesa.de\/shop\/"},{"@type":"ListItem","position":2,"name":"Schnittmuster Shop","item":"https:\/\/crearesa.de\/shop\/"},{"@type":"ListItem","position":3,"name":"Crossbody Bag Lilly &#8211; Schnittmuster (E-Book)"}]},{"@type":"WebSite","@id":"https:\/\/crearesa.de\/shop\/#website","url":"https:\/\/crearesa.de\/shop\/","name":"creaResa - sch\u00f6ne Sachen selber machen","description":"Shop f\u00fcr Schnittmuster und N\u00e4hpakete","publisher":{"@id":"https:\/\/crearesa.de\/shop\/#organization"},"potentialAction":[{"@type":"SearchAction","target":{"@type":"EntryPoint","urlTemplate":"https:\/\/crearesa.de\/shop\/?s={search_term_string}"},"query-input":{"@type":"PropertyValueSpecification","valueRequired":true,"valueName":"search_term_string"}}],"inLanguage":"de"},{"@type":"Organization","@id":"https:\/\/crearesa.de\/shop\/#organization","name":"creaResa","url":"https:\/\/crearesa.de\/shop\/","logo":{"@type":"ImageObject","inLanguage":"de","@id":"https:\/\/crearesa.de\/shop\/#\/schema\/logo\/image\/","url":"https:\/\/crearesa.de\/shop\/wp-content\/uploads\/2020\/06\/logo_crearesa-1.png","contentUrl":"https:\/\/crearesa.de\/shop\/wp-content\/uploads\/2020\/06\/logo_crearesa-1.png","width":400,"height":172,"caption":"creaResa"},"image":{"@id":"https:\/\/crearesa.de\/shop\/#\/schema\/logo\/image\/"},"sameAs":["https:\/\/www.facebook.com\/crearesa\/","https:\/\/www.instagram.com\/crearesa\/","https:\/\/www.pinterest.de\/resa_crearesa\/"]}]}},"_links":{"self":[{"href":"https:\/\/crearesa.de\/shop\/wp-json\/wp\/v2\/product\/15909","targetHints":{"allow":["GET"]}}],"collection":[{"href":"https:\/\/crearesa.de\/shop\/wp-json\/wp\/v2\/product"}],"about":[{"href":"https:\/\/crearesa.de\/shop\/wp-json\/wp\/v2\/types\/product"}],"replies":[{"embeddable":true,"href":"https:\/\/crearesa.de\/shop\/wp-json\/wp\/v2\/comments?post=15909"}],"wp:featuredmedia":[{"embeddable":true,"href":"https:\/\/crearesa.de\/shop\/wp-json\/wp\/v2\/media\/15944"}],"wp:attachment":[{"href":"https:\/\/crearesa.de\/shop\/wp-json\/wp\/v2\/media?parent=15909"}],"wp:term":[{"taxonomy":"product_brand","embeddable":true,"href":"https:\/\/crearesa.de\/shop\/wp-json\/wp\/v2\/product_brand?post=15909"},{"taxonomy":"product_cat","embeddable":true,"href":"https:\/\/crearesa.de\/shop\/wp-json\/wp\/v2\/product_cat?post=15909"},{"taxonomy":"product_tag","embeddable":true,"href":"https:\/\/crearesa.de\/shop\/wp-json\/wp\/v2\/product_tag?post=15909"}],"curies":[{"name":"wp","href":"https:\/\/api.w.org\/{rel}","templated":true}]}}