{"id":19802,"date":"2020-12-14T22:00:41","date_gmt":"2020-12-14T21:00:41","guid":{"rendered":"https:\/\/crearesa.de\/shop\/?post_type=product&#038;p=19802"},"modified":"2026-04-07T22:35:12","modified_gmt":"2026-04-07T20:35:12","slug":"naehpaket-maeppchen","status":"publish","type":"product","link":"https:\/\/crearesa.de\/shop\/produkt\/naehpaket-maeppchen\/","title":{"rendered":"N\u00e4hpaket M\u00e4ppchen aus Oilskin"},"content":{"rendered":"<p>Das Taschen-N\u00e4hpaket beinhaltet alles, was du ben\u00f6tigst um ein Stiftem\u00e4ppchen oder eine Krimskrams-Tasche zu n\u00e4hen. Alle Materialien wurden sorgf\u00e4ltig ausgew\u00e4hlt und zusammengestellt. Das fertige T\u00e4schchen eignet sich auch als Geschenk f\u00fcr M\u00e4nner.<\/p>\n<p><strong>Ma\u00dfe der Taschen:<\/strong><\/p>\n<ul>\n<li>\u00a0<strong>M\u00e4ppchen gro\u00df<\/strong>\u00a023 x 14,5 x 2 cm<br \/>\nDas gro\u00dfe M\u00e4ppchen kann als kleiner Kulturbeutel oder f\u00fcr sonstigen Krimskrams verwendet werden.<\/li>\n<li>\u00a0<strong>M\u00e4ppchen klein<\/strong>\u00a020 x 12,5 x 2 cm<br \/>\nDas kleine M\u00e4ppchen hat Platz f\u00fcr Impfausweis, Reisepass oder auch ein Maske.<\/li>\n<li>\u00a0<strong>M\u00e4ppchen f\u00fcr Stifte<\/strong>\u00a023 x 10 x 2 cm<br \/>\nDas Stifte-M\u00e4ppchen ist so gro\u00df, dass auch ein Geo-Dreieck rein passt.<\/li>\n<\/ul>\n<p>Das Besondere der Tasche ist der Rei\u00dfverschluss, der einmal rund um die weite \u00d6ffnung l\u00e4uft. Das Rei\u00dfverschlussende legt sich ohne Knubbel sch\u00f6n in die Seitennaht. Die Tasche ist komplett gef\u00fcttert. Dabei wird das Futter so eingen\u00e4ht, dass innen keine N\u00e4hte sichtbar sind. Alle Arbeitsschritte werden ausf\u00fchrlich mit sch\u00f6nen Fotos beschrieben, sodass auch Anf\u00e4nger damit zurecht kommen und sich schnell \u00fcber ihr &#8220;Handmade&#8221;-T\u00e4schchen freuen k\u00f6nnen.<\/p>\n<h2><strong>Im N\u00e4hpaket sind dabei:<\/strong><\/h2>\n<ul>\n<li>Au\u00dfenstoff<br \/>\nOilskin\u00a0 light in sch\u00f6nen Farben oder\u00a0 Canvas mit Muster (100% Baumwolle oder Baumwoll\/Polyester-Mischung), fertig zugeschnitten<\/li>\n<li>Futterstoff aus Baumwolle, <strong>wasserabweisend beschichtet<\/strong> , fertig zugeschnitten<\/li>\n<li>1 Raupe Endlosrei\u00dfverschluss, metallisiert\u00a0 + passender Zipper mit Kunstlederkordel<\/li>\n<li>1 Aufn\u00e4her &#8220;Handmade&#8221; (1 x 4,5 cm, ohne Herzchen, m\u00e4nnertauglich) bereits mit praktischem doppelseitigem Klebestreifen versehen, damit beim Aufn\u00e4hen nichts verrutscht<\/li>\n<li>4-seitige ausf\u00fchrlich Anleitung mit vielen Fotos, leicht verst\u00e4ndlich<\/li>\n<\/ul>\n<p><strong>Sowohl das N\u00e4hpaket als auch das fertige T\u00e4schchen sind tolle Geschenke, die immer gut ankommen.<\/strong><\/p>\n","protected":false},"excerpt":{"rendered":"<p><strong>2 Gr\u00f6\u00dfen &#8211; einfarbig aus Oilskin oder gemustert aus Canvas<br \/>\n<\/strong>Das N\u00e4hpaket beinhaltet alles, was du ben\u00f6tigst, um ein Stiftem\u00e4ppchen \/ Krimskrams-Tasche \/M\u00e4nnerkram-Tasche zu n\u00e4hen. Alle Materialien wurden sorgf\u00e4ltig ausgew\u00e4hlt und zusammengestellt. Mit ausf\u00fchrlicher Anleitung &#8211; f\u00fcr Anf\u00e4nger geeignet<br \/>\n<strong>Gr\u00f6\u00dfe der fertigen Tasche:<\/strong><br \/>\nklein: 23 cm x 10,5 cm<br \/>\ngro\u00df: 23 cm x 15 cm<\/p>\n<p><strong>Wir machen Urlaub: N\u00e4chster Versand am 05.08.2024.<\/strong><\/p>\n<p><strong>Schnelle Lieferung<\/strong>: Versand als Brief am Tag der Bestellung oder am darauffolgenden Tag.<\/p>\n","protected":false},"featured_media":19855,"comment_status":"open","ping_status":"closed","template":"","meta":{"site-sidebar-layout":"default","site-content-layout":"default","ast-site-content-layout":"default","site-content-style":"default","site-sidebar-style":"default","ast-global-header-display":"","ast-banner-title-visibility":"","ast-main-header-display":"","ast-hfb-above-header-display":"","ast-hfb-below-header-display":"","ast-hfb-mobile-header-display":"","site-post-title":"","ast-breadcrumbs-content":"","ast-featured-img":"","footer-sml-layout":"","ast-disable-related-posts":"","theme-transparent-header-meta":"default","adv-header-id-meta":"","stick-header-meta":"default","header-above-stick-meta":"","header-main-stick-meta":"","header-below-stick-meta":"","astra-migrate-meta-layouts":"set","ast-page-background-enabled":"default","ast-page-background-meta":{"desktop":{"background-color":"","background-image":"","background-repeat":"repeat","background-position":"center center","background-size":"auto","background-attachment":"scroll","background-type":"","background-media":"","overlay-type":"","overlay-color":"","overlay-opacity":"","overlay-gradient":""},"tablet":{"background-color":"","background-image":"","background-repeat":"repeat","background-position":"center center","background-size":"auto","background-attachment":"scroll","background-type":"","background-media":"","overlay-type":"","overlay-color":"","overlay-opacity":"","overlay-gradient":""},"mobile":{"background-color":"","background-image":"","background-repeat":"repeat","background-position":"center center","background-size":"auto","background-attachment":"scroll","background-type":"","background-media":"","overlay-type":"","overlay-color":"","overlay-opacity":"","overlay-gradient":""}},"ast-content-background-meta":{"desktop":{"background-color":"var(--ast-global-color-5)","background-image":"","background-repeat":"repeat","background-position":"center center","background-size":"auto","background-attachment":"scroll","background-type":"","background-media":"","overlay-type":"","overlay-color":"","overlay-opacity":"","overlay-gradient":""},"tablet":{"background-color":"var(--ast-global-color-5)","background-image":"","background-repeat":"repeat","background-position":"center center","background-size":"auto","background-attachment":"scroll","background-type":"","background-media":"","overlay-type":"","overlay-color":"","overlay-opacity":"","overlay-gradient":""},"mobile":{"background-color":"var(--ast-global-color-5)","background-image":"","background-repeat":"repeat","background-position":"center center","background-size":"auto","background-attachment":"scroll","background-type":"","background-media":"","overlay-type":"","overlay-color":"","overlay-opacity":"","overlay-gradient":""}}},"product_brand":[],"product_cat":[81],"product_tag":[101,102,103,104,105],"class_list":{"0":"post-19802","1":"product","2":"type-product","3":"status-publish","4":"has-post-thumbnail","6":"product_cat-naehset-naehpaket-stoffpaket-mit-anleitung","7":"product_tag-naehpaket","8":"product_tag-naehset","9":"product_tag-maeppchen","10":"product_tag-stifteetui","11":"product_tag-etui","12":"desktop-align-left","13":"tablet-align-left","14":"mobile-align-left","15":"ast-product-gallery-layout-horizontal","16":"ast-product-single-variable","17":"ast-product-tabs-layout-vertical","19":"first","20":"instock","21":"taxable","22":"shipping-taxable","23":"purchasable","24":"product-type-variable"},"yoast_head":"<!-- This site is optimized with the Yoast SEO plugin v27.3 - https:\/\/yoast.com\/product\/yoast-seo-wordpress\/ -->\n<title>N\u00e4hpaket Stiftem\u00e4ppchen \/ Etui mit Anleitung - f\u00fcr Anf\u00e4nger<\/title>\n<meta name=\"description\" content=\"Im N\u00e4hpaket sind alle Materialen f\u00fcr ein Stiftem\u00e4ppchen enthalten. Mit ausf\u00fchrlicher Anleitung f\u00fcr N\u00e4hanf\u00e4nger. Sehr sch\u00f6ne Verarbeitung.\" \/>\n<meta name=\"robots\" content=\"index, follow, max-snippet:-1, max-image-preview:large, max-video-preview:-1\" \/>\n<link rel=\"canonical\" href=\"https:\/\/crearesa.de\/shop\/produkt\/naehpaket-maeppchen\/\" \/>\n<meta property=\"og:locale\" content=\"de_DE\" \/>\n<meta property=\"og:type\" content=\"article\" \/>\n<meta property=\"og:title\" content=\"N\u00e4hpaket Stiftem\u00e4ppchen \/ Etui mit Anleitung - f\u00fcr Anf\u00e4nger\" \/>\n<meta property=\"og:description\" content=\"Im N\u00e4hpaket sind alle Materialen f\u00fcr ein Stiftem\u00e4ppchen enthalten. Mit ausf\u00fchrlicher Anleitung f\u00fcr N\u00e4hanf\u00e4nger. Sehr sch\u00f6ne Verarbeitung.\" \/>\n<meta property=\"og:url\" content=\"https:\/\/crearesa.de\/shop\/produkt\/naehpaket-maeppchen\/\" \/>\n<meta property=\"og:site_name\" content=\"creaResa - sch\u00f6ne Sachen selber machen\" \/>\n<meta property=\"article:publisher\" content=\"https:\/\/www.facebook.com\/crearesa\/\" \/>\n<meta property=\"article:modified_time\" content=\"2026-04-07T20:35:12+00:00\" \/>\n<meta property=\"og:image\" content=\"https:\/\/crearesa.de\/shop\/wp-content\/uploads\/2020\/12\/naehset-maeppchen-8.jpg\" \/>\n\t<meta property=\"og:image:width\" content=\"1500\" \/>\n\t<meta property=\"og:image:height\" content=\"1500\" \/>\n\t<meta property=\"og:image:type\" content=\"image\/jpeg\" \/>\n<meta name=\"twitter:card\" content=\"summary_large_image\" \/>\n<meta name=\"twitter:label1\" content=\"Gesch\u00e4tzte Lesezeit\" \/>\n\t<meta name=\"twitter:data1\" content=\"2\u00a0Minuten\" \/>\n<script type=\"application\/ld+json\" class=\"yoast-schema-graph\">{\"@context\":\"https:\\\/\\\/schema.org\",\"@graph\":[{\"@type\":\"WebPage\",\"@id\":\"https:\\\/\\\/crearesa.de\\\/shop\\\/produkt\\\/naehpaket-maeppchen\\\/\",\"url\":\"https:\\\/\\\/crearesa.de\\\/shop\\\/produkt\\\/naehpaket-maeppchen\\\/\",\"name\":\"N\u00e4hpaket Stiftem\u00e4ppchen \\\/ Etui mit Anleitung - f\u00fcr Anf\u00e4nger\",\"isPartOf\":{\"@id\":\"https:\\\/\\\/crearesa.de\\\/shop\\\/#website\"},\"primaryImageOfPage\":{\"@id\":\"https:\\\/\\\/crearesa.de\\\/shop\\\/produkt\\\/naehpaket-maeppchen\\\/#primaryimage\"},\"image\":{\"@id\":\"https:\\\/\\\/crearesa.de\\\/shop\\\/produkt\\\/naehpaket-maeppchen\\\/#primaryimage\"},\"thumbnailUrl\":\"https:\\\/\\\/crearesa.de\\\/shop\\\/wp-content\\\/uploads\\\/2020\\\/12\\\/naehset-maeppchen-8.jpg\",\"datePublished\":\"2020-12-14T21:00:41+00:00\",\"dateModified\":\"2026-04-07T20:35:12+00:00\",\"description\":\"Im N\u00e4hpaket sind alle Materialen f\u00fcr ein Stiftem\u00e4ppchen enthalten. Mit ausf\u00fchrlicher Anleitung f\u00fcr N\u00e4hanf\u00e4nger. Sehr sch\u00f6ne Verarbeitung.\",\"breadcrumb\":{\"@id\":\"https:\\\/\\\/crearesa.de\\\/shop\\\/produkt\\\/naehpaket-maeppchen\\\/#breadcrumb\"},\"inLanguage\":\"de\",\"potentialAction\":[{\"@type\":\"ReadAction\",\"target\":[\"https:\\\/\\\/crearesa.de\\\/shop\\\/produkt\\\/naehpaket-maeppchen\\\/\"]}]},{\"@type\":\"ImageObject\",\"inLanguage\":\"de\",\"@id\":\"https:\\\/\\\/crearesa.de\\\/shop\\\/produkt\\\/naehpaket-maeppchen\\\/#primaryimage\",\"url\":\"https:\\\/\\\/crearesa.de\\\/shop\\\/wp-content\\\/uploads\\\/2020\\\/12\\\/naehset-maeppchen-8.jpg\",\"contentUrl\":\"https:\\\/\\\/crearesa.de\\\/shop\\\/wp-content\\\/uploads\\\/2020\\\/12\\\/naehset-maeppchen-8.jpg\",\"width\":1500,\"height\":1500},{\"@type\":\"BreadcrumbList\",\"@id\":\"https:\\\/\\\/crearesa.de\\\/shop\\\/produkt\\\/naehpaket-maeppchen\\\/#breadcrumb\",\"itemListElement\":[{\"@type\":\"ListItem\",\"position\":1,\"name\":\"Startseite\",\"item\":\"https:\\\/\\\/crearesa.de\\\/shop\\\/\"},{\"@type\":\"ListItem\",\"position\":2,\"name\":\"Schnittmuster Shop\",\"item\":\"https:\\\/\\\/crearesa.de\\\/shop\\\/\"},{\"@type\":\"ListItem\",\"position\":3,\"name\":\"N\u00e4hpaket M\u00e4ppchen aus Oilskin\"}]},{\"@type\":\"WebSite\",\"@id\":\"https:\\\/\\\/crearesa.de\\\/shop\\\/#website\",\"url\":\"https:\\\/\\\/crearesa.de\\\/shop\\\/\",\"name\":\"creaResa - sch\u00f6ne Sachen selber machen\",\"description\":\"Shop f\u00fcr Schnittmuster und N\u00e4hpakete\",\"publisher\":{\"@id\":\"https:\\\/\\\/crearesa.de\\\/shop\\\/#organization\"},\"potentialAction\":[{\"@type\":\"SearchAction\",\"target\":{\"@type\":\"EntryPoint\",\"urlTemplate\":\"https:\\\/\\\/crearesa.de\\\/shop\\\/?s={search_term_string}\"},\"query-input\":{\"@type\":\"PropertyValueSpecification\",\"valueRequired\":true,\"valueName\":\"search_term_string\"}}],\"inLanguage\":\"de\"},{\"@type\":\"Organization\",\"@id\":\"https:\\\/\\\/crearesa.de\\\/shop\\\/#organization\",\"name\":\"creaResa\",\"url\":\"https:\\\/\\\/crearesa.de\\\/shop\\\/\",\"logo\":{\"@type\":\"ImageObject\",\"inLanguage\":\"de\",\"@id\":\"https:\\\/\\\/crearesa.de\\\/shop\\\/#\\\/schema\\\/logo\\\/image\\\/\",\"url\":\"https:\\\/\\\/crearesa.de\\\/shop\\\/wp-content\\\/uploads\\\/2020\\\/06\\\/logo_crearesa-1.png\",\"contentUrl\":\"https:\\\/\\\/crearesa.de\\\/shop\\\/wp-content\\\/uploads\\\/2020\\\/06\\\/logo_crearesa-1.png\",\"width\":400,\"height\":172,\"caption\":\"creaResa\"},\"image\":{\"@id\":\"https:\\\/\\\/crearesa.de\\\/shop\\\/#\\\/schema\\\/logo\\\/image\\\/\"},\"sameAs\":[\"https:\\\/\\\/www.facebook.com\\\/crearesa\\\/\",\"https:\\\/\\\/www.instagram.com\\\/crearesa\\\/\",\"https:\\\/\\\/www.pinterest.de\\\/resa_crearesa\\\/\"]}]}<\/script>\n<!-- \/ Yoast SEO plugin. -->","yoast_head_json":{"title":"N\u00e4hpaket Stiftem\u00e4ppchen \/ Etui mit Anleitung - f\u00fcr Anf\u00e4nger","description":"Im N\u00e4hpaket sind alle Materialen f\u00fcr ein Stiftem\u00e4ppchen enthalten. Mit ausf\u00fchrlicher Anleitung f\u00fcr N\u00e4hanf\u00e4nger. Sehr sch\u00f6ne Verarbeitung.","robots":{"index":"index","follow":"follow","max-snippet":"max-snippet:-1","max-image-preview":"max-image-preview:large","max-video-preview":"max-video-preview:-1"},"canonical":"https:\/\/crearesa.de\/shop\/produkt\/naehpaket-maeppchen\/","og_locale":"de_DE","og_type":"article","og_title":"N\u00e4hpaket Stiftem\u00e4ppchen \/ Etui mit Anleitung - f\u00fcr Anf\u00e4nger","og_description":"Im N\u00e4hpaket sind alle Materialen f\u00fcr ein Stiftem\u00e4ppchen enthalten. Mit ausf\u00fchrlicher Anleitung f\u00fcr N\u00e4hanf\u00e4nger. Sehr sch\u00f6ne Verarbeitung.","og_url":"https:\/\/crearesa.de\/shop\/produkt\/naehpaket-maeppchen\/","og_site_name":"creaResa - sch\u00f6ne Sachen selber machen","article_publisher":"https:\/\/www.facebook.com\/crearesa\/","article_modified_time":"2026-04-07T20:35:12+00:00","og_image":[{"width":1500,"height":1500,"url":"https:\/\/crearesa.de\/shop\/wp-content\/uploads\/2020\/12\/naehset-maeppchen-8.jpg","type":"image\/jpeg"}],"twitter_card":"summary_large_image","twitter_misc":{"Gesch\u00e4tzte Lesezeit":"2\u00a0Minuten"},"schema":{"@context":"https:\/\/schema.org","@graph":[{"@type":"WebPage","@id":"https:\/\/crearesa.de\/shop\/produkt\/naehpaket-maeppchen\/","url":"https:\/\/crearesa.de\/shop\/produkt\/naehpaket-maeppchen\/","name":"N\u00e4hpaket Stiftem\u00e4ppchen \/ Etui mit Anleitung - f\u00fcr Anf\u00e4nger","isPartOf":{"@id":"https:\/\/crearesa.de\/shop\/#website"},"primaryImageOfPage":{"@id":"https:\/\/crearesa.de\/shop\/produkt\/naehpaket-maeppchen\/#primaryimage"},"image":{"@id":"https:\/\/crearesa.de\/shop\/produkt\/naehpaket-maeppchen\/#primaryimage"},"thumbnailUrl":"https:\/\/crearesa.de\/shop\/wp-content\/uploads\/2020\/12\/naehset-maeppchen-8.jpg","datePublished":"2020-12-14T21:00:41+00:00","dateModified":"2026-04-07T20:35:12+00:00","description":"Im N\u00e4hpaket sind alle Materialen f\u00fcr ein Stiftem\u00e4ppchen enthalten. Mit ausf\u00fchrlicher Anleitung f\u00fcr N\u00e4hanf\u00e4nger. Sehr sch\u00f6ne Verarbeitung.","breadcrumb":{"@id":"https:\/\/crearesa.de\/shop\/produkt\/naehpaket-maeppchen\/#breadcrumb"},"inLanguage":"de","potentialAction":[{"@type":"ReadAction","target":["https:\/\/crearesa.de\/shop\/produkt\/naehpaket-maeppchen\/"]}]},{"@type":"ImageObject","inLanguage":"de","@id":"https:\/\/crearesa.de\/shop\/produkt\/naehpaket-maeppchen\/#primaryimage","url":"https:\/\/crearesa.de\/shop\/wp-content\/uploads\/2020\/12\/naehset-maeppchen-8.jpg","contentUrl":"https:\/\/crearesa.de\/shop\/wp-content\/uploads\/2020\/12\/naehset-maeppchen-8.jpg","width":1500,"height":1500},{"@type":"BreadcrumbList","@id":"https:\/\/crearesa.de\/shop\/produkt\/naehpaket-maeppchen\/#breadcrumb","itemListElement":[{"@type":"ListItem","position":1,"name":"Startseite","item":"https:\/\/crearesa.de\/shop\/"},{"@type":"ListItem","position":2,"name":"Schnittmuster Shop","item":"https:\/\/crearesa.de\/shop\/"},{"@type":"ListItem","position":3,"name":"N\u00e4hpaket M\u00e4ppchen aus Oilskin"}]},{"@type":"WebSite","@id":"https:\/\/crearesa.de\/shop\/#website","url":"https:\/\/crearesa.de\/shop\/","name":"creaResa - sch\u00f6ne Sachen selber machen","description":"Shop f\u00fcr Schnittmuster und N\u00e4hpakete","publisher":{"@id":"https:\/\/crearesa.de\/shop\/#organization"},"potentialAction":[{"@type":"SearchAction","target":{"@type":"EntryPoint","urlTemplate":"https:\/\/crearesa.de\/shop\/?s={search_term_string}"},"query-input":{"@type":"PropertyValueSpecification","valueRequired":true,"valueName":"search_term_string"}}],"inLanguage":"de"},{"@type":"Organization","@id":"https:\/\/crearesa.de\/shop\/#organization","name":"creaResa","url":"https:\/\/crearesa.de\/shop\/","logo":{"@type":"ImageObject","inLanguage":"de","@id":"https:\/\/crearesa.de\/shop\/#\/schema\/logo\/image\/","url":"https:\/\/crearesa.de\/shop\/wp-content\/uploads\/2020\/06\/logo_crearesa-1.png","contentUrl":"https:\/\/crearesa.de\/shop\/wp-content\/uploads\/2020\/06\/logo_crearesa-1.png","width":400,"height":172,"caption":"creaResa"},"image":{"@id":"https:\/\/crearesa.de\/shop\/#\/schema\/logo\/image\/"},"sameAs":["https:\/\/www.facebook.com\/crearesa\/","https:\/\/www.instagram.com\/crearesa\/","https:\/\/www.pinterest.de\/resa_crearesa\/"]}]}},"_links":{"self":[{"href":"https:\/\/crearesa.de\/shop\/wp-json\/wp\/v2\/product\/19802","targetHints":{"allow":["GET"]}}],"collection":[{"href":"https:\/\/crearesa.de\/shop\/wp-json\/wp\/v2\/product"}],"about":[{"href":"https:\/\/crearesa.de\/shop\/wp-json\/wp\/v2\/types\/product"}],"replies":[{"embeddable":true,"href":"https:\/\/crearesa.de\/shop\/wp-json\/wp\/v2\/comments?post=19802"}],"wp:featuredmedia":[{"embeddable":true,"href":"https:\/\/crearesa.de\/shop\/wp-json\/wp\/v2\/media\/19855"}],"wp:attachment":[{"href":"https:\/\/crearesa.de\/shop\/wp-json\/wp\/v2\/media?parent=19802"}],"wp:term":[{"taxonomy":"product_brand","embeddable":true,"href":"https:\/\/crearesa.de\/shop\/wp-json\/wp\/v2\/product_brand?post=19802"},{"taxonomy":"product_cat","embeddable":true,"href":"https:\/\/crearesa.de\/shop\/wp-json\/wp\/v2\/product_cat?post=19802"},{"taxonomy":"product_tag","embeddable":true,"href":"https:\/\/crearesa.de\/shop\/wp-json\/wp\/v2\/product_tag?post=19802"}],"curies":[{"name":"wp","href":"https:\/\/api.w.org\/{rel}","templated":true}]}}