{"id":21821,"date":"2021-11-29T12:48:04","date_gmt":"2021-11-29T11:48:04","guid":{"rendered":"https:\/\/crearesa.de\/shop\/?post_type=product&#038;p=21821"},"modified":"2025-12-11T18:24:52","modified_gmt":"2025-12-11T17:24:52","slug":"tasche-resa-schnittmuster","status":"publish","type":"product","link":"https:\/\/crearesa.de\/shop\/produkt\/tasche-resa-schnittmuster\/","title":{"rendered":"Tasche Resa &#8211; Schnittmuster (E-Book)"},"content":{"rendered":"<p>Die Tasche Resa ist eine schlichte Henkeltasche mit praktischen Erweiterungen. Die einfachste Variante, die du mit diesem Schnittmuster n\u00e4hen kannst, entspricht der &#8220;<a href=\"https:\/\/crearesa.de\/shop\/produkt\/tasche-resa-basic-schnittmuster\/\">Tasche Resa Basic<\/a>&#8220;.<\/p>\n<h3><strong>Erg\u00e4nze die Tasche nach deinen W\u00fcnschen mit folgenden Add-ons:<\/strong><\/h3>\n<ul>\n<li>Rei\u00dfverschlussblende, um die Tasche verschlie\u00dfbar zu machen<\/li>\n<li>Au\u00dfentasche mit Rei\u00dfverschluss<\/li>\n<li>Innentasche mit Rei\u00dfverschluss (3 Methoden &#8211; von leicht bis fortgeschritten)<\/li>\n<li>langer Schultergurt, abnehmbar und verstellbar<\/li>\n<\/ul>\n<p>Weitere Ideen, wie du das Schnittmuster ab\u00e4ndern kannst, findest du im Blogbeitrag: &#8220;<a href=\"https:\/\/crearesa.de\/tasche-resa-schnittmusterhacks\/\">Tasche Resa &#8211; Schnittmusterhacks<\/a>&#8221;<\/p>\n<h3>Ma\u00dfe der Tasche<\/h3>\n<p>Das Schnittmuster enth\u00e4lt 2 Gr\u00f6\u00dfen.<\/p>\n<p><strong>Gr\u00f6\u00dfe 1<\/strong>: 32 cm<span class=\"Apple-converted-space\">\u00a0 <\/span>x 39 cm x 6 cm<span class=\"Apple-converted-space\"><br \/>\n<strong>Gr\u00f6\u00dfe 2<\/strong>: <\/span>32 cm x 41 cm<span class=\"Apple-converted-space\">\u00a0 <\/span>x 10 cm<\/p>\n<h3>Im E-Book enthalten:<\/h3>\n<ul>\n<li>Schnittmuster zum Ausdrucken (17 bzw. 19 DIN A4 Seiten) und kleben. <a href=\"https:\/\/crearesa.de\/schnittmuster-e-book-ausdrucken-und-kleben\/\">Wie das geht beschreibe ich auf meinem Blog<\/a>.<\/li>\n<li>Alternativ: <strong>A0-Datei<\/strong> f\u00fcr den Ausdruck \u00fcber eine Druckerei.<\/li>\n<li>Die N\u00e4hanleitung ist ausf\u00fchrlich bebildert und \u00fcbersichtlich.<\/li>\n<li>Alle Schnittmusterteile enthalten bereits die Nahtzugabe.<\/li>\n<li><\/li>\n<\/ul>\n<h3><strong>Stoffempfehlung:<\/strong><\/h3>\n<p><b>Au\u00dfenstoff und Boden: <\/b><b><span class=\"Apple-converted-space\">\u00a0<\/span><\/b>fest gewebte Stoffe (nicht elastisch!), z.B. Canvas, Jeans, Cord, Oilskin; Kunstleder, Leder, Kork<br \/>\n<b><\/b><b>Futter: <\/b>Baumwollstoff<br \/>\nHenkel, Schultergurt und Laschen kannst du aus Stoff n\u00e4hen oder fertiges Gurtband (1,40 m) verwenden.<\/p>\n<p class=\"p1\"><b>Die Materialliste bezieht sich auf eine Tasche<span class=\"Apple-converted-space\">\u00a0<\/span><\/b><\/p>\n<ul>\n<li class=\"p2\">mit <b>Rei\u00dfverschlussblende<\/b> zum Verschlie\u00dfen<span class=\"Apple-converted-space\">\u00a0<\/span><\/li>\n<li class=\"p2\">mit <b>einer<\/b> Rei\u00dfverschluss-Au\u00dfentasche<\/li>\n<li class=\"p2\">mit <b>einer<\/b> Innentasche mit Rei\u00dfverschluss (aufgen\u00e4ht oder eingen\u00e4ht) &#8211; diese kann durch ein Steckfach ersetzt werden<\/li>\n<li class=\"p2\">mit einem <b>gen\u00e4hten<\/b> verstellbaren Schultergurt<\/li>\n<\/ul>\n<p><img loading=\"lazy\" decoding=\"async\" class=\"alignleft size-full wp-image-21822\" src=\"https:\/\/crearesa.de\/shop\/wp-content\/uploads\/2021\/11\/stoffverbrauch-tasche-resa.jpg\" alt=\"\" width=\"790\" height=\"262\" srcset=\"https:\/\/crearesa.de\/shop\/wp-content\/uploads\/2021\/11\/stoffverbrauch-tasche-resa.jpg 790w, https:\/\/crearesa.de\/shop\/wp-content\/uploads\/2021\/11\/stoffverbrauch-tasche-resa-300x99.jpg 300w, https:\/\/crearesa.de\/shop\/wp-content\/uploads\/2021\/11\/stoffverbrauch-tasche-resa-768x255.jpg 768w, https:\/\/crearesa.de\/shop\/wp-content\/uploads\/2021\/11\/stoffverbrauch-tasche-resa-680x226.jpg 680w\" sizes=\"auto, (max-width: 790px) 100vw, 790px\" \/><\/p>\n<p>&nbsp;<\/p>\n<p>&nbsp;<\/p>\n<p>&nbsp;<\/p>\n<p>&nbsp;<\/p>\n<p>&nbsp;<\/p>\n<p>&nbsp;<\/p>\n<p>&nbsp;<\/p>\n<p class=\"p1\"><b>Vlieseline-Rest<\/b> zur Verst\u00e4rkung der Stoffe an den Rei\u00dfverschlusstaschen<span class=\"Apple-converted-space\"><br \/>\n<\/span>Bei leichten Au\u00dfenstoffen kannst du die Au\u00dfenstoffe (A, B, E1) und die Taschenhenkel G sowie den Schultergurt G mit Vlieseline verst\u00e4rken.<\/p>\n<p class=\"p1\"><b>2 D-Ringe, 2 Karabiner und 1 Schieber<\/b> f\u00fcr 2,5 cm breite Gurte<\/p>\n<p class=\"p1\"><b>Rei\u00dfverschl\u00fcsse:<\/b> <span class=\"Apple-converted-space\"><br \/>\n<\/span><span style=\"font-size: 16px; font-family: -apple-system, BlinkMacSystemFont, 'Segoe UI', Roboto, Oxygen-Sans, Ubuntu, Cantarell, 'Helvetica Neue', sans-serif;\">Endlosrei\u00dfverschl\u00fcsse: 40 (42) cm f\u00fcr Blende,<\/span><span class=\"Apple-converted-space\" style=\"font-size: 16px; font-family: -apple-system, BlinkMacSystemFont, 'Segoe UI', Roboto, Oxygen-Sans, Ubuntu, Cantarell, 'Helvetica Neue', sans-serif;\">\u00a0 <\/span><span style=\"font-size: 16px; font-family: -apple-system, BlinkMacSystemFont, 'Segoe UI', Roboto, Oxygen-Sans, Ubuntu, Cantarell, 'Helvetica Neue', sans-serif;\">25,5 cm f\u00fcr Au\u00dfentasche M,<\/span><span class=\"Apple-converted-space\" style=\"font-size: 16px; font-family: -apple-system, BlinkMacSystemFont, 'Segoe UI', Roboto, Oxygen-Sans, Ubuntu, Cantarell, 'Helvetica Neue', sans-serif;\">\u00a0 <\/span><span style=\"font-size: 16px; font-family: -apple-system, BlinkMacSystemFont, 'Segoe UI', Roboto, Oxygen-Sans, Ubuntu, Cantarell, 'Helvetica Neue', sans-serif;\">20 cm f\u00fcr Innentasche K + 3 Zipper<br \/>\n<\/span>Alternativ: einzelne Rei\u00dfverschl\u00fcsse 40 (42) cm f\u00fcr Blende,<span class=\"Apple-converted-space\">\u00a0 <\/span>22 cm f\u00fcr Au\u00dfentasche M,<span class=\"Apple-converted-space\">\u00a0 <\/span>18 cm f\u00fcr Innentasche K<\/p>\n<p>&nbsp;<\/p>\n<p><strong style=\"font-size: 16px; font-family: -apple-system, BlinkMacSystemFont, 'Segoe UI', Roboto, Oxygen-Sans, Ubuntu, Cantarell, 'Helvetica Neue', sans-serif;\">Nach erfolgter Bezahlung (Paypal oder Vorauszahlung) erh\u00e4ltst du eine E-Mail mit einem Download-Link. F\u00fcr den Ausdruck der Schnittmuster ben\u00f6tigst du einen Drucker.<\/strong><\/p>\n<p>N\u00e4heres zum Bestellvorgang und was du von einem creaResa-E-Book erwarten darfst, kannst du auch auf <a href=\"https:\/\/crearesa.de\/schnittmuster-e-book-ausdrucken-und-kleben\/\">meinem Blog<\/a> nachlesen.<\/p>\n<p>F\u00fcr alle Blogger unter euch: Zeig uns deine fertige Tasche auf Instagram unter Hashtag <a href=\"https:\/\/www.instagram.com\/explore\/tags\/turnbeutelresa\/?hl=de\" target=\"_blank\" rel=\"noopener noreferrer\">#tascheresa<\/a>\u00a0.<\/p>\n<div class=\"shariff\" data-services=\"pinterest%7Cfacebook\" data-url=\"https%3A%2F%2Fcrearesa.de%2Fshop%2Fprodukt%2Ftasche-resa-schnittmuster%2F\" data-timestamp=\"1765477492\" data-hidezero=\"1\" data-backendurl=\"https:\/\/crearesa.de\/shop\/wp-json\/shariff\/v1\/share_counts?\"><ul class=\"shariff-buttons theme-default orientation-horizontal buttonsize-medium\"><li class=\"shariff-button pinterest shariff-nocustomcolor\" style=\"background-color:#e70f18\"><a href=\"https:\/\/www.pinterest.com\/pin\/create\/link\/?url=https%3A%2F%2Fcrearesa.de%2Fshop%2Fprodukt%2Ftasche-resa-schnittmuster%2F&media=https%3A%2F%2Fcrearesa.de%2Fshop%2Fwp-content%2Fuploads%2F2021%2F11%2Ftasche-resa-schnittmuster-1-1.jpg&description=Tasche%20Resa%20-%20Schnittmuster%20%28E-Book%29\" title=\"Bei Pinterest pinnen\" aria-label=\"Bei Pinterest pinnen\" role=\"button\" rel=\"noreferrernoopener nofollow\" class=\"shariff-link\" style=\"; background-color:#cb2027; color:#fff\" target=\"_blank\"><span class=\"shariff-icon\" style=\"\"><svg width=\"32px\" height=\"20px\" xmlns=\"http:\/\/www.w3.org\/2000\/svg\" viewBox=\"0 0 27 32\"><path fill=\"#cb2027\" d=\"M27.4 16q0 3.7-1.8 6.9t-5 5-6.9 1.9q-2 0-3.9-0.6 1.1-1.7 1.4-2.9 0.2-0.6 1-3.8 0.4 0.7 1.3 1.2t2 0.5q2.1 0 3.8-1.2t2.7-3.4 0.9-4.8q0-2-1.1-3.8t-3.1-2.9-4.5-1.2q-1.9 0-3.5 0.5t-2.8 1.4-2 2-1.2 2.3-0.4 2.4q0 1.9 0.7 3.3t2.1 2q0.5 0.2 0.7-0.4 0-0.1 0.1-0.5t0.2-0.5q0.1-0.4-0.2-0.8-0.9-1.1-0.9-2.7 0-2.7 1.9-4.6t4.9-2q2.7 0 4.2 1.5t1.5 3.8q0 3-1.2 5.2t-3.1 2.1q-1.1 0-1.7-0.8t-0.4-1.9q0.1-0.6 0.5-1.7t0.5-1.8 0.2-1.4q0-0.9-0.5-1.5t-1.4-0.6q-1.1 0-1.9 1t-0.8 2.6q0 1.3 0.4 2.2l-1.8 7.5q-0.3 1.2-0.2 3.2-3.7-1.6-6-5t-2.3-7.6q0-3.7 1.9-6.9t5-5 6.9-1.9 6.9 1.9 5 5 1.8 6.9z\"\/><\/svg><\/span><span class=\"shariff-text\">merken<\/span>&nbsp;<span data-service=\"pinterest\" style=\"color:#cb2027\" class=\"shariff-count\"> 11<\/span>&nbsp;<\/a><\/li><li class=\"shariff-button facebook shariff-nocustomcolor\" style=\"background-color:#4273c8\"><a href=\"https:\/\/www.facebook.com\/sharer\/sharer.php?u=https%3A%2F%2Fcrearesa.de%2Fshop%2Fprodukt%2Ftasche-resa-schnittmuster%2F\" title=\"Bei Facebook teilen\" aria-label=\"Bei Facebook teilen\" role=\"button\" rel=\"noreferrernoopener nofollow\" class=\"shariff-link\" style=\"; background-color:#3b5998; color:#fff\" target=\"_blank\"><span class=\"shariff-icon\" style=\"\"><svg width=\"32px\" height=\"20px\" xmlns=\"http:\/\/www.w3.org\/2000\/svg\" viewBox=\"0 0 18 32\"><path fill=\"#3b5998\" d=\"M17.1 0.2v4.7h-2.8q-1.5 0-2.1 0.6t-0.5 1.9v3.4h5.2l-0.7 5.3h-4.5v13.6h-5.5v-13.6h-4.5v-5.3h4.5v-3.9q0-3.3 1.9-5.2t5-1.8q2.6 0 4.1 0.2z\"\/><\/svg><\/span><span class=\"shariff-text\">teilen<\/span>&nbsp;<span data-service=\"facebook\" style=\"color:#3b5998\" class=\"shariff-count shariff-hidezero\"><\/span>&nbsp;<\/a><\/li><li class=\"shariff-button printer shariff-nocustomcolor\" style=\"background-color:#a8a8a8\"><a href=\"javascript:window.print()\" title=\"drucken\" aria-label=\"drucken\" role=\"button\" rel=\"noreferrernoopener nofollow\" class=\"shariff-link\" style=\"; background-color:#999; color:#fff\"><span class=\"shariff-icon\" style=\"\"><svg width=\"32px\" height=\"20px\" xmlns=\"http:\/\/www.w3.org\/2000\/svg\" viewBox=\"0 0 30 32\"><path fill=\"#999\" d=\"M6.8 27.4h16v-4.6h-16v4.6zM6.8 16h16v-6.8h-2.8q-0.7 0-1.2-0.5t-0.5-1.2v-2.8h-11.4v11.4zM27.4 17.2q0-0.5-0.3-0.8t-0.8-0.4-0.8 0.4-0.3 0.8 0.3 0.8 0.8 0.3 0.8-0.3 0.3-0.8zM29.7 17.2v7.4q0 0.2-0.2 0.4t-0.4 0.2h-4v2.8q0 0.7-0.5 1.2t-1.2 0.5h-17.2q-0.7 0-1.2-0.5t-0.5-1.2v-2.8h-4q-0.2 0-0.4-0.2t-0.2-0.4v-7.4q0-1.4 1-2.4t2.4-1h1.2v-9.7q0-0.7 0.5-1.2t1.2-0.5h12q0.7 0 1.6 0.4t1.3 0.8l2.7 2.7q0.5 0.5 0.9 1.4t0.4 1.6v4.6h1.1q1.4 0 2.4 1t1 2.4z\"\/><\/svg><\/span><span class=\"shariff-text\">drucken<\/span>&nbsp;<\/a><\/li><\/ul><\/div>","protected":false},"excerpt":{"rendered":"<p class=\"p1\">minimalistisch &#8211; klassisch &#8211; mit praktischen Erweiterungen<\/p>\n<p>Das Schnittmuster enth\u00e4lt 2 Gr\u00f6\u00dfen.<br \/>\nGr\u00f6\u00dfe 1: 32 cm<span class=\"Apple-converted-space\">\u00a0 <\/span>x 39 cm x 6 cm<span class=\"Apple-converted-space\"><br \/>\nGr\u00f6\u00dfe 2: <\/span>32 cm x 41 cm<span class=\"Apple-converted-space\">\u00a0 <\/span>x 10 cm<\/p>\n<ul>\n<li>Schnittmuster zum <strong>selber Ausdrucken<\/strong> im A4-Format<\/li>\n<li>mit <strong>A0-Datei<\/strong> f\u00fcr den Ausdruck durch eine Druckerei<\/li>\n<\/ul>\n<p><strong>N\u00e4hschwierigkeit<\/strong>: leicht bis fortgeschritten<\/p>\n","protected":false},"featured_media":21823,"comment_status":"open","ping_status":"closed","template":"","meta":{"site-sidebar-layout":"default","site-content-layout":"default","ast-site-content-layout":"default","site-content-style":"default","site-sidebar-style":"default","ast-global-header-display":"","ast-banner-title-visibility":"","ast-main-header-display":"","ast-hfb-above-header-display":"","ast-hfb-below-header-display":"","ast-hfb-mobile-header-display":"","site-post-title":"","ast-breadcrumbs-content":"","ast-featured-img":"","footer-sml-layout":"","ast-disable-related-posts":"","theme-transparent-header-meta":"default","adv-header-id-meta":"","stick-header-meta":"default","header-above-stick-meta":"","header-main-stick-meta":"","header-below-stick-meta":"","astra-migrate-meta-layouts":"set","ast-page-background-enabled":"default","ast-page-background-meta":{"desktop":{"background-color":"","background-image":"","background-repeat":"repeat","background-position":"center center","background-size":"auto","background-attachment":"scroll","background-type":"","background-media":"","overlay-type":"","overlay-color":"","overlay-opacity":"","overlay-gradient":""},"tablet":{"background-color":"","background-image":"","background-repeat":"repeat","background-position":"center center","background-size":"auto","background-attachment":"scroll","background-type":"","background-media":"","overlay-type":"","overlay-color":"","overlay-opacity":"","overlay-gradient":""},"mobile":{"background-color":"","background-image":"","background-repeat":"repeat","background-position":"center center","background-size":"auto","background-attachment":"scroll","background-type":"","background-media":"","overlay-type":"","overlay-color":"","overlay-opacity":"","overlay-gradient":""}},"ast-content-background-meta":{"desktop":{"background-color":"var(--ast-global-color-5)","background-image":"","background-repeat":"repeat","background-position":"center center","background-size":"auto","background-attachment":"scroll","background-type":"","background-media":"","overlay-type":"","overlay-color":"","overlay-opacity":"","overlay-gradient":""},"tablet":{"background-color":"var(--ast-global-color-5)","background-image":"","background-repeat":"repeat","background-position":"center center","background-size":"auto","background-attachment":"scroll","background-type":"","background-media":"","overlay-type":"","overlay-color":"","overlay-opacity":"","overlay-gradient":""},"mobile":{"background-color":"var(--ast-global-color-5)","background-image":"","background-repeat":"repeat","background-position":"center center","background-size":"auto","background-attachment":"scroll","background-type":"","background-media":"","overlay-type":"","overlay-color":"","overlay-opacity":"","overlay-gradient":""}}},"product_brand":[],"product_cat":[34],"product_tag":[69,72,117,118],"class_list":{"0":"post-21821","1":"product","2":"type-product","3":"status-publish","4":"has-post-thumbnail","6":"product_cat-schnittmuster-fuer-taschen","7":"product_tag-beuteltasche","8":"product_tag-shopper","9":"product_tag-totebag","10":"product_tag-tasche-resa","11":"desktop-align-left","12":"tablet-align-left","13":"mobile-align-left","14":"ast-product-gallery-layout-horizontal","15":"ast-product-tabs-layout-vertical","17":"first","18":"instock","19":"downloadable","20":"virtual","21":"sold-individually","22":"taxable","23":"purchasable","24":"product-type-simple"},"yoast_head":"<!-- This site is optimized with the Yoast SEO plugin v27.3 - https:\/\/yoast.com\/product\/yoast-seo-wordpress\/ -->\n<title>Tasche Resa - Schnittmuster (E-Book) - creaResa - sch\u00f6ne Sachen selber machen<\/title>\n<meta name=\"robots\" content=\"index, follow, max-snippet:-1, max-image-preview:large, max-video-preview:-1\" \/>\n<link rel=\"canonical\" href=\"https:\/\/crearesa.de\/shop\/produkt\/tasche-resa-schnittmuster\/\" \/>\n<meta property=\"og:locale\" content=\"de_DE\" \/>\n<meta property=\"og:type\" content=\"article\" \/>\n<meta property=\"og:title\" content=\"Tasche Resa - Schnittmuster (E-Book) - creaResa - sch\u00f6ne Sachen selber machen\" \/>\n<meta property=\"og:description\" content=\"minimalistisch - klassisch - mit praktischen Erweiterungen Das Schnittmuster enth\u00e4lt 2 Gr\u00f6\u00dfen. Gr\u00f6\u00dfe 1: 32 cm\u00a0 x 39 cm x 6 cm Gr\u00f6\u00dfe 2: 32 cm x 41 cm\u00a0 x 10 cm   Schnittmuster zum selber Ausdrucken im A4-Format  mit A0-Datei f\u00fcr den Ausdruck durch eine Druckerei  N\u00e4hschwierigkeit: leicht bis fortgeschritten\" \/>\n<meta property=\"og:url\" content=\"https:\/\/crearesa.de\/shop\/produkt\/tasche-resa-schnittmuster\/\" \/>\n<meta property=\"og:site_name\" content=\"creaResa - sch\u00f6ne Sachen selber machen\" \/>\n<meta property=\"article:publisher\" content=\"https:\/\/www.facebook.com\/crearesa\/\" \/>\n<meta property=\"article:modified_time\" content=\"2025-12-11T17:24:52+00:00\" \/>\n<meta property=\"og:image\" content=\"https:\/\/crearesa.de\/shop\/wp-content\/uploads\/2021\/11\/tasche-resa-schnittmuster-1.jpg\" \/>\n\t<meta property=\"og:image:width\" content=\"1500\" \/>\n\t<meta property=\"og:image:height\" content=\"1500\" \/>\n\t<meta property=\"og:image:type\" content=\"image\/jpeg\" \/>\n<meta name=\"twitter:card\" content=\"summary_large_image\" \/>\n<meta name=\"twitter:label1\" content=\"Gesch\u00e4tzte Lesezeit\" \/>\n\t<meta name=\"twitter:data1\" content=\"3\u00a0Minuten\" \/>\n<script type=\"application\/ld+json\" class=\"yoast-schema-graph\">{\"@context\":\"https:\\\/\\\/schema.org\",\"@graph\":[{\"@type\":\"WebPage\",\"@id\":\"https:\\\/\\\/crearesa.de\\\/shop\\\/produkt\\\/tasche-resa-schnittmuster\\\/\",\"url\":\"https:\\\/\\\/crearesa.de\\\/shop\\\/produkt\\\/tasche-resa-schnittmuster\\\/\",\"name\":\"Tasche Resa - Schnittmuster (E-Book) - creaResa - sch\u00f6ne Sachen selber machen\",\"isPartOf\":{\"@id\":\"https:\\\/\\\/crearesa.de\\\/shop\\\/#website\"},\"primaryImageOfPage\":{\"@id\":\"https:\\\/\\\/crearesa.de\\\/shop\\\/produkt\\\/tasche-resa-schnittmuster\\\/#primaryimage\"},\"image\":{\"@id\":\"https:\\\/\\\/crearesa.de\\\/shop\\\/produkt\\\/tasche-resa-schnittmuster\\\/#primaryimage\"},\"thumbnailUrl\":\"https:\\\/\\\/crearesa.de\\\/shop\\\/wp-content\\\/uploads\\\/2021\\\/11\\\/tasche-resa-schnittmuster-1.jpg\",\"datePublished\":\"2021-11-29T11:48:04+00:00\",\"dateModified\":\"2025-12-11T17:24:52+00:00\",\"breadcrumb\":{\"@id\":\"https:\\\/\\\/crearesa.de\\\/shop\\\/produkt\\\/tasche-resa-schnittmuster\\\/#breadcrumb\"},\"inLanguage\":\"de\",\"potentialAction\":[{\"@type\":\"ReadAction\",\"target\":[\"https:\\\/\\\/crearesa.de\\\/shop\\\/produkt\\\/tasche-resa-schnittmuster\\\/\"]}]},{\"@type\":\"ImageObject\",\"inLanguage\":\"de\",\"@id\":\"https:\\\/\\\/crearesa.de\\\/shop\\\/produkt\\\/tasche-resa-schnittmuster\\\/#primaryimage\",\"url\":\"https:\\\/\\\/crearesa.de\\\/shop\\\/wp-content\\\/uploads\\\/2021\\\/11\\\/tasche-resa-schnittmuster-1.jpg\",\"contentUrl\":\"https:\\\/\\\/crearesa.de\\\/shop\\\/wp-content\\\/uploads\\\/2021\\\/11\\\/tasche-resa-schnittmuster-1.jpg\",\"width\":1500,\"height\":1500},{\"@type\":\"BreadcrumbList\",\"@id\":\"https:\\\/\\\/crearesa.de\\\/shop\\\/produkt\\\/tasche-resa-schnittmuster\\\/#breadcrumb\",\"itemListElement\":[{\"@type\":\"ListItem\",\"position\":1,\"name\":\"Startseite\",\"item\":\"https:\\\/\\\/crearesa.de\\\/shop\\\/\"},{\"@type\":\"ListItem\",\"position\":2,\"name\":\"Schnittmuster Shop\",\"item\":\"https:\\\/\\\/crearesa.de\\\/shop\\\/\"},{\"@type\":\"ListItem\",\"position\":3,\"name\":\"Tasche Resa &#8211; Schnittmuster (E-Book)\"}]},{\"@type\":\"WebSite\",\"@id\":\"https:\\\/\\\/crearesa.de\\\/shop\\\/#website\",\"url\":\"https:\\\/\\\/crearesa.de\\\/shop\\\/\",\"name\":\"creaResa - sch\u00f6ne Sachen selber machen\",\"description\":\"Shop f\u00fcr Schnittmuster und N\u00e4hpakete\",\"publisher\":{\"@id\":\"https:\\\/\\\/crearesa.de\\\/shop\\\/#organization\"},\"potentialAction\":[{\"@type\":\"SearchAction\",\"target\":{\"@type\":\"EntryPoint\",\"urlTemplate\":\"https:\\\/\\\/crearesa.de\\\/shop\\\/?s={search_term_string}\"},\"query-input\":{\"@type\":\"PropertyValueSpecification\",\"valueRequired\":true,\"valueName\":\"search_term_string\"}}],\"inLanguage\":\"de\"},{\"@type\":\"Organization\",\"@id\":\"https:\\\/\\\/crearesa.de\\\/shop\\\/#organization\",\"name\":\"creaResa\",\"url\":\"https:\\\/\\\/crearesa.de\\\/shop\\\/\",\"logo\":{\"@type\":\"ImageObject\",\"inLanguage\":\"de\",\"@id\":\"https:\\\/\\\/crearesa.de\\\/shop\\\/#\\\/schema\\\/logo\\\/image\\\/\",\"url\":\"https:\\\/\\\/crearesa.de\\\/shop\\\/wp-content\\\/uploads\\\/2020\\\/06\\\/logo_crearesa-1.png\",\"contentUrl\":\"https:\\\/\\\/crearesa.de\\\/shop\\\/wp-content\\\/uploads\\\/2020\\\/06\\\/logo_crearesa-1.png\",\"width\":400,\"height\":172,\"caption\":\"creaResa\"},\"image\":{\"@id\":\"https:\\\/\\\/crearesa.de\\\/shop\\\/#\\\/schema\\\/logo\\\/image\\\/\"},\"sameAs\":[\"https:\\\/\\\/www.facebook.com\\\/crearesa\\\/\",\"https:\\\/\\\/www.instagram.com\\\/crearesa\\\/\",\"https:\\\/\\\/www.pinterest.de\\\/resa_crearesa\\\/\"]}]}<\/script>\n<!-- \/ Yoast SEO plugin. -->","yoast_head_json":{"title":"Tasche Resa - Schnittmuster (E-Book) - creaResa - sch\u00f6ne Sachen selber machen","robots":{"index":"index","follow":"follow","max-snippet":"max-snippet:-1","max-image-preview":"max-image-preview:large","max-video-preview":"max-video-preview:-1"},"canonical":"https:\/\/crearesa.de\/shop\/produkt\/tasche-resa-schnittmuster\/","og_locale":"de_DE","og_type":"article","og_title":"Tasche Resa - Schnittmuster (E-Book) - creaResa - sch\u00f6ne Sachen selber machen","og_description":"minimalistisch - klassisch - mit praktischen Erweiterungen Das Schnittmuster enth\u00e4lt 2 Gr\u00f6\u00dfen. Gr\u00f6\u00dfe 1: 32 cm\u00a0 x 39 cm x 6 cm Gr\u00f6\u00dfe 2: 32 cm x 41 cm\u00a0 x 10 cm   Schnittmuster zum selber Ausdrucken im A4-Format  mit A0-Datei f\u00fcr den Ausdruck durch eine Druckerei  N\u00e4hschwierigkeit: leicht bis fortgeschritten","og_url":"https:\/\/crearesa.de\/shop\/produkt\/tasche-resa-schnittmuster\/","og_site_name":"creaResa - sch\u00f6ne Sachen selber machen","article_publisher":"https:\/\/www.facebook.com\/crearesa\/","article_modified_time":"2025-12-11T17:24:52+00:00","og_image":[{"width":1500,"height":1500,"url":"https:\/\/crearesa.de\/shop\/wp-content\/uploads\/2021\/11\/tasche-resa-schnittmuster-1.jpg","type":"image\/jpeg"}],"twitter_card":"summary_large_image","twitter_misc":{"Gesch\u00e4tzte Lesezeit":"3\u00a0Minuten"},"schema":{"@context":"https:\/\/schema.org","@graph":[{"@type":"WebPage","@id":"https:\/\/crearesa.de\/shop\/produkt\/tasche-resa-schnittmuster\/","url":"https:\/\/crearesa.de\/shop\/produkt\/tasche-resa-schnittmuster\/","name":"Tasche Resa - Schnittmuster (E-Book) - creaResa - sch\u00f6ne Sachen selber machen","isPartOf":{"@id":"https:\/\/crearesa.de\/shop\/#website"},"primaryImageOfPage":{"@id":"https:\/\/crearesa.de\/shop\/produkt\/tasche-resa-schnittmuster\/#primaryimage"},"image":{"@id":"https:\/\/crearesa.de\/shop\/produkt\/tasche-resa-schnittmuster\/#primaryimage"},"thumbnailUrl":"https:\/\/crearesa.de\/shop\/wp-content\/uploads\/2021\/11\/tasche-resa-schnittmuster-1.jpg","datePublished":"2021-11-29T11:48:04+00:00","dateModified":"2025-12-11T17:24:52+00:00","breadcrumb":{"@id":"https:\/\/crearesa.de\/shop\/produkt\/tasche-resa-schnittmuster\/#breadcrumb"},"inLanguage":"de","potentialAction":[{"@type":"ReadAction","target":["https:\/\/crearesa.de\/shop\/produkt\/tasche-resa-schnittmuster\/"]}]},{"@type":"ImageObject","inLanguage":"de","@id":"https:\/\/crearesa.de\/shop\/produkt\/tasche-resa-schnittmuster\/#primaryimage","url":"https:\/\/crearesa.de\/shop\/wp-content\/uploads\/2021\/11\/tasche-resa-schnittmuster-1.jpg","contentUrl":"https:\/\/crearesa.de\/shop\/wp-content\/uploads\/2021\/11\/tasche-resa-schnittmuster-1.jpg","width":1500,"height":1500},{"@type":"BreadcrumbList","@id":"https:\/\/crearesa.de\/shop\/produkt\/tasche-resa-schnittmuster\/#breadcrumb","itemListElement":[{"@type":"ListItem","position":1,"name":"Startseite","item":"https:\/\/crearesa.de\/shop\/"},{"@type":"ListItem","position":2,"name":"Schnittmuster Shop","item":"https:\/\/crearesa.de\/shop\/"},{"@type":"ListItem","position":3,"name":"Tasche Resa &#8211; Schnittmuster (E-Book)"}]},{"@type":"WebSite","@id":"https:\/\/crearesa.de\/shop\/#website","url":"https:\/\/crearesa.de\/shop\/","name":"creaResa - sch\u00f6ne Sachen selber machen","description":"Shop f\u00fcr Schnittmuster und N\u00e4hpakete","publisher":{"@id":"https:\/\/crearesa.de\/shop\/#organization"},"potentialAction":[{"@type":"SearchAction","target":{"@type":"EntryPoint","urlTemplate":"https:\/\/crearesa.de\/shop\/?s={search_term_string}"},"query-input":{"@type":"PropertyValueSpecification","valueRequired":true,"valueName":"search_term_string"}}],"inLanguage":"de"},{"@type":"Organization","@id":"https:\/\/crearesa.de\/shop\/#organization","name":"creaResa","url":"https:\/\/crearesa.de\/shop\/","logo":{"@type":"ImageObject","inLanguage":"de","@id":"https:\/\/crearesa.de\/shop\/#\/schema\/logo\/image\/","url":"https:\/\/crearesa.de\/shop\/wp-content\/uploads\/2020\/06\/logo_crearesa-1.png","contentUrl":"https:\/\/crearesa.de\/shop\/wp-content\/uploads\/2020\/06\/logo_crearesa-1.png","width":400,"height":172,"caption":"creaResa"},"image":{"@id":"https:\/\/crearesa.de\/shop\/#\/schema\/logo\/image\/"},"sameAs":["https:\/\/www.facebook.com\/crearesa\/","https:\/\/www.instagram.com\/crearesa\/","https:\/\/www.pinterest.de\/resa_crearesa\/"]}]}},"_links":{"self":[{"href":"https:\/\/crearesa.de\/shop\/wp-json\/wp\/v2\/product\/21821","targetHints":{"allow":["GET"]}}],"collection":[{"href":"https:\/\/crearesa.de\/shop\/wp-json\/wp\/v2\/product"}],"about":[{"href":"https:\/\/crearesa.de\/shop\/wp-json\/wp\/v2\/types\/product"}],"replies":[{"embeddable":true,"href":"https:\/\/crearesa.de\/shop\/wp-json\/wp\/v2\/comments?post=21821"}],"wp:featuredmedia":[{"embeddable":true,"href":"https:\/\/crearesa.de\/shop\/wp-json\/wp\/v2\/media\/21823"}],"wp:attachment":[{"href":"https:\/\/crearesa.de\/shop\/wp-json\/wp\/v2\/media?parent=21821"}],"wp:term":[{"taxonomy":"product_brand","embeddable":true,"href":"https:\/\/crearesa.de\/shop\/wp-json\/wp\/v2\/product_brand?post=21821"},{"taxonomy":"product_cat","embeddable":true,"href":"https:\/\/crearesa.de\/shop\/wp-json\/wp\/v2\/product_cat?post=21821"},{"taxonomy":"product_tag","embeddable":true,"href":"https:\/\/crearesa.de\/shop\/wp-json\/wp\/v2\/product_tag?post=21821"}],"curies":[{"name":"wp","href":"https:\/\/api.w.org\/{rel}","templated":true}]}}