{"id":21953,"date":"2021-12-07T17:59:19","date_gmt":"2021-12-07T16:59:19","guid":{"rendered":"https:\/\/crearesa.de\/shop\/?post_type=product&#038;p=21953"},"modified":"2026-03-25T12:14:57","modified_gmt":"2026-03-25T11:14:57","slug":"naehpaket-maeppchen-cordstoff","status":"publish","type":"product","link":"https:\/\/crearesa.de\/shop\/produkt\/naehpaket-maeppchen-cordstoff\/","title":{"rendered":"N\u00e4hpaket Kosmetiktaschen und M\u00e4ppchen aus Cord"},"content":{"rendered":"<p>Das Taschen-N\u00e4hpaket beinhaltet alles, was du ben\u00f6tigst um ein ein M\u00e4ppchen oder eine Kosmetiktasche aus Cordstoff zu n\u00e4hen. Alle Materialien wurden sorgf\u00e4ltig ausgew\u00e4hlt und zusammengestellt.<\/p>\n<ol>\n<li><strong>Kosmetiktasche gro\u00df<\/strong> 23 x 13 x 5 cm<br \/>\nDie gro\u00dfe Kosmetiktasche hat auch Platz f\u00fcr Zahnb\u00fcrste und Pinsel.<\/li>\n<li><strong>Kosmetiktasche klein<\/strong> 18 x 12 x 4 cm<br \/>\nDie <strong>kleine Kosmetiktasche<\/strong> passt gut in jede Handtasche.<br \/>\n<a href=\"https:\/\/crearesa.de\/shop\/produkt\/naehpaket-kosmetiktasche\/\">&gt;&gt; Hier findest du noch weitere N\u00e4hpakete f\u00fcr Kosmetikt\u00e4schchen<\/a><\/li>\n<li>\u00a0<strong>M\u00e4ppchen gro\u00df<\/strong> 23 x 14,5 x 2 cm<br \/>\nDas gro\u00dfe M\u00e4ppchen kann als kleiner Kulturbeutel oder f\u00fcr sonstigen Krimskrams verwendet werden.<\/li>\n<li>\u00a0<strong>M\u00e4ppchen klein<\/strong> 20 x 12,5 x 2 cm<br \/>\nDas kleine M\u00e4ppchen hat Platz f\u00fcr Impfausweis, Reisepass oder auch ein Maske.<\/li>\n<li>\u00a0<strong>M\u00e4ppchen f\u00fcr Stifte<\/strong> 23 x 10 x 2 cm<br \/>\nDas Stifte-M\u00e4ppchen ist so gro\u00df, dass auch ein Geo-Dreieck rein passt.<br \/>\n<a style=\"font-size: 16px; background-color: #ffffff;\" href=\"https:\/\/crearesa.de\/shop\/produkt\/naehpaket-maeppchen\/\">&gt;&gt; Hier findest du noch weitere N\u00e4hpakete f\u00fcr M\u00e4ppchen<\/a><\/li>\n<\/ol>\n<p>Besondere der Tasche ist der Rei\u00dfverschluss, der einmal rund um die weite \u00d6ffnung l\u00e4uft. Das Rei\u00dfverschlussende legt sich ohne Knubbel sch\u00f6n in die Seitennaht. Die Tasche ist komplett gef\u00fcttert. Dabei wird das Futter so eingen\u00e4ht, dass innen keine N\u00e4hte sichtbar sind. Alle Arbeitsschritte werden ausf\u00fchrlich mit sch\u00f6nen Fotos beschrieben, sodass auch Anf\u00e4nger damit zurecht kommen und sich schnell \u00fcber ihr &#8220;Handmade&#8221;-T\u00e4schchen freuen k\u00f6nnen.<\/p>\n<h2><strong>Im N\u00e4hpaket sind dabei:<\/strong><\/h2>\n<ul>\n<li>Au\u00dfenstoff aus weichem Breitcord, 100% Baumwolle, fertig zugeschnitten.<\/li>\n<li>Futterstoff aus Baumwolle, <strong>wasserabweisend beschichtet<\/strong> , fertig zugeschnitten.<br \/>\nDas<strong> Futter der M\u00e4ppchen hat eine matte Beschichtung, das Futter der Kosmetikt\u00e4schchen hat eine edle glitzernde Beschichtung.<\/strong> Die Farbe wird passend zum Au\u00dfenstoff gew\u00e4hlt und kann von der Abbildung abweichen.<\/li>\n<li>1 Raupe Endlosrei\u00dfverschluss, metallisiert\u00a0 + passender Zipper mit Kunstlederkordel, immer farblich passend, kann aber von der Abbildung abweichen.<\/li>\n<li>1 Aufn\u00e4her &#8220;Handmade&#8221; bereits mit praktischem doppelseitigem Klebestreifen versehen, damit beim Aufn\u00e4hen nichts verrutscht.<br \/>\n<strong>F\u00fcr die M\u00e4ppchen 1 x 4,5 cm, ohne Herzchen, also auch m\u00e4nnertauglich.<\/strong><br \/>\n<strong>F\u00fcr die Kosmetikt\u00e4schchen 1,6 x 6 cm mit Herzchen oder Stern.<\/strong><\/li>\n<li>4-seitige ausf\u00fchrlich Anleitung mit vielen Fotos, leicht verst\u00e4ndlich.<\/li>\n<\/ul>\n<p>Falls du f\u00fcr die M\u00e4ppchen die\u00a0 gr\u00f6\u00dferen Label und das glitzernde Futter der Kosmetikt\u00e4schchen w\u00fcnschst, dann schreibe es bitte in die Bemerkung bei der Bestellung. Ebenso, wenn die Kosmetikt\u00e4schchen ein mattes Futter und kleine Label haben sollen. Falls es der Lagerbestand zul\u00e4sst, gehen wir gerne auf die W\u00fcnsche ein.<\/p>\n<p>Die Labels aus SnapPap mit dem Schriftzug &#8220;M\u00c4NNERKRAM&#8221;, &#8220;SCHREIBZEUG&#8221; und &#8220;BEAUTY&#8221; <strong>sind NICHT im Lieferumfang enthalten<\/strong>.<\/p>\n<p><strong>Sowohl das N\u00e4hpaket als auch das fertige T\u00e4schchen sind tolle Geschenke, die immer gut ankommen.<\/strong><\/p>\n<div class=\"shariff\" data-services=\"pinterest%7Cfacebook\" data-url=\"https%3A%2F%2Fcrearesa.de%2Fshop%2Fprodukt%2Fnaehpaket-maeppchen-cordstoff%2F\" data-timestamp=\"1774440897\" data-hidezero=\"1\" data-backendurl=\"https:\/\/crearesa.de\/shop\/wp-json\/shariff\/v1\/share_counts?\"><ul class=\"shariff-buttons theme-default orientation-horizontal buttonsize-medium\"><li class=\"shariff-button pinterest shariff-nocustomcolor\" style=\"background-color:#e70f18\"><a href=\"https:\/\/www.pinterest.com\/pin\/create\/link\/?url=https%3A%2F%2Fcrearesa.de%2Fshop%2Fprodukt%2Fnaehpaket-maeppchen-cordstoff%2F&media=https%3A%2F%2Fcrearesa.de%2Fshop%2Fwp-content%2Fuploads%2F2021%2F12%2Fnaehpakete-aus-cord-zugeschnitten.jpg&description=N%C3%A4hpaket%20Kosmetiktaschen%20und%20M%C3%A4ppchen%20aus%20Cord\" title=\"Bei Pinterest pinnen\" aria-label=\"Bei Pinterest pinnen\" role=\"button\" rel=\"noreferrernoopener nofollow\" class=\"shariff-link\" style=\"; background-color:#cb2027; color:#fff\" target=\"_blank\"><span class=\"shariff-icon\" style=\"\"><svg width=\"32px\" height=\"20px\" xmlns=\"http:\/\/www.w3.org\/2000\/svg\" viewBox=\"0 0 27 32\"><path fill=\"#cb2027\" d=\"M27.4 16q0 3.7-1.8 6.9t-5 5-6.9 1.9q-2 0-3.9-0.6 1.1-1.7 1.4-2.9 0.2-0.6 1-3.8 0.4 0.7 1.3 1.2t2 0.5q2.1 0 3.8-1.2t2.7-3.4 0.9-4.8q0-2-1.1-3.8t-3.1-2.9-4.5-1.2q-1.9 0-3.5 0.5t-2.8 1.4-2 2-1.2 2.3-0.4 2.4q0 1.9 0.7 3.3t2.1 2q0.5 0.2 0.7-0.4 0-0.1 0.1-0.5t0.2-0.5q0.1-0.4-0.2-0.8-0.9-1.1-0.9-2.7 0-2.7 1.9-4.6t4.9-2q2.7 0 4.2 1.5t1.5 3.8q0 3-1.2 5.2t-3.1 2.1q-1.1 0-1.7-0.8t-0.4-1.9q0.1-0.6 0.5-1.7t0.5-1.8 0.2-1.4q0-0.9-0.5-1.5t-1.4-0.6q-1.1 0-1.9 1t-0.8 2.6q0 1.3 0.4 2.2l-1.8 7.5q-0.3 1.2-0.2 3.2-3.7-1.6-6-5t-2.3-7.6q0-3.7 1.9-6.9t5-5 6.9-1.9 6.9 1.9 5 5 1.8 6.9z\"\/><\/svg><\/span><span class=\"shariff-text\">merken<\/span>&nbsp;<span data-service=\"pinterest\" style=\"color:#cb2027\" class=\"shariff-count shariff-hidezero\"><\/span>&nbsp;<\/a><\/li><li class=\"shariff-button facebook shariff-nocustomcolor\" style=\"background-color:#4273c8\"><a href=\"https:\/\/www.facebook.com\/sharer\/sharer.php?u=https%3A%2F%2Fcrearesa.de%2Fshop%2Fprodukt%2Fnaehpaket-maeppchen-cordstoff%2F\" title=\"Bei Facebook teilen\" aria-label=\"Bei Facebook teilen\" role=\"button\" rel=\"noreferrernoopener nofollow\" class=\"shariff-link\" style=\"; background-color:#3b5998; color:#fff\" target=\"_blank\"><span class=\"shariff-icon\" style=\"\"><svg width=\"32px\" height=\"20px\" xmlns=\"http:\/\/www.w3.org\/2000\/svg\" viewBox=\"0 0 18 32\"><path fill=\"#3b5998\" d=\"M17.1 0.2v4.7h-2.8q-1.5 0-2.1 0.6t-0.5 1.9v3.4h5.2l-0.7 5.3h-4.5v13.6h-5.5v-13.6h-4.5v-5.3h4.5v-3.9q0-3.3 1.9-5.2t5-1.8q2.6 0 4.1 0.2z\"\/><\/svg><\/span><span class=\"shariff-text\">teilen<\/span>&nbsp;<span data-service=\"facebook\" style=\"color:#3b5998\" class=\"shariff-count shariff-hidezero\"><\/span>&nbsp;<\/a><\/li><li class=\"shariff-button printer shariff-nocustomcolor\" style=\"background-color:#a8a8a8\"><a href=\"javascript:window.print()\" title=\"drucken\" aria-label=\"drucken\" role=\"button\" rel=\"noreferrernoopener nofollow\" class=\"shariff-link\" style=\"; background-color:#999; color:#fff\"><span class=\"shariff-icon\" style=\"\"><svg width=\"32px\" height=\"20px\" xmlns=\"http:\/\/www.w3.org\/2000\/svg\" viewBox=\"0 0 30 32\"><path fill=\"#999\" d=\"M6.8 27.4h16v-4.6h-16v4.6zM6.8 16h16v-6.8h-2.8q-0.7 0-1.2-0.5t-0.5-1.2v-2.8h-11.4v11.4zM27.4 17.2q0-0.5-0.3-0.8t-0.8-0.4-0.8 0.4-0.3 0.8 0.3 0.8 0.8 0.3 0.8-0.3 0.3-0.8zM29.7 17.2v7.4q0 0.2-0.2 0.4t-0.4 0.2h-4v2.8q0 0.7-0.5 1.2t-1.2 0.5h-17.2q-0.7 0-1.2-0.5t-0.5-1.2v-2.8h-4q-0.2 0-0.4-0.2t-0.2-0.4v-7.4q0-1.4 1-2.4t2.4-1h1.2v-9.7q0-0.7 0.5-1.2t1.2-0.5h12q0.7 0 1.6 0.4t1.3 0.8l2.7 2.7q0.5 0.5 0.9 1.4t0.4 1.6v4.6h1.1q1.4 0 2.4 1t1 2.4z\"\/><\/svg><\/span><span class=\"shariff-text\">drucken<\/span>&nbsp;<\/a><\/li><\/ul><\/div>","protected":false},"excerpt":{"rendered":"<p><span style=\"font-size: 16px; font-family: -apple-system, BlinkMacSystemFont, 'Segoe UI', Roboto, Oxygen-Sans, Ubuntu, Cantarell, 'Helvetica Neue', sans-serif;\">Auspacken und Losn\u00e4hen.\u00a0 Tolle T\u00e4schchen aus dem Trendstoff Cord.<br \/>\nN\u00e4hpaket mit hochwertigen zugeschnittenen Stoffen, Rei\u00dfverschluss, Zipper, kleinem Lederband, Handmade-Label und Anleitung.<\/span><\/p>\n<p><span style=\"font-size: 16px; font-family: -apple-system, BlinkMacSystemFont, 'Segoe UI', Roboto, Oxygen-Sans, Ubuntu, Cantarell, 'Helvetica Neue', sans-serif;\"><strong>M\u00e4ppchen in 3 Gr\u00f6\u00dfen<\/strong>: mattes Futter, kleines Handmade-Label, &#8220;m\u00e4nnertauglich&#8221;.<br \/>\n<\/span><strong>Kosmetiktasche in 2 Gr\u00f6\u00dfen<\/strong>: glitzerndes Futter, Handmade-Label mit Herz oder Stern.<br \/>\nN\u00e4heres in der Beschreibung unten.<\/p>\n<p>Die Labels aus SnapPap mit dem Schriftzug &#8220;M\u00c4NNERKRAM&#8221;, &#8220;SCHREIBZEUG&#8221; und &#8220;BEAUTY&#8221; <strong>sind NICHT im Lieferumfang enthalten<\/strong>. Diese kannst du <a href=\"https:\/\/crearesa.de\/shop\/produkt\/snappap-label\/\">hier extra bestellen.<\/a><\/p>\n<p>Ist deine Wunschfarbe in deiner bestimmten Gr\u00f6\u00dfe nicht mehr vorr\u00e4tig? Dann schreibe mir eine E-Mail (<a href=\"mailto:mail@crearesa.de\">mail@crearesa.de<\/a>). Ich kann mit dem Lagerbestand etwas jonglieren und helfe dir wenn m\u00f6glich gerne weiter.<\/p>\n<h2><\/h2>\n","protected":false},"featured_media":31607,"comment_status":"open","ping_status":"closed","template":"","meta":{"site-sidebar-layout":"default","site-content-layout":"default","ast-site-content-layout":"default","site-content-style":"default","site-sidebar-style":"default","ast-global-header-display":"","ast-banner-title-visibility":"","ast-main-header-display":"","ast-hfb-above-header-display":"","ast-hfb-below-header-display":"","ast-hfb-mobile-header-display":"","site-post-title":"","ast-breadcrumbs-content":"","ast-featured-img":"","footer-sml-layout":"","ast-disable-related-posts":"","theme-transparent-header-meta":"default","adv-header-id-meta":"","stick-header-meta":"default","header-above-stick-meta":"","header-main-stick-meta":"","header-below-stick-meta":"","astra-migrate-meta-layouts":"set","ast-page-background-enabled":"default","ast-page-background-meta":{"desktop":{"background-color":"","background-image":"","background-repeat":"repeat","background-position":"center center","background-size":"auto","background-attachment":"scroll","background-type":"","background-media":"","overlay-type":"","overlay-color":"","overlay-opacity":"","overlay-gradient":""},"tablet":{"background-color":"","background-image":"","background-repeat":"repeat","background-position":"center center","background-size":"auto","background-attachment":"scroll","background-type":"","background-media":"","overlay-type":"","overlay-color":"","overlay-opacity":"","overlay-gradient":""},"mobile":{"background-color":"","background-image":"","background-repeat":"repeat","background-position":"center center","background-size":"auto","background-attachment":"scroll","background-type":"","background-media":"","overlay-type":"","overlay-color":"","overlay-opacity":"","overlay-gradient":""}},"ast-content-background-meta":{"desktop":{"background-color":"var(--ast-global-color-5)","background-image":"","background-repeat":"repeat","background-position":"center center","background-size":"auto","background-attachment":"scroll","background-type":"","background-media":"","overlay-type":"","overlay-color":"","overlay-opacity":"","overlay-gradient":""},"tablet":{"background-color":"var(--ast-global-color-5)","background-image":"","background-repeat":"repeat","background-position":"center center","background-size":"auto","background-attachment":"scroll","background-type":"","background-media":"","overlay-type":"","overlay-color":"","overlay-opacity":"","overlay-gradient":""},"mobile":{"background-color":"var(--ast-global-color-5)","background-image":"","background-repeat":"repeat","background-position":"center center","background-size":"auto","background-attachment":"scroll","background-type":"","background-media":"","overlay-type":"","overlay-color":"","overlay-opacity":"","overlay-gradient":""}}},"product_brand":[],"product_cat":[81],"product_tag":[104,105,101,102,103],"class_list":{"0":"post-21953","1":"product","2":"type-product","3":"status-publish","4":"has-post-thumbnail","6":"product_cat-naehset-naehpaket-stoffpaket-mit-anleitung","7":"product_tag-stifteetui","8":"product_tag-etui","9":"product_tag-naehpaket","10":"product_tag-naehset","11":"product_tag-maeppchen","12":"desktop-align-left","13":"tablet-align-left","14":"mobile-align-left","15":"ast-product-gallery-layout-horizontal","16":"ast-product-single-variable","17":"ast-product-tabs-layout-vertical","19":"first","20":"instock","21":"taxable","22":"shipping-taxable","23":"purchasable","24":"product-type-variable"},"yoast_head":"<!-- This site is optimized with the Yoast SEO plugin v27.3 - https:\/\/yoast.com\/product\/yoast-seo-wordpress\/ -->\n<title>N\u00e4hpakete - M\u00e4ppchen und Kosmetiktaschen aus Cordstoff<\/title>\n<meta name=\"description\" content=\"Im N\u00e4hpaket sind alle Materialen f\u00fcr ein M\u00e4ppchen oder eine Kosmetiktasche aus angesagtem Cordstoff enthalten.\" \/>\n<meta name=\"robots\" content=\"index, follow, max-snippet:-1, max-image-preview:large, max-video-preview:-1\" \/>\n<link rel=\"canonical\" href=\"https:\/\/crearesa.de\/shop\/produkt\/naehpaket-maeppchen-cordstoff\/\" \/>\n<meta property=\"og:locale\" content=\"de_DE\" \/>\n<meta property=\"og:type\" content=\"article\" \/>\n<meta property=\"og:title\" content=\"N\u00e4hpakete - M\u00e4ppchen und Kosmetiktaschen aus Cordstoff\" \/>\n<meta property=\"og:description\" content=\"Im N\u00e4hpaket sind alle Materialen f\u00fcr ein M\u00e4ppchen oder eine Kosmetiktasche aus angesagtem Cordstoff enthalten.\" \/>\n<meta property=\"og:url\" content=\"https:\/\/crearesa.de\/shop\/produkt\/naehpaket-maeppchen-cordstoff\/\" \/>\n<meta property=\"og:site_name\" content=\"creaResa - sch\u00f6ne Sachen selber machen\" \/>\n<meta property=\"article:publisher\" content=\"https:\/\/www.facebook.com\/crearesa\/\" \/>\n<meta property=\"article:modified_time\" content=\"2026-03-25T11:14:57+00:00\" \/>\n<meta property=\"og:image\" content=\"https:\/\/crearesa.de\/shop\/wp-content\/uploads\/2021\/12\/cord-alle-farben-21.jpg\" \/>\n\t<meta property=\"og:image:width\" content=\"1500\" \/>\n\t<meta property=\"og:image:height\" content=\"1500\" \/>\n\t<meta property=\"og:image:type\" content=\"image\/jpeg\" \/>\n<meta name=\"twitter:card\" content=\"summary_large_image\" \/>\n<meta name=\"twitter:label1\" content=\"Gesch\u00e4tzte Lesezeit\" \/>\n\t<meta name=\"twitter:data1\" content=\"3\u00a0Minuten\" \/>\n<script type=\"application\/ld+json\" class=\"yoast-schema-graph\">{\"@context\":\"https:\\\/\\\/schema.org\",\"@graph\":[{\"@type\":\"WebPage\",\"@id\":\"https:\\\/\\\/crearesa.de\\\/shop\\\/produkt\\\/naehpaket-maeppchen-cordstoff\\\/\",\"url\":\"https:\\\/\\\/crearesa.de\\\/shop\\\/produkt\\\/naehpaket-maeppchen-cordstoff\\\/\",\"name\":\"N\u00e4hpakete - M\u00e4ppchen und Kosmetiktaschen aus Cordstoff\",\"isPartOf\":{\"@id\":\"https:\\\/\\\/crearesa.de\\\/shop\\\/#website\"},\"primaryImageOfPage\":{\"@id\":\"https:\\\/\\\/crearesa.de\\\/shop\\\/produkt\\\/naehpaket-maeppchen-cordstoff\\\/#primaryimage\"},\"image\":{\"@id\":\"https:\\\/\\\/crearesa.de\\\/shop\\\/produkt\\\/naehpaket-maeppchen-cordstoff\\\/#primaryimage\"},\"thumbnailUrl\":\"https:\\\/\\\/crearesa.de\\\/shop\\\/wp-content\\\/uploads\\\/2021\\\/12\\\/cord-alle-farben-21.jpg\",\"datePublished\":\"2021-12-07T16:59:19+00:00\",\"dateModified\":\"2026-03-25T11:14:57+00:00\",\"description\":\"Im N\u00e4hpaket sind alle Materialen f\u00fcr ein M\u00e4ppchen oder eine Kosmetiktasche aus angesagtem Cordstoff enthalten.\",\"breadcrumb\":{\"@id\":\"https:\\\/\\\/crearesa.de\\\/shop\\\/produkt\\\/naehpaket-maeppchen-cordstoff\\\/#breadcrumb\"},\"inLanguage\":\"de\",\"potentialAction\":[{\"@type\":\"ReadAction\",\"target\":[\"https:\\\/\\\/crearesa.de\\\/shop\\\/produkt\\\/naehpaket-maeppchen-cordstoff\\\/\"]}]},{\"@type\":\"ImageObject\",\"inLanguage\":\"de\",\"@id\":\"https:\\\/\\\/crearesa.de\\\/shop\\\/produkt\\\/naehpaket-maeppchen-cordstoff\\\/#primaryimage\",\"url\":\"https:\\\/\\\/crearesa.de\\\/shop\\\/wp-content\\\/uploads\\\/2021\\\/12\\\/cord-alle-farben-21.jpg\",\"contentUrl\":\"https:\\\/\\\/crearesa.de\\\/shop\\\/wp-content\\\/uploads\\\/2021\\\/12\\\/cord-alle-farben-21.jpg\",\"width\":1500,\"height\":1500},{\"@type\":\"BreadcrumbList\",\"@id\":\"https:\\\/\\\/crearesa.de\\\/shop\\\/produkt\\\/naehpaket-maeppchen-cordstoff\\\/#breadcrumb\",\"itemListElement\":[{\"@type\":\"ListItem\",\"position\":1,\"name\":\"Startseite\",\"item\":\"https:\\\/\\\/crearesa.de\\\/shop\\\/\"},{\"@type\":\"ListItem\",\"position\":2,\"name\":\"Schnittmuster Shop\",\"item\":\"https:\\\/\\\/crearesa.de\\\/shop\\\/\"},{\"@type\":\"ListItem\",\"position\":3,\"name\":\"N\u00e4hpaket Kosmetiktaschen und M\u00e4ppchen aus Cord\"}]},{\"@type\":\"WebSite\",\"@id\":\"https:\\\/\\\/crearesa.de\\\/shop\\\/#website\",\"url\":\"https:\\\/\\\/crearesa.de\\\/shop\\\/\",\"name\":\"creaResa - sch\u00f6ne Sachen selber machen\",\"description\":\"Shop f\u00fcr Schnittmuster und N\u00e4hpakete\",\"publisher\":{\"@id\":\"https:\\\/\\\/crearesa.de\\\/shop\\\/#organization\"},\"potentialAction\":[{\"@type\":\"SearchAction\",\"target\":{\"@type\":\"EntryPoint\",\"urlTemplate\":\"https:\\\/\\\/crearesa.de\\\/shop\\\/?s={search_term_string}\"},\"query-input\":{\"@type\":\"PropertyValueSpecification\",\"valueRequired\":true,\"valueName\":\"search_term_string\"}}],\"inLanguage\":\"de\"},{\"@type\":\"Organization\",\"@id\":\"https:\\\/\\\/crearesa.de\\\/shop\\\/#organization\",\"name\":\"creaResa\",\"url\":\"https:\\\/\\\/crearesa.de\\\/shop\\\/\",\"logo\":{\"@type\":\"ImageObject\",\"inLanguage\":\"de\",\"@id\":\"https:\\\/\\\/crearesa.de\\\/shop\\\/#\\\/schema\\\/logo\\\/image\\\/\",\"url\":\"https:\\\/\\\/crearesa.de\\\/shop\\\/wp-content\\\/uploads\\\/2020\\\/06\\\/logo_crearesa-1.png\",\"contentUrl\":\"https:\\\/\\\/crearesa.de\\\/shop\\\/wp-content\\\/uploads\\\/2020\\\/06\\\/logo_crearesa-1.png\",\"width\":400,\"height\":172,\"caption\":\"creaResa\"},\"image\":{\"@id\":\"https:\\\/\\\/crearesa.de\\\/shop\\\/#\\\/schema\\\/logo\\\/image\\\/\"},\"sameAs\":[\"https:\\\/\\\/www.facebook.com\\\/crearesa\\\/\",\"https:\\\/\\\/www.instagram.com\\\/crearesa\\\/\",\"https:\\\/\\\/www.pinterest.de\\\/resa_crearesa\\\/\"]}]}<\/script>\n<!-- \/ Yoast SEO plugin. -->","yoast_head_json":{"title":"N\u00e4hpakete - M\u00e4ppchen und Kosmetiktaschen aus Cordstoff","description":"Im N\u00e4hpaket sind alle Materialen f\u00fcr ein M\u00e4ppchen oder eine Kosmetiktasche aus angesagtem Cordstoff enthalten.","robots":{"index":"index","follow":"follow","max-snippet":"max-snippet:-1","max-image-preview":"max-image-preview:large","max-video-preview":"max-video-preview:-1"},"canonical":"https:\/\/crearesa.de\/shop\/produkt\/naehpaket-maeppchen-cordstoff\/","og_locale":"de_DE","og_type":"article","og_title":"N\u00e4hpakete - M\u00e4ppchen und Kosmetiktaschen aus Cordstoff","og_description":"Im N\u00e4hpaket sind alle Materialen f\u00fcr ein M\u00e4ppchen oder eine Kosmetiktasche aus angesagtem Cordstoff enthalten.","og_url":"https:\/\/crearesa.de\/shop\/produkt\/naehpaket-maeppchen-cordstoff\/","og_site_name":"creaResa - sch\u00f6ne Sachen selber machen","article_publisher":"https:\/\/www.facebook.com\/crearesa\/","article_modified_time":"2026-03-25T11:14:57+00:00","og_image":[{"width":1500,"height":1500,"url":"https:\/\/crearesa.de\/shop\/wp-content\/uploads\/2021\/12\/cord-alle-farben-21.jpg","type":"image\/jpeg"}],"twitter_card":"summary_large_image","twitter_misc":{"Gesch\u00e4tzte Lesezeit":"3\u00a0Minuten"},"schema":{"@context":"https:\/\/schema.org","@graph":[{"@type":"WebPage","@id":"https:\/\/crearesa.de\/shop\/produkt\/naehpaket-maeppchen-cordstoff\/","url":"https:\/\/crearesa.de\/shop\/produkt\/naehpaket-maeppchen-cordstoff\/","name":"N\u00e4hpakete - M\u00e4ppchen und Kosmetiktaschen aus Cordstoff","isPartOf":{"@id":"https:\/\/crearesa.de\/shop\/#website"},"primaryImageOfPage":{"@id":"https:\/\/crearesa.de\/shop\/produkt\/naehpaket-maeppchen-cordstoff\/#primaryimage"},"image":{"@id":"https:\/\/crearesa.de\/shop\/produkt\/naehpaket-maeppchen-cordstoff\/#primaryimage"},"thumbnailUrl":"https:\/\/crearesa.de\/shop\/wp-content\/uploads\/2021\/12\/cord-alle-farben-21.jpg","datePublished":"2021-12-07T16:59:19+00:00","dateModified":"2026-03-25T11:14:57+00:00","description":"Im N\u00e4hpaket sind alle Materialen f\u00fcr ein M\u00e4ppchen oder eine Kosmetiktasche aus angesagtem Cordstoff enthalten.","breadcrumb":{"@id":"https:\/\/crearesa.de\/shop\/produkt\/naehpaket-maeppchen-cordstoff\/#breadcrumb"},"inLanguage":"de","potentialAction":[{"@type":"ReadAction","target":["https:\/\/crearesa.de\/shop\/produkt\/naehpaket-maeppchen-cordstoff\/"]}]},{"@type":"ImageObject","inLanguage":"de","@id":"https:\/\/crearesa.de\/shop\/produkt\/naehpaket-maeppchen-cordstoff\/#primaryimage","url":"https:\/\/crearesa.de\/shop\/wp-content\/uploads\/2021\/12\/cord-alle-farben-21.jpg","contentUrl":"https:\/\/crearesa.de\/shop\/wp-content\/uploads\/2021\/12\/cord-alle-farben-21.jpg","width":1500,"height":1500},{"@type":"BreadcrumbList","@id":"https:\/\/crearesa.de\/shop\/produkt\/naehpaket-maeppchen-cordstoff\/#breadcrumb","itemListElement":[{"@type":"ListItem","position":1,"name":"Startseite","item":"https:\/\/crearesa.de\/shop\/"},{"@type":"ListItem","position":2,"name":"Schnittmuster Shop","item":"https:\/\/crearesa.de\/shop\/"},{"@type":"ListItem","position":3,"name":"N\u00e4hpaket Kosmetiktaschen und M\u00e4ppchen aus Cord"}]},{"@type":"WebSite","@id":"https:\/\/crearesa.de\/shop\/#website","url":"https:\/\/crearesa.de\/shop\/","name":"creaResa - sch\u00f6ne Sachen selber machen","description":"Shop f\u00fcr Schnittmuster und N\u00e4hpakete","publisher":{"@id":"https:\/\/crearesa.de\/shop\/#organization"},"potentialAction":[{"@type":"SearchAction","target":{"@type":"EntryPoint","urlTemplate":"https:\/\/crearesa.de\/shop\/?s={search_term_string}"},"query-input":{"@type":"PropertyValueSpecification","valueRequired":true,"valueName":"search_term_string"}}],"inLanguage":"de"},{"@type":"Organization","@id":"https:\/\/crearesa.de\/shop\/#organization","name":"creaResa","url":"https:\/\/crearesa.de\/shop\/","logo":{"@type":"ImageObject","inLanguage":"de","@id":"https:\/\/crearesa.de\/shop\/#\/schema\/logo\/image\/","url":"https:\/\/crearesa.de\/shop\/wp-content\/uploads\/2020\/06\/logo_crearesa-1.png","contentUrl":"https:\/\/crearesa.de\/shop\/wp-content\/uploads\/2020\/06\/logo_crearesa-1.png","width":400,"height":172,"caption":"creaResa"},"image":{"@id":"https:\/\/crearesa.de\/shop\/#\/schema\/logo\/image\/"},"sameAs":["https:\/\/www.facebook.com\/crearesa\/","https:\/\/www.instagram.com\/crearesa\/","https:\/\/www.pinterest.de\/resa_crearesa\/"]}]}},"_links":{"self":[{"href":"https:\/\/crearesa.de\/shop\/wp-json\/wp\/v2\/product\/21953","targetHints":{"allow":["GET"]}}],"collection":[{"href":"https:\/\/crearesa.de\/shop\/wp-json\/wp\/v2\/product"}],"about":[{"href":"https:\/\/crearesa.de\/shop\/wp-json\/wp\/v2\/types\/product"}],"replies":[{"embeddable":true,"href":"https:\/\/crearesa.de\/shop\/wp-json\/wp\/v2\/comments?post=21953"}],"wp:featuredmedia":[{"embeddable":true,"href":"https:\/\/crearesa.de\/shop\/wp-json\/wp\/v2\/media\/31607"}],"wp:attachment":[{"href":"https:\/\/crearesa.de\/shop\/wp-json\/wp\/v2\/media?parent=21953"}],"wp:term":[{"taxonomy":"product_brand","embeddable":true,"href":"https:\/\/crearesa.de\/shop\/wp-json\/wp\/v2\/product_brand?post=21953"},{"taxonomy":"product_cat","embeddable":true,"href":"https:\/\/crearesa.de\/shop\/wp-json\/wp\/v2\/product_cat?post=21953"},{"taxonomy":"product_tag","embeddable":true,"href":"https:\/\/crearesa.de\/shop\/wp-json\/wp\/v2\/product_tag?post=21953"}],"curies":[{"name":"wp","href":"https:\/\/api.w.org\/{rel}","templated":true}]}}