{"id":22566,"date":"2022-02-11T13:51:11","date_gmt":"2022-02-11T12:51:11","guid":{"rendered":"https:\/\/crearesa.de\/shop\/?post_type=product&#038;p=22566"},"modified":"2025-04-02T15:47:26","modified_gmt":"2025-04-02T13:47:26","slug":"kuscheltier-baer-schnittmuster","status":"publish","type":"product","link":"https:\/\/crearesa.de\/shop\/produkt\/kuscheltier-baer-schnittmuster\/","title":{"rendered":"Kuscheltier B\u00c4RLE &#8211; Schnittmuster (E-book)"},"content":{"rendered":"<p>Babys erstes Kuscheltier &#8211; das B\u00e4rle.<br \/>\nDas s\u00fc\u00dfe kleine B\u00e4rchen ist ca. 20 cm gro\u00df, weich gef\u00fcllt und leicht zu greifen. Damit kann es ganz schnell zum Lieblings-Kuscheltier werden.<\/p>\n<p><strong>N\u00e4hschwierigkeit:<\/strong> leicht<\/p>\n<p><strong>Material:<\/strong><\/p>\n<ul>\n<li>Frotteestoff Webware: 36 cm breit, 22 cm hoch<\/li>\n<li>Baumwollstoff: 30 cm breit, 20 cm hoch<\/li>\n<li>F\u00fcllwatte ca. 35 g<\/li>\n<li>Rest schwarzes Stickgarn oder Wolle<\/li>\n<li>rei\u00dffester dicker Faden bzw. Baumwollgarn in der Farbe des Frottees zum Abbinden des Halses<\/li>\n<\/ul>\n<p><strong>Alle Materialien inklusive gedruckter Anleitung mit Schnittmuster kannst du auch als N\u00e4hpaket <a href=\"https:\/\/crearesa.de\/shop\/produkt\/naehpaket-kuscheltier-baerle\/\">hier im Shop bestellen<\/a>.<\/strong><\/p>\n<p>&nbsp;<\/p>\n<p class=\"p1\"><strong>Au\u00dferdem ben\u00f6tigst du:<\/strong> Stecknadeln, N\u00e4hnadel, Sticknadel, Stift (Kreidestift oder Bleistift), ein St\u00fcck transparentes Papier, z.B. Butterbrotpapier<\/p>\n<p><strong>Mit dem Kauf bekommst du<\/strong><\/p>\n<ul>\n<li>E-Book zum Downlaod als PDF-Datei<\/li>\n<li>Anleitung mit vielen Fotos, 4 DIN A4 Seiten<\/li>\n<li>Schnittmuster zum Ausdrucken, 1 DIN A4 Seite<\/li>\n<\/ul>\n<p><strong>Nach erfolgter Bezahlung (Paypal oder Vorauszahlung) erh\u00e4ltst du eine E-Mail mit einem Download-Link. F\u00fcr den Ausdruck des Schnittmusters ben\u00f6tigst du einen Drucker.<\/strong><\/p>\n<p>N\u00e4heres zum Bestellvorgang und was du von einem creaResa-E-Book erwarten darfst, kannst du auch auf <a href=\"https:\/\/crearesa.de\/schnittmuster-e-book-ausdrucken-und-kleben\/\">meinem Blog<\/a> nachlesen.<\/p>\n<p>F\u00fcr alle Blogger unter euch: Zeig uns dein fertiges B\u00e4rle auf Instagram unter Hashtag <a href=\"https:\/\/www.instagram.com\/explore\/tags\/kuscheltierb%C3%A4rle\/\" target=\"_blank\" rel=\"noopener noreferrer\">#kuscheltierbaerle<\/a>\u00a0.<\/p>\n<div class=\"shariff\" data-services=\"pinterest%7Cfacebook\" data-url=\"https%3A%2F%2Fcrearesa.de%2Fshop%2Fprodukt%2Fkuscheltier-baer-schnittmuster%2F\" data-timestamp=\"1743608846\" data-hidezero=\"1\" data-backendurl=\"https:\/\/crearesa.de\/shop\/wp-json\/shariff\/v1\/share_counts?\"><ul class=\"shariff-buttons theme-default orientation-horizontal buttonsize-medium\"><li class=\"shariff-button pinterest shariff-nocustomcolor\" style=\"background-color:#e70f18\"><a href=\"https:\/\/www.pinterest.com\/pin\/create\/link\/?url=https%3A%2F%2Fcrearesa.de%2Fshop%2Fprodukt%2Fkuscheltier-baer-schnittmuster%2F&media=https%3A%2F%2Fcrearesa.de%2Fshop%2Fwp-content%2Fuploads%2F2022%2F02%2Fkuscheltier-teddybaer-schnittmuster.jpg&description=Kuscheltier%20B%C3%84RLE%20-%20Schnittmuster%20%28E-book%29\" title=\"Bei Pinterest pinnen\" aria-label=\"Bei Pinterest pinnen\" role=\"button\" rel=\"noreferrernoopener nofollow\" class=\"shariff-link\" style=\"; background-color:#cb2027; color:#fff\" target=\"_blank\"><span class=\"shariff-icon\" style=\"\"><svg width=\"32px\" height=\"20px\" xmlns=\"http:\/\/www.w3.org\/2000\/svg\" viewBox=\"0 0 27 32\"><path fill=\"#cb2027\" d=\"M27.4 16q0 3.7-1.8 6.9t-5 5-6.9 1.9q-2 0-3.9-0.6 1.1-1.7 1.4-2.9 0.2-0.6 1-3.8 0.4 0.7 1.3 1.2t2 0.5q2.1 0 3.8-1.2t2.7-3.4 0.9-4.8q0-2-1.1-3.8t-3.1-2.9-4.5-1.2q-1.9 0-3.5 0.5t-2.8 1.4-2 2-1.2 2.3-0.4 2.4q0 1.9 0.7 3.3t2.1 2q0.5 0.2 0.7-0.4 0-0.1 0.1-0.5t0.2-0.5q0.1-0.4-0.2-0.8-0.9-1.1-0.9-2.7 0-2.7 1.9-4.6t4.9-2q2.7 0 4.2 1.5t1.5 3.8q0 3-1.2 5.2t-3.1 2.1q-1.1 0-1.7-0.8t-0.4-1.9q0.1-0.6 0.5-1.7t0.5-1.8 0.2-1.4q0-0.9-0.5-1.5t-1.4-0.6q-1.1 0-1.9 1t-0.8 2.6q0 1.3 0.4 2.2l-1.8 7.5q-0.3 1.2-0.2 3.2-3.7-1.6-6-5t-2.3-7.6q0-3.7 1.9-6.9t5-5 6.9-1.9 6.9 1.9 5 5 1.8 6.9z\"\/><\/svg><\/span><span class=\"shariff-text\">merken<\/span>&nbsp;<span data-service=\"pinterest\" style=\"color:#cb2027\" class=\"shariff-count shariff-hidezero\"><\/span>&nbsp;<\/a><\/li><li class=\"shariff-button facebook shariff-nocustomcolor\" style=\"background-color:#4273c8\"><a href=\"https:\/\/www.facebook.com\/sharer\/sharer.php?u=https%3A%2F%2Fcrearesa.de%2Fshop%2Fprodukt%2Fkuscheltier-baer-schnittmuster%2F\" title=\"Bei Facebook teilen\" aria-label=\"Bei Facebook teilen\" role=\"button\" rel=\"noreferrernoopener nofollow\" class=\"shariff-link\" style=\"; background-color:#3b5998; color:#fff\" target=\"_blank\"><span class=\"shariff-icon\" style=\"\"><svg width=\"32px\" height=\"20px\" xmlns=\"http:\/\/www.w3.org\/2000\/svg\" viewBox=\"0 0 18 32\"><path fill=\"#3b5998\" d=\"M17.1 0.2v4.7h-2.8q-1.5 0-2.1 0.6t-0.5 1.9v3.4h5.2l-0.7 5.3h-4.5v13.6h-5.5v-13.6h-4.5v-5.3h4.5v-3.9q0-3.3 1.9-5.2t5-1.8q2.6 0 4.1 0.2z\"\/><\/svg><\/span><span class=\"shariff-text\">teilen<\/span>&nbsp;<span data-service=\"facebook\" style=\"color:#3b5998\" class=\"shariff-count shariff-hidezero\"><\/span>&nbsp;<\/a><\/li><li class=\"shariff-button printer shariff-nocustomcolor\" style=\"background-color:#a8a8a8\"><a href=\"javascript:window.print()\" title=\"drucken\" aria-label=\"drucken\" role=\"button\" rel=\"noreferrernoopener nofollow\" class=\"shariff-link\" style=\"; background-color:#999; color:#fff\"><span class=\"shariff-icon\" style=\"\"><svg width=\"32px\" height=\"20px\" xmlns=\"http:\/\/www.w3.org\/2000\/svg\" viewBox=\"0 0 30 32\"><path fill=\"#999\" d=\"M6.8 27.4h16v-4.6h-16v4.6zM6.8 16h16v-6.8h-2.8q-0.7 0-1.2-0.5t-0.5-1.2v-2.8h-11.4v11.4zM27.4 17.2q0-0.5-0.3-0.8t-0.8-0.4-0.8 0.4-0.3 0.8 0.3 0.8 0.8 0.3 0.8-0.3 0.3-0.8zM29.7 17.2v7.4q0 0.2-0.2 0.4t-0.4 0.2h-4v2.8q0 0.7-0.5 1.2t-1.2 0.5h-17.2q-0.7 0-1.2-0.5t-0.5-1.2v-2.8h-4q-0.2 0-0.4-0.2t-0.2-0.4v-7.4q0-1.4 1-2.4t2.4-1h1.2v-9.7q0-0.7 0.5-1.2t1.2-0.5h12q0.7 0 1.6 0.4t1.3 0.8l2.7 2.7q0.5 0.5 0.9 1.4t0.4 1.6v4.6h1.1q1.4 0 2.4 1t1 2.4z\"\/><\/svg><\/span><span class=\"shariff-text\">drucken<\/span>&nbsp;<\/a><\/li><\/ul><\/div>","protected":false},"excerpt":{"rendered":"<p>Babys erstes Kuscheltier &#8211; das B\u00e4rle.<br \/>\nDas s\u00fc\u00dfe kleine B\u00e4rchen ist ca. 20 cm gro\u00df, weich gef\u00fcllt und leicht zu greifen. Damit kann es ganz schnell zum Lieblings-Kuscheltier werden.<\/p>\n<p><strong>Alle Materialien inklusive gedruckter Anleitung mit Schnittmuster kannst du auch als N\u00e4hpaket <a href=\"https:\/\/crearesa.de\/shop\/produkt\/naehpaket-kuscheltier-baerle\/\">hier im Shop bestellen<\/a>.<br \/>\n<\/strong><\/p>\n<p>Willst du einen Blick in die Anleitung werfen? Dann schau dir meinen Blogbeitrag dazu an. Dort findest du <a href=\"https:\/\/crearesa.de\/kuscheltier-fuer-baby-aus-frottee-naehen-teddybaer\">&gt;&gt; weitere Tipps und Ideen rund um das B\u00c4RLE<\/a>.<\/p>\n<p><strong>N\u00e4hschwierigkeit:<\/strong> leicht<\/p>\n<ul>\n<li>E-Book zum Downlaod als PDF-Datei<\/li>\n<li>Anleitung mit vielen Fotos, 4 DIN A4 Seiten<\/li>\n<li>Schnittmuster zum Ausdrucken, 1 DIN A4 Seite<\/li>\n<\/ul>\n","protected":false},"featured_media":22579,"comment_status":"open","ping_status":"closed","template":"","meta":{"site-sidebar-layout":"default","site-content-layout":"default","ast-site-content-layout":"default","site-content-style":"default","site-sidebar-style":"default","ast-global-header-display":"","ast-banner-title-visibility":"","ast-main-header-display":"","ast-hfb-above-header-display":"","ast-hfb-below-header-display":"","ast-hfb-mobile-header-display":"","site-post-title":"","ast-breadcrumbs-content":"","ast-featured-img":"","footer-sml-layout":"","ast-disable-related-posts":"","theme-transparent-header-meta":"default","adv-header-id-meta":"","stick-header-meta":"default","header-above-stick-meta":"","header-main-stick-meta":"","header-below-stick-meta":"","astra-migrate-meta-layouts":"set","ast-page-background-enabled":"default","ast-page-background-meta":{"desktop":{"background-color":"","background-image":"","background-repeat":"repeat","background-position":"center center","background-size":"auto","background-attachment":"scroll","background-type":"","background-media":"","overlay-type":"","overlay-color":"","overlay-opacity":"","overlay-gradient":""},"tablet":{"background-color":"","background-image":"","background-repeat":"repeat","background-position":"center center","background-size":"auto","background-attachment":"scroll","background-type":"","background-media":"","overlay-type":"","overlay-color":"","overlay-opacity":"","overlay-gradient":""},"mobile":{"background-color":"","background-image":"","background-repeat":"repeat","background-position":"center center","background-size":"auto","background-attachment":"scroll","background-type":"","background-media":"","overlay-type":"","overlay-color":"","overlay-opacity":"","overlay-gradient":""}},"ast-content-background-meta":{"desktop":{"background-color":"var(--ast-global-color-5)","background-image":"","background-repeat":"repeat","background-position":"center center","background-size":"auto","background-attachment":"scroll","background-type":"","background-media":"","overlay-type":"","overlay-color":"","overlay-opacity":"","overlay-gradient":""},"tablet":{"background-color":"var(--ast-global-color-5)","background-image":"","background-repeat":"repeat","background-position":"center center","background-size":"auto","background-attachment":"scroll","background-type":"","background-media":"","overlay-type":"","overlay-color":"","overlay-opacity":"","overlay-gradient":""},"mobile":{"background-color":"var(--ast-global-color-5)","background-image":"","background-repeat":"repeat","background-position":"center center","background-size":"auto","background-attachment":"scroll","background-type":"","background-media":"","overlay-type":"","overlay-color":"","overlay-opacity":"","overlay-gradient":""}}},"product_brand":[],"product_cat":[167],"product_tag":[171,168,169,170],"class_list":{"0":"post-22566","1":"product","2":"type-product","3":"status-publish","4":"has-post-thumbnail","6":"product_cat-schnittmuster-kuscheltiere","7":"product_tag-teddybaer","8":"product_tag-kuscheltier","9":"product_tag-schnittmuster","10":"product_tag-e-book","11":"desktop-align-left","12":"tablet-align-left","13":"mobile-align-left","14":"ast-product-gallery-layout-horizontal","15":"ast-product-tabs-layout-vertical","17":"first","18":"instock","19":"downloadable","20":"virtual","21":"sold-individually","22":"taxable","23":"purchasable","24":"product-type-simple"},"yoast_head":"<!-- This site is optimized with the Yoast SEO plugin v27.1.1 - https:\/\/yoast.com\/product\/yoast-seo-wordpress\/ -->\n<title>Kuscheltier B\u00c4RLE - Schnittmuster (E-book) - creaResa - sch\u00f6ne Sachen selber machen<\/title>\n<meta name=\"robots\" content=\"index, follow, max-snippet:-1, max-image-preview:large, max-video-preview:-1\" \/>\n<link rel=\"canonical\" href=\"https:\/\/crearesa.de\/shop\/produkt\/kuscheltier-baer-schnittmuster\/\" \/>\n<meta property=\"og:locale\" content=\"de_DE\" \/>\n<meta property=\"og:type\" content=\"article\" \/>\n<meta property=\"og:title\" content=\"Kuscheltier B\u00c4RLE - Schnittmuster (E-book) - creaResa - sch\u00f6ne Sachen selber machen\" \/>\n<meta property=\"og:description\" content=\"Babys erstes Kuscheltier - das B\u00e4rle. Das s\u00fc\u00dfe kleine B\u00e4rchen ist ca. 20 cm gro\u00df, weich gef\u00fcllt und leicht zu greifen. Damit kann es ganz schnell zum Lieblings-Kuscheltier werden.  Alle Materialien inklusive gedruckter Anleitung mit Schnittmuster kannst du auch als N\u00e4hpaket hier im Shop bestellen.   Willst du einen Blick in die Anleitung werfen? Dann schau dir meinen Blogbeitrag dazu an. Dort findest du &gt;&gt; weitere Tipps und Ideen rund um das B\u00c4RLE.  N\u00e4hschwierigkeit: leicht   E-Book zum Downlaod als PDF-Datei  Anleitung mit vielen Fotos, 4 DIN A4 Seiten  Schnittmuster zum Ausdrucken, 1 DIN A4 Seite\" \/>\n<meta property=\"og:url\" content=\"https:\/\/crearesa.de\/shop\/produkt\/kuscheltier-baer-schnittmuster\/\" \/>\n<meta property=\"og:site_name\" content=\"creaResa - sch\u00f6ne Sachen selber machen\" \/>\n<meta property=\"article:publisher\" content=\"https:\/\/www.facebook.com\/crearesa\/\" \/>\n<meta property=\"article:modified_time\" content=\"2025-04-02T13:47:26+00:00\" \/>\n<meta property=\"og:image\" content=\"https:\/\/crearesa.de\/shop\/wp-content\/uploads\/2022\/02\/kuscheltier-baerle-schnittmuster-20.jpg\" \/>\n\t<meta property=\"og:image:width\" content=\"1500\" \/>\n\t<meta property=\"og:image:height\" content=\"1500\" \/>\n\t<meta property=\"og:image:type\" content=\"image\/jpeg\" \/>\n<meta name=\"twitter:card\" content=\"summary_large_image\" \/>\n<meta name=\"twitter:label1\" content=\"Gesch\u00e4tzte Lesezeit\" \/>\n\t<meta name=\"twitter:data1\" content=\"2\u00a0Minuten\" \/>\n<script type=\"application\/ld+json\" class=\"yoast-schema-graph\">{\"@context\":\"https:\/\/schema.org\",\"@graph\":[{\"@type\":\"WebPage\",\"@id\":\"https:\/\/crearesa.de\/shop\/produkt\/kuscheltier-baer-schnittmuster\/\",\"url\":\"https:\/\/crearesa.de\/shop\/produkt\/kuscheltier-baer-schnittmuster\/\",\"name\":\"Kuscheltier B\u00c4RLE - Schnittmuster (E-book) - creaResa - sch\u00f6ne Sachen selber machen\",\"isPartOf\":{\"@id\":\"https:\/\/crearesa.de\/shop\/#website\"},\"primaryImageOfPage\":{\"@id\":\"https:\/\/crearesa.de\/shop\/produkt\/kuscheltier-baer-schnittmuster\/#primaryimage\"},\"image\":{\"@id\":\"https:\/\/crearesa.de\/shop\/produkt\/kuscheltier-baer-schnittmuster\/#primaryimage\"},\"thumbnailUrl\":\"https:\/\/crearesa.de\/shop\/wp-content\/uploads\/2022\/02\/kuscheltier-baerle-schnittmuster-20.jpg\",\"datePublished\":\"2022-02-11T12:51:11+00:00\",\"dateModified\":\"2025-04-02T13:47:26+00:00\",\"breadcrumb\":{\"@id\":\"https:\/\/crearesa.de\/shop\/produkt\/kuscheltier-baer-schnittmuster\/#breadcrumb\"},\"inLanguage\":\"de\",\"potentialAction\":[{\"@type\":\"ReadAction\",\"target\":[\"https:\/\/crearesa.de\/shop\/produkt\/kuscheltier-baer-schnittmuster\/\"]}]},{\"@type\":\"ImageObject\",\"inLanguage\":\"de\",\"@id\":\"https:\/\/crearesa.de\/shop\/produkt\/kuscheltier-baer-schnittmuster\/#primaryimage\",\"url\":\"https:\/\/crearesa.de\/shop\/wp-content\/uploads\/2022\/02\/kuscheltier-baerle-schnittmuster-20.jpg\",\"contentUrl\":\"https:\/\/crearesa.de\/shop\/wp-content\/uploads\/2022\/02\/kuscheltier-baerle-schnittmuster-20.jpg\",\"width\":1500,\"height\":1500},{\"@type\":\"BreadcrumbList\",\"@id\":\"https:\/\/crearesa.de\/shop\/produkt\/kuscheltier-baer-schnittmuster\/#breadcrumb\",\"itemListElement\":[{\"@type\":\"ListItem\",\"position\":1,\"name\":\"Startseite\",\"item\":\"https:\/\/crearesa.de\/shop\/\"},{\"@type\":\"ListItem\",\"position\":2,\"name\":\"Schnittmuster Shop\",\"item\":\"https:\/\/crearesa.de\/shop\/\"},{\"@type\":\"ListItem\",\"position\":3,\"name\":\"Kuscheltier B\u00c4RLE &#8211; Schnittmuster (E-book)\"}]},{\"@type\":\"WebSite\",\"@id\":\"https:\/\/crearesa.de\/shop\/#website\",\"url\":\"https:\/\/crearesa.de\/shop\/\",\"name\":\"creaResa - sch\u00f6ne Sachen selber machen\",\"description\":\"Shop f\u00fcr Schnittmuster und N\u00e4hpakete\",\"publisher\":{\"@id\":\"https:\/\/crearesa.de\/shop\/#organization\"},\"potentialAction\":[{\"@type\":\"SearchAction\",\"target\":{\"@type\":\"EntryPoint\",\"urlTemplate\":\"https:\/\/crearesa.de\/shop\/?s={search_term_string}\"},\"query-input\":{\"@type\":\"PropertyValueSpecification\",\"valueRequired\":true,\"valueName\":\"search_term_string\"}}],\"inLanguage\":\"de\"},{\"@type\":\"Organization\",\"@id\":\"https:\/\/crearesa.de\/shop\/#organization\",\"name\":\"creaResa\",\"url\":\"https:\/\/crearesa.de\/shop\/\",\"logo\":{\"@type\":\"ImageObject\",\"inLanguage\":\"de\",\"@id\":\"https:\/\/crearesa.de\/shop\/#\/schema\/logo\/image\/\",\"url\":\"https:\/\/crearesa.de\/shop\/wp-content\/uploads\/2020\/06\/logo_crearesa-1.png\",\"contentUrl\":\"https:\/\/crearesa.de\/shop\/wp-content\/uploads\/2020\/06\/logo_crearesa-1.png\",\"width\":400,\"height\":172,\"caption\":\"creaResa\"},\"image\":{\"@id\":\"https:\/\/crearesa.de\/shop\/#\/schema\/logo\/image\/\"},\"sameAs\":[\"https:\/\/www.facebook.com\/crearesa\/\",\"https:\/\/www.instagram.com\/crearesa\/\",\"https:\/\/www.pinterest.de\/resa_crearesa\/\"]}]}<\/script>\n<!-- \/ Yoast SEO plugin. -->","yoast_head_json":{"title":"Kuscheltier B\u00c4RLE - Schnittmuster (E-book) - creaResa - sch\u00f6ne Sachen selber machen","robots":{"index":"index","follow":"follow","max-snippet":"max-snippet:-1","max-image-preview":"max-image-preview:large","max-video-preview":"max-video-preview:-1"},"canonical":"https:\/\/crearesa.de\/shop\/produkt\/kuscheltier-baer-schnittmuster\/","og_locale":"de_DE","og_type":"article","og_title":"Kuscheltier B\u00c4RLE - Schnittmuster (E-book) - creaResa - sch\u00f6ne Sachen selber machen","og_description":"Babys erstes Kuscheltier - das B\u00e4rle. Das s\u00fc\u00dfe kleine B\u00e4rchen ist ca. 20 cm gro\u00df, weich gef\u00fcllt und leicht zu greifen. Damit kann es ganz schnell zum Lieblings-Kuscheltier werden.  Alle Materialien inklusive gedruckter Anleitung mit Schnittmuster kannst du auch als N\u00e4hpaket hier im Shop bestellen.   Willst du einen Blick in die Anleitung werfen? Dann schau dir meinen Blogbeitrag dazu an. Dort findest du &gt;&gt; weitere Tipps und Ideen rund um das B\u00c4RLE.  N\u00e4hschwierigkeit: leicht   E-Book zum Downlaod als PDF-Datei  Anleitung mit vielen Fotos, 4 DIN A4 Seiten  Schnittmuster zum Ausdrucken, 1 DIN A4 Seite","og_url":"https:\/\/crearesa.de\/shop\/produkt\/kuscheltier-baer-schnittmuster\/","og_site_name":"creaResa - sch\u00f6ne Sachen selber machen","article_publisher":"https:\/\/www.facebook.com\/crearesa\/","article_modified_time":"2025-04-02T13:47:26+00:00","og_image":[{"width":1500,"height":1500,"url":"https:\/\/crearesa.de\/shop\/wp-content\/uploads\/2022\/02\/kuscheltier-baerle-schnittmuster-20.jpg","type":"image\/jpeg"}],"twitter_card":"summary_large_image","twitter_misc":{"Gesch\u00e4tzte Lesezeit":"2\u00a0Minuten"},"schema":{"@context":"https:\/\/schema.org","@graph":[{"@type":"WebPage","@id":"https:\/\/crearesa.de\/shop\/produkt\/kuscheltier-baer-schnittmuster\/","url":"https:\/\/crearesa.de\/shop\/produkt\/kuscheltier-baer-schnittmuster\/","name":"Kuscheltier B\u00c4RLE - Schnittmuster (E-book) - creaResa - sch\u00f6ne Sachen selber machen","isPartOf":{"@id":"https:\/\/crearesa.de\/shop\/#website"},"primaryImageOfPage":{"@id":"https:\/\/crearesa.de\/shop\/produkt\/kuscheltier-baer-schnittmuster\/#primaryimage"},"image":{"@id":"https:\/\/crearesa.de\/shop\/produkt\/kuscheltier-baer-schnittmuster\/#primaryimage"},"thumbnailUrl":"https:\/\/crearesa.de\/shop\/wp-content\/uploads\/2022\/02\/kuscheltier-baerle-schnittmuster-20.jpg","datePublished":"2022-02-11T12:51:11+00:00","dateModified":"2025-04-02T13:47:26+00:00","breadcrumb":{"@id":"https:\/\/crearesa.de\/shop\/produkt\/kuscheltier-baer-schnittmuster\/#breadcrumb"},"inLanguage":"de","potentialAction":[{"@type":"ReadAction","target":["https:\/\/crearesa.de\/shop\/produkt\/kuscheltier-baer-schnittmuster\/"]}]},{"@type":"ImageObject","inLanguage":"de","@id":"https:\/\/crearesa.de\/shop\/produkt\/kuscheltier-baer-schnittmuster\/#primaryimage","url":"https:\/\/crearesa.de\/shop\/wp-content\/uploads\/2022\/02\/kuscheltier-baerle-schnittmuster-20.jpg","contentUrl":"https:\/\/crearesa.de\/shop\/wp-content\/uploads\/2022\/02\/kuscheltier-baerle-schnittmuster-20.jpg","width":1500,"height":1500},{"@type":"BreadcrumbList","@id":"https:\/\/crearesa.de\/shop\/produkt\/kuscheltier-baer-schnittmuster\/#breadcrumb","itemListElement":[{"@type":"ListItem","position":1,"name":"Startseite","item":"https:\/\/crearesa.de\/shop\/"},{"@type":"ListItem","position":2,"name":"Schnittmuster Shop","item":"https:\/\/crearesa.de\/shop\/"},{"@type":"ListItem","position":3,"name":"Kuscheltier B\u00c4RLE &#8211; Schnittmuster (E-book)"}]},{"@type":"WebSite","@id":"https:\/\/crearesa.de\/shop\/#website","url":"https:\/\/crearesa.de\/shop\/","name":"creaResa - sch\u00f6ne Sachen selber machen","description":"Shop f\u00fcr Schnittmuster und N\u00e4hpakete","publisher":{"@id":"https:\/\/crearesa.de\/shop\/#organization"},"potentialAction":[{"@type":"SearchAction","target":{"@type":"EntryPoint","urlTemplate":"https:\/\/crearesa.de\/shop\/?s={search_term_string}"},"query-input":{"@type":"PropertyValueSpecification","valueRequired":true,"valueName":"search_term_string"}}],"inLanguage":"de"},{"@type":"Organization","@id":"https:\/\/crearesa.de\/shop\/#organization","name":"creaResa","url":"https:\/\/crearesa.de\/shop\/","logo":{"@type":"ImageObject","inLanguage":"de","@id":"https:\/\/crearesa.de\/shop\/#\/schema\/logo\/image\/","url":"https:\/\/crearesa.de\/shop\/wp-content\/uploads\/2020\/06\/logo_crearesa-1.png","contentUrl":"https:\/\/crearesa.de\/shop\/wp-content\/uploads\/2020\/06\/logo_crearesa-1.png","width":400,"height":172,"caption":"creaResa"},"image":{"@id":"https:\/\/crearesa.de\/shop\/#\/schema\/logo\/image\/"},"sameAs":["https:\/\/www.facebook.com\/crearesa\/","https:\/\/www.instagram.com\/crearesa\/","https:\/\/www.pinterest.de\/resa_crearesa\/"]}]}},"_links":{"self":[{"href":"https:\/\/crearesa.de\/shop\/wp-json\/wp\/v2\/product\/22566","targetHints":{"allow":["GET"]}}],"collection":[{"href":"https:\/\/crearesa.de\/shop\/wp-json\/wp\/v2\/product"}],"about":[{"href":"https:\/\/crearesa.de\/shop\/wp-json\/wp\/v2\/types\/product"}],"replies":[{"embeddable":true,"href":"https:\/\/crearesa.de\/shop\/wp-json\/wp\/v2\/comments?post=22566"}],"wp:featuredmedia":[{"embeddable":true,"href":"https:\/\/crearesa.de\/shop\/wp-json\/wp\/v2\/media\/22579"}],"wp:attachment":[{"href":"https:\/\/crearesa.de\/shop\/wp-json\/wp\/v2\/media?parent=22566"}],"wp:term":[{"taxonomy":"product_brand","embeddable":true,"href":"https:\/\/crearesa.de\/shop\/wp-json\/wp\/v2\/product_brand?post=22566"},{"taxonomy":"product_cat","embeddable":true,"href":"https:\/\/crearesa.de\/shop\/wp-json\/wp\/v2\/product_cat?post=22566"},{"taxonomy":"product_tag","embeddable":true,"href":"https:\/\/crearesa.de\/shop\/wp-json\/wp\/v2\/product_tag?post=22566"}],"curies":[{"name":"wp","href":"https:\/\/api.w.org\/{rel}","templated":true}]}}