{"id":24521,"date":"2022-11-21T22:24:53","date_gmt":"2022-11-21T21:24:53","guid":{"rendered":"https:\/\/crearesa.de\/shop\/?post_type=product&#038;p=24521"},"modified":"2025-05-02T16:34:26","modified_gmt":"2025-05-02T14:34:26","slug":"kosmetiktaschen-und-etuis-schnittmuster","status":"publish","type":"product","link":"https:\/\/crearesa.de\/shop\/produkt\/kosmetiktaschen-und-etuis-schnittmuster\/","title":{"rendered":"Kosmetiktaschen und Etuis mit und ohne Guckloch &#8211; Schnittmuster E-Book"},"content":{"rendered":"<h2>Die T\u00e4schchen mit dem Guckloch<\/h2>\n<p>Das Besondere an diesen T\u00e4schchen und Etuis ist die <strong>Negativ-Applikation<\/strong>: Unter ein &#8220;Guckloch&#8221; wird ein kleiner Rest eines Motivstoffes gen\u00e4ht. Alternativ kannst du hier selbst kreativ werden und ein Motiv sticken, plotten oder drucken. Hast du Reste von Stoffsch\u00e4tzchen, die du in Szene setzen willst? <strong>Mit Gucki hast du viele M\u00f6glichkeiten wundersch\u00f6ne Geschenke zu zaubern und dabei auch noch dein Restelager abzubauen<\/strong>.<\/p>\n<p>In <strong>5 Schnittmuster<\/strong> &#8211; 2 Kosmetikt\u00e4schchen, 2 Etuis und ein Stifteetui &#8211; sind jeweils <strong>2 Vorschl\u00e4ge f\u00fcr Guckloch-Platzierungen<\/strong> eingezeichnet. Alle Schnittmusterteile enthalten bereits die Nahtzugabe.<\/p>\n<p>Zum Verschlie\u00dfen wird nur <strong>eine Raupe eines Endlosrei\u00dfverschlusses<\/strong> um die obere \u00d6ffnung gen\u00e4ht. Dadurch l\u00e4sst sich das T\u00e4schchen \u00fcber die ganze Breite \u00f6ffnen, aber trotzdem ganz verschlie\u00dfen. Am Ende l\u00e4uft der Rei\u00dfverschluss in die Seitennaht &#8211; ganz ohne Knubbel.<\/p>\n<p>Das kleine und das gro\u00dfe Etui haben <strong>Innenf\u00e4cher f\u00fcr Karten und Dokumente<\/strong>.<\/p>\n<p>Mit dem Schnittmuster bekommst du noch <strong>weitere Vorlagen f\u00fcr Guckl\u00f6cher in unterschiedlichsten Formen und Gr\u00f6\u00dfen<\/strong>, die du auch f\u00fcr andere N\u00e4hprojekte verwenden kannst. Eine Anleitung f\u00fcr die Nagativ-Applikation und weitere Beispiele f\u00fcr das Gucki-Etui findest du auch <a href=\"https:\/\/crearesa.de\/negativ-applikation-oder-guckloch-naehen\/\">auf meinem Blog<\/a>.<\/p>\n<p>Du kannst das T\u00e4schchen auch ganz ohne Guckloch und Innentaschen n\u00e4hen. Dann ist es besonders einfach und ein sch\u00f6nes N\u00e4hprojekt f\u00fcr N\u00e4hanf\u00e4nger. F\u00fcr diese ganz einfachen T\u00e4schchen biete ich auch <a href=\"https:\/\/crearesa.de\/shop\/produkt-kategorie\/naehset-naehpaket-stoffpaket-mit-anleitung\/\">&gt;&gt; N\u00e4hpakte<\/a> mit zugeschnittenen Stoffen und allem Material inklusive N\u00e4hanleitung an.<\/p>\n<p>Die Anleitung ist reich bebildert und richtet sich auch an Anf\u00e4nger.<\/p>\n<p><strong>N\u00e4hschwierigkeit:<br \/>\n<\/strong><strong style=\"font-size: 16px;\">leicht<\/strong><span style=\"font-size: 16px;\">\u00a0 &#8211; ohne Guckloch und Innentaschen <\/span><strong style=\"font-size: 16px;\">sehr leicht<\/strong><\/p>\n<p><strong style=\"font-size: 16px;\">Ma\u00dfe:<br \/>\n<\/strong>Kosmetiktasche gro\u00df<span class=\"Apple-converted-space\">\u00a0 <\/span>23 x 13 x 5 cm<br \/>\nKosmetiktasche klein<span class=\"Apple-converted-space\">\u00a0 <\/span>18 x 12 x 4 cm<span class=\"Apple-converted-space\"><br \/>\n<\/span>Etui gro\u00df<span class=\"Apple-converted-space\">\u00a0 <\/span>23 x 14,5 x 2 cm<br \/>\nEtui klein<span class=\"Apple-converted-space\">\u00a0 <\/span>20 x 12,5 x 2 cm<br \/>\nEtui f\u00fcr Stifte<span class=\"Apple-converted-space\">\u00a0 <\/span>23 x 10 x 2 cm<\/p>\n<p><strong>Material f\u00fcr ein oder auch mehr T\u00e4schchen<\/strong><\/p>\n<ul>\n<li>Eine Raupe Endlosrei\u00dfverschluss mit Zipper, 60 (50) cm.<\/li>\n<li>20 cm Au\u00dfenstoff: gewebter Stoff ohne Stretchanteil wie z.B. Canvas, Jeans, Oilskin, Kunstleder (Achtung beim B\u00fcgeln).<\/li>\n<li>20 cm Futterstoff: leichter, gewebter Baumwollstoff ohne Stretchanteil, auch beschichtet. F\u00fcr die Karten und Steckf\u00e4cher kannst du auch verschiedene Stoffe verwenden. Die Stoffe sollten nicht zu dick sein. Feine Stoffe werden mittig mit B\u00fcgeleinlage H 250 verst\u00e4rkt.<\/li>\n<li>Um das Guckloch zu hinterlegen: kleiner Rest eines Motivstoffes. Alternativ kannst du hier selbst kreativ werden und ein Motiv sticken, plotten oder drucken.<\/li>\n<li>Um den Guckloch-Ausschnitt zu verst\u00fcrzen: d\u00fcnner, gewebter Stoff. Soll der Besatz am Rand sichtbar sein? Dann w\u00e4hle eine Kontrastfarbe. Soll der Besatz nicht auffallen, dann w\u00e4hle den Stoff in der Farbe des Au\u00dfenstoffes oder des Motivs.<\/li>\n<li>Eventuell B\u00fcgeleinlage H 250 zur Verst\u00e4rkung des Etuiau\u00dfenstoffes.<\/li>\n<li>Eventuell B\u00fcgeleinlage H 630 (Volumenvlies) f\u00fcr Kosmetikt\u00e4schchen. Wenn du damit das Futter verst\u00e4rkst, bekommt das T\u00e4schchen mehr Stand.<\/li>\n<\/ul>\n<p><strong>Nach erfolgter Bezahlung (Paypal oder Vorauszahlung) erh\u00e4ltst du eine E-Mail mit einem Download-Link. F\u00fcr den Ausdruck der Schnittmuster ben\u00f6tigst du einen Drucker.<\/strong><\/p>\n<p>N\u00e4heres zum Bestellvorgang und was du von einem creaResa-E-Book erwarten darfst, kannst du auch auf meinem Blog nachlesen.\u00a0\u00a0<a href=\"https:\/\/crearesa.de\/schnittmuster-e-book-ausdrucken-und-kleben\/\" target=\"_blank\" rel=\"noopener noreferrer\">www.crearesa.de<\/a><\/p>\n<p>Beispiele findest du auch auf Instagram unter dem Hashtag <a href=\"https:\/\/www.instagram.com\/explore\/tags\/guckietui\/\">#guckietui<\/a><\/p>\n<div class=\"shariff\" data-services=\"pinterest%7Cfacebook\" data-url=\"https%3A%2F%2Fcrearesa.de%2Fshop%2Fprodukt%2Fkosmetiktaschen-und-etuis-schnittmuster%2F\" data-timestamp=\"1746203666\" data-hidezero=\"1\" data-backendurl=\"https:\/\/crearesa.de\/shop\/wp-json\/shariff\/v1\/share_counts?\"><ul class=\"shariff-buttons theme-default orientation-horizontal buttonsize-medium\"><li class=\"shariff-button pinterest shariff-nocustomcolor\" style=\"background-color:#e70f18\"><a href=\"https:\/\/www.pinterest.com\/pin\/create\/link\/?url=https%3A%2F%2Fcrearesa.de%2Fshop%2Fprodukt%2Fkosmetiktaschen-und-etuis-schnittmuster%2F&media=https%3A%2F%2Fcrearesa.de%2Fshop%2Fwp-content%2Fuploads%2F2022%2F11%2Fgucki-kosmetiktasche-1.jpg&description=Kosmetiktaschen%20und%20Etuis%20mit%20und%20ohne%20Guckloch%20-%20Schnittmuster%20E-Book\" title=\"Bei Pinterest pinnen\" aria-label=\"Bei Pinterest pinnen\" role=\"button\" rel=\"noreferrernoopener nofollow\" class=\"shariff-link\" style=\"; background-color:#cb2027; color:#fff\" target=\"_blank\"><span class=\"shariff-icon\" style=\"\"><svg width=\"32px\" height=\"20px\" xmlns=\"http:\/\/www.w3.org\/2000\/svg\" viewBox=\"0 0 27 32\"><path fill=\"#cb2027\" d=\"M27.4 16q0 3.7-1.8 6.9t-5 5-6.9 1.9q-2 0-3.9-0.6 1.1-1.7 1.4-2.9 0.2-0.6 1-3.8 0.4 0.7 1.3 1.2t2 0.5q2.1 0 3.8-1.2t2.7-3.4 0.9-4.8q0-2-1.1-3.8t-3.1-2.9-4.5-1.2q-1.9 0-3.5 0.5t-2.8 1.4-2 2-1.2 2.3-0.4 2.4q0 1.9 0.7 3.3t2.1 2q0.5 0.2 0.7-0.4 0-0.1 0.1-0.5t0.2-0.5q0.1-0.4-0.2-0.8-0.9-1.1-0.9-2.7 0-2.7 1.9-4.6t4.9-2q2.7 0 4.2 1.5t1.5 3.8q0 3-1.2 5.2t-3.1 2.1q-1.1 0-1.7-0.8t-0.4-1.9q0.1-0.6 0.5-1.7t0.5-1.8 0.2-1.4q0-0.9-0.5-1.5t-1.4-0.6q-1.1 0-1.9 1t-0.8 2.6q0 1.3 0.4 2.2l-1.8 7.5q-0.3 1.2-0.2 3.2-3.7-1.6-6-5t-2.3-7.6q0-3.7 1.9-6.9t5-5 6.9-1.9 6.9 1.9 5 5 1.8 6.9z\"\/><\/svg><\/span><span class=\"shariff-text\">merken<\/span>&nbsp;<span data-service=\"pinterest\" style=\"color:#cb2027\" class=\"shariff-count shariff-hidezero\"><\/span>&nbsp;<\/a><\/li><li class=\"shariff-button facebook shariff-nocustomcolor\" style=\"background-color:#4273c8\"><a href=\"https:\/\/www.facebook.com\/sharer\/sharer.php?u=https%3A%2F%2Fcrearesa.de%2Fshop%2Fprodukt%2Fkosmetiktaschen-und-etuis-schnittmuster%2F\" title=\"Bei Facebook teilen\" aria-label=\"Bei Facebook teilen\" role=\"button\" rel=\"noreferrernoopener nofollow\" class=\"shariff-link\" style=\"; background-color:#3b5998; color:#fff\" target=\"_blank\"><span class=\"shariff-icon\" style=\"\"><svg width=\"32px\" height=\"20px\" xmlns=\"http:\/\/www.w3.org\/2000\/svg\" viewBox=\"0 0 18 32\"><path fill=\"#3b5998\" d=\"M17.1 0.2v4.7h-2.8q-1.5 0-2.1 0.6t-0.5 1.9v3.4h5.2l-0.7 5.3h-4.5v13.6h-5.5v-13.6h-4.5v-5.3h4.5v-3.9q0-3.3 1.9-5.2t5-1.8q2.6 0 4.1 0.2z\"\/><\/svg><\/span><span class=\"shariff-text\">teilen<\/span>&nbsp;<span data-service=\"facebook\" style=\"color:#3b5998\" class=\"shariff-count shariff-hidezero\"><\/span>&nbsp;<\/a><\/li><li class=\"shariff-button printer shariff-nocustomcolor\" style=\"background-color:#a8a8a8\"><a href=\"javascript:window.print()\" title=\"drucken\" aria-label=\"drucken\" role=\"button\" rel=\"noreferrernoopener nofollow\" class=\"shariff-link\" style=\"; background-color:#999; color:#fff\"><span class=\"shariff-icon\" style=\"\"><svg width=\"32px\" height=\"20px\" xmlns=\"http:\/\/www.w3.org\/2000\/svg\" viewBox=\"0 0 30 32\"><path fill=\"#999\" d=\"M6.8 27.4h16v-4.6h-16v4.6zM6.8 16h16v-6.8h-2.8q-0.7 0-1.2-0.5t-0.5-1.2v-2.8h-11.4v11.4zM27.4 17.2q0-0.5-0.3-0.8t-0.8-0.4-0.8 0.4-0.3 0.8 0.3 0.8 0.8 0.3 0.8-0.3 0.3-0.8zM29.7 17.2v7.4q0 0.2-0.2 0.4t-0.4 0.2h-4v2.8q0 0.7-0.5 1.2t-1.2 0.5h-17.2q-0.7 0-1.2-0.5t-0.5-1.2v-2.8h-4q-0.2 0-0.4-0.2t-0.2-0.4v-7.4q0-1.4 1-2.4t2.4-1h1.2v-9.7q0-0.7 0.5-1.2t1.2-0.5h12q0.7 0 1.6 0.4t1.3 0.8l2.7 2.7q0.5 0.5 0.9 1.4t0.4 1.6v4.6h1.1q1.4 0 2.4 1t1 2.4z\"\/><\/svg><\/span><span class=\"shariff-text\">drucken<\/span>&nbsp;<\/a><\/li><\/ul><\/div>","protected":false},"excerpt":{"rendered":"<ul>\n<li>PDF-Schnittmuster &#8211; E-Book zum Download nach dem Kauf<\/li>\n<li>5 praktische Gr\u00f6\u00dfen: Kosmetiktasche gro\u00df und klein, Etui gro\u00df und klein sowie ein Stifteetui<\/li>\n<li>je Gr\u00f6\u00dfe zwei Vorschl\u00e4ge f\u00fcr Guckloch-Platzierung<\/li>\n<li>f\u00fcr Anf\u00e4nger geeignet<\/li>\n<li>N\u00e4hanleitung mit vielen Fotos<\/li>\n<\/ul>\n","protected":false},"featured_media":25125,"comment_status":"open","ping_status":"closed","template":"","meta":{"site-sidebar-layout":"default","site-content-layout":"default","ast-site-content-layout":"default","site-content-style":"default","site-sidebar-style":"default","ast-global-header-display":"","ast-banner-title-visibility":"","ast-main-header-display":"","ast-hfb-above-header-display":"","ast-hfb-below-header-display":"","ast-hfb-mobile-header-display":"","site-post-title":"","ast-breadcrumbs-content":"","ast-featured-img":"","footer-sml-layout":"","ast-disable-related-posts":"","theme-transparent-header-meta":"default","adv-header-id-meta":"","stick-header-meta":"default","header-above-stick-meta":"","header-main-stick-meta":"","header-below-stick-meta":"","astra-migrate-meta-layouts":"set","ast-page-background-enabled":"default","ast-page-background-meta":{"desktop":{"background-color":"","background-image":"","background-repeat":"repeat","background-position":"center center","background-size":"auto","background-attachment":"scroll","background-type":"","background-media":"","overlay-type":"","overlay-color":"","overlay-opacity":"","overlay-gradient":""},"tablet":{"background-color":"","background-image":"","background-repeat":"repeat","background-position":"center center","background-size":"auto","background-attachment":"scroll","background-type":"","background-media":"","overlay-type":"","overlay-color":"","overlay-opacity":"","overlay-gradient":""},"mobile":{"background-color":"","background-image":"","background-repeat":"repeat","background-position":"center center","background-size":"auto","background-attachment":"scroll","background-type":"","background-media":"","overlay-type":"","overlay-color":"","overlay-opacity":"","overlay-gradient":""}},"ast-content-background-meta":{"desktop":{"background-color":"var(--ast-global-color-5)","background-image":"","background-repeat":"repeat","background-position":"center center","background-size":"auto","background-attachment":"scroll","background-type":"","background-media":"","overlay-type":"","overlay-color":"","overlay-opacity":"","overlay-gradient":""},"tablet":{"background-color":"var(--ast-global-color-5)","background-image":"","background-repeat":"repeat","background-position":"center center","background-size":"auto","background-attachment":"scroll","background-type":"","background-media":"","overlay-type":"","overlay-color":"","overlay-opacity":"","overlay-gradient":""},"mobile":{"background-color":"var(--ast-global-color-5)","background-image":"","background-repeat":"repeat","background-position":"center center","background-size":"auto","background-attachment":"scroll","background-type":"","background-media":"","overlay-type":"","overlay-color":"","overlay-opacity":"","overlay-gradient":""}}},"product_brand":[],"product_cat":[34],"product_tag":[44,58,78,105],"class_list":{"0":"post-24521","1":"product","2":"type-product","3":"status-publish","4":"has-post-thumbnail","6":"product_cat-schnittmuster-fuer-taschen","7":"product_tag-kosmetiktasche","8":"product_tag-kulturbeutel","9":"product_tag-kleine-tasche","10":"product_tag-etui","11":"desktop-align-left","12":"tablet-align-left","13":"mobile-align-left","14":"ast-product-gallery-layout-horizontal","15":"ast-product-tabs-layout-vertical","17":"first","18":"instock","19":"downloadable","20":"virtual","21":"sold-individually","22":"taxable","23":"purchasable","24":"product-type-simple"},"yoast_head":"<!-- This site is optimized with the Yoast SEO plugin v27.3 - https:\/\/yoast.com\/product\/yoast-seo-wordpress\/ -->\n<title>Kosmetiktaschen und Etuis mit und ohne Guckloch - Schnittmuster E-Book - creaResa - sch\u00f6ne Sachen selber machen<\/title>\n<meta name=\"description\" content=\"Schnittmuster f\u00fcr T\u00e4schchen mit Negativ-Applikation bzw. Guckloch in 5 Gr\u00f6\u00dfen. Die T\u00e4schchen sind ganz einfach zu n\u00e4hen. F\u00fcr N\u00e4hanf\u00e4nger geeignet.\" \/>\n<meta name=\"robots\" content=\"index, follow, max-snippet:-1, max-image-preview:large, max-video-preview:-1\" \/>\n<link rel=\"canonical\" href=\"https:\/\/crearesa.de\/shop\/produkt\/kosmetiktaschen-und-etuis-schnittmuster\/\" \/>\n<meta property=\"og:locale\" content=\"de_DE\" \/>\n<meta property=\"og:type\" content=\"article\" \/>\n<meta property=\"og:title\" content=\"Kosmetiktaschen und Etuis mit und ohne Guckloch - Schnittmuster E-Book - creaResa - sch\u00f6ne Sachen selber machen\" \/>\n<meta property=\"og:description\" content=\"Schnittmuster f\u00fcr T\u00e4schchen mit Negativ-Applikation bzw. Guckloch in 5 Gr\u00f6\u00dfen. Die T\u00e4schchen sind ganz einfach zu n\u00e4hen. F\u00fcr N\u00e4hanf\u00e4nger geeignet.\" \/>\n<meta property=\"og:url\" content=\"https:\/\/crearesa.de\/shop\/produkt\/kosmetiktaschen-und-etuis-schnittmuster\/\" \/>\n<meta property=\"og:site_name\" content=\"creaResa - sch\u00f6ne Sachen selber machen\" \/>\n<meta property=\"article:publisher\" content=\"https:\/\/www.facebook.com\/crearesa\/\" \/>\n<meta property=\"article:modified_time\" content=\"2025-05-02T14:34:26+00:00\" \/>\n<meta property=\"og:image\" content=\"https:\/\/crearesa.de\/shop\/wp-content\/uploads\/2022\/11\/gucki-kosmetiktasche-1.jpg\" \/>\n\t<meta property=\"og:image:width\" content=\"1500\" \/>\n\t<meta property=\"og:image:height\" content=\"1500\" \/>\n\t<meta property=\"og:image:type\" content=\"image\/jpeg\" \/>\n<meta name=\"twitter:card\" content=\"summary_large_image\" \/>\n<meta name=\"twitter:label1\" content=\"Gesch\u00e4tzte Lesezeit\" \/>\n\t<meta name=\"twitter:data1\" content=\"3\u00a0Minuten\" \/>\n<script type=\"application\/ld+json\" class=\"yoast-schema-graph\">{\"@context\":\"https:\\\/\\\/schema.org\",\"@graph\":[{\"@type\":\"WebPage\",\"@id\":\"https:\\\/\\\/crearesa.de\\\/shop\\\/produkt\\\/kosmetiktaschen-und-etuis-schnittmuster\\\/\",\"url\":\"https:\\\/\\\/crearesa.de\\\/shop\\\/produkt\\\/kosmetiktaschen-und-etuis-schnittmuster\\\/\",\"name\":\"Kosmetiktaschen und Etuis mit und ohne Guckloch - Schnittmuster E-Book - creaResa - sch\u00f6ne Sachen selber machen\",\"isPartOf\":{\"@id\":\"https:\\\/\\\/crearesa.de\\\/shop\\\/#website\"},\"primaryImageOfPage\":{\"@id\":\"https:\\\/\\\/crearesa.de\\\/shop\\\/produkt\\\/kosmetiktaschen-und-etuis-schnittmuster\\\/#primaryimage\"},\"image\":{\"@id\":\"https:\\\/\\\/crearesa.de\\\/shop\\\/produkt\\\/kosmetiktaschen-und-etuis-schnittmuster\\\/#primaryimage\"},\"thumbnailUrl\":\"https:\\\/\\\/crearesa.de\\\/shop\\\/wp-content\\\/uploads\\\/2022\\\/11\\\/gucki-kosmetiktasche-1.jpg\",\"datePublished\":\"2022-11-21T21:24:53+00:00\",\"dateModified\":\"2025-05-02T14:34:26+00:00\",\"description\":\"Schnittmuster f\u00fcr T\u00e4schchen mit Negativ-Applikation bzw. Guckloch in 5 Gr\u00f6\u00dfen. Die T\u00e4schchen sind ganz einfach zu n\u00e4hen. F\u00fcr N\u00e4hanf\u00e4nger geeignet.\",\"breadcrumb\":{\"@id\":\"https:\\\/\\\/crearesa.de\\\/shop\\\/produkt\\\/kosmetiktaschen-und-etuis-schnittmuster\\\/#breadcrumb\"},\"inLanguage\":\"de\",\"potentialAction\":[{\"@type\":\"ReadAction\",\"target\":[\"https:\\\/\\\/crearesa.de\\\/shop\\\/produkt\\\/kosmetiktaschen-und-etuis-schnittmuster\\\/\"]}]},{\"@type\":\"ImageObject\",\"inLanguage\":\"de\",\"@id\":\"https:\\\/\\\/crearesa.de\\\/shop\\\/produkt\\\/kosmetiktaschen-und-etuis-schnittmuster\\\/#primaryimage\",\"url\":\"https:\\\/\\\/crearesa.de\\\/shop\\\/wp-content\\\/uploads\\\/2022\\\/11\\\/gucki-kosmetiktasche-1.jpg\",\"contentUrl\":\"https:\\\/\\\/crearesa.de\\\/shop\\\/wp-content\\\/uploads\\\/2022\\\/11\\\/gucki-kosmetiktasche-1.jpg\",\"width\":1500,\"height\":1500},{\"@type\":\"BreadcrumbList\",\"@id\":\"https:\\\/\\\/crearesa.de\\\/shop\\\/produkt\\\/kosmetiktaschen-und-etuis-schnittmuster\\\/#breadcrumb\",\"itemListElement\":[{\"@type\":\"ListItem\",\"position\":1,\"name\":\"Startseite\",\"item\":\"https:\\\/\\\/crearesa.de\\\/shop\\\/\"},{\"@type\":\"ListItem\",\"position\":2,\"name\":\"Schnittmuster Shop\",\"item\":\"https:\\\/\\\/crearesa.de\\\/shop\\\/\"},{\"@type\":\"ListItem\",\"position\":3,\"name\":\"Kosmetiktaschen und Etuis mit und ohne Guckloch &#8211; Schnittmuster E-Book\"}]},{\"@type\":\"WebSite\",\"@id\":\"https:\\\/\\\/crearesa.de\\\/shop\\\/#website\",\"url\":\"https:\\\/\\\/crearesa.de\\\/shop\\\/\",\"name\":\"creaResa - sch\u00f6ne Sachen selber machen\",\"description\":\"Shop f\u00fcr Schnittmuster und N\u00e4hpakete\",\"publisher\":{\"@id\":\"https:\\\/\\\/crearesa.de\\\/shop\\\/#organization\"},\"potentialAction\":[{\"@type\":\"SearchAction\",\"target\":{\"@type\":\"EntryPoint\",\"urlTemplate\":\"https:\\\/\\\/crearesa.de\\\/shop\\\/?s={search_term_string}\"},\"query-input\":{\"@type\":\"PropertyValueSpecification\",\"valueRequired\":true,\"valueName\":\"search_term_string\"}}],\"inLanguage\":\"de\"},{\"@type\":\"Organization\",\"@id\":\"https:\\\/\\\/crearesa.de\\\/shop\\\/#organization\",\"name\":\"creaResa\",\"url\":\"https:\\\/\\\/crearesa.de\\\/shop\\\/\",\"logo\":{\"@type\":\"ImageObject\",\"inLanguage\":\"de\",\"@id\":\"https:\\\/\\\/crearesa.de\\\/shop\\\/#\\\/schema\\\/logo\\\/image\\\/\",\"url\":\"https:\\\/\\\/crearesa.de\\\/shop\\\/wp-content\\\/uploads\\\/2020\\\/06\\\/logo_crearesa-1.png\",\"contentUrl\":\"https:\\\/\\\/crearesa.de\\\/shop\\\/wp-content\\\/uploads\\\/2020\\\/06\\\/logo_crearesa-1.png\",\"width\":400,\"height\":172,\"caption\":\"creaResa\"},\"image\":{\"@id\":\"https:\\\/\\\/crearesa.de\\\/shop\\\/#\\\/schema\\\/logo\\\/image\\\/\"},\"sameAs\":[\"https:\\\/\\\/www.facebook.com\\\/crearesa\\\/\",\"https:\\\/\\\/www.instagram.com\\\/crearesa\\\/\",\"https:\\\/\\\/www.pinterest.de\\\/resa_crearesa\\\/\"]}]}<\/script>\n<!-- \/ Yoast SEO plugin. -->","yoast_head_json":{"title":"Kosmetiktaschen und Etuis mit und ohne Guckloch - Schnittmuster E-Book - creaResa - sch\u00f6ne Sachen selber machen","description":"Schnittmuster f\u00fcr T\u00e4schchen mit Negativ-Applikation bzw. Guckloch in 5 Gr\u00f6\u00dfen. Die T\u00e4schchen sind ganz einfach zu n\u00e4hen. F\u00fcr N\u00e4hanf\u00e4nger geeignet.","robots":{"index":"index","follow":"follow","max-snippet":"max-snippet:-1","max-image-preview":"max-image-preview:large","max-video-preview":"max-video-preview:-1"},"canonical":"https:\/\/crearesa.de\/shop\/produkt\/kosmetiktaschen-und-etuis-schnittmuster\/","og_locale":"de_DE","og_type":"article","og_title":"Kosmetiktaschen und Etuis mit und ohne Guckloch - Schnittmuster E-Book - creaResa - sch\u00f6ne Sachen selber machen","og_description":"Schnittmuster f\u00fcr T\u00e4schchen mit Negativ-Applikation bzw. Guckloch in 5 Gr\u00f6\u00dfen. Die T\u00e4schchen sind ganz einfach zu n\u00e4hen. F\u00fcr N\u00e4hanf\u00e4nger geeignet.","og_url":"https:\/\/crearesa.de\/shop\/produkt\/kosmetiktaschen-und-etuis-schnittmuster\/","og_site_name":"creaResa - sch\u00f6ne Sachen selber machen","article_publisher":"https:\/\/www.facebook.com\/crearesa\/","article_modified_time":"2025-05-02T14:34:26+00:00","og_image":[{"width":1500,"height":1500,"url":"https:\/\/crearesa.de\/shop\/wp-content\/uploads\/2022\/11\/gucki-kosmetiktasche-1.jpg","type":"image\/jpeg"}],"twitter_card":"summary_large_image","twitter_misc":{"Gesch\u00e4tzte Lesezeit":"3\u00a0Minuten"},"schema":{"@context":"https:\/\/schema.org","@graph":[{"@type":"WebPage","@id":"https:\/\/crearesa.de\/shop\/produkt\/kosmetiktaschen-und-etuis-schnittmuster\/","url":"https:\/\/crearesa.de\/shop\/produkt\/kosmetiktaschen-und-etuis-schnittmuster\/","name":"Kosmetiktaschen und Etuis mit und ohne Guckloch - Schnittmuster E-Book - creaResa - sch\u00f6ne Sachen selber machen","isPartOf":{"@id":"https:\/\/crearesa.de\/shop\/#website"},"primaryImageOfPage":{"@id":"https:\/\/crearesa.de\/shop\/produkt\/kosmetiktaschen-und-etuis-schnittmuster\/#primaryimage"},"image":{"@id":"https:\/\/crearesa.de\/shop\/produkt\/kosmetiktaschen-und-etuis-schnittmuster\/#primaryimage"},"thumbnailUrl":"https:\/\/crearesa.de\/shop\/wp-content\/uploads\/2022\/11\/gucki-kosmetiktasche-1.jpg","datePublished":"2022-11-21T21:24:53+00:00","dateModified":"2025-05-02T14:34:26+00:00","description":"Schnittmuster f\u00fcr T\u00e4schchen mit Negativ-Applikation bzw. Guckloch in 5 Gr\u00f6\u00dfen. Die T\u00e4schchen sind ganz einfach zu n\u00e4hen. F\u00fcr N\u00e4hanf\u00e4nger geeignet.","breadcrumb":{"@id":"https:\/\/crearesa.de\/shop\/produkt\/kosmetiktaschen-und-etuis-schnittmuster\/#breadcrumb"},"inLanguage":"de","potentialAction":[{"@type":"ReadAction","target":["https:\/\/crearesa.de\/shop\/produkt\/kosmetiktaschen-und-etuis-schnittmuster\/"]}]},{"@type":"ImageObject","inLanguage":"de","@id":"https:\/\/crearesa.de\/shop\/produkt\/kosmetiktaschen-und-etuis-schnittmuster\/#primaryimage","url":"https:\/\/crearesa.de\/shop\/wp-content\/uploads\/2022\/11\/gucki-kosmetiktasche-1.jpg","contentUrl":"https:\/\/crearesa.de\/shop\/wp-content\/uploads\/2022\/11\/gucki-kosmetiktasche-1.jpg","width":1500,"height":1500},{"@type":"BreadcrumbList","@id":"https:\/\/crearesa.de\/shop\/produkt\/kosmetiktaschen-und-etuis-schnittmuster\/#breadcrumb","itemListElement":[{"@type":"ListItem","position":1,"name":"Startseite","item":"https:\/\/crearesa.de\/shop\/"},{"@type":"ListItem","position":2,"name":"Schnittmuster Shop","item":"https:\/\/crearesa.de\/shop\/"},{"@type":"ListItem","position":3,"name":"Kosmetiktaschen und Etuis mit und ohne Guckloch &#8211; Schnittmuster E-Book"}]},{"@type":"WebSite","@id":"https:\/\/crearesa.de\/shop\/#website","url":"https:\/\/crearesa.de\/shop\/","name":"creaResa - sch\u00f6ne Sachen selber machen","description":"Shop f\u00fcr Schnittmuster und N\u00e4hpakete","publisher":{"@id":"https:\/\/crearesa.de\/shop\/#organization"},"potentialAction":[{"@type":"SearchAction","target":{"@type":"EntryPoint","urlTemplate":"https:\/\/crearesa.de\/shop\/?s={search_term_string}"},"query-input":{"@type":"PropertyValueSpecification","valueRequired":true,"valueName":"search_term_string"}}],"inLanguage":"de"},{"@type":"Organization","@id":"https:\/\/crearesa.de\/shop\/#organization","name":"creaResa","url":"https:\/\/crearesa.de\/shop\/","logo":{"@type":"ImageObject","inLanguage":"de","@id":"https:\/\/crearesa.de\/shop\/#\/schema\/logo\/image\/","url":"https:\/\/crearesa.de\/shop\/wp-content\/uploads\/2020\/06\/logo_crearesa-1.png","contentUrl":"https:\/\/crearesa.de\/shop\/wp-content\/uploads\/2020\/06\/logo_crearesa-1.png","width":400,"height":172,"caption":"creaResa"},"image":{"@id":"https:\/\/crearesa.de\/shop\/#\/schema\/logo\/image\/"},"sameAs":["https:\/\/www.facebook.com\/crearesa\/","https:\/\/www.instagram.com\/crearesa\/","https:\/\/www.pinterest.de\/resa_crearesa\/"]}]}},"_links":{"self":[{"href":"https:\/\/crearesa.de\/shop\/wp-json\/wp\/v2\/product\/24521","targetHints":{"allow":["GET"]}}],"collection":[{"href":"https:\/\/crearesa.de\/shop\/wp-json\/wp\/v2\/product"}],"about":[{"href":"https:\/\/crearesa.de\/shop\/wp-json\/wp\/v2\/types\/product"}],"replies":[{"embeddable":true,"href":"https:\/\/crearesa.de\/shop\/wp-json\/wp\/v2\/comments?post=24521"}],"wp:featuredmedia":[{"embeddable":true,"href":"https:\/\/crearesa.de\/shop\/wp-json\/wp\/v2\/media\/25125"}],"wp:attachment":[{"href":"https:\/\/crearesa.de\/shop\/wp-json\/wp\/v2\/media?parent=24521"}],"wp:term":[{"taxonomy":"product_brand","embeddable":true,"href":"https:\/\/crearesa.de\/shop\/wp-json\/wp\/v2\/product_brand?post=24521"},{"taxonomy":"product_cat","embeddable":true,"href":"https:\/\/crearesa.de\/shop\/wp-json\/wp\/v2\/product_cat?post=24521"},{"taxonomy":"product_tag","embeddable":true,"href":"https:\/\/crearesa.de\/shop\/wp-json\/wp\/v2\/product_tag?post=24521"}],"curies":[{"name":"wp","href":"https:\/\/api.w.org\/{rel}","templated":true}]}}