{"id":25724,"date":"2023-04-11T18:11:09","date_gmt":"2023-04-11T16:11:09","guid":{"rendered":"https:\/\/crearesa.de\/shop\/?post_type=product&#038;p=25724"},"modified":"2024-10-08T11:06:17","modified_gmt":"2024-10-08T09:06:17","slug":"basic-hoodie-resa-schnittmuster","status":"publish","type":"product","link":"https:\/\/crearesa.de\/shop\/produkt\/basic-hoodie-resa-schnittmuster\/","title":{"rendered":"Basic Hoodie Resa &#8211; Schnittmuster (E-Book)"},"content":{"rendered":"<p><strong>1,90 m Stoff &#8211; 17 N\u00e4hte: <\/strong><strong>Hoodie Resa ist ein Basic Raglanpulli, der schnell gen\u00e4ht ist.\u00a0<\/strong><\/p>\n<ul>\n<li>gerade Form<\/li>\n<li>etwas oversized, aber nicht zu sehr &#8211; f\u00fcr Kuschelsweat und leichten Sommersweat<\/li>\n<li>durch den Oversize-Schnitt kannst du den Hoodie auch eine Nummer kleiner oder gr\u00f6\u00dfer n\u00e4hen<\/li>\n<li>sch\u00f6ne, gef\u00fctterte Kapuze<\/li>\n<\/ul>\n<p>F\u00fcr den Basic-Hoodie ben\u00f6tigst du nur<strong> einen<\/strong> passenden Stoff, da <span style=\"font-size: 16px;\">sowohl das Saumb\u00fcndchen, die \u00c4rmelb\u00fcndchen als auch das Futter der Kapuze aus dem Hauptstoff gen\u00e4ht werden. <\/span><b style=\"font-style: inherit;\">Alle Materialangaben beziehen sich auf diese Basic Variante.<\/b><\/p>\n<p class=\"p1\"><b>Varianten f\u00fcr Fortgeschrittene:<\/b> Gerade weil der Schnitt so einfach gehalten ist, kannst du <strong>selber kreativ<\/strong> werden: Du kannst die L\u00e4nge beliebig anpassen, die B\u00fcndchen enger machen und aus B\u00fcndchenstoff n\u00e4hen oder das Saumb\u00fcndchen ganz weg lassen. Die Kapuze kannst du alternativ mit einem Kontraststoff f\u00fcttern oder nur mit einer Blende (im Schnittmuster dabei) versehen.\u00a0 Aber denke daran, dass sich dadurch der Stoffverbrauch \u00e4ndern kann. Die Varianten sind in der Anleitung nicht beschrieben.<br \/>\n<strong>Du kannst mit dem Schnittmuster auch einen Sweater n\u00e4hen<\/strong>. Im Schnittmuster sind Halsb\u00fcndchen in zwei Weiten dabei (f\u00fcr B\u00fcndchenstoff und f\u00fcr Sweat).<\/p>\n<p><strong>N\u00e4hschwierigkeit: leicht<br \/>\nGr\u00f6\u00dfe: 36 bis 48<br \/>\n<\/strong><\/p>\n<p>Das Schnittmuster enth\u00e4lt keine Nahtzugabe.<\/p>\n<p><strong>Passend zum Hoodie Resa kannst du eine Blusenverl\u00e4ngerung n\u00e4hen, die in den Pulli eingekn\u00f6pft wird. <\/strong>Mehr Infos <a href=\"https:\/\/crearesa.de\/fake-bluse-naehen-fuer-den-lagenlook-freebie\/\">auf meinem Blog<\/a>. Das kostenlose Schnittmuster gibt es <a href=\"https:\/\/crearesa.de\/shop\/produkt\/fake-bluse-schnittmuster-freebie\/\">hier im Shop<\/a>.<\/p>\n<p><strong>Nach dem Kauf kannst du eine ZIP-Datei herunterladen und entpacken. In dieser sind enthalten:<\/strong><\/p>\n<ul>\n<li>Eine ausf\u00fchrliche Anleitung mit vielen Bildern f\u00fcr N\u00e4hanf\u00e4nger.<\/li>\n<li>Das Schnittmuster als PDF-Datei zum Ausdruck auf DIN A4 Papier (26 Seiten).\u00a0 Die Gr\u00f6\u00dfen sind auf Ebenen angelegt. Du kannst die Gr\u00f6\u00dfen, die du nicht ben\u00f6tigst, vor dem Ausdruck ausblenden.<span class=\"Apple-converted-space\" style=\"font-size: 16px; font-family: -apple-system, BlinkMacSystemFont, 'Segoe UI', Roboto, Oxygen-Sans, Ubuntu, Cantarell, 'Helvetica Neue', sans-serif;\">\u00a0<\/span><br \/>\nNach dem Ausdruck musst du die Seiten zusammenkleben.<a style=\"font-family: -apple-system, BlinkMacSystemFont, 'Segoe UI', Roboto, Oxygen-Sans, Ubuntu, Cantarell, 'Helvetica Neue', sans-serif;\" href=\"https:\/\/crearesa.de\/schnittmuster-e-book-ausdrucken-und-kleben\/\" target=\"_blank\" rel=\"noopener noreferrer\">\u00a0&gt;&gt; Eine Anleitung dazu findest du auf meinem Blog.<\/a><\/li>\n<li>Das Schnittmuster als PDF-Datei im DIN A0 Format f\u00fcr den Ausdruck mit einem Plotter &#8211; entweder in einer Druckerei oder bei einer Online-Plotterei.<\/li>\n<\/ul>\n<p class=\"p1\"><b>Stoffempfehlung:<br \/>\n<\/b>Mittelschwere<b> <\/b>dehnbare Strickstoffe: Sweatshirt, Nicki, Romanit Jersey, Strickjaquards, Strickstoffe, schwerer Jersey, Interlock<\/p>\n<p class=\"p1\"><span class=\"Apple-converted-space\">\u00a0<\/span><strong>Materialverbrauch<\/strong><\/p>\n<ul>\n<li class=\"p1\">1,90 m Stoff, Breite: 1,40 m<\/li>\n<li>optional B\u00fcndchenstoff<\/li>\n<li>passendes N\u00e4hgarn<\/li>\n<\/ul>\n<p>Zeig uns deinen Hoodie Resa auf Instagram mit dem Hashtag \u00a0<a href=\"https:\/\/www.instagram.com\/explore\/tags\/hoodieresa\/\" target=\"_blank\" rel=\"noopener\">#hoodieresa<\/a><\/p>\n<div class=\"shariff\" data-services=\"pinterest%7Cfacebook\" data-url=\"https%3A%2F%2Fcrearesa.de%2Fshop%2Fprodukt%2Fbasic-hoodie-resa-schnittmuster%2F\" data-timestamp=\"1728385577\" data-hidezero=\"1\" data-backendurl=\"https:\/\/crearesa.de\/shop\/wp-json\/shariff\/v1\/share_counts?\"><ul class=\"shariff-buttons theme-default orientation-horizontal buttonsize-medium\"><li class=\"shariff-button pinterest shariff-nocustomcolor\" style=\"background-color:#e70f18\"><a href=\"https:\/\/www.pinterest.com\/pin\/create\/link\/?url=https%3A%2F%2Fcrearesa.de%2Fshop%2Fprodukt%2Fbasic-hoodie-resa-schnittmuster%2F&media=https%3A%2F%2Fcrearesa.de%2Fshop%2Fwp-content%2Fuploads%2F2023%2F04%2Fhoodie-resa-kuschelsweat.jpg&description=Basic%20Hoodie%20Resa%20-%20Schnittmuster%20%28E-Book%29\" title=\"Bei Pinterest pinnen\" aria-label=\"Bei Pinterest pinnen\" role=\"button\" rel=\"noreferrernoopener nofollow\" class=\"shariff-link\" style=\"; background-color:#cb2027; color:#fff\" target=\"_blank\"><span class=\"shariff-icon\" style=\"\"><svg width=\"32px\" height=\"20px\" xmlns=\"http:\/\/www.w3.org\/2000\/svg\" viewBox=\"0 0 27 32\"><path fill=\"#cb2027\" d=\"M27.4 16q0 3.7-1.8 6.9t-5 5-6.9 1.9q-2 0-3.9-0.6 1.1-1.7 1.4-2.9 0.2-0.6 1-3.8 0.4 0.7 1.3 1.2t2 0.5q2.1 0 3.8-1.2t2.7-3.4 0.9-4.8q0-2-1.1-3.8t-3.1-2.9-4.5-1.2q-1.9 0-3.5 0.5t-2.8 1.4-2 2-1.2 2.3-0.4 2.4q0 1.9 0.7 3.3t2.1 2q0.5 0.2 0.7-0.4 0-0.1 0.1-0.5t0.2-0.5q0.1-0.4-0.2-0.8-0.9-1.1-0.9-2.7 0-2.7 1.9-4.6t4.9-2q2.7 0 4.2 1.5t1.5 3.8q0 3-1.2 5.2t-3.1 2.1q-1.1 0-1.7-0.8t-0.4-1.9q0.1-0.6 0.5-1.7t0.5-1.8 0.2-1.4q0-0.9-0.5-1.5t-1.4-0.6q-1.1 0-1.9 1t-0.8 2.6q0 1.3 0.4 2.2l-1.8 7.5q-0.3 1.2-0.2 3.2-3.7-1.6-6-5t-2.3-7.6q0-3.7 1.9-6.9t5-5 6.9-1.9 6.9 1.9 5 5 1.8 6.9z\"\/><\/svg><\/span><span class=\"shariff-text\">merken<\/span>&nbsp;<span data-service=\"pinterest\" style=\"color:#cb2027\" class=\"shariff-count shariff-hidezero\"><\/span>&nbsp;<\/a><\/li><li class=\"shariff-button facebook shariff-nocustomcolor\" style=\"background-color:#4273c8\"><a href=\"https:\/\/www.facebook.com\/sharer\/sharer.php?u=https%3A%2F%2Fcrearesa.de%2Fshop%2Fprodukt%2Fbasic-hoodie-resa-schnittmuster%2F\" title=\"Bei Facebook teilen\" aria-label=\"Bei Facebook teilen\" role=\"button\" rel=\"noreferrernoopener nofollow\" class=\"shariff-link\" style=\"; background-color:#3b5998; color:#fff\" target=\"_blank\"><span class=\"shariff-icon\" style=\"\"><svg width=\"32px\" height=\"20px\" xmlns=\"http:\/\/www.w3.org\/2000\/svg\" viewBox=\"0 0 18 32\"><path fill=\"#3b5998\" d=\"M17.1 0.2v4.7h-2.8q-1.5 0-2.1 0.6t-0.5 1.9v3.4h5.2l-0.7 5.3h-4.5v13.6h-5.5v-13.6h-4.5v-5.3h4.5v-3.9q0-3.3 1.9-5.2t5-1.8q2.6 0 4.1 0.2z\"\/><\/svg><\/span><span class=\"shariff-text\">teilen<\/span>&nbsp;<span data-service=\"facebook\" style=\"color:#3b5998\" class=\"shariff-count shariff-hidezero\"><\/span>&nbsp;<\/a><\/li><li class=\"shariff-button printer shariff-nocustomcolor\" style=\"background-color:#a8a8a8\"><a href=\"javascript:window.print()\" title=\"drucken\" aria-label=\"drucken\" role=\"button\" rel=\"noreferrernoopener nofollow\" class=\"shariff-link\" style=\"; background-color:#999; color:#fff\"><span class=\"shariff-icon\" style=\"\"><svg width=\"32px\" height=\"20px\" xmlns=\"http:\/\/www.w3.org\/2000\/svg\" viewBox=\"0 0 30 32\"><path fill=\"#999\" d=\"M6.8 27.4h16v-4.6h-16v4.6zM6.8 16h16v-6.8h-2.8q-0.7 0-1.2-0.5t-0.5-1.2v-2.8h-11.4v11.4zM27.4 17.2q0-0.5-0.3-0.8t-0.8-0.4-0.8 0.4-0.3 0.8 0.3 0.8 0.8 0.3 0.8-0.3 0.3-0.8zM29.7 17.2v7.4q0 0.2-0.2 0.4t-0.4 0.2h-4v2.8q0 0.7-0.5 1.2t-1.2 0.5h-17.2q-0.7 0-1.2-0.5t-0.5-1.2v-2.8h-4q-0.2 0-0.4-0.2t-0.2-0.4v-7.4q0-1.4 1-2.4t2.4-1h1.2v-9.7q0-0.7 0.5-1.2t1.2-0.5h12q0.7 0 1.6 0.4t1.3 0.8l2.7 2.7q0.5 0.5 0.9 1.4t0.4 1.6v4.6h1.1q1.4 0 2.4 1t1 2.4z\"\/><\/svg><\/span><span class=\"shariff-text\">drucken<\/span>&nbsp;<\/a><\/li><\/ul><\/div>","protected":false},"excerpt":{"rendered":"<p><strong>Hoodie Resa ist ein Basic Raglanpulli, der schnell gen\u00e4ht ist.\u00a0<\/strong><\/p>\n<ul>\n<li>etwas oversized, aber nicht zu sehr &#8211; deshalb toll f\u00fcr einen\u00a0<strong>leichten Sommerhoodie<\/strong>\u00a0geeignet<\/li>\n<li>gerade Form<\/li>\n<li>durch den Oversize-Schnitt kannst du den Hoodie auch eine Nummer kleiner oder gr\u00f6\u00dfer n\u00e4hen<\/li>\n<li>sch\u00f6ne, gef\u00fctterte Kapuze<\/li>\n<li>Gr. 36 &#8211; 48<\/li>\n<\/ul>\n<p>F\u00fcr den Basic-Hoodie ben\u00f6tigst du nur<strong> einen<\/strong> passenden Stoff, da <span style=\"font-size: 16px;\">sowohl das Saumb\u00fcndchen, die \u00c4rmelb\u00fcndchen als auch das Futter der Kapuze aus dem Hauptstoff gen\u00e4ht werden.<\/span><\/p>\n<p><strong>Schnittmuster zum Download und selber ausdrucken.<\/strong><\/p>\n","protected":false},"featured_media":27075,"comment_status":"open","ping_status":"closed","template":"","meta":{"site-sidebar-layout":"default","site-content-layout":"default","ast-site-content-layout":"default","site-content-style":"default","site-sidebar-style":"default","ast-global-header-display":"","ast-banner-title-visibility":"","ast-main-header-display":"","ast-hfb-above-header-display":"","ast-hfb-below-header-display":"","ast-hfb-mobile-header-display":"","site-post-title":"","ast-breadcrumbs-content":"","ast-featured-img":"","footer-sml-layout":"","ast-disable-related-posts":"","theme-transparent-header-meta":"default","adv-header-id-meta":"","stick-header-meta":"default","header-above-stick-meta":"","header-main-stick-meta":"","header-below-stick-meta":"","astra-migrate-meta-layouts":"set","ast-page-background-enabled":"default","ast-page-background-meta":{"desktop":{"background-color":"","background-image":"","background-repeat":"repeat","background-position":"center center","background-size":"auto","background-attachment":"scroll","background-type":"","background-media":"","overlay-type":"","overlay-color":"","overlay-opacity":"","overlay-gradient":""},"tablet":{"background-color":"","background-image":"","background-repeat":"repeat","background-position":"center center","background-size":"auto","background-attachment":"scroll","background-type":"","background-media":"","overlay-type":"","overlay-color":"","overlay-opacity":"","overlay-gradient":""},"mobile":{"background-color":"","background-image":"","background-repeat":"repeat","background-position":"center center","background-size":"auto","background-attachment":"scroll","background-type":"","background-media":"","overlay-type":"","overlay-color":"","overlay-opacity":"","overlay-gradient":""}},"ast-content-background-meta":{"desktop":{"background-color":"var(--ast-global-color-5)","background-image":"","background-repeat":"repeat","background-position":"center center","background-size":"auto","background-attachment":"scroll","background-type":"","background-media":"","overlay-type":"","overlay-color":"","overlay-opacity":"","overlay-gradient":""},"tablet":{"background-color":"var(--ast-global-color-5)","background-image":"","background-repeat":"repeat","background-position":"center center","background-size":"auto","background-attachment":"scroll","background-type":"","background-media":"","overlay-type":"","overlay-color":"","overlay-opacity":"","overlay-gradient":""},"mobile":{"background-color":"var(--ast-global-color-5)","background-image":"","background-repeat":"repeat","background-position":"center center","background-size":"auto","background-attachment":"scroll","background-type":"","background-media":"","overlay-type":"","overlay-color":"","overlay-opacity":"","overlay-gradient":""}}},"product_brand":[],"product_cat":[35],"product_tag":[94,95,97,236],"class_list":{"0":"post-25724","1":"product","2":"type-product","3":"status-publish","4":"has-post-thumbnail","6":"product_cat-schnittmuster-fuer-damen-und-kinder","7":"product_tag-hoodie","8":"product_tag-sweatshirt","9":"product_tag-damen","10":"product_tag-basic","11":"desktop-align-left","12":"tablet-align-left","13":"mobile-align-left","14":"ast-product-gallery-layout-horizontal","15":"ast-product-tabs-layout-vertical","17":"first","18":"instock","19":"downloadable","20":"virtual","21":"sold-individually","22":"taxable","23":"purchasable","24":"product-type-simple"},"yoast_head":"<!-- This site is optimized with the Yoast SEO plugin v27.3 - https:\/\/yoast.com\/product\/yoast-seo-wordpress\/ -->\n<title>Basic Hoodie Resa - Schnittmuster (E-Book) - creaResa - sch\u00f6ne Sachen selber machen<\/title>\n<meta name=\"description\" content=\"Ein schnell gen\u00e4hter Hoodie - modisch kurz und oversized. B\u00fcndchen und Kapuze werden aus dem Hauptstoff gen\u00e4ht. Die Kapuze ist gef\u00fcttert. Auch als Sweater.\" \/>\n<meta name=\"robots\" content=\"index, follow, max-snippet:-1, max-image-preview:large, max-video-preview:-1\" \/>\n<link rel=\"canonical\" href=\"https:\/\/crearesa.de\/shop\/produkt\/basic-hoodie-resa-schnittmuster\/\" \/>\n<meta property=\"og:locale\" content=\"de_DE\" \/>\n<meta property=\"og:type\" content=\"article\" \/>\n<meta property=\"og:title\" content=\"Basic Hoodie Resa - Schnittmuster (E-Book) - creaResa - sch\u00f6ne Sachen selber machen\" \/>\n<meta property=\"og:description\" content=\"Ein schnell gen\u00e4hter Hoodie - modisch kurz und oversized. B\u00fcndchen und Kapuze werden aus dem Hauptstoff gen\u00e4ht. Die Kapuze ist gef\u00fcttert. Auch als Sweater.\" \/>\n<meta property=\"og:url\" content=\"https:\/\/crearesa.de\/shop\/produkt\/basic-hoodie-resa-schnittmuster\/\" \/>\n<meta property=\"og:site_name\" content=\"creaResa - sch\u00f6ne Sachen selber machen\" \/>\n<meta property=\"article:publisher\" content=\"https:\/\/www.facebook.com\/crearesa\/\" \/>\n<meta property=\"article:modified_time\" content=\"2024-10-08T09:06:17+00:00\" \/>\n<meta property=\"og:image\" content=\"https:\/\/crearesa.de\/shop\/wp-content\/uploads\/2023\/04\/hoodie-resa-kuschelsweat.jpg\" \/>\n\t<meta property=\"og:image:width\" content=\"1500\" \/>\n\t<meta property=\"og:image:height\" content=\"1500\" \/>\n\t<meta property=\"og:image:type\" content=\"image\/jpeg\" \/>\n<meta name=\"twitter:card\" content=\"summary_large_image\" \/>\n<meta name=\"twitter:label1\" content=\"Gesch\u00e4tzte Lesezeit\" \/>\n\t<meta name=\"twitter:data1\" content=\"3\u00a0Minuten\" \/>\n<script type=\"application\/ld+json\" class=\"yoast-schema-graph\">{\"@context\":\"https:\\\/\\\/schema.org\",\"@graph\":[{\"@type\":\"WebPage\",\"@id\":\"https:\\\/\\\/crearesa.de\\\/shop\\\/produkt\\\/basic-hoodie-resa-schnittmuster\\\/\",\"url\":\"https:\\\/\\\/crearesa.de\\\/shop\\\/produkt\\\/basic-hoodie-resa-schnittmuster\\\/\",\"name\":\"Basic Hoodie Resa - Schnittmuster (E-Book) - creaResa - sch\u00f6ne Sachen selber machen\",\"isPartOf\":{\"@id\":\"https:\\\/\\\/crearesa.de\\\/shop\\\/#website\"},\"primaryImageOfPage\":{\"@id\":\"https:\\\/\\\/crearesa.de\\\/shop\\\/produkt\\\/basic-hoodie-resa-schnittmuster\\\/#primaryimage\"},\"image\":{\"@id\":\"https:\\\/\\\/crearesa.de\\\/shop\\\/produkt\\\/basic-hoodie-resa-schnittmuster\\\/#primaryimage\"},\"thumbnailUrl\":\"https:\\\/\\\/crearesa.de\\\/shop\\\/wp-content\\\/uploads\\\/2023\\\/04\\\/hoodie-resa-kuschelsweat.jpg\",\"datePublished\":\"2023-04-11T16:11:09+00:00\",\"dateModified\":\"2024-10-08T09:06:17+00:00\",\"description\":\"Ein schnell gen\u00e4hter Hoodie - modisch kurz und oversized. B\u00fcndchen und Kapuze werden aus dem Hauptstoff gen\u00e4ht. Die Kapuze ist gef\u00fcttert. Auch als Sweater.\",\"breadcrumb\":{\"@id\":\"https:\\\/\\\/crearesa.de\\\/shop\\\/produkt\\\/basic-hoodie-resa-schnittmuster\\\/#breadcrumb\"},\"inLanguage\":\"de\",\"potentialAction\":[{\"@type\":\"ReadAction\",\"target\":[\"https:\\\/\\\/crearesa.de\\\/shop\\\/produkt\\\/basic-hoodie-resa-schnittmuster\\\/\"]}]},{\"@type\":\"ImageObject\",\"inLanguage\":\"de\",\"@id\":\"https:\\\/\\\/crearesa.de\\\/shop\\\/produkt\\\/basic-hoodie-resa-schnittmuster\\\/#primaryimage\",\"url\":\"https:\\\/\\\/crearesa.de\\\/shop\\\/wp-content\\\/uploads\\\/2023\\\/04\\\/hoodie-resa-kuschelsweat.jpg\",\"contentUrl\":\"https:\\\/\\\/crearesa.de\\\/shop\\\/wp-content\\\/uploads\\\/2023\\\/04\\\/hoodie-resa-kuschelsweat.jpg\",\"width\":1500,\"height\":1500},{\"@type\":\"BreadcrumbList\",\"@id\":\"https:\\\/\\\/crearesa.de\\\/shop\\\/produkt\\\/basic-hoodie-resa-schnittmuster\\\/#breadcrumb\",\"itemListElement\":[{\"@type\":\"ListItem\",\"position\":1,\"name\":\"Startseite\",\"item\":\"https:\\\/\\\/crearesa.de\\\/shop\\\/\"},{\"@type\":\"ListItem\",\"position\":2,\"name\":\"Schnittmuster Shop\",\"item\":\"https:\\\/\\\/crearesa.de\\\/shop\\\/\"},{\"@type\":\"ListItem\",\"position\":3,\"name\":\"Basic Hoodie Resa &#8211; Schnittmuster (E-Book)\"}]},{\"@type\":\"WebSite\",\"@id\":\"https:\\\/\\\/crearesa.de\\\/shop\\\/#website\",\"url\":\"https:\\\/\\\/crearesa.de\\\/shop\\\/\",\"name\":\"creaResa - sch\u00f6ne Sachen selber machen\",\"description\":\"Shop f\u00fcr Schnittmuster und N\u00e4hpakete\",\"publisher\":{\"@id\":\"https:\\\/\\\/crearesa.de\\\/shop\\\/#organization\"},\"potentialAction\":[{\"@type\":\"SearchAction\",\"target\":{\"@type\":\"EntryPoint\",\"urlTemplate\":\"https:\\\/\\\/crearesa.de\\\/shop\\\/?s={search_term_string}\"},\"query-input\":{\"@type\":\"PropertyValueSpecification\",\"valueRequired\":true,\"valueName\":\"search_term_string\"}}],\"inLanguage\":\"de\"},{\"@type\":\"Organization\",\"@id\":\"https:\\\/\\\/crearesa.de\\\/shop\\\/#organization\",\"name\":\"creaResa\",\"url\":\"https:\\\/\\\/crearesa.de\\\/shop\\\/\",\"logo\":{\"@type\":\"ImageObject\",\"inLanguage\":\"de\",\"@id\":\"https:\\\/\\\/crearesa.de\\\/shop\\\/#\\\/schema\\\/logo\\\/image\\\/\",\"url\":\"https:\\\/\\\/crearesa.de\\\/shop\\\/wp-content\\\/uploads\\\/2020\\\/06\\\/logo_crearesa-1.png\",\"contentUrl\":\"https:\\\/\\\/crearesa.de\\\/shop\\\/wp-content\\\/uploads\\\/2020\\\/06\\\/logo_crearesa-1.png\",\"width\":400,\"height\":172,\"caption\":\"creaResa\"},\"image\":{\"@id\":\"https:\\\/\\\/crearesa.de\\\/shop\\\/#\\\/schema\\\/logo\\\/image\\\/\"},\"sameAs\":[\"https:\\\/\\\/www.facebook.com\\\/crearesa\\\/\",\"https:\\\/\\\/www.instagram.com\\\/crearesa\\\/\",\"https:\\\/\\\/www.pinterest.de\\\/resa_crearesa\\\/\"]}]}<\/script>\n<!-- \/ Yoast SEO plugin. -->","yoast_head_json":{"title":"Basic Hoodie Resa - Schnittmuster (E-Book) - creaResa - sch\u00f6ne Sachen selber machen","description":"Ein schnell gen\u00e4hter Hoodie - modisch kurz und oversized. B\u00fcndchen und Kapuze werden aus dem Hauptstoff gen\u00e4ht. Die Kapuze ist gef\u00fcttert. Auch als Sweater.","robots":{"index":"index","follow":"follow","max-snippet":"max-snippet:-1","max-image-preview":"max-image-preview:large","max-video-preview":"max-video-preview:-1"},"canonical":"https:\/\/crearesa.de\/shop\/produkt\/basic-hoodie-resa-schnittmuster\/","og_locale":"de_DE","og_type":"article","og_title":"Basic Hoodie Resa - Schnittmuster (E-Book) - creaResa - sch\u00f6ne Sachen selber machen","og_description":"Ein schnell gen\u00e4hter Hoodie - modisch kurz und oversized. B\u00fcndchen und Kapuze werden aus dem Hauptstoff gen\u00e4ht. Die Kapuze ist gef\u00fcttert. Auch als Sweater.","og_url":"https:\/\/crearesa.de\/shop\/produkt\/basic-hoodie-resa-schnittmuster\/","og_site_name":"creaResa - sch\u00f6ne Sachen selber machen","article_publisher":"https:\/\/www.facebook.com\/crearesa\/","article_modified_time":"2024-10-08T09:06:17+00:00","og_image":[{"width":1500,"height":1500,"url":"https:\/\/crearesa.de\/shop\/wp-content\/uploads\/2023\/04\/hoodie-resa-kuschelsweat.jpg","type":"image\/jpeg"}],"twitter_card":"summary_large_image","twitter_misc":{"Gesch\u00e4tzte Lesezeit":"3\u00a0Minuten"},"schema":{"@context":"https:\/\/schema.org","@graph":[{"@type":"WebPage","@id":"https:\/\/crearesa.de\/shop\/produkt\/basic-hoodie-resa-schnittmuster\/","url":"https:\/\/crearesa.de\/shop\/produkt\/basic-hoodie-resa-schnittmuster\/","name":"Basic Hoodie Resa - Schnittmuster (E-Book) - creaResa - sch\u00f6ne Sachen selber machen","isPartOf":{"@id":"https:\/\/crearesa.de\/shop\/#website"},"primaryImageOfPage":{"@id":"https:\/\/crearesa.de\/shop\/produkt\/basic-hoodie-resa-schnittmuster\/#primaryimage"},"image":{"@id":"https:\/\/crearesa.de\/shop\/produkt\/basic-hoodie-resa-schnittmuster\/#primaryimage"},"thumbnailUrl":"https:\/\/crearesa.de\/shop\/wp-content\/uploads\/2023\/04\/hoodie-resa-kuschelsweat.jpg","datePublished":"2023-04-11T16:11:09+00:00","dateModified":"2024-10-08T09:06:17+00:00","description":"Ein schnell gen\u00e4hter Hoodie - modisch kurz und oversized. B\u00fcndchen und Kapuze werden aus dem Hauptstoff gen\u00e4ht. Die Kapuze ist gef\u00fcttert. Auch als Sweater.","breadcrumb":{"@id":"https:\/\/crearesa.de\/shop\/produkt\/basic-hoodie-resa-schnittmuster\/#breadcrumb"},"inLanguage":"de","potentialAction":[{"@type":"ReadAction","target":["https:\/\/crearesa.de\/shop\/produkt\/basic-hoodie-resa-schnittmuster\/"]}]},{"@type":"ImageObject","inLanguage":"de","@id":"https:\/\/crearesa.de\/shop\/produkt\/basic-hoodie-resa-schnittmuster\/#primaryimage","url":"https:\/\/crearesa.de\/shop\/wp-content\/uploads\/2023\/04\/hoodie-resa-kuschelsweat.jpg","contentUrl":"https:\/\/crearesa.de\/shop\/wp-content\/uploads\/2023\/04\/hoodie-resa-kuschelsweat.jpg","width":1500,"height":1500},{"@type":"BreadcrumbList","@id":"https:\/\/crearesa.de\/shop\/produkt\/basic-hoodie-resa-schnittmuster\/#breadcrumb","itemListElement":[{"@type":"ListItem","position":1,"name":"Startseite","item":"https:\/\/crearesa.de\/shop\/"},{"@type":"ListItem","position":2,"name":"Schnittmuster Shop","item":"https:\/\/crearesa.de\/shop\/"},{"@type":"ListItem","position":3,"name":"Basic Hoodie Resa &#8211; Schnittmuster (E-Book)"}]},{"@type":"WebSite","@id":"https:\/\/crearesa.de\/shop\/#website","url":"https:\/\/crearesa.de\/shop\/","name":"creaResa - sch\u00f6ne Sachen selber machen","description":"Shop f\u00fcr Schnittmuster und N\u00e4hpakete","publisher":{"@id":"https:\/\/crearesa.de\/shop\/#organization"},"potentialAction":[{"@type":"SearchAction","target":{"@type":"EntryPoint","urlTemplate":"https:\/\/crearesa.de\/shop\/?s={search_term_string}"},"query-input":{"@type":"PropertyValueSpecification","valueRequired":true,"valueName":"search_term_string"}}],"inLanguage":"de"},{"@type":"Organization","@id":"https:\/\/crearesa.de\/shop\/#organization","name":"creaResa","url":"https:\/\/crearesa.de\/shop\/","logo":{"@type":"ImageObject","inLanguage":"de","@id":"https:\/\/crearesa.de\/shop\/#\/schema\/logo\/image\/","url":"https:\/\/crearesa.de\/shop\/wp-content\/uploads\/2020\/06\/logo_crearesa-1.png","contentUrl":"https:\/\/crearesa.de\/shop\/wp-content\/uploads\/2020\/06\/logo_crearesa-1.png","width":400,"height":172,"caption":"creaResa"},"image":{"@id":"https:\/\/crearesa.de\/shop\/#\/schema\/logo\/image\/"},"sameAs":["https:\/\/www.facebook.com\/crearesa\/","https:\/\/www.instagram.com\/crearesa\/","https:\/\/www.pinterest.de\/resa_crearesa\/"]}]}},"_links":{"self":[{"href":"https:\/\/crearesa.de\/shop\/wp-json\/wp\/v2\/product\/25724","targetHints":{"allow":["GET"]}}],"collection":[{"href":"https:\/\/crearesa.de\/shop\/wp-json\/wp\/v2\/product"}],"about":[{"href":"https:\/\/crearesa.de\/shop\/wp-json\/wp\/v2\/types\/product"}],"replies":[{"embeddable":true,"href":"https:\/\/crearesa.de\/shop\/wp-json\/wp\/v2\/comments?post=25724"}],"wp:featuredmedia":[{"embeddable":true,"href":"https:\/\/crearesa.de\/shop\/wp-json\/wp\/v2\/media\/27075"}],"wp:attachment":[{"href":"https:\/\/crearesa.de\/shop\/wp-json\/wp\/v2\/media?parent=25724"}],"wp:term":[{"taxonomy":"product_brand","embeddable":true,"href":"https:\/\/crearesa.de\/shop\/wp-json\/wp\/v2\/product_brand?post=25724"},{"taxonomy":"product_cat","embeddable":true,"href":"https:\/\/crearesa.de\/shop\/wp-json\/wp\/v2\/product_cat?post=25724"},{"taxonomy":"product_tag","embeddable":true,"href":"https:\/\/crearesa.de\/shop\/wp-json\/wp\/v2\/product_tag?post=25724"}],"curies":[{"name":"wp","href":"https:\/\/api.w.org\/{rel}","templated":true}]}}