{"id":27150,"date":"2023-11-17T21:20:13","date_gmt":"2023-11-17T20:20:13","guid":{"rendered":"https:\/\/crearesa.de\/shop\/?post_type=product&#038;p=27150"},"modified":"2024-12-09T00:01:18","modified_gmt":"2024-12-08T23:01:18","slug":"mini-schultertasche-moon-bag-luna","status":"publish","type":"product","link":"https:\/\/crearesa.de\/shop\/produkt\/mini-schultertasche-moon-bag-luna\/","title":{"rendered":"Mini-Schultertasche Moon Bag Luna"},"content":{"rendered":"<h2>Mini-Schultertasche Moon Bag Luna &#8211; Schnittmuster<\/h2>\n<p>Die kleine Schultertasche in Form eines Halbmondes kannst du \u00fcber die Schulter h\u00e4ngen oder bequem als Cross Body Bag tragen. Durch den Boden, der in einer Falte aufspringt oder ohne Falte nach unten immer breiter wird, passt erstaunlich viel in die kleine Tasche.<\/p>\n<p>Damit du Ordnung halten kannst, hat die Schultertasche im Futter ein geteiltes Steckfach und ein Rei\u00dfverschlussfach. Das Futter wird verst\u00fcrzt in die Moon Bag gen\u00e4ht, sodass auch innen alles sch\u00f6n ordentlich aussieht.<\/p>\n<p>Diese Halbmond-Form der Tasche ist voll trendy, super praktisch und auch noch schnell gen\u00e4ht. N\u00e4hanf\u00e4nger k\u00f6nnen auch auf das Rei\u00dfverschlussfach im Futter verzichten.<\/p>\n<p><strong>Neu:<\/strong><\/p>\n<ul>\n<li><strong><a href=\"https:\/\/crearesa.de\/shop\/produkt\/moon-bag-luna-add-on\/\">Moon Bag Luna Add-On<\/a> f\u00fcr einen schmalen Rand (Modell C) und neuer Futtervariante + Polsterung (optional).<\/strong><\/li>\n<li><a href=\"https:\/\/crearesa.de\/shop\/produkt\/schultertasche-moon-bag-luna-m-und-l\/\"><strong>Moon Bag Luna M + L <\/strong><\/a>mit 3 Modellen je Gr\u00f6\u00dfen: mit Falte, ohne Falte und schmalem Rand<\/li>\n<li><a href=\"https:\/\/crearesa.de\/shop\/produkt\/moon-bag-luna-alle-groessen\/\"><strong>Moon Bag Luna Kombipaket <\/strong><\/a>alle Gr\u00f6\u00dfen und alle Modelle im Kombipaket<\/li>\n<\/ul>\n<p class=\"p1\">N\u00e4hst du gerne Geschenke? Dann landest du mit dieser Schultertasche, die auch M\u00e4nner tragen k\u00f6nnen, bestimmt einen Volltreffer.<\/p>\n<p>Perfekt dazu passen auch der <a href=\"https:\/\/crearesa.de\/shop\/produkt\/mini-geldbeutel-schnittmuster-carlo-schnittmuster\/\">Minigeldbeutel Carlo<\/a>\u00a0und die schnell gen\u00e4hten <a href=\"https:\/\/crearesa.de\/shop\/produkt\/kosmetiktaschen-und-etuis-schnittmuster\/\">Kosmetiktaschen und Etuis Gucki<\/a> mit der raffinierten Rei\u00dfverschluss-L\u00f6sung.<\/p>\n<p><a href=\"https:\/\/crearesa.de\/shop\/produkt\/moon-bag-luna-mini-geldbeutel-carlo-set\/\">Noch mehr sparen kannst du mit dem Schnittmusterset &#8220;Luna + Carlo&#8221;.<\/a><\/p>\n<p><strong>Stoffempfehlung:<\/strong><br \/>\nDu kannst die Mini-Schultertasche aus nahezu allen Stoffen n\u00e4hen, die nicht dehnbar sind. Der Stoff sollte jedoch nicht zu starr sein, damit er sich sch\u00f6n um die Rundung legt und damit die Moon Bag zum Schluss durch die Wende\u00f6ffnung auf rechts gewendet werden kann.<\/p>\n<p>Verst\u00e4rkt wird die Mini-Schultertasche mit einem d\u00fcnnen Volumenvlies. Dadurch bekommt sie etwas mehr Stand, bleibt aber trotzdem sch\u00f6n weich. Je nach Wahl des Au\u00dfenstoffes und des Futters, kannst du auch auf eine Verst\u00e4rkung verzichten.\u00a0 Hast du als Au\u00dfenstoff z.B. einen d\u00fcnnen Regenjackenstoff gew\u00e4hlt, den du nicht b\u00fcgeln kannst, dann verst\u00e4rke einfach das Futter.<\/p>\n<p><strong>Die Anleitung<\/strong> zum Schnittmuster ist reich bebildert und alle Arbeitsschritte werden genau erkl\u00e4rt. Damit kommen auch N\u00e4hanf\u00e4nger zurecht.<\/p>\n<p><strong>N\u00e4hschwierigkeit:<\/strong> 2 von 5 Sternen<\/p>\n<p><strong>Ma\u00dfe: <\/strong>32 x 17 x 10 cm<\/p>\n<p><strong>2 Modelle:<\/strong><\/p>\n<ul>\n<li>Modell A &#8211; Moon Bag Luna mit einer Falte am Boden<\/li>\n<li>Modell B &#8211; Moon Bag Luna ohne Falte, aber genauso gro\u00df<\/li>\n<\/ul>\n<p><strong>3 M\u00f6glichkeiten f\u00fcr den Taschengurt<br \/>\n<\/strong><\/p>\n<ul>\n<li class=\"p1\">fest eingen\u00e4hter verstellbarer Taschengurt<\/li>\n<li>verstellbarer Gurt mit Schnalle<\/li>\n<li>austauschbarer Taschengurt<\/li>\n<\/ul>\n<p>Willst du den Taschengurt aus Au\u00dfenstoff n\u00e4hen, ben\u00f6tigst du mehr Au\u00dfenstoff als angegeben!<\/p>\n<p>Nach erfolgter Bezahlung (Paypal oder Vorauszahlung) erh\u00e4ltst du eine E-Mail mit einem Download-Link. F\u00fcr den Ausdruck der Schnittmuster ben\u00f6tigst du einen Drucker.<\/p>\n<p>N\u00e4heres zum Bestellvorgang und was du von einem creaResa-E-Book erwarten darfst, kannst du auch auf <a href=\"https:\/\/crearesa.de\/schnittmuster-e-book-ausdrucken-und-kleben\/\">meinem Blog<\/a> nachlesen.<\/p>\n<p>Beispiele findest du auch auf Instagram unter dem Hashtag #moonbagluna.<\/p>\n<h3>Das ist dabei:<\/h3>\n<ul>\n<li>Schnittmuster auf 12 DIN A4 Seiten zum Ausdrucken und kleben<\/li>\n<li>Schnittmuster enth\u00e4lt bereits die Nahtzugabe<\/li>\n<li>Viele Markierungen erleichtern das N\u00e4hen<\/li>\n<li>Schritt-f\u00fcr-Schritt Anleitung mit vielen Bildern<\/li>\n<\/ul>\n<h3>Du brauchst:<\/h3>\n<ul>\n<li>65 cm Au\u00dfenstoff, 50 cm breit: z.B. Cord, Jeans, Canvas, Oilskin, weiche Outdoorstoffe, wattierte Stoffe, Fellimitat, weiches Kunstleder, weiches Leder. Bei einem Stoff ohne Richtung reichen auch 25 cm, 140 cm breit.<\/li>\n<li>50 cm Futterstoff, 140 cm breit: gewebter Baumwollstoff ohne Stretchanteil<\/li>\n<li>Leichtes Volumenvlies H630 zum Aufb\u00fcgeln und einen Rest B\u00fcgeleinlage H 250<\/li>\n<li>Endlosrei\u00dfverschl\u00fcsse mit Zipper, 35 cm und 25 cm lang, mindestens 3 cm breit<\/li>\n<li class=\"p1\">F\u00fcr einen fest eingen\u00e4hten verstellbaren Gurt:<span class=\"Apple-converted-space\"><br \/>\n<\/span>1 Vierkantring, 1 Schieber, 138 cm Gurtband, alles 4 cm breit<\/li>\n<li class=\"p1\">F\u00fcr einen fest eingen\u00e4hten Gurt mit Schnalle (Bauchtasche):<br \/>\n1 Steckschnalle (4 cm),\u00a01 Schieber,\u00a0Gurtband 130 cm lang, alles 4 cm breit<\/li>\n<li class=\"p1\">F\u00fcr einen austauschbaren Taschengurt:<br \/>\n2 D-Ringe (4 cm),<br \/>\n1 fertiger Taschengurt <b>oder <\/b>Gurtband 130 cm lang, 2 Karabiner, 1 Schieber<\/li>\n<\/ul>\n<div class=\"shariff\" data-services=\"pinterest%7Cfacebook\" data-url=\"https%3A%2F%2Fcrearesa.de%2Fshop%2Fprodukt%2Fmini-schultertasche-moon-bag-luna%2F\" data-timestamp=\"1733702478\" data-hidezero=\"1\" data-backendurl=\"https:\/\/crearesa.de\/shop\/wp-json\/shariff\/v1\/share_counts?\"><ul class=\"shariff-buttons theme-default orientation-horizontal buttonsize-medium\"><li class=\"shariff-button pinterest shariff-nocustomcolor\" style=\"background-color:#e70f18\"><a href=\"https:\/\/www.pinterest.com\/pin\/create\/link\/?url=https%3A%2F%2Fcrearesa.de%2Fshop%2Fprodukt%2Fmini-schultertasche-moon-bag-luna%2F&media=https%3A%2F%2Fcrearesa.de%2Fshop%2Fwp-content%2Fuploads%2F2023%2F11%2Fmoon-bag-luna-schultertasche-2.jpg&description=Mini-Schultertasche%20Moon%20Bag%20Luna\" title=\"Bei Pinterest pinnen\" aria-label=\"Bei Pinterest pinnen\" role=\"button\" rel=\"noreferrernoopener nofollow\" class=\"shariff-link\" style=\"; background-color:#cb2027; color:#fff\" target=\"_blank\"><span class=\"shariff-icon\" style=\"\"><svg width=\"32px\" height=\"20px\" xmlns=\"http:\/\/www.w3.org\/2000\/svg\" viewBox=\"0 0 27 32\"><path fill=\"#cb2027\" d=\"M27.4 16q0 3.7-1.8 6.9t-5 5-6.9 1.9q-2 0-3.9-0.6 1.1-1.7 1.4-2.9 0.2-0.6 1-3.8 0.4 0.7 1.3 1.2t2 0.5q2.1 0 3.8-1.2t2.7-3.4 0.9-4.8q0-2-1.1-3.8t-3.1-2.9-4.5-1.2q-1.9 0-3.5 0.5t-2.8 1.4-2 2-1.2 2.3-0.4 2.4q0 1.9 0.7 3.3t2.1 2q0.5 0.2 0.7-0.4 0-0.1 0.1-0.5t0.2-0.5q0.1-0.4-0.2-0.8-0.9-1.1-0.9-2.7 0-2.7 1.9-4.6t4.9-2q2.7 0 4.2 1.5t1.5 3.8q0 3-1.2 5.2t-3.1 2.1q-1.1 0-1.7-0.8t-0.4-1.9q0.1-0.6 0.5-1.7t0.5-1.8 0.2-1.4q0-0.9-0.5-1.5t-1.4-0.6q-1.1 0-1.9 1t-0.8 2.6q0 1.3 0.4 2.2l-1.8 7.5q-0.3 1.2-0.2 3.2-3.7-1.6-6-5t-2.3-7.6q0-3.7 1.9-6.9t5-5 6.9-1.9 6.9 1.9 5 5 1.8 6.9z\"\/><\/svg><\/span><span class=\"shariff-text\">merken<\/span>&nbsp;<span data-service=\"pinterest\" style=\"color:#cb2027\" class=\"shariff-count shariff-hidezero\"><\/span>&nbsp;<\/a><\/li><li class=\"shariff-button facebook shariff-nocustomcolor\" style=\"background-color:#4273c8\"><a href=\"https:\/\/www.facebook.com\/sharer\/sharer.php?u=https%3A%2F%2Fcrearesa.de%2Fshop%2Fprodukt%2Fmini-schultertasche-moon-bag-luna%2F\" title=\"Bei Facebook teilen\" aria-label=\"Bei Facebook teilen\" role=\"button\" rel=\"noreferrernoopener nofollow\" class=\"shariff-link\" style=\"; background-color:#3b5998; color:#fff\" target=\"_blank\"><span class=\"shariff-icon\" style=\"\"><svg width=\"32px\" height=\"20px\" xmlns=\"http:\/\/www.w3.org\/2000\/svg\" viewBox=\"0 0 18 32\"><path fill=\"#3b5998\" d=\"M17.1 0.2v4.7h-2.8q-1.5 0-2.1 0.6t-0.5 1.9v3.4h5.2l-0.7 5.3h-4.5v13.6h-5.5v-13.6h-4.5v-5.3h4.5v-3.9q0-3.3 1.9-5.2t5-1.8q2.6 0 4.1 0.2z\"\/><\/svg><\/span><span class=\"shariff-text\">teilen<\/span>&nbsp;<span data-service=\"facebook\" style=\"color:#3b5998\" class=\"shariff-count shariff-hidezero\"><\/span>&nbsp;<\/a><\/li><li class=\"shariff-button printer shariff-nocustomcolor\" style=\"background-color:#a8a8a8\"><a href=\"javascript:window.print()\" title=\"drucken\" aria-label=\"drucken\" role=\"button\" rel=\"noreferrernoopener nofollow\" class=\"shariff-link\" style=\"; background-color:#999; color:#fff\"><span class=\"shariff-icon\" style=\"\"><svg width=\"32px\" height=\"20px\" xmlns=\"http:\/\/www.w3.org\/2000\/svg\" viewBox=\"0 0 30 32\"><path fill=\"#999\" d=\"M6.8 27.4h16v-4.6h-16v4.6zM6.8 16h16v-6.8h-2.8q-0.7 0-1.2-0.5t-0.5-1.2v-2.8h-11.4v11.4zM27.4 17.2q0-0.5-0.3-0.8t-0.8-0.4-0.8 0.4-0.3 0.8 0.3 0.8 0.8 0.3 0.8-0.3 0.3-0.8zM29.7 17.2v7.4q0 0.2-0.2 0.4t-0.4 0.2h-4v2.8q0 0.7-0.5 1.2t-1.2 0.5h-17.2q-0.7 0-1.2-0.5t-0.5-1.2v-2.8h-4q-0.2 0-0.4-0.2t-0.2-0.4v-7.4q0-1.4 1-2.4t2.4-1h1.2v-9.7q0-0.7 0.5-1.2t1.2-0.5h12q0.7 0 1.6 0.4t1.3 0.8l2.7 2.7q0.5 0.5 0.9 1.4t0.4 1.6v4.6h1.1q1.4 0 2.4 1t1 2.4z\"\/><\/svg><\/span><span class=\"shariff-text\">drucken<\/span>&nbsp;<\/a><\/li><\/ul><\/div>","protected":false},"excerpt":{"rendered":"<p>Voll im Trend ist diese kleine, praktische Schultertasche, die sich sehr bequem tr\u00e4gt.<\/p>\n<ul>\n<li>PDF-Schnittmuster \u2013 E-Book zum Download nach dem Kauf<\/li>\n<li>Cross Body Bag mit erstaunlich viel Platz<\/li>\n<li>2 Modelle: mit oder ohne Falte am Boden<\/li>\n<li>Ma\u00dfe: 32 x 17 x 10 cm<\/li>\n<li>Schwierigkeit: 2 von 5<\/li>\n<li>N\u00e4hanleitung mit vielen Bildern<\/li>\n<\/ul>\n<p><strong>Neu: <\/strong>das <a href=\"https:\/\/crearesa.de\/shop\/produkt\/moon-bag-luna-add-on\/\">Moon Bag Luna Add-On<\/a> f\u00fcr einen schmalen Rand (Modell C) und neuer Futtervariante + Polsterung (optional).<\/p>\n<p>Das Schnittmuster Moon Bag Luna gibt es auch in zwei weiteren Gr\u00f6\u00dfen: <a style=\"font-size: 16px; background-color: #ffffff;\" href=\"https:\/\/crearesa.de\/shop\/produkt\/schultertasche-moon-bag-luna-m-und-l\/\">Moon Bag Luna M + L <\/a><span style=\"font-size: 16px;\">oder im Kombipaket<\/span><a href=\"https:\/\/crearesa.de\/shop\/produkt\/moon-bag-luna-alle-groessen\/\"> Moon Bag Luna Kombipaket<\/a> mit allen Gr\u00f6\u00dfen.<\/p>\n<p>Noch mehr Beispiele findest du auf <a href=\"https:\/\/www.instagram.com\/explore\/tags\/moonbagluna\/\" target=\"_blank\" rel=\"noopener\">Instagram #moonbagluna<\/a><\/p>\n","protected":false},"featured_media":27155,"comment_status":"open","ping_status":"closed","template":"","meta":{"site-sidebar-layout":"default","site-content-layout":"default","ast-site-content-layout":"default","site-content-style":"default","site-sidebar-style":"default","ast-global-header-display":"","ast-banner-title-visibility":"","ast-main-header-display":"","ast-hfb-above-header-display":"","ast-hfb-below-header-display":"","ast-hfb-mobile-header-display":"","site-post-title":"","ast-breadcrumbs-content":"","ast-featured-img":"","footer-sml-layout":"","ast-disable-related-posts":"","theme-transparent-header-meta":"default","adv-header-id-meta":"","stick-header-meta":"default","header-above-stick-meta":"","header-main-stick-meta":"","header-below-stick-meta":"","astra-migrate-meta-layouts":"set","ast-page-background-enabled":"default","ast-page-background-meta":{"desktop":{"background-color":"","background-image":"","background-repeat":"repeat","background-position":"center center","background-size":"auto","background-attachment":"scroll","background-type":"","background-media":"","overlay-type":"","overlay-color":"","overlay-opacity":"","overlay-gradient":""},"tablet":{"background-color":"","background-image":"","background-repeat":"repeat","background-position":"center center","background-size":"auto","background-attachment":"scroll","background-type":"","background-media":"","overlay-type":"","overlay-color":"","overlay-opacity":"","overlay-gradient":""},"mobile":{"background-color":"","background-image":"","background-repeat":"repeat","background-position":"center center","background-size":"auto","background-attachment":"scroll","background-type":"","background-media":"","overlay-type":"","overlay-color":"","overlay-opacity":"","overlay-gradient":""}},"ast-content-background-meta":{"desktop":{"background-color":"var(--ast-global-color-5)","background-image":"","background-repeat":"repeat","background-position":"center center","background-size":"auto","background-attachment":"scroll","background-type":"","background-media":"","overlay-type":"","overlay-color":"","overlay-opacity":"","overlay-gradient":""},"tablet":{"background-color":"var(--ast-global-color-5)","background-image":"","background-repeat":"repeat","background-position":"center center","background-size":"auto","background-attachment":"scroll","background-type":"","background-media":"","overlay-type":"","overlay-color":"","overlay-opacity":"","overlay-gradient":""},"mobile":{"background-color":"var(--ast-global-color-5)","background-image":"","background-repeat":"repeat","background-position":"center center","background-size":"auto","background-attachment":"scroll","background-type":"","background-media":"","overlay-type":"","overlay-color":"","overlay-opacity":"","overlay-gradient":""}}},"product_brand":[],"product_cat":[34],"product_tag":[61,63,78,233],"class_list":{"0":"post-27150","1":"product","2":"type-product","3":"status-publish","4":"has-post-thumbnail","6":"product_cat-schnittmuster-fuer-taschen","7":"product_tag-handtasche","8":"product_tag-schultertasche","9":"product_tag-kleine-tasche","10":"product_tag-moon-bag-luna","11":"desktop-align-left","12":"tablet-align-left","13":"mobile-align-left","14":"ast-product-gallery-layout-horizontal","15":"ast-product-tabs-layout-vertical","17":"first","18":"instock","19":"downloadable","20":"virtual","21":"sold-individually","22":"taxable","23":"purchasable","24":"product-type-simple"},"yoast_head":"<!-- This site is optimized with the Yoast SEO plugin v27.3 - https:\/\/yoast.com\/product\/yoast-seo-wordpress\/ -->\n<title>Mini-Schultertasche Moon Bag Luna - creaResa - sch\u00f6ne Sachen selber machen<\/title>\n<meta name=\"description\" content=\"Die trendige Schultertasche in Form eines Halbmondes kannst du bequem als Cross Body Bag tragen. Zwei Modelle: mit oder ohne Falte am Boden.\" \/>\n<meta name=\"robots\" content=\"index, follow, max-snippet:-1, max-image-preview:large, max-video-preview:-1\" \/>\n<link rel=\"canonical\" href=\"https:\/\/crearesa.de\/shop\/produkt\/mini-schultertasche-moon-bag-luna\/\" \/>\n<meta property=\"og:locale\" content=\"de_DE\" \/>\n<meta property=\"og:type\" content=\"article\" \/>\n<meta property=\"og:title\" content=\"Mini-Schultertasche Moon Bag Luna - creaResa - sch\u00f6ne Sachen selber machen\" \/>\n<meta property=\"og:description\" content=\"Die trendige Schultertasche in Form eines Halbmondes kannst du bequem als Cross Body Bag tragen. Zwei Modelle: mit oder ohne Falte am Boden.\" \/>\n<meta property=\"og:url\" content=\"https:\/\/crearesa.de\/shop\/produkt\/mini-schultertasche-moon-bag-luna\/\" \/>\n<meta property=\"og:site_name\" content=\"creaResa - sch\u00f6ne Sachen selber machen\" \/>\n<meta property=\"article:publisher\" content=\"https:\/\/www.facebook.com\/crearesa\/\" \/>\n<meta property=\"article:modified_time\" content=\"2024-12-08T23:01:18+00:00\" \/>\n<meta property=\"og:image\" content=\"https:\/\/crearesa.de\/shop\/wp-content\/uploads\/2023\/11\/moon-bag-luna-schultertasche-2.jpg\" \/>\n\t<meta property=\"og:image:width\" content=\"1500\" \/>\n\t<meta property=\"og:image:height\" content=\"1500\" \/>\n\t<meta property=\"og:image:type\" content=\"image\/jpeg\" \/>\n<meta name=\"twitter:card\" content=\"summary_large_image\" \/>\n<meta name=\"twitter:label1\" content=\"Gesch\u00e4tzte Lesezeit\" \/>\n\t<meta name=\"twitter:data1\" content=\"4\u00a0Minuten\" \/>\n<script type=\"application\/ld+json\" class=\"yoast-schema-graph\">{\"@context\":\"https:\\\/\\\/schema.org\",\"@graph\":[{\"@type\":\"WebPage\",\"@id\":\"https:\\\/\\\/crearesa.de\\\/shop\\\/produkt\\\/mini-schultertasche-moon-bag-luna\\\/\",\"url\":\"https:\\\/\\\/crearesa.de\\\/shop\\\/produkt\\\/mini-schultertasche-moon-bag-luna\\\/\",\"name\":\"Mini-Schultertasche Moon Bag Luna - creaResa - sch\u00f6ne Sachen selber machen\",\"isPartOf\":{\"@id\":\"https:\\\/\\\/crearesa.de\\\/shop\\\/#website\"},\"primaryImageOfPage\":{\"@id\":\"https:\\\/\\\/crearesa.de\\\/shop\\\/produkt\\\/mini-schultertasche-moon-bag-luna\\\/#primaryimage\"},\"image\":{\"@id\":\"https:\\\/\\\/crearesa.de\\\/shop\\\/produkt\\\/mini-schultertasche-moon-bag-luna\\\/#primaryimage\"},\"thumbnailUrl\":\"https:\\\/\\\/crearesa.de\\\/shop\\\/wp-content\\\/uploads\\\/2023\\\/11\\\/moon-bag-luna-schultertasche-2.jpg\",\"datePublished\":\"2023-11-17T20:20:13+00:00\",\"dateModified\":\"2024-12-08T23:01:18+00:00\",\"description\":\"Die trendige Schultertasche in Form eines Halbmondes kannst du bequem als Cross Body Bag tragen. Zwei Modelle: mit oder ohne Falte am Boden.\",\"breadcrumb\":{\"@id\":\"https:\\\/\\\/crearesa.de\\\/shop\\\/produkt\\\/mini-schultertasche-moon-bag-luna\\\/#breadcrumb\"},\"inLanguage\":\"de\",\"potentialAction\":[{\"@type\":\"ReadAction\",\"target\":[\"https:\\\/\\\/crearesa.de\\\/shop\\\/produkt\\\/mini-schultertasche-moon-bag-luna\\\/\"]}]},{\"@type\":\"ImageObject\",\"inLanguage\":\"de\",\"@id\":\"https:\\\/\\\/crearesa.de\\\/shop\\\/produkt\\\/mini-schultertasche-moon-bag-luna\\\/#primaryimage\",\"url\":\"https:\\\/\\\/crearesa.de\\\/shop\\\/wp-content\\\/uploads\\\/2023\\\/11\\\/moon-bag-luna-schultertasche-2.jpg\",\"contentUrl\":\"https:\\\/\\\/crearesa.de\\\/shop\\\/wp-content\\\/uploads\\\/2023\\\/11\\\/moon-bag-luna-schultertasche-2.jpg\",\"width\":1500,\"height\":1500},{\"@type\":\"BreadcrumbList\",\"@id\":\"https:\\\/\\\/crearesa.de\\\/shop\\\/produkt\\\/mini-schultertasche-moon-bag-luna\\\/#breadcrumb\",\"itemListElement\":[{\"@type\":\"ListItem\",\"position\":1,\"name\":\"Startseite\",\"item\":\"https:\\\/\\\/crearesa.de\\\/shop\\\/\"},{\"@type\":\"ListItem\",\"position\":2,\"name\":\"Schnittmuster Shop\",\"item\":\"https:\\\/\\\/crearesa.de\\\/shop\\\/\"},{\"@type\":\"ListItem\",\"position\":3,\"name\":\"Mini-Schultertasche Moon Bag Luna\"}]},{\"@type\":\"WebSite\",\"@id\":\"https:\\\/\\\/crearesa.de\\\/shop\\\/#website\",\"url\":\"https:\\\/\\\/crearesa.de\\\/shop\\\/\",\"name\":\"creaResa - sch\u00f6ne Sachen selber machen\",\"description\":\"Shop f\u00fcr Schnittmuster und N\u00e4hpakete\",\"publisher\":{\"@id\":\"https:\\\/\\\/crearesa.de\\\/shop\\\/#organization\"},\"potentialAction\":[{\"@type\":\"SearchAction\",\"target\":{\"@type\":\"EntryPoint\",\"urlTemplate\":\"https:\\\/\\\/crearesa.de\\\/shop\\\/?s={search_term_string}\"},\"query-input\":{\"@type\":\"PropertyValueSpecification\",\"valueRequired\":true,\"valueName\":\"search_term_string\"}}],\"inLanguage\":\"de\"},{\"@type\":\"Organization\",\"@id\":\"https:\\\/\\\/crearesa.de\\\/shop\\\/#organization\",\"name\":\"creaResa\",\"url\":\"https:\\\/\\\/crearesa.de\\\/shop\\\/\",\"logo\":{\"@type\":\"ImageObject\",\"inLanguage\":\"de\",\"@id\":\"https:\\\/\\\/crearesa.de\\\/shop\\\/#\\\/schema\\\/logo\\\/image\\\/\",\"url\":\"https:\\\/\\\/crearesa.de\\\/shop\\\/wp-content\\\/uploads\\\/2020\\\/06\\\/logo_crearesa-1.png\",\"contentUrl\":\"https:\\\/\\\/crearesa.de\\\/shop\\\/wp-content\\\/uploads\\\/2020\\\/06\\\/logo_crearesa-1.png\",\"width\":400,\"height\":172,\"caption\":\"creaResa\"},\"image\":{\"@id\":\"https:\\\/\\\/crearesa.de\\\/shop\\\/#\\\/schema\\\/logo\\\/image\\\/\"},\"sameAs\":[\"https:\\\/\\\/www.facebook.com\\\/crearesa\\\/\",\"https:\\\/\\\/www.instagram.com\\\/crearesa\\\/\",\"https:\\\/\\\/www.pinterest.de\\\/resa_crearesa\\\/\"]}]}<\/script>\n<!-- \/ Yoast SEO plugin. -->","yoast_head_json":{"title":"Mini-Schultertasche Moon Bag Luna - creaResa - sch\u00f6ne Sachen selber machen","description":"Die trendige Schultertasche in Form eines Halbmondes kannst du bequem als Cross Body Bag tragen. Zwei Modelle: mit oder ohne Falte am Boden.","robots":{"index":"index","follow":"follow","max-snippet":"max-snippet:-1","max-image-preview":"max-image-preview:large","max-video-preview":"max-video-preview:-1"},"canonical":"https:\/\/crearesa.de\/shop\/produkt\/mini-schultertasche-moon-bag-luna\/","og_locale":"de_DE","og_type":"article","og_title":"Mini-Schultertasche Moon Bag Luna - creaResa - sch\u00f6ne Sachen selber machen","og_description":"Die trendige Schultertasche in Form eines Halbmondes kannst du bequem als Cross Body Bag tragen. Zwei Modelle: mit oder ohne Falte am Boden.","og_url":"https:\/\/crearesa.de\/shop\/produkt\/mini-schultertasche-moon-bag-luna\/","og_site_name":"creaResa - sch\u00f6ne Sachen selber machen","article_publisher":"https:\/\/www.facebook.com\/crearesa\/","article_modified_time":"2024-12-08T23:01:18+00:00","og_image":[{"width":1500,"height":1500,"url":"https:\/\/crearesa.de\/shop\/wp-content\/uploads\/2023\/11\/moon-bag-luna-schultertasche-2.jpg","type":"image\/jpeg"}],"twitter_card":"summary_large_image","twitter_misc":{"Gesch\u00e4tzte Lesezeit":"4\u00a0Minuten"},"schema":{"@context":"https:\/\/schema.org","@graph":[{"@type":"WebPage","@id":"https:\/\/crearesa.de\/shop\/produkt\/mini-schultertasche-moon-bag-luna\/","url":"https:\/\/crearesa.de\/shop\/produkt\/mini-schultertasche-moon-bag-luna\/","name":"Mini-Schultertasche Moon Bag Luna - creaResa - sch\u00f6ne Sachen selber machen","isPartOf":{"@id":"https:\/\/crearesa.de\/shop\/#website"},"primaryImageOfPage":{"@id":"https:\/\/crearesa.de\/shop\/produkt\/mini-schultertasche-moon-bag-luna\/#primaryimage"},"image":{"@id":"https:\/\/crearesa.de\/shop\/produkt\/mini-schultertasche-moon-bag-luna\/#primaryimage"},"thumbnailUrl":"https:\/\/crearesa.de\/shop\/wp-content\/uploads\/2023\/11\/moon-bag-luna-schultertasche-2.jpg","datePublished":"2023-11-17T20:20:13+00:00","dateModified":"2024-12-08T23:01:18+00:00","description":"Die trendige Schultertasche in Form eines Halbmondes kannst du bequem als Cross Body Bag tragen. Zwei Modelle: mit oder ohne Falte am Boden.","breadcrumb":{"@id":"https:\/\/crearesa.de\/shop\/produkt\/mini-schultertasche-moon-bag-luna\/#breadcrumb"},"inLanguage":"de","potentialAction":[{"@type":"ReadAction","target":["https:\/\/crearesa.de\/shop\/produkt\/mini-schultertasche-moon-bag-luna\/"]}]},{"@type":"ImageObject","inLanguage":"de","@id":"https:\/\/crearesa.de\/shop\/produkt\/mini-schultertasche-moon-bag-luna\/#primaryimage","url":"https:\/\/crearesa.de\/shop\/wp-content\/uploads\/2023\/11\/moon-bag-luna-schultertasche-2.jpg","contentUrl":"https:\/\/crearesa.de\/shop\/wp-content\/uploads\/2023\/11\/moon-bag-luna-schultertasche-2.jpg","width":1500,"height":1500},{"@type":"BreadcrumbList","@id":"https:\/\/crearesa.de\/shop\/produkt\/mini-schultertasche-moon-bag-luna\/#breadcrumb","itemListElement":[{"@type":"ListItem","position":1,"name":"Startseite","item":"https:\/\/crearesa.de\/shop\/"},{"@type":"ListItem","position":2,"name":"Schnittmuster Shop","item":"https:\/\/crearesa.de\/shop\/"},{"@type":"ListItem","position":3,"name":"Mini-Schultertasche Moon Bag Luna"}]},{"@type":"WebSite","@id":"https:\/\/crearesa.de\/shop\/#website","url":"https:\/\/crearesa.de\/shop\/","name":"creaResa - sch\u00f6ne Sachen selber machen","description":"Shop f\u00fcr Schnittmuster und N\u00e4hpakete","publisher":{"@id":"https:\/\/crearesa.de\/shop\/#organization"},"potentialAction":[{"@type":"SearchAction","target":{"@type":"EntryPoint","urlTemplate":"https:\/\/crearesa.de\/shop\/?s={search_term_string}"},"query-input":{"@type":"PropertyValueSpecification","valueRequired":true,"valueName":"search_term_string"}}],"inLanguage":"de"},{"@type":"Organization","@id":"https:\/\/crearesa.de\/shop\/#organization","name":"creaResa","url":"https:\/\/crearesa.de\/shop\/","logo":{"@type":"ImageObject","inLanguage":"de","@id":"https:\/\/crearesa.de\/shop\/#\/schema\/logo\/image\/","url":"https:\/\/crearesa.de\/shop\/wp-content\/uploads\/2020\/06\/logo_crearesa-1.png","contentUrl":"https:\/\/crearesa.de\/shop\/wp-content\/uploads\/2020\/06\/logo_crearesa-1.png","width":400,"height":172,"caption":"creaResa"},"image":{"@id":"https:\/\/crearesa.de\/shop\/#\/schema\/logo\/image\/"},"sameAs":["https:\/\/www.facebook.com\/crearesa\/","https:\/\/www.instagram.com\/crearesa\/","https:\/\/www.pinterest.de\/resa_crearesa\/"]}]}},"_links":{"self":[{"href":"https:\/\/crearesa.de\/shop\/wp-json\/wp\/v2\/product\/27150","targetHints":{"allow":["GET"]}}],"collection":[{"href":"https:\/\/crearesa.de\/shop\/wp-json\/wp\/v2\/product"}],"about":[{"href":"https:\/\/crearesa.de\/shop\/wp-json\/wp\/v2\/types\/product"}],"replies":[{"embeddable":true,"href":"https:\/\/crearesa.de\/shop\/wp-json\/wp\/v2\/comments?post=27150"}],"wp:featuredmedia":[{"embeddable":true,"href":"https:\/\/crearesa.de\/shop\/wp-json\/wp\/v2\/media\/27155"}],"wp:attachment":[{"href":"https:\/\/crearesa.de\/shop\/wp-json\/wp\/v2\/media?parent=27150"}],"wp:term":[{"taxonomy":"product_brand","embeddable":true,"href":"https:\/\/crearesa.de\/shop\/wp-json\/wp\/v2\/product_brand?post=27150"},{"taxonomy":"product_cat","embeddable":true,"href":"https:\/\/crearesa.de\/shop\/wp-json\/wp\/v2\/product_cat?post=27150"},{"taxonomy":"product_tag","embeddable":true,"href":"https:\/\/crearesa.de\/shop\/wp-json\/wp\/v2\/product_tag?post=27150"}],"curies":[{"name":"wp","href":"https:\/\/api.w.org\/{rel}","templated":true}]}}