{"id":2767,"date":"2017-11-19T13:20:00","date_gmt":"2017-11-19T12:20:00","guid":{"rendered":"http:\/\/shop.crearesa.de\/?post_type=product&#038;p=2767"},"modified":"2023-11-23T17:50:47","modified_gmt":"2023-11-23T16:50:47","slug":"handtasche-cambag-tessa-large-schnittmuster","status":"publish","type":"product","link":"https:\/\/crearesa.de\/shop\/produkt\/handtasche-cambag-tessa-large-schnittmuster\/","title":{"rendered":"Handtasche Cambag Tessa Large"},"content":{"rendered":"<p class=\"p1\">Die <strong>Cambag Tessa Large <\/strong>erf\u00fcllt alle Anforderungen an eine richtige Handtasche.<\/p>\n<p class=\"p1\">Die Tasche bietet in den neuen Gr\u00f6\u00dfen L und XL viel Platz f\u00fcr den Alltagsgebrauch. Die Tasche ist gef\u00fcttert und du kannst sie au\u00dfen und im Futter mit einem <strong>Steckfach und einem Rei\u00dfverschlussach<\/strong> n\u00e4hen. F\u00fcr das N\u00e4hen der Rei\u00dfverschlussf\u00e4cher werden 2 verschiedene M\u00f6glichkeiten beschrieben.<\/p>\n<p><strong>Neu hinzugekommen ist auch eine zweite Futter-Variante, mit der du der Tasche durch zus\u00e4tzliche Polsterung eine stabile Form geben kannst.<\/strong><\/p>\n<p class=\"p1\">Der Tr\u00e4ger der Cambag Tessa Large ist aus Gurtband gen\u00e4ht, ganz einfach oder verstellbar. In der Anleitung werden verschiedene M\u00f6glichkeiten beschrieben.<\/p>\n<p><strong>Zwei Gr\u00f6\u00dfen<\/strong>: Gr. L: 22 x 16 x 7 cm &#8211; Gr. XL: 25 x 18 x 8 cm<\/p>\n<p><strong>Gr\u00f6\u00dfe L<\/strong>\u00a0hat eine sch\u00f6ne Gr\u00f6\u00dfe f\u00fcr eine Handtasche zum Ausgehen.\u00a0<strong>Gr\u00f6\u00dfe XL<\/strong>\u00a0ist ein wahres Raumwunder und macht schon mal einen Ausflug mit.<\/p>\n<p><strong>Schwierigkeitsgrad:<\/strong>\u00a02-3 von 5<\/p>\n<p>Die Anleitung sehr detailliert und verst\u00e4ndlich geschrieben. Hast du dich f\u00fcr deine Variante entschieden, folgst du Schritt f\u00fcr Schritt der Anleitung mit vielen Fotos.<\/p>\n<p><strong>Werde selber kreativ<\/strong>: Ohne Au\u00dfenf\u00e4cher hast du viel Platz f\u00fcr die Gestaltung der Vorder- und R\u00fcckseite ganz nach deinen Ideen. Der Schnitt bietet sich auch f\u00fcr\u00a0<strong>Materialkombinationen<\/strong>\u00a0an.<\/p>\n<p>Wie du die\u00a0<a href=\"https:\/\/crearesa.de\/cambag-tessa-aussenstasche-mit-paspel-naehen\/\" target=\"_blank\" rel=\"ugc, nofollow, noopener\">Cambag mit einer Paspel an der Au\u00dfentasche n\u00e4hen kannst, wird hier in einem Blogbeitrag genau beschrieben<\/a>.<\/p>\n<p>Auf meinem Blog findest du\u00a0<a href=\"https:\/\/crearesa.de\/umhaengetasche-naehen\/\" target=\"_blank\" rel=\"ugc, nofollow, noopener\">noch mehr Designbeispiele\u00a0<\/a>und\u00a0<a href=\"https:\/\/crearesa.de\/cambag-tessa-schnittmuster-relaunch\/\" target=\"_blank\" rel=\"ugc, nofollow, noopener\">Infos zu den neuen Erweiterungen\u00a0<\/a>, sowie hilfreiche und\u00a0<a href=\"https:\/\/crearesa.de\/category\/schnittmuster-infos\/schnittmuster-fuer-taschen\/cambag-tessa\/\" target=\"_blank\" rel=\"noopener\">erg\u00e4nzende Tutorials<\/a>.<\/p>\n<p><strong>Nach dem Kauf kannst du dir das E-Book herunterladen und selber ausdrucken (<a href=\"https:\/\/crearesa.de\/schnittmuster-e-book-ausdrucken-und-kleben\/\" target=\"_blank\" rel=\"noopener\">&gt;&gt; mehr Infos<\/a>).<\/strong><\/p>\n<p>F\u00fcr alle Blogger unter euch, zeigt eure fertige Tasche\u00a0auf\u00a0<a href=\"https:\/\/www.instagram.com\/explore\/tags\/cambagtessa\/\" target=\"_blank\" rel=\"noopener noreferrer\">Instagram unter #cambagtessa<\/a><\/p>\n<h2>Das ist dabei:<\/h2>\n<ul>\n<li>Schnittmuster in 2 Gr\u00f6\u00dfen zum Ausdrucken<\/li>\n<li>alle Schnittmusterteile mit Nahtzugabe<\/li>\n<li>Schritt- f\u00fcr Schritt N\u00e4hanleitung mit vielen Fotos<\/li>\n<li>viele Tipps<\/li>\n<li>das E-Book mit Anleitung und Designbeispielen umfasst 44 Seiten<\/li>\n<\/ul>\n<h2>Du brauchst:<\/h2>\n<ul>\n<li>0,45 m festeren Au\u00dfenstoff festeren Au\u00dfenstoff, z.B. Kunstleder, Oilskin, Cordstoff, Jeansstoff, Canvas<\/li>\n<li>0,5 (0,6) m Futterstoff, z.B. gewebte Baumwolle<\/li>\n<li>B\u00fcgeleinlage H250 oder S320 &#8211; optional f\u00fcr eine zus\u00e4tzliche Verst\u00e4rkung H630 oder H640 oder Decovil light &#8211; f\u00fcr eine Polsterung Style-Vil<\/li>\n<li>2 D-Ringe und 2 Karabiner in der Breite passend zum Taschengurt<\/li>\n<li>Endlosrei\u00dfverschluss 90 cm + 3 Zipper (f\u00fcr Hauptfach und 2 Rei\u00dfverschlussf\u00e4cher)<\/li>\n<li>optional: 1,50 m &#8211; 1,80 m Gurtband, sofern der Gurt nicht aus Stoff gen\u00e4ht wird<\/li>\n<li>optional: 1-2 Schieber<\/li>\n<li>optional: 1 Magnetverschluss f\u00fcr das Steckfach au\u00dfen<\/li>\n<li>optional: Schr\u00e4gband 18 mm<\/li>\n<li>Genaue Angaben findest du in der Anleitung.<\/li>\n<\/ul>\n<div class=\"shariff\" data-services=\"pinterest%7Cfacebook\" data-url=\"https%3A%2F%2Fcrearesa.de%2Fshop%2Fprodukt%2Fhandtasche-cambag-tessa-large-schnittmuster%2F\" data-timestamp=\"1700761847\" data-hidezero=\"1\" data-backendurl=\"https:\/\/crearesa.de\/shop\/wp-json\/shariff\/v1\/share_counts?\"><ul class=\"shariff-buttons theme-default orientation-horizontal buttonsize-medium\"><li class=\"shariff-button pinterest shariff-nocustomcolor\" style=\"background-color:#e70f18\"><a href=\"https:\/\/www.pinterest.com\/pin\/create\/link\/?url=https%3A%2F%2Fcrearesa.de%2Fshop%2Fprodukt%2Fhandtasche-cambag-tessa-large-schnittmuster%2F&media=https%3A%2F%2Fcrearesa.de%2Fshop%2Fwp-content%2Fuploads%2F2017%2F03%2Fcambg-tessa-large-schnittmuster.jpg&description=Handtasche%20Cambag%20Tessa%20Large\" title=\"Bei Pinterest pinnen\" aria-label=\"Bei Pinterest pinnen\" role=\"button\" rel=\"noreferrernoopener nofollow\" class=\"shariff-link\" style=\"; background-color:#cb2027; color:#fff\" target=\"_blank\"><span class=\"shariff-icon\" style=\"\"><svg width=\"32px\" height=\"20px\" xmlns=\"http:\/\/www.w3.org\/2000\/svg\" viewBox=\"0 0 27 32\"><path fill=\"#cb2027\" d=\"M27.4 16q0 3.7-1.8 6.9t-5 5-6.9 1.9q-2 0-3.9-0.6 1.1-1.7 1.4-2.9 0.2-0.6 1-3.8 0.4 0.7 1.3 1.2t2 0.5q2.1 0 3.8-1.2t2.7-3.4 0.9-4.8q0-2-1.1-3.8t-3.1-2.9-4.5-1.2q-1.9 0-3.5 0.5t-2.8 1.4-2 2-1.2 2.3-0.4 2.4q0 1.9 0.7 3.3t2.1 2q0.5 0.2 0.7-0.4 0-0.1 0.1-0.5t0.2-0.5q0.1-0.4-0.2-0.8-0.9-1.1-0.9-2.7 0-2.7 1.9-4.6t4.9-2q2.7 0 4.2 1.5t1.5 3.8q0 3-1.2 5.2t-3.1 2.1q-1.1 0-1.7-0.8t-0.4-1.9q0.1-0.6 0.5-1.7t0.5-1.8 0.2-1.4q0-0.9-0.5-1.5t-1.4-0.6q-1.1 0-1.9 1t-0.8 2.6q0 1.3 0.4 2.2l-1.8 7.5q-0.3 1.2-0.2 3.2-3.7-1.6-6-5t-2.3-7.6q0-3.7 1.9-6.9t5-5 6.9-1.9 6.9 1.9 5 5 1.8 6.9z\"\/><\/svg><\/span><span class=\"shariff-text\">merken<\/span>&nbsp;<span data-service=\"pinterest\" style=\"color:#cb2027\" class=\"shariff-count\"> 218<\/span>&nbsp;<\/a><\/li><li class=\"shariff-button facebook shariff-nocustomcolor\" style=\"background-color:#4273c8\"><a href=\"https:\/\/www.facebook.com\/sharer\/sharer.php?u=https%3A%2F%2Fcrearesa.de%2Fshop%2Fprodukt%2Fhandtasche-cambag-tessa-large-schnittmuster%2F\" title=\"Bei Facebook teilen\" aria-label=\"Bei Facebook teilen\" role=\"button\" rel=\"noreferrernoopener nofollow\" class=\"shariff-link\" style=\"; background-color:#3b5998; color:#fff\" target=\"_blank\"><span class=\"shariff-icon\" style=\"\"><svg width=\"32px\" height=\"20px\" xmlns=\"http:\/\/www.w3.org\/2000\/svg\" viewBox=\"0 0 18 32\"><path fill=\"#3b5998\" d=\"M17.1 0.2v4.7h-2.8q-1.5 0-2.1 0.6t-0.5 1.9v3.4h5.2l-0.7 5.3h-4.5v13.6h-5.5v-13.6h-4.5v-5.3h4.5v-3.9q0-3.3 1.9-5.2t5-1.8q2.6 0 4.1 0.2z\"\/><\/svg><\/span><span class=\"shariff-text\">teilen<\/span>&nbsp;<span data-service=\"facebook\" style=\"color:#3b5998\" class=\"shariff-count shariff-hidezero\"><\/span>&nbsp;<\/a><\/li><li class=\"shariff-button printer shariff-nocustomcolor\" style=\"background-color:#a8a8a8\"><a href=\"javascript:window.print()\" title=\"drucken\" aria-label=\"drucken\" role=\"button\" rel=\"noreferrernoopener nofollow\" class=\"shariff-link\" style=\"; background-color:#999; color:#fff\"><span class=\"shariff-icon\" style=\"\"><svg width=\"32px\" height=\"20px\" xmlns=\"http:\/\/www.w3.org\/2000\/svg\" viewBox=\"0 0 30 32\"><path fill=\"#999\" d=\"M6.8 27.4h16v-4.6h-16v4.6zM6.8 16h16v-6.8h-2.8q-0.7 0-1.2-0.5t-0.5-1.2v-2.8h-11.4v11.4zM27.4 17.2q0-0.5-0.3-0.8t-0.8-0.4-0.8 0.4-0.3 0.8 0.3 0.8 0.8 0.3 0.8-0.3 0.3-0.8zM29.7 17.2v7.4q0 0.2-0.2 0.4t-0.4 0.2h-4v2.8q0 0.7-0.5 1.2t-1.2 0.5h-17.2q-0.7 0-1.2-0.5t-0.5-1.2v-2.8h-4q-0.2 0-0.4-0.2t-0.2-0.4v-7.4q0-1.4 1-2.4t2.4-1h1.2v-9.7q0-0.7 0.5-1.2t1.2-0.5h12q0.7 0 1.6 0.4t1.3 0.8l2.7 2.7q0.5 0.5 0.9 1.4t0.4 1.6v4.6h1.1q1.4 0 2.4 1t1 2.4z\"\/><\/svg><\/span><span class=\"shariff-text\">drucken<\/span>&nbsp;<\/a><\/li><\/ul><\/div>","protected":false},"excerpt":{"rendered":"<p><strong>Neu: mit Au\u00dfensteckfach und einer zweiten Futter-Variante, mit der du der Tasche durch zus\u00e4tzliche Polsterung eine stabile Form gibst<\/strong><br \/>\nSchnittmuster f\u00fcr eine Umh\u00e4ngetasche in den Gr\u00f6\u00dfen L und XL (Handtaschen-Gr\u00f6\u00dfe) mit Schritt- f\u00fcr Schritt-N\u00e4hanleitung.<br \/>\nGr. L: 22 x 16 x 7 cm<br \/>\nGr. XL: 25 x 19 x 8 cm<\/p>\n<p>Die Tasche kann f\u00fcr Damen und Herren gen\u00e4ht werden.<\/p>\n<p>&nbsp;<\/p>\n","protected":false},"featured_media":23002,"comment_status":"open","ping_status":"closed","template":"","meta":{"site-sidebar-layout":"default","site-content-layout":"default","ast-site-content-layout":"default","site-content-style":"default","site-sidebar-style":"default","ast-global-header-display":"","ast-banner-title-visibility":"","ast-main-header-display":"","ast-hfb-above-header-display":"","ast-hfb-below-header-display":"","ast-hfb-mobile-header-display":"","site-post-title":"","ast-breadcrumbs-content":"","ast-featured-img":"","footer-sml-layout":"","ast-disable-related-posts":"","theme-transparent-header-meta":"default","adv-header-id-meta":"","stick-header-meta":"default","header-above-stick-meta":"","header-main-stick-meta":"","header-below-stick-meta":"","astra-migrate-meta-layouts":"set","ast-page-background-enabled":"default","ast-page-background-meta":{"desktop":{"background-color":"","background-image":"","background-repeat":"repeat","background-position":"center center","background-size":"auto","background-attachment":"scroll","background-type":"","background-media":"","overlay-type":"","overlay-color":"","overlay-opacity":"","overlay-gradient":""},"tablet":{"background-color":"","background-image":"","background-repeat":"repeat","background-position":"center center","background-size":"auto","background-attachment":"scroll","background-type":"","background-media":"","overlay-type":"","overlay-color":"","overlay-opacity":"","overlay-gradient":""},"mobile":{"background-color":"","background-image":"","background-repeat":"repeat","background-position":"center center","background-size":"auto","background-attachment":"scroll","background-type":"","background-media":"","overlay-type":"","overlay-color":"","overlay-opacity":"","overlay-gradient":""}},"ast-content-background-meta":{"desktop":{"background-color":"var(--ast-global-color-5)","background-image":"","background-repeat":"repeat","background-position":"center center","background-size":"auto","background-attachment":"scroll","background-type":"","background-media":"","overlay-type":"","overlay-color":"","overlay-opacity":"","overlay-gradient":""},"tablet":{"background-color":"var(--ast-global-color-5)","background-image":"","background-repeat":"repeat","background-position":"center center","background-size":"auto","background-attachment":"scroll","background-type":"","background-media":"","overlay-type":"","overlay-color":"","overlay-opacity":"","overlay-gradient":""},"mobile":{"background-color":"var(--ast-global-color-5)","background-image":"","background-repeat":"repeat","background-position":"center center","background-size":"auto","background-attachment":"scroll","background-type":"","background-media":"","overlay-type":"","overlay-color":"","overlay-opacity":"","overlay-gradient":""}}},"product_brand":[],"product_cat":[34],"product_tag":[61,62,63,76,83],"class_list":{"0":"post-2767","1":"product","2":"type-product","3":"status-publish","4":"has-post-thumbnail","6":"product_cat-schnittmuster-fuer-taschen","7":"product_tag-handtasche","8":"product_tag-umhaengetasche","9":"product_tag-schultertasche","10":"product_tag-ledertasche","11":"product_tag-cambag-tessa","12":"desktop-align-left","13":"tablet-align-left","14":"mobile-align-left","15":"ast-product-gallery-layout-horizontal","16":"ast-product-tabs-layout-vertical","18":"first","19":"instock","20":"downloadable","21":"virtual","22":"sold-individually","23":"taxable","24":"purchasable","25":"product-type-simple"},"yoast_head":"<!-- This site is optimized with the Yoast SEO plugin v27.3 - https:\/\/yoast.com\/product\/yoast-seo-wordpress\/ -->\n<title>Schnittmuster Handtasche Cambag Tessa Large mit N\u00e4hanleitung<\/title>\n<meta name=\"description\" content=\"Schnittmuster f\u00fcr eine Handtasche zum Umh\u00e4ngen in zwei Gr\u00f6\u00dfen. Au\u00dfen mit Rei\u00dfverschlussfach und abnehmbaren Schultergurt. Mit Innentaschen. Als E-Book.\" \/>\n<meta name=\"robots\" content=\"index, follow, max-snippet:-1, max-image-preview:large, max-video-preview:-1\" \/>\n<link rel=\"canonical\" href=\"https:\/\/crearesa.de\/shop\/produkt\/handtasche-cambag-tessa-large-schnittmuster\/\" \/>\n<meta property=\"og:locale\" content=\"de_DE\" \/>\n<meta property=\"og:type\" content=\"article\" \/>\n<meta property=\"og:title\" content=\"Schnittmuster Handtasche Cambag Tessa Large mit N\u00e4hanleitung\" \/>\n<meta property=\"og:description\" content=\"Schnittmuster f\u00fcr eine Handtasche zum Umh\u00e4ngen in zwei Gr\u00f6\u00dfen. Au\u00dfen mit Rei\u00dfverschlussfach und abnehmbaren Schultergurt. Mit Innentaschen. Als E-Book.\" \/>\n<meta property=\"og:url\" content=\"https:\/\/crearesa.de\/shop\/produkt\/handtasche-cambag-tessa-large-schnittmuster\/\" \/>\n<meta property=\"og:site_name\" content=\"creaResa - sch\u00f6ne Sachen selber machen\" \/>\n<meta property=\"article:publisher\" content=\"https:\/\/www.facebook.com\/crearesa\/\" \/>\n<meta property=\"article:modified_time\" content=\"2023-11-23T16:50:47+00:00\" \/>\n<meta property=\"og:image\" content=\"https:\/\/crearesa.de\/shop\/wp-content\/uploads\/2017\/11\/cambag-tessa-large-neu-12.jpg\" \/>\n\t<meta property=\"og:image:width\" content=\"1500\" \/>\n\t<meta property=\"og:image:height\" content=\"1500\" \/>\n\t<meta property=\"og:image:type\" content=\"image\/jpeg\" \/>\n<meta name=\"twitter:card\" content=\"summary_large_image\" \/>\n<meta name=\"twitter:label1\" content=\"Gesch\u00e4tzte Lesezeit\" \/>\n\t<meta name=\"twitter:data1\" content=\"3\u00a0Minuten\" \/>\n<script type=\"application\/ld+json\" class=\"yoast-schema-graph\">{\"@context\":\"https:\\\/\\\/schema.org\",\"@graph\":[{\"@type\":\"WebPage\",\"@id\":\"https:\\\/\\\/crearesa.de\\\/shop\\\/produkt\\\/handtasche-cambag-tessa-large-schnittmuster\\\/\",\"url\":\"https:\\\/\\\/crearesa.de\\\/shop\\\/produkt\\\/handtasche-cambag-tessa-large-schnittmuster\\\/\",\"name\":\"Schnittmuster Handtasche Cambag Tessa Large mit N\u00e4hanleitung\",\"isPartOf\":{\"@id\":\"https:\\\/\\\/crearesa.de\\\/shop\\\/#website\"},\"primaryImageOfPage\":{\"@id\":\"https:\\\/\\\/crearesa.de\\\/shop\\\/produkt\\\/handtasche-cambag-tessa-large-schnittmuster\\\/#primaryimage\"},\"image\":{\"@id\":\"https:\\\/\\\/crearesa.de\\\/shop\\\/produkt\\\/handtasche-cambag-tessa-large-schnittmuster\\\/#primaryimage\"},\"thumbnailUrl\":\"https:\\\/\\\/crearesa.de\\\/shop\\\/wp-content\\\/uploads\\\/2017\\\/11\\\/cambag-tessa-large-neu-12.jpg\",\"datePublished\":\"2017-11-19T12:20:00+00:00\",\"dateModified\":\"2023-11-23T16:50:47+00:00\",\"description\":\"Schnittmuster f\u00fcr eine Handtasche zum Umh\u00e4ngen in zwei Gr\u00f6\u00dfen. Au\u00dfen mit Rei\u00dfverschlussfach und abnehmbaren Schultergurt. Mit Innentaschen. Als E-Book.\",\"breadcrumb\":{\"@id\":\"https:\\\/\\\/crearesa.de\\\/shop\\\/produkt\\\/handtasche-cambag-tessa-large-schnittmuster\\\/#breadcrumb\"},\"inLanguage\":\"de\",\"potentialAction\":[{\"@type\":\"ReadAction\",\"target\":[\"https:\\\/\\\/crearesa.de\\\/shop\\\/produkt\\\/handtasche-cambag-tessa-large-schnittmuster\\\/\"]}]},{\"@type\":\"ImageObject\",\"inLanguage\":\"de\",\"@id\":\"https:\\\/\\\/crearesa.de\\\/shop\\\/produkt\\\/handtasche-cambag-tessa-large-schnittmuster\\\/#primaryimage\",\"url\":\"https:\\\/\\\/crearesa.de\\\/shop\\\/wp-content\\\/uploads\\\/2017\\\/11\\\/cambag-tessa-large-neu-12.jpg\",\"contentUrl\":\"https:\\\/\\\/crearesa.de\\\/shop\\\/wp-content\\\/uploads\\\/2017\\\/11\\\/cambag-tessa-large-neu-12.jpg\",\"width\":1500,\"height\":1500},{\"@type\":\"BreadcrumbList\",\"@id\":\"https:\\\/\\\/crearesa.de\\\/shop\\\/produkt\\\/handtasche-cambag-tessa-large-schnittmuster\\\/#breadcrumb\",\"itemListElement\":[{\"@type\":\"ListItem\",\"position\":1,\"name\":\"Startseite\",\"item\":\"https:\\\/\\\/crearesa.de\\\/shop\\\/\"},{\"@type\":\"ListItem\",\"position\":2,\"name\":\"Schnittmuster Shop\",\"item\":\"https:\\\/\\\/crearesa.de\\\/shop\\\/\"},{\"@type\":\"ListItem\",\"position\":3,\"name\":\"Handtasche Cambag Tessa Large\"}]},{\"@type\":\"WebSite\",\"@id\":\"https:\\\/\\\/crearesa.de\\\/shop\\\/#website\",\"url\":\"https:\\\/\\\/crearesa.de\\\/shop\\\/\",\"name\":\"creaResa - sch\u00f6ne Sachen selber machen\",\"description\":\"Shop f\u00fcr Schnittmuster und N\u00e4hpakete\",\"publisher\":{\"@id\":\"https:\\\/\\\/crearesa.de\\\/shop\\\/#organization\"},\"potentialAction\":[{\"@type\":\"SearchAction\",\"target\":{\"@type\":\"EntryPoint\",\"urlTemplate\":\"https:\\\/\\\/crearesa.de\\\/shop\\\/?s={search_term_string}\"},\"query-input\":{\"@type\":\"PropertyValueSpecification\",\"valueRequired\":true,\"valueName\":\"search_term_string\"}}],\"inLanguage\":\"de\"},{\"@type\":\"Organization\",\"@id\":\"https:\\\/\\\/crearesa.de\\\/shop\\\/#organization\",\"name\":\"creaResa\",\"url\":\"https:\\\/\\\/crearesa.de\\\/shop\\\/\",\"logo\":{\"@type\":\"ImageObject\",\"inLanguage\":\"de\",\"@id\":\"https:\\\/\\\/crearesa.de\\\/shop\\\/#\\\/schema\\\/logo\\\/image\\\/\",\"url\":\"https:\\\/\\\/crearesa.de\\\/shop\\\/wp-content\\\/uploads\\\/2020\\\/06\\\/logo_crearesa-1.png\",\"contentUrl\":\"https:\\\/\\\/crearesa.de\\\/shop\\\/wp-content\\\/uploads\\\/2020\\\/06\\\/logo_crearesa-1.png\",\"width\":400,\"height\":172,\"caption\":\"creaResa\"},\"image\":{\"@id\":\"https:\\\/\\\/crearesa.de\\\/shop\\\/#\\\/schema\\\/logo\\\/image\\\/\"},\"sameAs\":[\"https:\\\/\\\/www.facebook.com\\\/crearesa\\\/\",\"https:\\\/\\\/www.instagram.com\\\/crearesa\\\/\",\"https:\\\/\\\/www.pinterest.de\\\/resa_crearesa\\\/\"]}]}<\/script>\n<!-- \/ Yoast SEO plugin. -->","yoast_head_json":{"title":"Schnittmuster Handtasche Cambag Tessa Large mit N\u00e4hanleitung","description":"Schnittmuster f\u00fcr eine Handtasche zum Umh\u00e4ngen in zwei Gr\u00f6\u00dfen. Au\u00dfen mit Rei\u00dfverschlussfach und abnehmbaren Schultergurt. Mit Innentaschen. Als E-Book.","robots":{"index":"index","follow":"follow","max-snippet":"max-snippet:-1","max-image-preview":"max-image-preview:large","max-video-preview":"max-video-preview:-1"},"canonical":"https:\/\/crearesa.de\/shop\/produkt\/handtasche-cambag-tessa-large-schnittmuster\/","og_locale":"de_DE","og_type":"article","og_title":"Schnittmuster Handtasche Cambag Tessa Large mit N\u00e4hanleitung","og_description":"Schnittmuster f\u00fcr eine Handtasche zum Umh\u00e4ngen in zwei Gr\u00f6\u00dfen. Au\u00dfen mit Rei\u00dfverschlussfach und abnehmbaren Schultergurt. Mit Innentaschen. Als E-Book.","og_url":"https:\/\/crearesa.de\/shop\/produkt\/handtasche-cambag-tessa-large-schnittmuster\/","og_site_name":"creaResa - sch\u00f6ne Sachen selber machen","article_publisher":"https:\/\/www.facebook.com\/crearesa\/","article_modified_time":"2023-11-23T16:50:47+00:00","og_image":[{"width":1500,"height":1500,"url":"https:\/\/crearesa.de\/shop\/wp-content\/uploads\/2017\/11\/cambag-tessa-large-neu-12.jpg","type":"image\/jpeg"}],"twitter_card":"summary_large_image","twitter_misc":{"Gesch\u00e4tzte Lesezeit":"3\u00a0Minuten"},"schema":{"@context":"https:\/\/schema.org","@graph":[{"@type":"WebPage","@id":"https:\/\/crearesa.de\/shop\/produkt\/handtasche-cambag-tessa-large-schnittmuster\/","url":"https:\/\/crearesa.de\/shop\/produkt\/handtasche-cambag-tessa-large-schnittmuster\/","name":"Schnittmuster Handtasche Cambag Tessa Large mit N\u00e4hanleitung","isPartOf":{"@id":"https:\/\/crearesa.de\/shop\/#website"},"primaryImageOfPage":{"@id":"https:\/\/crearesa.de\/shop\/produkt\/handtasche-cambag-tessa-large-schnittmuster\/#primaryimage"},"image":{"@id":"https:\/\/crearesa.de\/shop\/produkt\/handtasche-cambag-tessa-large-schnittmuster\/#primaryimage"},"thumbnailUrl":"https:\/\/crearesa.de\/shop\/wp-content\/uploads\/2017\/11\/cambag-tessa-large-neu-12.jpg","datePublished":"2017-11-19T12:20:00+00:00","dateModified":"2023-11-23T16:50:47+00:00","description":"Schnittmuster f\u00fcr eine Handtasche zum Umh\u00e4ngen in zwei Gr\u00f6\u00dfen. Au\u00dfen mit Rei\u00dfverschlussfach und abnehmbaren Schultergurt. Mit Innentaschen. Als E-Book.","breadcrumb":{"@id":"https:\/\/crearesa.de\/shop\/produkt\/handtasche-cambag-tessa-large-schnittmuster\/#breadcrumb"},"inLanguage":"de","potentialAction":[{"@type":"ReadAction","target":["https:\/\/crearesa.de\/shop\/produkt\/handtasche-cambag-tessa-large-schnittmuster\/"]}]},{"@type":"ImageObject","inLanguage":"de","@id":"https:\/\/crearesa.de\/shop\/produkt\/handtasche-cambag-tessa-large-schnittmuster\/#primaryimage","url":"https:\/\/crearesa.de\/shop\/wp-content\/uploads\/2017\/11\/cambag-tessa-large-neu-12.jpg","contentUrl":"https:\/\/crearesa.de\/shop\/wp-content\/uploads\/2017\/11\/cambag-tessa-large-neu-12.jpg","width":1500,"height":1500},{"@type":"BreadcrumbList","@id":"https:\/\/crearesa.de\/shop\/produkt\/handtasche-cambag-tessa-large-schnittmuster\/#breadcrumb","itemListElement":[{"@type":"ListItem","position":1,"name":"Startseite","item":"https:\/\/crearesa.de\/shop\/"},{"@type":"ListItem","position":2,"name":"Schnittmuster Shop","item":"https:\/\/crearesa.de\/shop\/"},{"@type":"ListItem","position":3,"name":"Handtasche Cambag Tessa Large"}]},{"@type":"WebSite","@id":"https:\/\/crearesa.de\/shop\/#website","url":"https:\/\/crearesa.de\/shop\/","name":"creaResa - sch\u00f6ne Sachen selber machen","description":"Shop f\u00fcr Schnittmuster und N\u00e4hpakete","publisher":{"@id":"https:\/\/crearesa.de\/shop\/#organization"},"potentialAction":[{"@type":"SearchAction","target":{"@type":"EntryPoint","urlTemplate":"https:\/\/crearesa.de\/shop\/?s={search_term_string}"},"query-input":{"@type":"PropertyValueSpecification","valueRequired":true,"valueName":"search_term_string"}}],"inLanguage":"de"},{"@type":"Organization","@id":"https:\/\/crearesa.de\/shop\/#organization","name":"creaResa","url":"https:\/\/crearesa.de\/shop\/","logo":{"@type":"ImageObject","inLanguage":"de","@id":"https:\/\/crearesa.de\/shop\/#\/schema\/logo\/image\/","url":"https:\/\/crearesa.de\/shop\/wp-content\/uploads\/2020\/06\/logo_crearesa-1.png","contentUrl":"https:\/\/crearesa.de\/shop\/wp-content\/uploads\/2020\/06\/logo_crearesa-1.png","width":400,"height":172,"caption":"creaResa"},"image":{"@id":"https:\/\/crearesa.de\/shop\/#\/schema\/logo\/image\/"},"sameAs":["https:\/\/www.facebook.com\/crearesa\/","https:\/\/www.instagram.com\/crearesa\/","https:\/\/www.pinterest.de\/resa_crearesa\/"]}]}},"_links":{"self":[{"href":"https:\/\/crearesa.de\/shop\/wp-json\/wp\/v2\/product\/2767","targetHints":{"allow":["GET"]}}],"collection":[{"href":"https:\/\/crearesa.de\/shop\/wp-json\/wp\/v2\/product"}],"about":[{"href":"https:\/\/crearesa.de\/shop\/wp-json\/wp\/v2\/types\/product"}],"replies":[{"embeddable":true,"href":"https:\/\/crearesa.de\/shop\/wp-json\/wp\/v2\/comments?post=2767"}],"wp:featuredmedia":[{"embeddable":true,"href":"https:\/\/crearesa.de\/shop\/wp-json\/wp\/v2\/media\/23002"}],"wp:attachment":[{"href":"https:\/\/crearesa.de\/shop\/wp-json\/wp\/v2\/media?parent=2767"}],"wp:term":[{"taxonomy":"product_brand","embeddable":true,"href":"https:\/\/crearesa.de\/shop\/wp-json\/wp\/v2\/product_brand?post=2767"},{"taxonomy":"product_cat","embeddable":true,"href":"https:\/\/crearesa.de\/shop\/wp-json\/wp\/v2\/product_cat?post=2767"},{"taxonomy":"product_tag","embeddable":true,"href":"https:\/\/crearesa.de\/shop\/wp-json\/wp\/v2\/product_tag?post=2767"}],"curies":[{"name":"wp","href":"https:\/\/api.w.org\/{rel}","templated":true}]}}