{"id":28781,"date":"2024-02-23T19:46:46","date_gmt":"2024-02-23T18:46:46","guid":{"rendered":"https:\/\/crearesa.de\/shop\/?post_type=product&#038;p=28781"},"modified":"2024-12-09T00:01:18","modified_gmt":"2024-12-08T23:01:18","slug":"moon-bag-luna-add-on","status":"publish","type":"product","link":"https:\/\/crearesa.de\/shop\/produkt\/moon-bag-luna-add-on\/","title":{"rendered":"Moon Bag Luna &#8211; Add-On"},"content":{"rendered":"<h2>Moon Bag Luna Add-On<\/h2>\n<p>Hier handelt es sich um eine Erg\u00e4nzung des Schnittmusters <a href=\"https:\/\/crearesa.de\/shop\/produkt\/mini-schultertasche-moon-bag-luna\/\">Mini-Schultertasche Moon Bag Luna<\/a> um Modell C. Um damit arbeiten zu k\u00f6nnen, ben\u00f6tigst du auch das Schnittmuster\u00a0 <a href=\"https:\/\/crearesa.de\/shop\/produkt\/mini-schultertasche-moon-bag-luna\/\">Mini-Schultertasche Moon Bag Luna<\/a>.<\/p>\n<p><em>F\u00fcr die Halbmond-Tasche Moon Bag Luna sind die weiteren Gr\u00f6\u00dfen Medium und Large erschienen. (<a href=\"https:\/\/crearesa.de\/shop\/produkt\/schultertasche-moon-bag-luna-m-und-l\/\">Moon Bag Luna M + L<\/a>). Alle Gr\u00f6\u00dfen inklusive dem hier beschriebenen Add-On erh\u00e4ltst du mit dem <a href=\"https:\/\/crearesa.de\/shop\/produkt\/moon-bag-luna-alle-groessen\/\">Moon Bag Luna Kombipaket.<\/a><\/em><\/p>\n<p>N\u00e4he die Mini-Schultertasche Moon Bag Luna mit einem schmalen Rand (7 cm) und gib ihr durch eine Polsterung einen neuen Look. Erg\u00e4nze die Tasche mit einem zus\u00e4tzlichen Rei\u00dfverschlussfach au\u00dfen.<\/p>\n<p>Die Anleitung enth\u00e4lt 4\u00a0 Erg\u00e4nzungen:<\/p>\n<ol>\n<li>Schnittmuster f\u00fcr den schmalen Boden = Modell C. Modell C kannst du wie Modell B f\u00fcttern oder mit der neuen Variante, die im Add-On beschrieben wird.<\/li>\n<li>Ein Rei\u00dfverschlussfach au\u00dfen. Das Rei\u00dfverschlussfach au\u00dfen an der Tasche ist bei allen Modellen m\u00f6glich und wird wie das Rei\u00dfverschlussfach im Futter gen\u00e4ht.<\/li>\n<li>Eine neue Futter-Variante B. Dabei werden die Taschenteile mit Futter gedoppelt und anschlie\u00dfend zusammengen\u00e4ht. Die sichtbaren N\u00e4hte in der Tasche werden mit Schr\u00e4gband eingefasst.<\/li>\n<li>Die Polsterung der Tasche mit Schaumstoffeinlage (Style-Vil). Durch die\u00a0 Polsterung erh\u00e4lt die Tasche eine stabile Form, bleibt aber trotzdem weich. Die Polsterung der Tasche erfolgt in Verbindung mit der Futter-Variante B. Mir gef\u00e4llt diese Variante in Verbindung mit dem schmalen Rand f\u00fcr eine Tasche aus Leder\/Kunstleder besonders gut. Die Tasche bekommt durch die stabile Form einen edlen Look.<\/li>\n<\/ol>\n<p><strong>Stoffempfehlung<\/strong>:<br \/>\nWie f\u00fcr die Mini-Schultertasche Moon Bag Luna.<\/p>\n<p><strong>Meine Tipps:<\/strong><\/p>\n<ul>\n<li>Bei sehr festem oder starrem Material kannst du die kleinen Teile f\u00fcr die Rei\u00dfverschluss-Verl\u00e4ngerung aus einem weicheren Stoffrest zuschneiden. Dann l\u00e4sst sich die Tasche besser auf rechts drehen.<\/li>\n<li>Einen sehr d\u00fcnnen Au\u00dfenstoff, z.B. Babycord, kannst du vor dem N\u00e4hen vollfl\u00e4chig mit einer Gewebeeinlage, z.B. G700, verst\u00e4rken.<\/li>\n<\/ul>\n<p><strong>Die Add-On-Anleitung<\/strong> ist reich bebildert und alle Arbeitsschritte werden genau erkl\u00e4rt.<\/p>\n<p><strong>N\u00e4hschwierigkeit:<\/strong> 2 von 5 Sternen<\/p>\n<p>Nach erfolgter Bezahlung (Paypal oder Vorauszahlung) erh\u00e4ltst du eine E-Mail mit einem Download-Link. F\u00fcr den Ausdruck der Schnittmuster ben\u00f6tigst du einen Drucker.<\/p>\n<p>N\u00e4heres zum Bestellvorgang und was du von einem creaResa-E-Book erwarten darfst, kannst du auch auf <a href=\"https:\/\/crearesa.de\/schnittmuster-e-book-ausdrucken-und-kleben\/\">meinem Blog<\/a> nachlesen.<\/p>\n<p>Beispiele findest du auch auf Instagram unter dem Hashtag #moonbagluna.<\/p>\n<h3>Das ist dabei:<\/h3>\n<ul>\n<li>Schnittmuster f\u00fcr den schmalen Boden f\u00fcr die Gr\u00f6\u00dfe Mini auf 6 DIN A4 Seiten zum ausdrucken und kleben<\/li>\n<li>Schnittmuster enth\u00e4lt bereits die Nahtzugabe<\/li>\n<li>Viele Markierungen erleichtern das N\u00e4hen<\/li>\n<li>Schritt-f\u00fcr-Schritt Anleitung mit vielen Bildern<\/li>\n<\/ul>\n<h3>Du brauchst zus\u00e4tzlich zum Material f\u00fcr die Moon Bag Luna:<\/h3>\n<ul>\n<li>F\u00fcr ein Rei\u00dfverschlussfach au\u00dfen: 1 Endlosrei\u00dfverschluss mit Zipper, 25 cm lang<\/li>\n<li>F\u00fcr Futtervariante B: 18 mm breites fertiges Schr\u00e4gband, 2 x 55 cm lang, oder einen<span class=\"Apple-converted-space\">\u00a0<\/span>35 mm breiten Schr\u00e4gstreifen aus d\u00fcnnem Baumwollstoff, 2 x 55 cm lang. Ist dein Futterstoff d\u00fcnn, kannst du den Schr\u00e4gstreifen auch aus dem Futterstoff zuschneiden.<\/li>\n<li>F\u00fcr die Polsterung: Schaumstoffeinlage, z.B. Style-Vil, eventuell doppelseitiges Klebeband (Wondertape).<\/li>\n<\/ul>\n<div class=\"shariff\" data-services=\"pinterest%7Cfacebook\" data-url=\"https%3A%2F%2Fcrearesa.de%2Fshop%2Fprodukt%2Fmoon-bag-luna-add-on%2F\" data-timestamp=\"1733702478\" data-hidezero=\"1\" data-backendurl=\"https:\/\/crearesa.de\/shop\/wp-json\/shariff\/v1\/share_counts?\"><ul class=\"shariff-buttons theme-default orientation-horizontal buttonsize-medium\"><li class=\"shariff-button pinterest shariff-nocustomcolor\" style=\"background-color:#e70f18\"><a href=\"https:\/\/www.pinterest.com\/pin\/create\/link\/?url=https%3A%2F%2Fcrearesa.de%2Fshop%2Fprodukt%2Fmoon-bag-luna-add-on%2F&media=https%3A%2F%2Fcrearesa.de%2Fshop%2Fwp-content%2Fuploads%2F2024%2F02%2Fmoon-bag-luna-add-on-modell-c-1.jpg&description=Moon%20Bag%20Luna%20-%20Add-On\" title=\"Bei Pinterest pinnen\" aria-label=\"Bei Pinterest pinnen\" role=\"button\" rel=\"noreferrernoopener nofollow\" class=\"shariff-link\" style=\"; background-color:#cb2027; color:#fff\" target=\"_blank\"><span class=\"shariff-icon\" style=\"\"><svg width=\"32px\" height=\"20px\" xmlns=\"http:\/\/www.w3.org\/2000\/svg\" viewBox=\"0 0 27 32\"><path fill=\"#cb2027\" d=\"M27.4 16q0 3.7-1.8 6.9t-5 5-6.9 1.9q-2 0-3.9-0.6 1.1-1.7 1.4-2.9 0.2-0.6 1-3.8 0.4 0.7 1.3 1.2t2 0.5q2.1 0 3.8-1.2t2.7-3.4 0.9-4.8q0-2-1.1-3.8t-3.1-2.9-4.5-1.2q-1.9 0-3.5 0.5t-2.8 1.4-2 2-1.2 2.3-0.4 2.4q0 1.9 0.7 3.3t2.1 2q0.5 0.2 0.7-0.4 0-0.1 0.1-0.5t0.2-0.5q0.1-0.4-0.2-0.8-0.9-1.1-0.9-2.7 0-2.7 1.9-4.6t4.9-2q2.7 0 4.2 1.5t1.5 3.8q0 3-1.2 5.2t-3.1 2.1q-1.1 0-1.7-0.8t-0.4-1.9q0.1-0.6 0.5-1.7t0.5-1.8 0.2-1.4q0-0.9-0.5-1.5t-1.4-0.6q-1.1 0-1.9 1t-0.8 2.6q0 1.3 0.4 2.2l-1.8 7.5q-0.3 1.2-0.2 3.2-3.7-1.6-6-5t-2.3-7.6q0-3.7 1.9-6.9t5-5 6.9-1.9 6.9 1.9 5 5 1.8 6.9z\"\/><\/svg><\/span><span class=\"shariff-text\">merken<\/span>&nbsp;<span data-service=\"pinterest\" style=\"color:#cb2027\" class=\"shariff-count shariff-hidezero\"><\/span>&nbsp;<\/a><\/li><li class=\"shariff-button facebook shariff-nocustomcolor\" style=\"background-color:#4273c8\"><a href=\"https:\/\/www.facebook.com\/sharer\/sharer.php?u=https%3A%2F%2Fcrearesa.de%2Fshop%2Fprodukt%2Fmoon-bag-luna-add-on%2F\" title=\"Bei Facebook teilen\" aria-label=\"Bei Facebook teilen\" role=\"button\" rel=\"noreferrernoopener nofollow\" class=\"shariff-link\" style=\"; background-color:#3b5998; color:#fff\" target=\"_blank\"><span class=\"shariff-icon\" style=\"\"><svg width=\"32px\" height=\"20px\" xmlns=\"http:\/\/www.w3.org\/2000\/svg\" viewBox=\"0 0 18 32\"><path fill=\"#3b5998\" d=\"M17.1 0.2v4.7h-2.8q-1.5 0-2.1 0.6t-0.5 1.9v3.4h5.2l-0.7 5.3h-4.5v13.6h-5.5v-13.6h-4.5v-5.3h4.5v-3.9q0-3.3 1.9-5.2t5-1.8q2.6 0 4.1 0.2z\"\/><\/svg><\/span><span class=\"shariff-text\">teilen<\/span>&nbsp;<span data-service=\"facebook\" style=\"color:#3b5998\" class=\"shariff-count shariff-hidezero\"><\/span>&nbsp;<\/a><\/li><li class=\"shariff-button printer shariff-nocustomcolor\" style=\"background-color:#a8a8a8\"><a href=\"javascript:window.print()\" title=\"drucken\" aria-label=\"drucken\" role=\"button\" rel=\"noreferrernoopener nofollow\" class=\"shariff-link\" style=\"; background-color:#999; color:#fff\"><span class=\"shariff-icon\" style=\"\"><svg width=\"32px\" height=\"20px\" xmlns=\"http:\/\/www.w3.org\/2000\/svg\" viewBox=\"0 0 30 32\"><path fill=\"#999\" d=\"M6.8 27.4h16v-4.6h-16v4.6zM6.8 16h16v-6.8h-2.8q-0.7 0-1.2-0.5t-0.5-1.2v-2.8h-11.4v11.4zM27.4 17.2q0-0.5-0.3-0.8t-0.8-0.4-0.8 0.4-0.3 0.8 0.3 0.8 0.8 0.3 0.8-0.3 0.3-0.8zM29.7 17.2v7.4q0 0.2-0.2 0.4t-0.4 0.2h-4v2.8q0 0.7-0.5 1.2t-1.2 0.5h-17.2q-0.7 0-1.2-0.5t-0.5-1.2v-2.8h-4q-0.2 0-0.4-0.2t-0.2-0.4v-7.4q0-1.4 1-2.4t2.4-1h1.2v-9.7q0-0.7 0.5-1.2t1.2-0.5h12q0.7 0 1.6 0.4t1.3 0.8l2.7 2.7q0.5 0.5 0.9 1.4t0.4 1.6v4.6h1.1q1.4 0 2.4 1t1 2.4z\"\/><\/svg><\/span><span class=\"shariff-text\">drucken<\/span>&nbsp;<\/a><\/li><\/ul><\/div>","protected":false},"excerpt":{"rendered":"<p>Hier handelt es sich um eine <strong>Erg\u00e4nzung<\/strong> des Schnittmusters <strong>Mini-Schultertasche Moon Bag Luna<\/strong>. Um damit arbeiten zu k\u00f6nnen, ben\u00f6tigst du auch das Schnittmuster <a href=\"https:\/\/crearesa.de\/shop\/produkt\/mini-schultertasche-moon-bag-luna\/\">Mini-Schultertasche Moon Bag Luna<\/a>.<br \/>\nDie Anleitung enth\u00e4lt 4 Erg\u00e4nzungen<\/p>\n<ul>\n<li>N\u00e4he die Moon Bag mit einem schmalen Boden (7 cm) = Modell C<\/li>\n<li>Erg\u00e4nze die Tasche mit einem praktischen Rei\u00dfverschlussfach au\u00dfen.<\/li>\n<li>Anleitung f\u00fcr eine neue Futtervariante f\u00fcr alle Modelle. Das Futter sitzt stramm in der Tasche, sichtbare N\u00e4hte werden mit Schr\u00e4gband eingefasst.<\/li>\n<li>Formstabil wird die Tasche durch Polsterung mit Schaumstoffeinlage in Verbindung mit der neuen Futtervariante.<\/li>\n<\/ul>\n<p><em>F\u00fcr die Halbmond-Tasche Moon Bag Luna sind die weiteren Gr\u00f6\u00dfen Medium und Large erschienen. (<a href=\"https:\/\/crearesa.de\/shop\/produkt\/schultertasche-moon-bag-luna-m-und-l\/\">Moon Bag Luna M + L<\/a>). Alle Gr\u00f6\u00dfen inklusive dem hier beschriebenen Add-On erh\u00e4ltst du mit dem <a href=\"https:\/\/crearesa.de\/shop\/produkt\/moon-bag-luna-alle-groessen\/\">Moon Bag Luna Kombipaket.<\/a><\/em><\/p>\n<p>&nbsp;<\/p>\n","protected":false},"featured_media":28797,"comment_status":"open","ping_status":"closed","template":"","meta":{"site-sidebar-layout":"default","site-content-layout":"default","ast-site-content-layout":"default","site-content-style":"default","site-sidebar-style":"default","ast-global-header-display":"","ast-banner-title-visibility":"","ast-main-header-display":"","ast-hfb-above-header-display":"","ast-hfb-below-header-display":"","ast-hfb-mobile-header-display":"","site-post-title":"","ast-breadcrumbs-content":"","ast-featured-img":"","footer-sml-layout":"","ast-disable-related-posts":"","theme-transparent-header-meta":"default","adv-header-id-meta":"","stick-header-meta":"default","header-above-stick-meta":"","header-main-stick-meta":"","header-below-stick-meta":"","astra-migrate-meta-layouts":"set","ast-page-background-enabled":"default","ast-page-background-meta":{"desktop":{"background-color":"","background-image":"","background-repeat":"repeat","background-position":"center center","background-size":"auto","background-attachment":"scroll","background-type":"","background-media":"","overlay-type":"","overlay-color":"","overlay-opacity":"","overlay-gradient":""},"tablet":{"background-color":"","background-image":"","background-repeat":"repeat","background-position":"center center","background-size":"auto","background-attachment":"scroll","background-type":"","background-media":"","overlay-type":"","overlay-color":"","overlay-opacity":"","overlay-gradient":""},"mobile":{"background-color":"","background-image":"","background-repeat":"repeat","background-position":"center center","background-size":"auto","background-attachment":"scroll","background-type":"","background-media":"","overlay-type":"","overlay-color":"","overlay-opacity":"","overlay-gradient":""}},"ast-content-background-meta":{"desktop":{"background-color":"var(--ast-global-color-5)","background-image":"","background-repeat":"repeat","background-position":"center center","background-size":"auto","background-attachment":"scroll","background-type":"","background-media":"","overlay-type":"","overlay-color":"","overlay-opacity":"","overlay-gradient":""},"tablet":{"background-color":"var(--ast-global-color-5)","background-image":"","background-repeat":"repeat","background-position":"center center","background-size":"auto","background-attachment":"scroll","background-type":"","background-media":"","overlay-type":"","overlay-color":"","overlay-opacity":"","overlay-gradient":""},"mobile":{"background-color":"var(--ast-global-color-5)","background-image":"","background-repeat":"repeat","background-position":"center center","background-size":"auto","background-attachment":"scroll","background-type":"","background-media":"","overlay-type":"","overlay-color":"","overlay-opacity":"","overlay-gradient":""}}},"product_brand":[],"product_cat":[34],"product_tag":[61,63,78,233],"class_list":{"0":"post-28781","1":"product","2":"type-product","3":"status-publish","4":"has-post-thumbnail","6":"product_cat-schnittmuster-fuer-taschen","7":"product_tag-handtasche","8":"product_tag-schultertasche","9":"product_tag-kleine-tasche","10":"product_tag-moon-bag-luna","11":"desktop-align-left","12":"tablet-align-left","13":"mobile-align-left","14":"ast-product-gallery-layout-horizontal","15":"ast-product-tabs-layout-vertical","17":"first","18":"instock","19":"downloadable","20":"virtual","21":"sold-individually","22":"taxable","23":"purchasable","24":"product-type-simple"},"yoast_head":"<!-- This site is optimized with the Yoast SEO plugin v27.3 - https:\/\/yoast.com\/product\/yoast-seo-wordpress\/ -->\n<title>Moon Bag Luna - Add-On - creaResa - sch\u00f6ne Sachen selber machen<\/title>\n<meta name=\"description\" content=\"Mit dieser Erg\u00e4nzung kannst du die trendige Mini-Schultertasche Moon Bag Luna mit einem schmalen Rand und einer neuen Futtervariante n\u00e4hen.\" \/>\n<meta name=\"robots\" content=\"index, follow, max-snippet:-1, max-image-preview:large, max-video-preview:-1\" \/>\n<link rel=\"canonical\" href=\"https:\/\/crearesa.de\/shop\/produkt\/moon-bag-luna-add-on\/\" \/>\n<meta property=\"og:locale\" content=\"de_DE\" \/>\n<meta property=\"og:type\" content=\"article\" \/>\n<meta property=\"og:title\" content=\"Moon Bag Luna - Add-On - creaResa - sch\u00f6ne Sachen selber machen\" \/>\n<meta property=\"og:description\" content=\"Mit dieser Erg\u00e4nzung kannst du die trendige Mini-Schultertasche Moon Bag Luna mit einem schmalen Rand und einer neuen Futtervariante n\u00e4hen.\" \/>\n<meta property=\"og:url\" content=\"https:\/\/crearesa.de\/shop\/produkt\/moon-bag-luna-add-on\/\" \/>\n<meta property=\"og:site_name\" content=\"creaResa - sch\u00f6ne Sachen selber machen\" \/>\n<meta property=\"article:publisher\" content=\"https:\/\/www.facebook.com\/crearesa\/\" \/>\n<meta property=\"article:modified_time\" content=\"2024-12-08T23:01:18+00:00\" \/>\n<meta property=\"og:image\" content=\"https:\/\/crearesa.de\/shop\/wp-content\/uploads\/2024\/02\/moon-bag-luna-add-on-modell-c-1.jpg\" \/>\n\t<meta property=\"og:image:width\" content=\"1500\" \/>\n\t<meta property=\"og:image:height\" content=\"1500\" \/>\n\t<meta property=\"og:image:type\" content=\"image\/jpeg\" \/>\n<meta name=\"twitter:card\" content=\"summary_large_image\" \/>\n<meta name=\"twitter:label1\" content=\"Gesch\u00e4tzte Lesezeit\" \/>\n\t<meta name=\"twitter:data1\" content=\"3\u00a0Minuten\" \/>\n<script type=\"application\/ld+json\" class=\"yoast-schema-graph\">{\"@context\":\"https:\\\/\\\/schema.org\",\"@graph\":[{\"@type\":\"WebPage\",\"@id\":\"https:\\\/\\\/crearesa.de\\\/shop\\\/produkt\\\/moon-bag-luna-add-on\\\/\",\"url\":\"https:\\\/\\\/crearesa.de\\\/shop\\\/produkt\\\/moon-bag-luna-add-on\\\/\",\"name\":\"Moon Bag Luna - Add-On - creaResa - sch\u00f6ne Sachen selber machen\",\"isPartOf\":{\"@id\":\"https:\\\/\\\/crearesa.de\\\/shop\\\/#website\"},\"primaryImageOfPage\":{\"@id\":\"https:\\\/\\\/crearesa.de\\\/shop\\\/produkt\\\/moon-bag-luna-add-on\\\/#primaryimage\"},\"image\":{\"@id\":\"https:\\\/\\\/crearesa.de\\\/shop\\\/produkt\\\/moon-bag-luna-add-on\\\/#primaryimage\"},\"thumbnailUrl\":\"https:\\\/\\\/crearesa.de\\\/shop\\\/wp-content\\\/uploads\\\/2024\\\/02\\\/moon-bag-luna-add-on-modell-c-1.jpg\",\"datePublished\":\"2024-02-23T18:46:46+00:00\",\"dateModified\":\"2024-12-08T23:01:18+00:00\",\"description\":\"Mit dieser Erg\u00e4nzung kannst du die trendige Mini-Schultertasche Moon Bag Luna mit einem schmalen Rand und einer neuen Futtervariante n\u00e4hen.\",\"breadcrumb\":{\"@id\":\"https:\\\/\\\/crearesa.de\\\/shop\\\/produkt\\\/moon-bag-luna-add-on\\\/#breadcrumb\"},\"inLanguage\":\"de\",\"potentialAction\":[{\"@type\":\"ReadAction\",\"target\":[\"https:\\\/\\\/crearesa.de\\\/shop\\\/produkt\\\/moon-bag-luna-add-on\\\/\"]}]},{\"@type\":\"ImageObject\",\"inLanguage\":\"de\",\"@id\":\"https:\\\/\\\/crearesa.de\\\/shop\\\/produkt\\\/moon-bag-luna-add-on\\\/#primaryimage\",\"url\":\"https:\\\/\\\/crearesa.de\\\/shop\\\/wp-content\\\/uploads\\\/2024\\\/02\\\/moon-bag-luna-add-on-modell-c-1.jpg\",\"contentUrl\":\"https:\\\/\\\/crearesa.de\\\/shop\\\/wp-content\\\/uploads\\\/2024\\\/02\\\/moon-bag-luna-add-on-modell-c-1.jpg\",\"width\":1500,\"height\":1500},{\"@type\":\"BreadcrumbList\",\"@id\":\"https:\\\/\\\/crearesa.de\\\/shop\\\/produkt\\\/moon-bag-luna-add-on\\\/#breadcrumb\",\"itemListElement\":[{\"@type\":\"ListItem\",\"position\":1,\"name\":\"Startseite\",\"item\":\"https:\\\/\\\/crearesa.de\\\/shop\\\/\"},{\"@type\":\"ListItem\",\"position\":2,\"name\":\"Schnittmuster Shop\",\"item\":\"https:\\\/\\\/crearesa.de\\\/shop\\\/\"},{\"@type\":\"ListItem\",\"position\":3,\"name\":\"Moon Bag Luna &#8211; Add-On\"}]},{\"@type\":\"WebSite\",\"@id\":\"https:\\\/\\\/crearesa.de\\\/shop\\\/#website\",\"url\":\"https:\\\/\\\/crearesa.de\\\/shop\\\/\",\"name\":\"creaResa - sch\u00f6ne Sachen selber machen\",\"description\":\"Shop f\u00fcr Schnittmuster und N\u00e4hpakete\",\"publisher\":{\"@id\":\"https:\\\/\\\/crearesa.de\\\/shop\\\/#organization\"},\"potentialAction\":[{\"@type\":\"SearchAction\",\"target\":{\"@type\":\"EntryPoint\",\"urlTemplate\":\"https:\\\/\\\/crearesa.de\\\/shop\\\/?s={search_term_string}\"},\"query-input\":{\"@type\":\"PropertyValueSpecification\",\"valueRequired\":true,\"valueName\":\"search_term_string\"}}],\"inLanguage\":\"de\"},{\"@type\":\"Organization\",\"@id\":\"https:\\\/\\\/crearesa.de\\\/shop\\\/#organization\",\"name\":\"creaResa\",\"url\":\"https:\\\/\\\/crearesa.de\\\/shop\\\/\",\"logo\":{\"@type\":\"ImageObject\",\"inLanguage\":\"de\",\"@id\":\"https:\\\/\\\/crearesa.de\\\/shop\\\/#\\\/schema\\\/logo\\\/image\\\/\",\"url\":\"https:\\\/\\\/crearesa.de\\\/shop\\\/wp-content\\\/uploads\\\/2020\\\/06\\\/logo_crearesa-1.png\",\"contentUrl\":\"https:\\\/\\\/crearesa.de\\\/shop\\\/wp-content\\\/uploads\\\/2020\\\/06\\\/logo_crearesa-1.png\",\"width\":400,\"height\":172,\"caption\":\"creaResa\"},\"image\":{\"@id\":\"https:\\\/\\\/crearesa.de\\\/shop\\\/#\\\/schema\\\/logo\\\/image\\\/\"},\"sameAs\":[\"https:\\\/\\\/www.facebook.com\\\/crearesa\\\/\",\"https:\\\/\\\/www.instagram.com\\\/crearesa\\\/\",\"https:\\\/\\\/www.pinterest.de\\\/resa_crearesa\\\/\"]}]}<\/script>\n<!-- \/ Yoast SEO plugin. -->","yoast_head_json":{"title":"Moon Bag Luna - Add-On - creaResa - sch\u00f6ne Sachen selber machen","description":"Mit dieser Erg\u00e4nzung kannst du die trendige Mini-Schultertasche Moon Bag Luna mit einem schmalen Rand und einer neuen Futtervariante n\u00e4hen.","robots":{"index":"index","follow":"follow","max-snippet":"max-snippet:-1","max-image-preview":"max-image-preview:large","max-video-preview":"max-video-preview:-1"},"canonical":"https:\/\/crearesa.de\/shop\/produkt\/moon-bag-luna-add-on\/","og_locale":"de_DE","og_type":"article","og_title":"Moon Bag Luna - Add-On - creaResa - sch\u00f6ne Sachen selber machen","og_description":"Mit dieser Erg\u00e4nzung kannst du die trendige Mini-Schultertasche Moon Bag Luna mit einem schmalen Rand und einer neuen Futtervariante n\u00e4hen.","og_url":"https:\/\/crearesa.de\/shop\/produkt\/moon-bag-luna-add-on\/","og_site_name":"creaResa - sch\u00f6ne Sachen selber machen","article_publisher":"https:\/\/www.facebook.com\/crearesa\/","article_modified_time":"2024-12-08T23:01:18+00:00","og_image":[{"width":1500,"height":1500,"url":"https:\/\/crearesa.de\/shop\/wp-content\/uploads\/2024\/02\/moon-bag-luna-add-on-modell-c-1.jpg","type":"image\/jpeg"}],"twitter_card":"summary_large_image","twitter_misc":{"Gesch\u00e4tzte Lesezeit":"3\u00a0Minuten"},"schema":{"@context":"https:\/\/schema.org","@graph":[{"@type":"WebPage","@id":"https:\/\/crearesa.de\/shop\/produkt\/moon-bag-luna-add-on\/","url":"https:\/\/crearesa.de\/shop\/produkt\/moon-bag-luna-add-on\/","name":"Moon Bag Luna - Add-On - creaResa - sch\u00f6ne Sachen selber machen","isPartOf":{"@id":"https:\/\/crearesa.de\/shop\/#website"},"primaryImageOfPage":{"@id":"https:\/\/crearesa.de\/shop\/produkt\/moon-bag-luna-add-on\/#primaryimage"},"image":{"@id":"https:\/\/crearesa.de\/shop\/produkt\/moon-bag-luna-add-on\/#primaryimage"},"thumbnailUrl":"https:\/\/crearesa.de\/shop\/wp-content\/uploads\/2024\/02\/moon-bag-luna-add-on-modell-c-1.jpg","datePublished":"2024-02-23T18:46:46+00:00","dateModified":"2024-12-08T23:01:18+00:00","description":"Mit dieser Erg\u00e4nzung kannst du die trendige Mini-Schultertasche Moon Bag Luna mit einem schmalen Rand und einer neuen Futtervariante n\u00e4hen.","breadcrumb":{"@id":"https:\/\/crearesa.de\/shop\/produkt\/moon-bag-luna-add-on\/#breadcrumb"},"inLanguage":"de","potentialAction":[{"@type":"ReadAction","target":["https:\/\/crearesa.de\/shop\/produkt\/moon-bag-luna-add-on\/"]}]},{"@type":"ImageObject","inLanguage":"de","@id":"https:\/\/crearesa.de\/shop\/produkt\/moon-bag-luna-add-on\/#primaryimage","url":"https:\/\/crearesa.de\/shop\/wp-content\/uploads\/2024\/02\/moon-bag-luna-add-on-modell-c-1.jpg","contentUrl":"https:\/\/crearesa.de\/shop\/wp-content\/uploads\/2024\/02\/moon-bag-luna-add-on-modell-c-1.jpg","width":1500,"height":1500},{"@type":"BreadcrumbList","@id":"https:\/\/crearesa.de\/shop\/produkt\/moon-bag-luna-add-on\/#breadcrumb","itemListElement":[{"@type":"ListItem","position":1,"name":"Startseite","item":"https:\/\/crearesa.de\/shop\/"},{"@type":"ListItem","position":2,"name":"Schnittmuster Shop","item":"https:\/\/crearesa.de\/shop\/"},{"@type":"ListItem","position":3,"name":"Moon Bag Luna &#8211; Add-On"}]},{"@type":"WebSite","@id":"https:\/\/crearesa.de\/shop\/#website","url":"https:\/\/crearesa.de\/shop\/","name":"creaResa - sch\u00f6ne Sachen selber machen","description":"Shop f\u00fcr Schnittmuster und N\u00e4hpakete","publisher":{"@id":"https:\/\/crearesa.de\/shop\/#organization"},"potentialAction":[{"@type":"SearchAction","target":{"@type":"EntryPoint","urlTemplate":"https:\/\/crearesa.de\/shop\/?s={search_term_string}"},"query-input":{"@type":"PropertyValueSpecification","valueRequired":true,"valueName":"search_term_string"}}],"inLanguage":"de"},{"@type":"Organization","@id":"https:\/\/crearesa.de\/shop\/#organization","name":"creaResa","url":"https:\/\/crearesa.de\/shop\/","logo":{"@type":"ImageObject","inLanguage":"de","@id":"https:\/\/crearesa.de\/shop\/#\/schema\/logo\/image\/","url":"https:\/\/crearesa.de\/shop\/wp-content\/uploads\/2020\/06\/logo_crearesa-1.png","contentUrl":"https:\/\/crearesa.de\/shop\/wp-content\/uploads\/2020\/06\/logo_crearesa-1.png","width":400,"height":172,"caption":"creaResa"},"image":{"@id":"https:\/\/crearesa.de\/shop\/#\/schema\/logo\/image\/"},"sameAs":["https:\/\/www.facebook.com\/crearesa\/","https:\/\/www.instagram.com\/crearesa\/","https:\/\/www.pinterest.de\/resa_crearesa\/"]}]}},"_links":{"self":[{"href":"https:\/\/crearesa.de\/shop\/wp-json\/wp\/v2\/product\/28781","targetHints":{"allow":["GET"]}}],"collection":[{"href":"https:\/\/crearesa.de\/shop\/wp-json\/wp\/v2\/product"}],"about":[{"href":"https:\/\/crearesa.de\/shop\/wp-json\/wp\/v2\/types\/product"}],"replies":[{"embeddable":true,"href":"https:\/\/crearesa.de\/shop\/wp-json\/wp\/v2\/comments?post=28781"}],"wp:featuredmedia":[{"embeddable":true,"href":"https:\/\/crearesa.de\/shop\/wp-json\/wp\/v2\/media\/28797"}],"wp:attachment":[{"href":"https:\/\/crearesa.de\/shop\/wp-json\/wp\/v2\/media?parent=28781"}],"wp:term":[{"taxonomy":"product_brand","embeddable":true,"href":"https:\/\/crearesa.de\/shop\/wp-json\/wp\/v2\/product_brand?post=28781"},{"taxonomy":"product_cat","embeddable":true,"href":"https:\/\/crearesa.de\/shop\/wp-json\/wp\/v2\/product_cat?post=28781"},{"taxonomy":"product_tag","embeddable":true,"href":"https:\/\/crearesa.de\/shop\/wp-json\/wp\/v2\/product_tag?post=28781"}],"curies":[{"name":"wp","href":"https:\/\/api.w.org\/{rel}","templated":true}]}}