{"id":29127,"date":"2024-03-23T08:26:50","date_gmt":"2024-03-23T07:26:50","guid":{"rendered":"https:\/\/crearesa.de\/shop\/?post_type=product&#038;p=29127"},"modified":"2026-02-21T16:35:52","modified_gmt":"2026-02-21T15:35:52","slug":"moon-bag-luna-alle-groessen","status":"publish","type":"product","link":"https:\/\/crearesa.de\/shop\/produkt\/moon-bag-luna-alle-groessen\/","title":{"rendered":"Moon Bag Luna Kombipaket &#8211; alle Gr\u00f6\u00dfen"},"content":{"rendered":"<h2>Moon Bag Luna &#8211; Kombipaket mit allen Gr\u00f6\u00dfen<\/h2>\n<p>Die super trendige Schultertasche mit der Halbmond-Form als Kombipaket mit allen Gr\u00f6\u00dfen:<br \/>\n<a href=\"https:\/\/crearesa.de\/shop\/produkt\/mini-schultertasche-moon-bag-luna\/\">Mini-Schultertasche Moon Bag Luna<\/a> (Modell A und B)<br \/>\n<a href=\"https:\/\/crearesa.de\/shop\/produkt\/moon-bag-luna-add-on\/\">Mo0n Bag Luna Add-On<\/a> (Modell C f\u00fcr die Mini-Schultertasche)<br \/>\n<a href=\"https:\/\/crearesa.de\/shop\/produkt\/schultertasche-moon-bag-luna-m-und-l\/\">Moon Bag Luna M + L <\/a>(je Gr\u00f6\u00dfe Modell A, B und C)<\/p>\n<p>Die praktische Tasche, die sich beim Tragen an den K\u00f6rper anschmiegt ist relativ schnell gen\u00e4ht. Als N\u00e4hanf\u00e4nger kannst du auch auf das Rei\u00dfverschlussfach im Inneren verzichten.<\/p>\n<p><strong>Stoffempfehlung:<\/strong><br \/>\nDu kannst die Schultertasche aus nahezu allen Stoffen n\u00e4hen, die nicht dehnbar sind. Der Stoff sollte jedoch nicht zu starr sein, damit er sich sch\u00f6n um die Rundung legt und damit die Moon Bag zum Schluss durch die Wende\u00f6ffnung auf rechts gewendet werden kann.<\/p>\n<p>Verst\u00e4rkt wird die Schultertasche mit einem d\u00fcnnen Volumenvlies. Dadurch bekommt sie etwas mehr Stand, bleibt aber trotzdem sch\u00f6n weich. Je nach Wahl des Au\u00dfenstoffes und des Futters, kannst du auch auf eine Verst\u00e4rkung verzichten.<\/p>\n<p><strong>Die Anleitung<\/strong> zum Schnittmuster ist reich bebildert und alle Arbeitsschritte werden genau erkl\u00e4rt. Damit kommen auch N\u00e4hanf\u00e4nger zurecht.<\/p>\n<p><strong>N\u00e4hschwierigkeit:<\/strong> 2 von 5 Sternen<\/p>\n<p><strong>Ma\u00dfe:<br \/>\n<\/strong><\/p>\n<p>Mini: 32 x 17x 10(7)<br \/>\nMedium: 38,5 x 20 x 12 (9,5) cm<br \/>\nLarge: 45 x 22,5 x 14 (11) cm<\/p>\n<p><strong>3 Modelle je Gr\u00f6\u00dfe:<\/strong><\/p>\n<ul>\n<li>Modell A &#8211; Moon Bag Luna mit einer Falte am Rand<\/li>\n<li>Modell B &#8211; Moon Bag Luna ohne Falte, aber genauso gro\u00df<\/li>\n<li>Modell C &#8211; Moon Bag Luna mit schmalem Rand<\/li>\n<\/ul>\n<p><strong>4 M\u00f6glichkeiten f\u00fcr den Taschengurt<br \/>\n<\/strong><\/p>\n<ul>\n<li class=\"p1\">fest eingen\u00e4hter verstellbarer Taschengurt<\/li>\n<li>fest eingen\u00e4hter verstellbarer Taschengurt mit losem Ende<\/li>\n<li>verstellbarer Gurt mit Schnalle<\/li>\n<li>austauschbarer Taschengurt<\/li>\n<\/ul>\n<p>Willst du den Taschengurt aus Au\u00dfenstoff n\u00e4hen, ben\u00f6tigst du ca. 10 cm mehr Au\u00dfenstoff als angegeben!<\/p>\n<p>Nach erfolgter Bezahlung (Paypal oder Vorauszahlung) erh\u00e4ltst du eine E-Mail mit einem Download-Link. F\u00fcr den Download und Ausdruck des Schnittmusters ben\u00f6tigst du einen PC und einen Drucker.<\/p>\n<p>N\u00e4heres zum Bestellvorgang und was du von einem creaResa-E-Book erwarten darfst, kannst du auch auf <a href=\"https:\/\/crearesa.de\/schnittmuster-e-book-ausdrucken-und-kleben\/\">meinem Blog<\/a> nachlesen.<\/p>\n<p>Beispiele findest du auch auf Instagram unter dem Hashtag #moonbagluna.<\/p>\n<h3>Das ist dabei:<\/h3>\n<ul>\n<li>Gr\u00f6\u00dfe Mini: Schnittmuster auf 18 DIN A4 Seiten zum Ausdrucken und Kleben<\/li>\n<li>Gr\u00f6\u00dfe M: Schnittmuster auf 24 DIN A4 Seiten zum Ausdrucken und Kleben<\/li>\n<li>Gr\u00f6\u00dfe L: Schnittmuster auf 30 DIN A4 Seiten zum Ausdrucken und Kleben<\/li>\n<li>F\u00fcr jede Gr\u00f6\u00dfe eine A0 Datei (f\u00fcr den Ausdruck \u00fcber eine Plotterei)<\/li>\n<li>Schritt-f\u00fcr-Schritt Anleitung mit vielen Bildern f\u00fcr alle Gr\u00f6\u00dfen<\/li>\n<li>Schritt-f\u00fcr Schritt Anleitung Add-On: neue Futtervariante und Polsterung f\u00fcr die Mini-Schultertasche<\/li>\n<\/ul>\n<h3>Du brauchst:<\/h3>\n<ul>\n<li>Au\u00dfenstoff mit Richtung, z.B. Cord: 65\/75\/85 cm<\/li>\n<li>alternativ Au\u00dfenstoff ohne Richtung: 25\/35\/45 cm | Jeans, Canvas, Oilskin, weiche Outdoorstoffe, wattierte Stoffe, Fellimitat, weiches Kunstleder, weiches Leder.<\/li>\n<li>Futterstoff\u00a0 50\/50\/65 cm\u00a0 | gewebte Baumwolle ohne Stretch<\/li>\n<li>Leichtes Volumenvlies H630 zum Aufb\u00fcgeln und einen Rest B\u00fcgeleinlage H 250<\/li>\n<li>Endlosrei\u00dfverschl\u00fcsse mit Zipper, 35\/40\/45 cm und 25\/27\/32 cm lang, mindestens 3 cm breit<\/li>\n<li class=\"p1\">F\u00fcr einen fest eingen\u00e4hten verstellbaren Gurt 4cm breit:<span class=\"Apple-converted-space\"><br \/>\n<\/span>1 Vierkantring, 1 Schieber, 138 cm Gurtband<\/li>\n<li>F\u00fcr einen fest eingen\u00e4hten Gurt mit losem Ende<br \/>\n1 Schieber, 150 cm Gurtband<\/li>\n<li class=\"p1\">F\u00fcr einen fest eingen\u00e4hten Gurt mit Schnalle (Bauchtasche):<br \/>\n1 Steckschnalle, 1 Schieber, Gurtband 130 cm lang<\/li>\n<li class=\"p1\">F\u00fcr einen austauschbaren Taschengurt:<br \/>\n2 D-Ringe<br \/>\n1 fertiger Taschengurt <b>oder <\/b>Gurtband 130 cm lang, 2 Karabiner, 1 Schieber<\/li>\n<\/ul>\n<div class=\"shariff\" data-services=\"pinterest%7Cfacebook\" data-url=\"https%3A%2F%2Fcrearesa.de%2Fshop%2Fprodukt%2Fmoon-bag-luna-alle-groessen%2F\" data-timestamp=\"1771691752\" data-hidezero=\"1\" data-backendurl=\"https:\/\/crearesa.de\/shop\/wp-json\/shariff\/v1\/share_counts?\"><ul class=\"shariff-buttons theme-default orientation-horizontal buttonsize-medium\"><li class=\"shariff-button pinterest shariff-nocustomcolor\" style=\"background-color:#e70f18\"><a href=\"https:\/\/www.pinterest.com\/pin\/create\/link\/?url=https%3A%2F%2Fcrearesa.de%2Fshop%2Fprodukt%2Fmoon-bag-luna-alle-groessen%2F&media=https%3A%2F%2Fcrearesa.de%2Fshop%2Fwp-content%2Fuploads%2F2024%2F03%2Fmoon-bag-luna-kombipaket-1.jpg&description=Moon%20Bag%20Luna%20Kombipaket%20-%20alle%20Gr%C3%B6%C3%9Fen\" title=\"Bei Pinterest pinnen\" aria-label=\"Bei Pinterest pinnen\" role=\"button\" rel=\"noreferrernoopener nofollow\" class=\"shariff-link\" style=\"; background-color:#cb2027; color:#fff\" target=\"_blank\"><span class=\"shariff-icon\" style=\"\"><svg width=\"32px\" height=\"20px\" xmlns=\"http:\/\/www.w3.org\/2000\/svg\" viewBox=\"0 0 27 32\"><path fill=\"#cb2027\" d=\"M27.4 16q0 3.7-1.8 6.9t-5 5-6.9 1.9q-2 0-3.9-0.6 1.1-1.7 1.4-2.9 0.2-0.6 1-3.8 0.4 0.7 1.3 1.2t2 0.5q2.1 0 3.8-1.2t2.7-3.4 0.9-4.8q0-2-1.1-3.8t-3.1-2.9-4.5-1.2q-1.9 0-3.5 0.5t-2.8 1.4-2 2-1.2 2.3-0.4 2.4q0 1.9 0.7 3.3t2.1 2q0.5 0.2 0.7-0.4 0-0.1 0.1-0.5t0.2-0.5q0.1-0.4-0.2-0.8-0.9-1.1-0.9-2.7 0-2.7 1.9-4.6t4.9-2q2.7 0 4.2 1.5t1.5 3.8q0 3-1.2 5.2t-3.1 2.1q-1.1 0-1.7-0.8t-0.4-1.9q0.1-0.6 0.5-1.7t0.5-1.8 0.2-1.4q0-0.9-0.5-1.5t-1.4-0.6q-1.1 0-1.9 1t-0.8 2.6q0 1.3 0.4 2.2l-1.8 7.5q-0.3 1.2-0.2 3.2-3.7-1.6-6-5t-2.3-7.6q0-3.7 1.9-6.9t5-5 6.9-1.9 6.9 1.9 5 5 1.8 6.9z\"\/><\/svg><\/span><span class=\"shariff-text\">merken<\/span>&nbsp;<span data-service=\"pinterest\" style=\"color:#cb2027\" class=\"shariff-count shariff-hidezero\"><\/span>&nbsp;<\/a><\/li><li class=\"shariff-button facebook shariff-nocustomcolor\" style=\"background-color:#4273c8\"><a href=\"https:\/\/www.facebook.com\/sharer\/sharer.php?u=https%3A%2F%2Fcrearesa.de%2Fshop%2Fprodukt%2Fmoon-bag-luna-alle-groessen%2F\" title=\"Bei Facebook teilen\" aria-label=\"Bei Facebook teilen\" role=\"button\" rel=\"noreferrernoopener nofollow\" class=\"shariff-link\" style=\"; background-color:#3b5998; color:#fff\" target=\"_blank\"><span class=\"shariff-icon\" style=\"\"><svg width=\"32px\" height=\"20px\" xmlns=\"http:\/\/www.w3.org\/2000\/svg\" viewBox=\"0 0 18 32\"><path fill=\"#3b5998\" d=\"M17.1 0.2v4.7h-2.8q-1.5 0-2.1 0.6t-0.5 1.9v3.4h5.2l-0.7 5.3h-4.5v13.6h-5.5v-13.6h-4.5v-5.3h4.5v-3.9q0-3.3 1.9-5.2t5-1.8q2.6 0 4.1 0.2z\"\/><\/svg><\/span><span class=\"shariff-text\">teilen<\/span>&nbsp;<span data-service=\"facebook\" style=\"color:#3b5998\" class=\"shariff-count shariff-hidezero\"><\/span>&nbsp;<\/a><\/li><li class=\"shariff-button printer shariff-nocustomcolor\" style=\"background-color:#a8a8a8\"><a href=\"javascript:window.print()\" title=\"drucken\" aria-label=\"drucken\" role=\"button\" rel=\"noreferrernoopener nofollow\" class=\"shariff-link\" style=\"; background-color:#999; color:#fff\"><span class=\"shariff-icon\" style=\"\"><svg width=\"32px\" height=\"20px\" xmlns=\"http:\/\/www.w3.org\/2000\/svg\" viewBox=\"0 0 30 32\"><path fill=\"#999\" d=\"M6.8 27.4h16v-4.6h-16v4.6zM6.8 16h16v-6.8h-2.8q-0.7 0-1.2-0.5t-0.5-1.2v-2.8h-11.4v11.4zM27.4 17.2q0-0.5-0.3-0.8t-0.8-0.4-0.8 0.4-0.3 0.8 0.3 0.8 0.8 0.3 0.8-0.3 0.3-0.8zM29.7 17.2v7.4q0 0.2-0.2 0.4t-0.4 0.2h-4v2.8q0 0.7-0.5 1.2t-1.2 0.5h-17.2q-0.7 0-1.2-0.5t-0.5-1.2v-2.8h-4q-0.2 0-0.4-0.2t-0.2-0.4v-7.4q0-1.4 1-2.4t2.4-1h1.2v-9.7q0-0.7 0.5-1.2t1.2-0.5h12q0.7 0 1.6 0.4t1.3 0.8l2.7 2.7q0.5 0.5 0.9 1.4t0.4 1.6v4.6h1.1q1.4 0 2.4 1t1 2.4z\"\/><\/svg><\/span><span class=\"shariff-text\">drucken<\/span>&nbsp;<\/a><\/li><\/ul><\/div>","protected":false},"excerpt":{"rendered":"<p>Die trendige Schultertasche in Halbmond-Form\u00a0 &#8211; alle 3 Gr\u00f6\u00dfen in einem Paket<\/p>\n<ul>\n<li>PDF-Schnittmuster \u2013 E-Book zum Download nach dem Kauf &#8211; du ben\u00f6tigst einen PC<\/li>\n<li>Cross Body Bag mit erstaunlich viel Platz<\/li>\n<li>3 Gr\u00f6\u00dfen: Mini, Medium und Large<\/li>\n<li>je Gr\u00f6\u00dfe 3 Modelle: mit Falten, ohne Falten, schmaler Rand<\/li>\n<li>Schwierigkeit: 2 von 5<\/li>\n<li>N\u00e4hanleitung mit vielen Bildern<\/li>\n<li>Schnittmuster A4 zum selber Ausdrucken und A0 f\u00fcr den Ausdruck \u00fcber eine Plotterei<\/li>\n<\/ul>\n<p>Noch mehr Beispiele findest du auf <a href=\"https:\/\/www.instagram.com\/explore\/tags\/moonbagluna\/\" target=\"_blank\" rel=\"noopener\">Instagram #moonbagluna<\/a><\/p>\n","protected":false},"featured_media":29132,"comment_status":"open","ping_status":"closed","template":"","meta":{"site-sidebar-layout":"default","site-content-layout":"default","ast-site-content-layout":"default","site-content-style":"default","site-sidebar-style":"default","ast-global-header-display":"","ast-banner-title-visibility":"","ast-main-header-display":"","ast-hfb-above-header-display":"","ast-hfb-below-header-display":"","ast-hfb-mobile-header-display":"","site-post-title":"","ast-breadcrumbs-content":"","ast-featured-img":"","footer-sml-layout":"","ast-disable-related-posts":"","theme-transparent-header-meta":"default","adv-header-id-meta":"","stick-header-meta":"default","header-above-stick-meta":"","header-main-stick-meta":"","header-below-stick-meta":"","astra-migrate-meta-layouts":"set","ast-page-background-enabled":"default","ast-page-background-meta":{"desktop":{"background-color":"","background-image":"","background-repeat":"repeat","background-position":"center center","background-size":"auto","background-attachment":"scroll","background-type":"","background-media":"","overlay-type":"","overlay-color":"","overlay-opacity":"","overlay-gradient":""},"tablet":{"background-color":"","background-image":"","background-repeat":"repeat","background-position":"center center","background-size":"auto","background-attachment":"scroll","background-type":"","background-media":"","overlay-type":"","overlay-color":"","overlay-opacity":"","overlay-gradient":""},"mobile":{"background-color":"","background-image":"","background-repeat":"repeat","background-position":"center center","background-size":"auto","background-attachment":"scroll","background-type":"","background-media":"","overlay-type":"","overlay-color":"","overlay-opacity":"","overlay-gradient":""}},"ast-content-background-meta":{"desktop":{"background-color":"var(--ast-global-color-5)","background-image":"","background-repeat":"repeat","background-position":"center center","background-size":"auto","background-attachment":"scroll","background-type":"","background-media":"","overlay-type":"","overlay-color":"","overlay-opacity":"","overlay-gradient":""},"tablet":{"background-color":"var(--ast-global-color-5)","background-image":"","background-repeat":"repeat","background-position":"center center","background-size":"auto","background-attachment":"scroll","background-type":"","background-media":"","overlay-type":"","overlay-color":"","overlay-opacity":"","overlay-gradient":""},"mobile":{"background-color":"var(--ast-global-color-5)","background-image":"","background-repeat":"repeat","background-position":"center center","background-size":"auto","background-attachment":"scroll","background-type":"","background-media":"","overlay-type":"","overlay-color":"","overlay-opacity":"","overlay-gradient":""}}},"product_brand":[],"product_cat":[34,229],"product_tag":[233,61,62,63],"class_list":{"0":"post-29127","1":"product","2":"type-product","3":"status-publish","4":"has-post-thumbnail","6":"product_cat-schnittmuster-fuer-taschen","7":"product_cat-taschen-kombipakete","8":"product_tag-moon-bag-luna","9":"product_tag-handtasche","10":"product_tag-umhaengetasche","11":"product_tag-schultertasche","12":"desktop-align-left","13":"tablet-align-left","14":"mobile-align-left","15":"ast-product-gallery-layout-horizontal","16":"ast-product-tabs-layout-vertical","18":"first","19":"instock","20":"downloadable","21":"virtual","22":"sold-individually","23":"taxable","24":"purchasable","25":"product-type-simple"},"yoast_head":"<!-- This site is optimized with the Yoast SEO plugin v27.3 - https:\/\/yoast.com\/product\/yoast-seo-wordpress\/ -->\n<title>Moon Bag Luna Kombipaket - alle Gr\u00f6\u00dfen - creaResa - sch\u00f6ne Sachen selber machen<\/title>\n<meta name=\"description\" content=\"Schnittmuster f\u00fcr eine Halbmond-Tasche in 3 Gr\u00f6\u00dfen. Cross Body Bag mit viel Platz. PDF-Schnittmuster A4 und A0. Anleitung mit vielen Bildern.\" \/>\n<meta name=\"robots\" content=\"index, follow, max-snippet:-1, max-image-preview:large, max-video-preview:-1\" \/>\n<link rel=\"canonical\" href=\"https:\/\/crearesa.de\/shop\/produkt\/moon-bag-luna-alle-groessen\/\" \/>\n<meta property=\"og:locale\" content=\"de_DE\" \/>\n<meta property=\"og:type\" content=\"article\" \/>\n<meta property=\"og:title\" content=\"Moon Bag Luna Kombipaket - alle Gr\u00f6\u00dfen - creaResa - sch\u00f6ne Sachen selber machen\" \/>\n<meta property=\"og:description\" content=\"Schnittmuster f\u00fcr eine Halbmond-Tasche in 3 Gr\u00f6\u00dfen. Cross Body Bag mit viel Platz. PDF-Schnittmuster A4 und A0. Anleitung mit vielen Bildern.\" \/>\n<meta property=\"og:url\" content=\"https:\/\/crearesa.de\/shop\/produkt\/moon-bag-luna-alle-groessen\/\" \/>\n<meta property=\"og:site_name\" content=\"creaResa - sch\u00f6ne Sachen selber machen\" \/>\n<meta property=\"article:publisher\" content=\"https:\/\/www.facebook.com\/crearesa\/\" \/>\n<meta property=\"article:modified_time\" content=\"2026-02-21T15:35:52+00:00\" \/>\n<meta property=\"og:image\" content=\"https:\/\/crearesa.de\/shop\/wp-content\/uploads\/2024\/03\/moon-bag-luna-kombipaket-1.jpg\" \/>\n\t<meta property=\"og:image:width\" content=\"1500\" \/>\n\t<meta property=\"og:image:height\" content=\"1500\" \/>\n\t<meta property=\"og:image:type\" content=\"image\/jpeg\" \/>\n<meta name=\"twitter:card\" content=\"summary_large_image\" \/>\n<meta name=\"twitter:label1\" content=\"Gesch\u00e4tzte Lesezeit\" \/>\n\t<meta name=\"twitter:data1\" content=\"4\u00a0Minuten\" \/>\n<script type=\"application\/ld+json\" class=\"yoast-schema-graph\">{\"@context\":\"https:\\\/\\\/schema.org\",\"@graph\":[{\"@type\":\"WebPage\",\"@id\":\"https:\\\/\\\/crearesa.de\\\/shop\\\/produkt\\\/moon-bag-luna-alle-groessen\\\/\",\"url\":\"https:\\\/\\\/crearesa.de\\\/shop\\\/produkt\\\/moon-bag-luna-alle-groessen\\\/\",\"name\":\"Moon Bag Luna Kombipaket - alle Gr\u00f6\u00dfen - creaResa - sch\u00f6ne Sachen selber machen\",\"isPartOf\":{\"@id\":\"https:\\\/\\\/crearesa.de\\\/shop\\\/#website\"},\"primaryImageOfPage\":{\"@id\":\"https:\\\/\\\/crearesa.de\\\/shop\\\/produkt\\\/moon-bag-luna-alle-groessen\\\/#primaryimage\"},\"image\":{\"@id\":\"https:\\\/\\\/crearesa.de\\\/shop\\\/produkt\\\/moon-bag-luna-alle-groessen\\\/#primaryimage\"},\"thumbnailUrl\":\"https:\\\/\\\/crearesa.de\\\/shop\\\/wp-content\\\/uploads\\\/2024\\\/03\\\/moon-bag-luna-kombipaket-1.jpg\",\"datePublished\":\"2024-03-23T07:26:50+00:00\",\"dateModified\":\"2026-02-21T15:35:52+00:00\",\"description\":\"Schnittmuster f\u00fcr eine Halbmond-Tasche in 3 Gr\u00f6\u00dfen. Cross Body Bag mit viel Platz. PDF-Schnittmuster A4 und A0. Anleitung mit vielen Bildern.\",\"breadcrumb\":{\"@id\":\"https:\\\/\\\/crearesa.de\\\/shop\\\/produkt\\\/moon-bag-luna-alle-groessen\\\/#breadcrumb\"},\"inLanguage\":\"de\",\"potentialAction\":[{\"@type\":\"ReadAction\",\"target\":[\"https:\\\/\\\/crearesa.de\\\/shop\\\/produkt\\\/moon-bag-luna-alle-groessen\\\/\"]}]},{\"@type\":\"ImageObject\",\"inLanguage\":\"de\",\"@id\":\"https:\\\/\\\/crearesa.de\\\/shop\\\/produkt\\\/moon-bag-luna-alle-groessen\\\/#primaryimage\",\"url\":\"https:\\\/\\\/crearesa.de\\\/shop\\\/wp-content\\\/uploads\\\/2024\\\/03\\\/moon-bag-luna-kombipaket-1.jpg\",\"contentUrl\":\"https:\\\/\\\/crearesa.de\\\/shop\\\/wp-content\\\/uploads\\\/2024\\\/03\\\/moon-bag-luna-kombipaket-1.jpg\",\"width\":1500,\"height\":1500},{\"@type\":\"BreadcrumbList\",\"@id\":\"https:\\\/\\\/crearesa.de\\\/shop\\\/produkt\\\/moon-bag-luna-alle-groessen\\\/#breadcrumb\",\"itemListElement\":[{\"@type\":\"ListItem\",\"position\":1,\"name\":\"Startseite\",\"item\":\"https:\\\/\\\/crearesa.de\\\/shop\\\/\"},{\"@type\":\"ListItem\",\"position\":2,\"name\":\"Schnittmuster Shop\",\"item\":\"https:\\\/\\\/crearesa.de\\\/shop\\\/\"},{\"@type\":\"ListItem\",\"position\":3,\"name\":\"Moon Bag Luna Kombipaket &#8211; alle Gr\u00f6\u00dfen\"}]},{\"@type\":\"WebSite\",\"@id\":\"https:\\\/\\\/crearesa.de\\\/shop\\\/#website\",\"url\":\"https:\\\/\\\/crearesa.de\\\/shop\\\/\",\"name\":\"creaResa - sch\u00f6ne Sachen selber machen\",\"description\":\"Shop f\u00fcr Schnittmuster und N\u00e4hpakete\",\"publisher\":{\"@id\":\"https:\\\/\\\/crearesa.de\\\/shop\\\/#organization\"},\"potentialAction\":[{\"@type\":\"SearchAction\",\"target\":{\"@type\":\"EntryPoint\",\"urlTemplate\":\"https:\\\/\\\/crearesa.de\\\/shop\\\/?s={search_term_string}\"},\"query-input\":{\"@type\":\"PropertyValueSpecification\",\"valueRequired\":true,\"valueName\":\"search_term_string\"}}],\"inLanguage\":\"de\"},{\"@type\":\"Organization\",\"@id\":\"https:\\\/\\\/crearesa.de\\\/shop\\\/#organization\",\"name\":\"creaResa\",\"url\":\"https:\\\/\\\/crearesa.de\\\/shop\\\/\",\"logo\":{\"@type\":\"ImageObject\",\"inLanguage\":\"de\",\"@id\":\"https:\\\/\\\/crearesa.de\\\/shop\\\/#\\\/schema\\\/logo\\\/image\\\/\",\"url\":\"https:\\\/\\\/crearesa.de\\\/shop\\\/wp-content\\\/uploads\\\/2020\\\/06\\\/logo_crearesa-1.png\",\"contentUrl\":\"https:\\\/\\\/crearesa.de\\\/shop\\\/wp-content\\\/uploads\\\/2020\\\/06\\\/logo_crearesa-1.png\",\"width\":400,\"height\":172,\"caption\":\"creaResa\"},\"image\":{\"@id\":\"https:\\\/\\\/crearesa.de\\\/shop\\\/#\\\/schema\\\/logo\\\/image\\\/\"},\"sameAs\":[\"https:\\\/\\\/www.facebook.com\\\/crearesa\\\/\",\"https:\\\/\\\/www.instagram.com\\\/crearesa\\\/\",\"https:\\\/\\\/www.pinterest.de\\\/resa_crearesa\\\/\"]}]}<\/script>\n<!-- \/ Yoast SEO plugin. -->","yoast_head_json":{"title":"Moon Bag Luna Kombipaket - alle Gr\u00f6\u00dfen - creaResa - sch\u00f6ne Sachen selber machen","description":"Schnittmuster f\u00fcr eine Halbmond-Tasche in 3 Gr\u00f6\u00dfen. Cross Body Bag mit viel Platz. PDF-Schnittmuster A4 und A0. Anleitung mit vielen Bildern.","robots":{"index":"index","follow":"follow","max-snippet":"max-snippet:-1","max-image-preview":"max-image-preview:large","max-video-preview":"max-video-preview:-1"},"canonical":"https:\/\/crearesa.de\/shop\/produkt\/moon-bag-luna-alle-groessen\/","og_locale":"de_DE","og_type":"article","og_title":"Moon Bag Luna Kombipaket - alle Gr\u00f6\u00dfen - creaResa - sch\u00f6ne Sachen selber machen","og_description":"Schnittmuster f\u00fcr eine Halbmond-Tasche in 3 Gr\u00f6\u00dfen. Cross Body Bag mit viel Platz. PDF-Schnittmuster A4 und A0. Anleitung mit vielen Bildern.","og_url":"https:\/\/crearesa.de\/shop\/produkt\/moon-bag-luna-alle-groessen\/","og_site_name":"creaResa - sch\u00f6ne Sachen selber machen","article_publisher":"https:\/\/www.facebook.com\/crearesa\/","article_modified_time":"2026-02-21T15:35:52+00:00","og_image":[{"width":1500,"height":1500,"url":"https:\/\/crearesa.de\/shop\/wp-content\/uploads\/2024\/03\/moon-bag-luna-kombipaket-1.jpg","type":"image\/jpeg"}],"twitter_card":"summary_large_image","twitter_misc":{"Gesch\u00e4tzte Lesezeit":"4\u00a0Minuten"},"schema":{"@context":"https:\/\/schema.org","@graph":[{"@type":"WebPage","@id":"https:\/\/crearesa.de\/shop\/produkt\/moon-bag-luna-alle-groessen\/","url":"https:\/\/crearesa.de\/shop\/produkt\/moon-bag-luna-alle-groessen\/","name":"Moon Bag Luna Kombipaket - alle Gr\u00f6\u00dfen - creaResa - sch\u00f6ne Sachen selber machen","isPartOf":{"@id":"https:\/\/crearesa.de\/shop\/#website"},"primaryImageOfPage":{"@id":"https:\/\/crearesa.de\/shop\/produkt\/moon-bag-luna-alle-groessen\/#primaryimage"},"image":{"@id":"https:\/\/crearesa.de\/shop\/produkt\/moon-bag-luna-alle-groessen\/#primaryimage"},"thumbnailUrl":"https:\/\/crearesa.de\/shop\/wp-content\/uploads\/2024\/03\/moon-bag-luna-kombipaket-1.jpg","datePublished":"2024-03-23T07:26:50+00:00","dateModified":"2026-02-21T15:35:52+00:00","description":"Schnittmuster f\u00fcr eine Halbmond-Tasche in 3 Gr\u00f6\u00dfen. Cross Body Bag mit viel Platz. PDF-Schnittmuster A4 und A0. Anleitung mit vielen Bildern.","breadcrumb":{"@id":"https:\/\/crearesa.de\/shop\/produkt\/moon-bag-luna-alle-groessen\/#breadcrumb"},"inLanguage":"de","potentialAction":[{"@type":"ReadAction","target":["https:\/\/crearesa.de\/shop\/produkt\/moon-bag-luna-alle-groessen\/"]}]},{"@type":"ImageObject","inLanguage":"de","@id":"https:\/\/crearesa.de\/shop\/produkt\/moon-bag-luna-alle-groessen\/#primaryimage","url":"https:\/\/crearesa.de\/shop\/wp-content\/uploads\/2024\/03\/moon-bag-luna-kombipaket-1.jpg","contentUrl":"https:\/\/crearesa.de\/shop\/wp-content\/uploads\/2024\/03\/moon-bag-luna-kombipaket-1.jpg","width":1500,"height":1500},{"@type":"BreadcrumbList","@id":"https:\/\/crearesa.de\/shop\/produkt\/moon-bag-luna-alle-groessen\/#breadcrumb","itemListElement":[{"@type":"ListItem","position":1,"name":"Startseite","item":"https:\/\/crearesa.de\/shop\/"},{"@type":"ListItem","position":2,"name":"Schnittmuster Shop","item":"https:\/\/crearesa.de\/shop\/"},{"@type":"ListItem","position":3,"name":"Moon Bag Luna Kombipaket &#8211; alle Gr\u00f6\u00dfen"}]},{"@type":"WebSite","@id":"https:\/\/crearesa.de\/shop\/#website","url":"https:\/\/crearesa.de\/shop\/","name":"creaResa - sch\u00f6ne Sachen selber machen","description":"Shop f\u00fcr Schnittmuster und N\u00e4hpakete","publisher":{"@id":"https:\/\/crearesa.de\/shop\/#organization"},"potentialAction":[{"@type":"SearchAction","target":{"@type":"EntryPoint","urlTemplate":"https:\/\/crearesa.de\/shop\/?s={search_term_string}"},"query-input":{"@type":"PropertyValueSpecification","valueRequired":true,"valueName":"search_term_string"}}],"inLanguage":"de"},{"@type":"Organization","@id":"https:\/\/crearesa.de\/shop\/#organization","name":"creaResa","url":"https:\/\/crearesa.de\/shop\/","logo":{"@type":"ImageObject","inLanguage":"de","@id":"https:\/\/crearesa.de\/shop\/#\/schema\/logo\/image\/","url":"https:\/\/crearesa.de\/shop\/wp-content\/uploads\/2020\/06\/logo_crearesa-1.png","contentUrl":"https:\/\/crearesa.de\/shop\/wp-content\/uploads\/2020\/06\/logo_crearesa-1.png","width":400,"height":172,"caption":"creaResa"},"image":{"@id":"https:\/\/crearesa.de\/shop\/#\/schema\/logo\/image\/"},"sameAs":["https:\/\/www.facebook.com\/crearesa\/","https:\/\/www.instagram.com\/crearesa\/","https:\/\/www.pinterest.de\/resa_crearesa\/"]}]}},"_links":{"self":[{"href":"https:\/\/crearesa.de\/shop\/wp-json\/wp\/v2\/product\/29127","targetHints":{"allow":["GET"]}}],"collection":[{"href":"https:\/\/crearesa.de\/shop\/wp-json\/wp\/v2\/product"}],"about":[{"href":"https:\/\/crearesa.de\/shop\/wp-json\/wp\/v2\/types\/product"}],"replies":[{"embeddable":true,"href":"https:\/\/crearesa.de\/shop\/wp-json\/wp\/v2\/comments?post=29127"}],"wp:featuredmedia":[{"embeddable":true,"href":"https:\/\/crearesa.de\/shop\/wp-json\/wp\/v2\/media\/29132"}],"wp:attachment":[{"href":"https:\/\/crearesa.de\/shop\/wp-json\/wp\/v2\/media?parent=29127"}],"wp:term":[{"taxonomy":"product_brand","embeddable":true,"href":"https:\/\/crearesa.de\/shop\/wp-json\/wp\/v2\/product_brand?post=29127"},{"taxonomy":"product_cat","embeddable":true,"href":"https:\/\/crearesa.de\/shop\/wp-json\/wp\/v2\/product_cat?post=29127"},{"taxonomy":"product_tag","embeddable":true,"href":"https:\/\/crearesa.de\/shop\/wp-json\/wp\/v2\/product_tag?post=29127"}],"curies":[{"name":"wp","href":"https:\/\/api.w.org\/{rel}","templated":true}]}}