{"id":30335,"date":"2024-06-30T13:38:27","date_gmt":"2024-06-30T11:38:27","guid":{"rendered":"https:\/\/crearesa.de\/shop\/?post_type=product&#038;p=30335"},"modified":"2025-08-19T08:34:40","modified_gmt":"2025-08-19T06:34:40","slug":"sommer-basic-shirts-schnittmuster-kombipaket","status":"publish","type":"product","link":"https:\/\/crearesa.de\/shop\/produkt\/sommer-basic-shirts-schnittmuster-kombipaket\/","title":{"rendered":"3 Sommer-Basic-Shirts &#8211; Schnittmuster-Kombipaket (E-Books)"},"content":{"rendered":"<h3><strong>Top Resa<\/strong><\/h3>\n<p><strong>ist ein schnell gen\u00e4htes, \u00e4rmelloses Basic-Shirt f\u00fcr modische Looks:<br \/>\n<\/strong>weite Passform, <span style=\"font-size: 16px;\">\u00fcberschnittene Schultern, <\/span><span style=\"font-size: 16px;\">hoher Rundhals\u00a0 oder mit V-Auschnitt (Add-On)<\/span><\/p>\n<p class=\"p1\"><strong>Materialverbrauch<br \/>\n<\/strong><span style=\"font-size: 16px;\">0,80 m bei einer Stoffbreite von 150 cm. O<\/span><span style=\"font-size: 16px;\">ptional: B\u00fcndchenstoff f\u00fcr das Halsb\u00fcndchen<\/span><\/p>\n<p><strong>N\u00e4hschwierigkeit: leicht<\/strong><\/p>\n<p><strong>Gr. 34 &#8211; 48<\/strong><\/p>\n<p><a href=\"https:\/\/youtube.com\/shorts\/oa2grMqIQQU?feature=share\" target=\"_blank\" rel=\"noopener\">&gt;&gt;\u00a0 Zum Anleitungsvideo<\/a><\/p>\n<p><a href=\"https:\/\/youtube.com\/shorts\/oa2grMqIQQU?feature=share\" target=\"_blank\" rel=\"noopener\"><img loading=\"lazy\" decoding=\"async\" class=\"alignnone size-full wp-image-26700\" src=\"https:\/\/crearesa.de\/shop\/wp-content\/uploads\/2023\/06\/top-resa-naehen-video.jpg\" alt=\"\" width=\"200\" height=\"200\" srcset=\"https:\/\/crearesa.de\/shop\/wp-content\/uploads\/2023\/06\/top-resa-naehen-video.jpg 200w, https:\/\/crearesa.de\/shop\/wp-content\/uploads\/2023\/06\/top-resa-naehen-video-150x150.jpg 150w, https:\/\/crearesa.de\/shop\/wp-content\/uploads\/2023\/06\/top-resa-naehen-video-100x100.jpg 100w\" sizes=\"auto, (max-width: 200px) 100vw, 200px\" \/><\/a><\/p>\n<p>&nbsp;<\/p>\n<h3 class=\"p1\">Shirt Sonni<\/h3>\n<p class=\"p1\">mit betonten Schultern \u2013 ein absolutes Must-have f\u00fcr den Sommer! Die kleinen Polster werden aus Jersey gen\u00e4ht und nicht zus\u00e4tzlich wattiert. Eine super tragbare Variante des 80er-Jahre-Trends.<\/p>\n<p>Das Shirt l\u00e4sst\u00a0 beliebig \u2013 bis zum Kleid \u2013 verl\u00e4ngern.<\/p>\n<p class=\"p1\"><b>Stoffempfehlung: Jerseystoffe aller Art.<br \/>\n<\/b>Am besten eignet sich Baumwolljersey mit und ohne Elasthan.<span class=\"Apple-converted-space\"><br \/>\nWenn du das Shirt aus d\u00fcnnem Viskosejersey n\u00e4hst, kannst du f\u00fcr die Schulterpolster auch einen festeren Baumwolljersey nehmen, das gibt den Schultern mehr Stand. Alternativ kannst du die Polster auch mit Vlieseline verst\u00e4rken.<br \/>\n<\/span><\/p>\n<p><strong>Materialverbrauch<\/strong><br \/>\nStoffbreite 150 cm:<span class=\"Apple-converted-space\">\u00a0\u00a0<\/span><strong>Gr. 34-44: 80 cm, Gr. 46-48: 90 cm<\/strong><\/p>\n<p><strong>N\u00e4hschwierigkeit: leicht<br \/>\nGr\u00f6\u00dfe: 34 bis 48<\/strong><\/p>\n<p><a href=\"https:\/\/youtube.com\/shorts\/ZwFhdiLjBlM?si=WWyxjtp4vGr_6y48\" target=\"_blank\" rel=\"noopener\"><img loading=\"lazy\" decoding=\"async\" class=\"alignnone size-full wp-image-26700\" src=\"https:\/\/crearesa.de\/shop\/wp-content\/uploads\/2024\/06\/shirt-sonni-naehen-video.jpg\" alt=\"\" width=\"200\" height=\"200\" \/><\/a><\/p>\n<p>&nbsp;<\/p>\n<h3><strong>Shirt Resa <\/strong><\/h3>\n<p><strong>ist ein schnell gen\u00e4htes Basic T-Shirt:<br \/>\n<\/strong>Raglan\u00e4rmel, <span style=\"font-size: 16px;\">weite, gerade Form, <\/span><span style=\"font-size: 16px;\">schr\u00e4ge Seitenn\u00e4hte, <\/span><span style=\"font-size: 16px;\">kleine Seitenschlitze, <\/span><span style=\"font-size: 16px;\">hinten l\u00e4nger als vorne<\/span><\/p>\n<p class=\"p1\"><b>Stoffempfehlung:<br \/>\n<\/b><\/p>\n<p class=\"p1\">Strickstoffe, nicht zu d\u00fcnn: z.B. Baumwolljersey, Viskosejersey, Romanitjersey, Interlock.<br \/>\n<span class=\"s1\">Aus leichtem, sc<\/span>h\u00f6n fallendem Romanitjersey wird das Shirt eher elegant, aus Baumwolljersey eher sportlich.<\/p>\n<p class=\"p1\"><span class=\"Apple-converted-space\">\u00a0<\/span><strong>Materialverbrauch<br \/>\n<\/strong>1,30 m bei einer Stoffbreite von 140 cm.<br \/>\nEventuell auch weniger, abh\u00e4ngig von Stoffrichtung, Gr\u00f6\u00dfe und Stoffbreite.<br \/>\nWenn du z.B. bei Romanitjersey das R\u00fcckenteil mit einer Naht in der Mitte n\u00e4hst, ben\u00f6tigst du noch weniger Stoff.<\/p>\n<p><strong>N\u00e4hschwierigkeit: leicht<br \/>\nGr\u00f6\u00dfe: 36 bis 48<\/strong><\/p>\n<hr \/>\n<p><strong>Alle Schnittmuster zum Download am PC. A4 zum selber ausdrucken, A0 f\u00fcr den Ausdruck \u00fcber eine Plotterei.<\/strong><\/p>\n<p>Die Schnittmuster enthalten keine Nahtzugabe.<\/p>\n<p><strong>Nach dem Kauf kannst du f\u00fcr jedes Schnittmuster eine ZIP-Datei herunterladen und entpacken. In dieser sind enthalten:<\/strong><\/p>\n<ul>\n<li>Eine ausf\u00fchrliche Anleitung mit vielen Bildern f\u00fcr N\u00e4hanf\u00e4nger.<\/li>\n<li>Das Schnittmuster als PDF-Datei zum Ausdruck auf DIN A4 Papier.\u00a0 Die Gr\u00f6\u00dfen sind auf Ebenen angelegt. Du kannst die Gr\u00f6\u00dfen, die du nicht ben\u00f6tigst, vor dem Ausdruck ausblenden.<span class=\"Apple-converted-space\" style=\"font-size: 16px; font-family: -apple-system, BlinkMacSystemFont, 'Segoe UI', Roboto, Oxygen-Sans, Ubuntu, Cantarell, 'Helvetica Neue', sans-serif;\">\u00a0<\/span><br \/>\nNach dem Ausdruck musst du die Seiten zusammenkleben.<a style=\"font-family: -apple-system, BlinkMacSystemFont, 'Segoe UI', Roboto, Oxygen-Sans, Ubuntu, Cantarell, 'Helvetica Neue', sans-serif;\" href=\"https:\/\/crearesa.de\/schnittmuster-e-book-ausdrucken-und-kleben\/\" target=\"_blank\" rel=\"noopener noreferrer\">\u00a0&gt;&gt; Eine Anleitung dazu findest du auf meinem Blog.<\/a><\/li>\n<li>Das Schnittmuster als PDF-Datei im DIN A0 Format f\u00fcr den Ausdruck mit einem Plotter &#8211; entweder in einer Druckerei oder bei einer Online-Plotterei.<\/li>\n<\/ul>\n<p>Das V-Ausschnitt Add-On kannst du als PDF herunterladen. Die Anleitung f\u00fcr den V-Ausschnitt findest du <a href=\"https:\/\/crearesa.de\/v-ausschnitt-mit-buendchen-naehen\/\">hier<\/a> auf meinem Blog.<\/p>\n<p><strong>Weitere schnell gen\u00e4hte Basic-Schnittmuster:<br \/>\n<\/strong><br \/>\n<a href=\"https:\/\/crearesa.de\/shop\/produkt\/basic-hoodie-resa-schnittmuster\/\">Basic Hoodie Resa<\/a><br \/>\n<a href=\"https:\/\/crearesa.de\/shop\/produkt\/rock-resa-schnittmuster\/\">Rock Resa<\/a><br \/>\nPassend dazu: <a href=\"https:\/\/crearesa.de\/shop\/produkt\/tasche-resa-basic-schnittmuster\/\">Tasche Resa Basic<\/a> und <a href=\"https:\/\/crearesa.de\/shop\/produkt\/turnbeutel-resa\/\">Turnbeutel Resa<\/a><\/p>\n<div class=\"shariff\" data-services=\"pinterest%7Cfacebook\" data-url=\"https%3A%2F%2Fcrearesa.de%2Fshop%2Fprodukt%2Fsommer-basic-shirts-schnittmuster-kombipaket%2F\" data-timestamp=\"1755592480\" data-hidezero=\"1\" data-backendurl=\"https:\/\/crearesa.de\/shop\/wp-json\/shariff\/v1\/share_counts?\"><ul class=\"shariff-buttons theme-default orientation-horizontal buttonsize-medium\"><li class=\"shariff-button pinterest shariff-nocustomcolor\" style=\"background-color:#e70f18\"><a href=\"https:\/\/www.pinterest.com\/pin\/create\/link\/?url=https%3A%2F%2Fcrearesa.de%2Fshop%2Fprodukt%2Fsommer-basic-shirts-schnittmuster-kombipaket%2F&media=https%3A%2F%2Fcrearesa.de%2Fshop%2Fwp-content%2Fuploads%2F2025%2F07%2Fbundle-basic-shirts.jpg&description=3%20Sommer-Basic-Shirts%20-%20Schnittmuster-Kombipaket%20%28E-Books%29\" title=\"Bei Pinterest pinnen\" aria-label=\"Bei Pinterest pinnen\" role=\"button\" rel=\"noreferrernoopener nofollow\" class=\"shariff-link\" style=\"; background-color:#cb2027; color:#fff\" target=\"_blank\"><span class=\"shariff-icon\" style=\"\"><svg width=\"32px\" height=\"20px\" xmlns=\"http:\/\/www.w3.org\/2000\/svg\" viewBox=\"0 0 27 32\"><path fill=\"#cb2027\" d=\"M27.4 16q0 3.7-1.8 6.9t-5 5-6.9 1.9q-2 0-3.9-0.6 1.1-1.7 1.4-2.9 0.2-0.6 1-3.8 0.4 0.7 1.3 1.2t2 0.5q2.1 0 3.8-1.2t2.7-3.4 0.9-4.8q0-2-1.1-3.8t-3.1-2.9-4.5-1.2q-1.9 0-3.5 0.5t-2.8 1.4-2 2-1.2 2.3-0.4 2.4q0 1.9 0.7 3.3t2.1 2q0.5 0.2 0.7-0.4 0-0.1 0.1-0.5t0.2-0.5q0.1-0.4-0.2-0.8-0.9-1.1-0.9-2.7 0-2.7 1.9-4.6t4.9-2q2.7 0 4.2 1.5t1.5 3.8q0 3-1.2 5.2t-3.1 2.1q-1.1 0-1.7-0.8t-0.4-1.9q0.1-0.6 0.5-1.7t0.5-1.8 0.2-1.4q0-0.9-0.5-1.5t-1.4-0.6q-1.1 0-1.9 1t-0.8 2.6q0 1.3 0.4 2.2l-1.8 7.5q-0.3 1.2-0.2 3.2-3.7-1.6-6-5t-2.3-7.6q0-3.7 1.9-6.9t5-5 6.9-1.9 6.9 1.9 5 5 1.8 6.9z\"\/><\/svg><\/span><span class=\"shariff-text\">merken<\/span>&nbsp;<span data-service=\"pinterest\" style=\"color:#cb2027\" class=\"shariff-count shariff-hidezero\"><\/span>&nbsp;<\/a><\/li><li class=\"shariff-button facebook shariff-nocustomcolor\" style=\"background-color:#4273c8\"><a href=\"https:\/\/www.facebook.com\/sharer\/sharer.php?u=https%3A%2F%2Fcrearesa.de%2Fshop%2Fprodukt%2Fsommer-basic-shirts-schnittmuster-kombipaket%2F\" title=\"Bei Facebook teilen\" aria-label=\"Bei Facebook teilen\" role=\"button\" rel=\"noreferrernoopener nofollow\" class=\"shariff-link\" style=\"; background-color:#3b5998; color:#fff\" target=\"_blank\"><span class=\"shariff-icon\" style=\"\"><svg width=\"32px\" height=\"20px\" xmlns=\"http:\/\/www.w3.org\/2000\/svg\" viewBox=\"0 0 18 32\"><path fill=\"#3b5998\" d=\"M17.1 0.2v4.7h-2.8q-1.5 0-2.1 0.6t-0.5 1.9v3.4h5.2l-0.7 5.3h-4.5v13.6h-5.5v-13.6h-4.5v-5.3h4.5v-3.9q0-3.3 1.9-5.2t5-1.8q2.6 0 4.1 0.2z\"\/><\/svg><\/span><span class=\"shariff-text\">teilen<\/span>&nbsp;<span data-service=\"facebook\" style=\"color:#3b5998\" class=\"shariff-count shariff-hidezero\"><\/span>&nbsp;<\/a><\/li><li class=\"shariff-button printer shariff-nocustomcolor\" style=\"background-color:#a8a8a8\"><a href=\"javascript:window.print()\" title=\"drucken\" aria-label=\"drucken\" role=\"button\" rel=\"noreferrernoopener nofollow\" class=\"shariff-link\" style=\"; background-color:#999; color:#fff\"><span class=\"shariff-icon\" style=\"\"><svg width=\"32px\" height=\"20px\" xmlns=\"http:\/\/www.w3.org\/2000\/svg\" viewBox=\"0 0 30 32\"><path fill=\"#999\" d=\"M6.8 27.4h16v-4.6h-16v4.6zM6.8 16h16v-6.8h-2.8q-0.7 0-1.2-0.5t-0.5-1.2v-2.8h-11.4v11.4zM27.4 17.2q0-0.5-0.3-0.8t-0.8-0.4-0.8 0.4-0.3 0.8 0.3 0.8 0.8 0.3 0.8-0.3 0.3-0.8zM29.7 17.2v7.4q0 0.2-0.2 0.4t-0.4 0.2h-4v2.8q0 0.7-0.5 1.2t-1.2 0.5h-17.2q-0.7 0-1.2-0.5t-0.5-1.2v-2.8h-4q-0.2 0-0.4-0.2t-0.2-0.4v-7.4q0-1.4 1-2.4t2.4-1h1.2v-9.7q0-0.7 0.5-1.2t1.2-0.5h12q0.7 0 1.6 0.4t1.3 0.8l2.7 2.7q0.5 0.5 0.9 1.4t0.4 1.6v4.6h1.1q1.4 0 2.4 1t1 2.4z\"\/><\/svg><\/span><span class=\"shariff-text\">drucken<\/span>&nbsp;<\/a><\/li><\/ul><\/div>","protected":false},"excerpt":{"rendered":"<ul>\n<li><strong>Basic Top Resa <\/strong>mit \u00fcberschnittenen Schultern, Gr. 34 &#8211; 48<\/li>\n<li><strong>Shirt Sonni <\/strong>mit leichten Schulterpolstern, Gr. 34 &#8211; 48<\/li>\n<li><strong style=\"font-size: 16px;\">Basic Shirt Resa <\/strong><span style=\"font-size: 16px;\">mit Raglan\u00e4rmeln und Seitenschlitz, Gr. 36 &#8211; 48<\/span><\/li>\n<li><strong>inklusive V-Ausschnitt Add-On<\/strong> f\u00fcr Basic Top Resa und Shirt Sonni<\/li>\n<\/ul>\n<p>Alle Schnittmuster kannst du auch einzeln erwerben: <a href=\"https:\/\/crearesa.de\/shop\/produkt\/basic-top-resa-schnittmuster-e-book\/\">Basic Top Resa<\/a>, <a href=\"https:\/\/crearesa.de\/shop\/produkt\/shirt-sonni-schulterpolster-schnittmuster\/\">Shirt Sonni<\/a>, <a href=\"https:\/\/crearesa.de\/shop\/produkt\/basic-shirt-resa-schnittmuster-e-book\/\">Basic Shirt Resa<\/a><\/p>\n<p><strong>Schnittmuster zum Download am PC. A4 zum selber ausdrucken, A0 f\u00fcr den Ausdruck \u00fcber eine Plotterei.<\/strong><\/p>\n","protected":false},"featured_media":33309,"comment_status":"open","ping_status":"closed","template":"","meta":{"site-sidebar-layout":"default","site-content-layout":"default","ast-site-content-layout":"default","site-content-style":"default","site-sidebar-style":"default","ast-global-header-display":"","ast-banner-title-visibility":"","ast-main-header-display":"","ast-hfb-above-header-display":"","ast-hfb-below-header-display":"","ast-hfb-mobile-header-display":"","site-post-title":"","ast-breadcrumbs-content":"","ast-featured-img":"","footer-sml-layout":"","ast-disable-related-posts":"","theme-transparent-header-meta":"default","adv-header-id-meta":"","stick-header-meta":"default","header-above-stick-meta":"","header-main-stick-meta":"","header-below-stick-meta":"","astra-migrate-meta-layouts":"set","ast-page-background-enabled":"default","ast-page-background-meta":{"desktop":{"background-color":"","background-image":"","background-repeat":"repeat","background-position":"center center","background-size":"auto","background-attachment":"scroll","background-type":"","background-media":"","overlay-type":"","overlay-color":"","overlay-opacity":"","overlay-gradient":""},"tablet":{"background-color":"","background-image":"","background-repeat":"repeat","background-position":"center center","background-size":"auto","background-attachment":"scroll","background-type":"","background-media":"","overlay-type":"","overlay-color":"","overlay-opacity":"","overlay-gradient":""},"mobile":{"background-color":"","background-image":"","background-repeat":"repeat","background-position":"center center","background-size":"auto","background-attachment":"scroll","background-type":"","background-media":"","overlay-type":"","overlay-color":"","overlay-opacity":"","overlay-gradient":""}},"ast-content-background-meta":{"desktop":{"background-color":"var(--ast-global-color-5)","background-image":"","background-repeat":"repeat","background-position":"center center","background-size":"auto","background-attachment":"scroll","background-type":"","background-media":"","overlay-type":"","overlay-color":"","overlay-opacity":"","overlay-gradient":""},"tablet":{"background-color":"var(--ast-global-color-5)","background-image":"","background-repeat":"repeat","background-position":"center center","background-size":"auto","background-attachment":"scroll","background-type":"","background-media":"","overlay-type":"","overlay-color":"","overlay-opacity":"","overlay-gradient":""},"mobile":{"background-color":"var(--ast-global-color-5)","background-image":"","background-repeat":"repeat","background-position":"center center","background-size":"auto","background-attachment":"scroll","background-type":"","background-media":"","overlay-type":"","overlay-color":"","overlay-opacity":"","overlay-gradient":""}}},"product_brand":[],"product_cat":[35],"product_tag":[97,114,115,236,242,243,244],"class_list":{"0":"post-30335","1":"product","2":"type-product","3":"status-publish","4":"has-post-thumbnail","6":"product_cat-schnittmuster-fuer-damen-und-kinder","7":"product_tag-damen","8":"product_tag-tshirt","9":"product_tag-top","10":"product_tag-basic","11":"product_tag-shirt-sonni","12":"product_tag-basic-shirt-resa","13":"product_tag-basic-top-resa","14":"desktop-align-left","15":"tablet-align-left","16":"mobile-align-left","17":"ast-product-gallery-layout-horizontal","18":"ast-product-tabs-layout-vertical","20":"first","21":"instock","22":"downloadable","23":"virtual","24":"sold-individually","25":"taxable","26":"purchasable","27":"product-type-simple"},"yoast_head":"<!-- This site is optimized with the Yoast SEO plugin v27.3 - https:\/\/yoast.com\/product\/yoast-seo-wordpress\/ -->\n<title>3 Sommer-Basic-Shirts - Schnittmuster-Kombipaket (E-Books) - creaResa - sch\u00f6ne Sachen selber machen<\/title>\n<meta name=\"description\" content=\"Ein schnell gen\u00e4htes modisches Top mit weiter, gerader Form, \u00fcberschnittenen Schultern und Rundhals. F\u00fcr weich fallende Jerseystoffe.\" \/>\n<meta name=\"robots\" content=\"index, follow, max-snippet:-1, max-image-preview:large, max-video-preview:-1\" \/>\n<link rel=\"canonical\" href=\"https:\/\/crearesa.de\/shop\/produkt\/sommer-basic-shirts-schnittmuster-kombipaket\/\" \/>\n<meta property=\"og:locale\" content=\"de_DE\" \/>\n<meta property=\"og:type\" content=\"article\" \/>\n<meta property=\"og:title\" content=\"3 Sommer-Basic-Shirts - Schnittmuster-Kombipaket (E-Books) - creaResa - sch\u00f6ne Sachen selber machen\" \/>\n<meta property=\"og:description\" content=\"Ein schnell gen\u00e4htes modisches Top mit weiter, gerader Form, \u00fcberschnittenen Schultern und Rundhals. F\u00fcr weich fallende Jerseystoffe.\" \/>\n<meta property=\"og:url\" content=\"https:\/\/crearesa.de\/shop\/produkt\/sommer-basic-shirts-schnittmuster-kombipaket\/\" \/>\n<meta property=\"og:site_name\" content=\"creaResa - sch\u00f6ne Sachen selber machen\" \/>\n<meta property=\"article:publisher\" content=\"https:\/\/www.facebook.com\/crearesa\/\" \/>\n<meta property=\"article:modified_time\" content=\"2025-08-19T06:34:40+00:00\" \/>\n<meta property=\"og:image\" content=\"https:\/\/crearesa.de\/shop\/wp-content\/uploads\/2025\/07\/bundle-basic-shirts.jpg\" \/>\n\t<meta property=\"og:image:width\" content=\"1500\" \/>\n\t<meta property=\"og:image:height\" content=\"1500\" \/>\n\t<meta property=\"og:image:type\" content=\"image\/jpeg\" \/>\n<meta name=\"twitter:card\" content=\"summary_large_image\" \/>\n<meta name=\"twitter:label1\" content=\"Gesch\u00e4tzte Lesezeit\" \/>\n\t<meta name=\"twitter:data1\" content=\"3\u00a0Minuten\" \/>\n<script type=\"application\/ld+json\" class=\"yoast-schema-graph\">{\"@context\":\"https:\\\/\\\/schema.org\",\"@graph\":[{\"@type\":\"WebPage\",\"@id\":\"https:\\\/\\\/crearesa.de\\\/shop\\\/produkt\\\/sommer-basic-shirts-schnittmuster-kombipaket\\\/\",\"url\":\"https:\\\/\\\/crearesa.de\\\/shop\\\/produkt\\\/sommer-basic-shirts-schnittmuster-kombipaket\\\/\",\"name\":\"3 Sommer-Basic-Shirts - Schnittmuster-Kombipaket (E-Books) - creaResa - sch\u00f6ne Sachen selber machen\",\"isPartOf\":{\"@id\":\"https:\\\/\\\/crearesa.de\\\/shop\\\/#website\"},\"primaryImageOfPage\":{\"@id\":\"https:\\\/\\\/crearesa.de\\\/shop\\\/produkt\\\/sommer-basic-shirts-schnittmuster-kombipaket\\\/#primaryimage\"},\"image\":{\"@id\":\"https:\\\/\\\/crearesa.de\\\/shop\\\/produkt\\\/sommer-basic-shirts-schnittmuster-kombipaket\\\/#primaryimage\"},\"thumbnailUrl\":\"https:\\\/\\\/crearesa.de\\\/shop\\\/wp-content\\\/uploads\\\/2025\\\/07\\\/bundle-basic-shirts.jpg\",\"datePublished\":\"2024-06-30T11:38:27+00:00\",\"dateModified\":\"2025-08-19T06:34:40+00:00\",\"description\":\"Ein schnell gen\u00e4htes modisches Top mit weiter, gerader Form, \u00fcberschnittenen Schultern und Rundhals. F\u00fcr weich fallende Jerseystoffe.\",\"breadcrumb\":{\"@id\":\"https:\\\/\\\/crearesa.de\\\/shop\\\/produkt\\\/sommer-basic-shirts-schnittmuster-kombipaket\\\/#breadcrumb\"},\"inLanguage\":\"de\",\"potentialAction\":[{\"@type\":\"ReadAction\",\"target\":[\"https:\\\/\\\/crearesa.de\\\/shop\\\/produkt\\\/sommer-basic-shirts-schnittmuster-kombipaket\\\/\"]}]},{\"@type\":\"ImageObject\",\"inLanguage\":\"de\",\"@id\":\"https:\\\/\\\/crearesa.de\\\/shop\\\/produkt\\\/sommer-basic-shirts-schnittmuster-kombipaket\\\/#primaryimage\",\"url\":\"https:\\\/\\\/crearesa.de\\\/shop\\\/wp-content\\\/uploads\\\/2025\\\/07\\\/bundle-basic-shirts.jpg\",\"contentUrl\":\"https:\\\/\\\/crearesa.de\\\/shop\\\/wp-content\\\/uploads\\\/2025\\\/07\\\/bundle-basic-shirts.jpg\",\"width\":1500,\"height\":1500,\"caption\":\"Sommer Basic Shirts - Schnittmuster Kombipaket\"},{\"@type\":\"BreadcrumbList\",\"@id\":\"https:\\\/\\\/crearesa.de\\\/shop\\\/produkt\\\/sommer-basic-shirts-schnittmuster-kombipaket\\\/#breadcrumb\",\"itemListElement\":[{\"@type\":\"ListItem\",\"position\":1,\"name\":\"Startseite\",\"item\":\"https:\\\/\\\/crearesa.de\\\/shop\\\/\"},{\"@type\":\"ListItem\",\"position\":2,\"name\":\"Schnittmuster Shop\",\"item\":\"https:\\\/\\\/crearesa.de\\\/shop\\\/\"},{\"@type\":\"ListItem\",\"position\":3,\"name\":\"3 Sommer-Basic-Shirts &#8211; Schnittmuster-Kombipaket (E-Books)\"}]},{\"@type\":\"WebSite\",\"@id\":\"https:\\\/\\\/crearesa.de\\\/shop\\\/#website\",\"url\":\"https:\\\/\\\/crearesa.de\\\/shop\\\/\",\"name\":\"creaResa - sch\u00f6ne Sachen selber machen\",\"description\":\"Shop f\u00fcr Schnittmuster und N\u00e4hpakete\",\"publisher\":{\"@id\":\"https:\\\/\\\/crearesa.de\\\/shop\\\/#organization\"},\"potentialAction\":[{\"@type\":\"SearchAction\",\"target\":{\"@type\":\"EntryPoint\",\"urlTemplate\":\"https:\\\/\\\/crearesa.de\\\/shop\\\/?s={search_term_string}\"},\"query-input\":{\"@type\":\"PropertyValueSpecification\",\"valueRequired\":true,\"valueName\":\"search_term_string\"}}],\"inLanguage\":\"de\"},{\"@type\":\"Organization\",\"@id\":\"https:\\\/\\\/crearesa.de\\\/shop\\\/#organization\",\"name\":\"creaResa\",\"url\":\"https:\\\/\\\/crearesa.de\\\/shop\\\/\",\"logo\":{\"@type\":\"ImageObject\",\"inLanguage\":\"de\",\"@id\":\"https:\\\/\\\/crearesa.de\\\/shop\\\/#\\\/schema\\\/logo\\\/image\\\/\",\"url\":\"https:\\\/\\\/crearesa.de\\\/shop\\\/wp-content\\\/uploads\\\/2020\\\/06\\\/logo_crearesa-1.png\",\"contentUrl\":\"https:\\\/\\\/crearesa.de\\\/shop\\\/wp-content\\\/uploads\\\/2020\\\/06\\\/logo_crearesa-1.png\",\"width\":400,\"height\":172,\"caption\":\"creaResa\"},\"image\":{\"@id\":\"https:\\\/\\\/crearesa.de\\\/shop\\\/#\\\/schema\\\/logo\\\/image\\\/\"},\"sameAs\":[\"https:\\\/\\\/www.facebook.com\\\/crearesa\\\/\",\"https:\\\/\\\/www.instagram.com\\\/crearesa\\\/\",\"https:\\\/\\\/www.pinterest.de\\\/resa_crearesa\\\/\"]}]}<\/script>\n<!-- \/ Yoast SEO plugin. -->","yoast_head_json":{"title":"3 Sommer-Basic-Shirts - Schnittmuster-Kombipaket (E-Books) - creaResa - sch\u00f6ne Sachen selber machen","description":"Ein schnell gen\u00e4htes modisches Top mit weiter, gerader Form, \u00fcberschnittenen Schultern und Rundhals. F\u00fcr weich fallende Jerseystoffe.","robots":{"index":"index","follow":"follow","max-snippet":"max-snippet:-1","max-image-preview":"max-image-preview:large","max-video-preview":"max-video-preview:-1"},"canonical":"https:\/\/crearesa.de\/shop\/produkt\/sommer-basic-shirts-schnittmuster-kombipaket\/","og_locale":"de_DE","og_type":"article","og_title":"3 Sommer-Basic-Shirts - Schnittmuster-Kombipaket (E-Books) - creaResa - sch\u00f6ne Sachen selber machen","og_description":"Ein schnell gen\u00e4htes modisches Top mit weiter, gerader Form, \u00fcberschnittenen Schultern und Rundhals. F\u00fcr weich fallende Jerseystoffe.","og_url":"https:\/\/crearesa.de\/shop\/produkt\/sommer-basic-shirts-schnittmuster-kombipaket\/","og_site_name":"creaResa - sch\u00f6ne Sachen selber machen","article_publisher":"https:\/\/www.facebook.com\/crearesa\/","article_modified_time":"2025-08-19T06:34:40+00:00","og_image":[{"width":1500,"height":1500,"url":"https:\/\/crearesa.de\/shop\/wp-content\/uploads\/2025\/07\/bundle-basic-shirts.jpg","type":"image\/jpeg"}],"twitter_card":"summary_large_image","twitter_misc":{"Gesch\u00e4tzte Lesezeit":"3\u00a0Minuten"},"schema":{"@context":"https:\/\/schema.org","@graph":[{"@type":"WebPage","@id":"https:\/\/crearesa.de\/shop\/produkt\/sommer-basic-shirts-schnittmuster-kombipaket\/","url":"https:\/\/crearesa.de\/shop\/produkt\/sommer-basic-shirts-schnittmuster-kombipaket\/","name":"3 Sommer-Basic-Shirts - Schnittmuster-Kombipaket (E-Books) - creaResa - sch\u00f6ne Sachen selber machen","isPartOf":{"@id":"https:\/\/crearesa.de\/shop\/#website"},"primaryImageOfPage":{"@id":"https:\/\/crearesa.de\/shop\/produkt\/sommer-basic-shirts-schnittmuster-kombipaket\/#primaryimage"},"image":{"@id":"https:\/\/crearesa.de\/shop\/produkt\/sommer-basic-shirts-schnittmuster-kombipaket\/#primaryimage"},"thumbnailUrl":"https:\/\/crearesa.de\/shop\/wp-content\/uploads\/2025\/07\/bundle-basic-shirts.jpg","datePublished":"2024-06-30T11:38:27+00:00","dateModified":"2025-08-19T06:34:40+00:00","description":"Ein schnell gen\u00e4htes modisches Top mit weiter, gerader Form, \u00fcberschnittenen Schultern und Rundhals. F\u00fcr weich fallende Jerseystoffe.","breadcrumb":{"@id":"https:\/\/crearesa.de\/shop\/produkt\/sommer-basic-shirts-schnittmuster-kombipaket\/#breadcrumb"},"inLanguage":"de","potentialAction":[{"@type":"ReadAction","target":["https:\/\/crearesa.de\/shop\/produkt\/sommer-basic-shirts-schnittmuster-kombipaket\/"]}]},{"@type":"ImageObject","inLanguage":"de","@id":"https:\/\/crearesa.de\/shop\/produkt\/sommer-basic-shirts-schnittmuster-kombipaket\/#primaryimage","url":"https:\/\/crearesa.de\/shop\/wp-content\/uploads\/2025\/07\/bundle-basic-shirts.jpg","contentUrl":"https:\/\/crearesa.de\/shop\/wp-content\/uploads\/2025\/07\/bundle-basic-shirts.jpg","width":1500,"height":1500,"caption":"Sommer Basic Shirts - Schnittmuster Kombipaket"},{"@type":"BreadcrumbList","@id":"https:\/\/crearesa.de\/shop\/produkt\/sommer-basic-shirts-schnittmuster-kombipaket\/#breadcrumb","itemListElement":[{"@type":"ListItem","position":1,"name":"Startseite","item":"https:\/\/crearesa.de\/shop\/"},{"@type":"ListItem","position":2,"name":"Schnittmuster Shop","item":"https:\/\/crearesa.de\/shop\/"},{"@type":"ListItem","position":3,"name":"3 Sommer-Basic-Shirts &#8211; Schnittmuster-Kombipaket (E-Books)"}]},{"@type":"WebSite","@id":"https:\/\/crearesa.de\/shop\/#website","url":"https:\/\/crearesa.de\/shop\/","name":"creaResa - sch\u00f6ne Sachen selber machen","description":"Shop f\u00fcr Schnittmuster und N\u00e4hpakete","publisher":{"@id":"https:\/\/crearesa.de\/shop\/#organization"},"potentialAction":[{"@type":"SearchAction","target":{"@type":"EntryPoint","urlTemplate":"https:\/\/crearesa.de\/shop\/?s={search_term_string}"},"query-input":{"@type":"PropertyValueSpecification","valueRequired":true,"valueName":"search_term_string"}}],"inLanguage":"de"},{"@type":"Organization","@id":"https:\/\/crearesa.de\/shop\/#organization","name":"creaResa","url":"https:\/\/crearesa.de\/shop\/","logo":{"@type":"ImageObject","inLanguage":"de","@id":"https:\/\/crearesa.de\/shop\/#\/schema\/logo\/image\/","url":"https:\/\/crearesa.de\/shop\/wp-content\/uploads\/2020\/06\/logo_crearesa-1.png","contentUrl":"https:\/\/crearesa.de\/shop\/wp-content\/uploads\/2020\/06\/logo_crearesa-1.png","width":400,"height":172,"caption":"creaResa"},"image":{"@id":"https:\/\/crearesa.de\/shop\/#\/schema\/logo\/image\/"},"sameAs":["https:\/\/www.facebook.com\/crearesa\/","https:\/\/www.instagram.com\/crearesa\/","https:\/\/www.pinterest.de\/resa_crearesa\/"]}]}},"_links":{"self":[{"href":"https:\/\/crearesa.de\/shop\/wp-json\/wp\/v2\/product\/30335","targetHints":{"allow":["GET"]}}],"collection":[{"href":"https:\/\/crearesa.de\/shop\/wp-json\/wp\/v2\/product"}],"about":[{"href":"https:\/\/crearesa.de\/shop\/wp-json\/wp\/v2\/types\/product"}],"replies":[{"embeddable":true,"href":"https:\/\/crearesa.de\/shop\/wp-json\/wp\/v2\/comments?post=30335"}],"wp:featuredmedia":[{"embeddable":true,"href":"https:\/\/crearesa.de\/shop\/wp-json\/wp\/v2\/media\/33309"}],"wp:attachment":[{"href":"https:\/\/crearesa.de\/shop\/wp-json\/wp\/v2\/media?parent=30335"}],"wp:term":[{"taxonomy":"product_brand","embeddable":true,"href":"https:\/\/crearesa.de\/shop\/wp-json\/wp\/v2\/product_brand?post=30335"},{"taxonomy":"product_cat","embeddable":true,"href":"https:\/\/crearesa.de\/shop\/wp-json\/wp\/v2\/product_cat?post=30335"},{"taxonomy":"product_tag","embeddable":true,"href":"https:\/\/crearesa.de\/shop\/wp-json\/wp\/v2\/product_tag?post=30335"}],"curies":[{"name":"wp","href":"https:\/\/api.w.org\/{rel}","templated":true}]}}