{"id":6683,"date":"2018-06-25T23:45:12","date_gmt":"2018-06-25T21:45:12","guid":{"rendered":"https:\/\/shop.crearesa.de\/?post_type=product&#038;p=6683"},"modified":"2022-09-16T17:38:49","modified_gmt":"2022-09-16T15:38:49","slug":"guerteltasche-schnittmuster-cambag-tessa","status":"publish","type":"product","link":"https:\/\/crearesa.de\/shop\/produkt\/guerteltasche-schnittmuster-cambag-tessa\/","title":{"rendered":"G\u00fcrteltasche Cambag Tessa"},"content":{"rendered":"<p class=\"p1\">G\u00fcrtelt\u00e4schchen sind angesagt, sowohl f\u00fcr die Freizeit, als auch f\u00fcr die Party oder den Einkaufsbummel.<\/p>\n<p class=\"p1\">Die Tasche bietet in den Gr\u00f6\u00dfen S und XS gerade so Platz f\u00fcr das N\u00f6tigste. Die Tasche ist gef\u00fcttert und hat eine Rei\u00dfverschluss-Au\u00dfentasche und 2 Innentaschen. F\u00fcr das N\u00e4hen der Rei\u00dfverschlusstaschen werden 2 verschiedene M\u00f6glichkeiten beschrieben.<\/p>\n<p class=\"p1\">Der G\u00fcrtel der Cambag Tessa G\u00fcrteltasche ist aus Gurtband gen\u00e4ht. In der Anleitung werden verschiedene M\u00f6glichkeiten beschrieben.<\/p>\n<p><b>Das E-Book enth\u00e4lt das Schnittmuster in den Gr\u00f6\u00dfen S und XS und eine ausf\u00fchrliche Schritt-f\u00fcr-Schritt-Anleitung mit Fotos und vielen erg\u00e4nzenden Tipps.\u00a0<\/b><\/p>\n<p>Gr. XS: 16 x 11,5 x 4 cm (eckige Form)<br \/>\nGr. S: 18 x 12,5 cm x 4 oder 5 cm (eckige Form)<br \/>\nGr. S:\u00a018 x 12,5cm x 4 oder 5 cm (Variante 1, halbrundere Form)<\/p>\n<p><strong>Nach erfolgter Bezahlung (Paypal oder Vorauszahlung) erh\u00e4ltst du eine E-Mail mit einem Download-Link. F\u00fcr den Ausdruck ben\u00f6tigst du einen Drucker.<\/strong><\/p>\n<p><strong>Mehr Designbeispiele und\u00a0 findest du\u00a0 &gt;&gt; <a href=\"https:\/\/crearesa.de\/schnittmuster-guerteltasche\/\" rel=\"noopener noreferrer\">hier<\/a><\/strong><\/p>\n<p>F\u00fcr alle Blogger unter euch:\u00a0 Zeig uns dein T\u00e4schchen auf Instagram unter #cambagtessa und #cambagtessag\u00fcrteltasche @crearesa.<\/p>\n<div class=\"shariff\" data-services=\"pinterest%7Cfacebook\" data-url=\"https%3A%2F%2Fcrearesa.de%2Fshop%2Fprodukt%2Fguerteltasche-schnittmuster-cambag-tessa%2F\" data-timestamp=\"1663349929\" data-hidezero=\"1\" data-backendurl=\"https:\/\/crearesa.de\/shop\/wp-json\/shariff\/v1\/share_counts?\"><ul class=\"shariff-buttons theme-default orientation-horizontal buttonsize-medium\"><li class=\"shariff-button pinterest shariff-nocustomcolor\" style=\"background-color:#e70f18\"><a href=\"https:\/\/www.pinterest.com\/pin\/create\/link\/?url=https%3A%2F%2Fcrearesa.de%2Fshop%2Fprodukt%2Fguerteltasche-schnittmuster-cambag-tessa%2F&media=https%3A%2F%2Fcrearesa.de%2Fshop%2Fwp-content%2Fuploads%2F2018%2F06%2Fguerteltasche-schnittmuster.jpg&description=G%C3%BCrteltasche%20Cambag%20Tessa\" title=\"Bei Pinterest pinnen\" aria-label=\"Bei Pinterest pinnen\" role=\"button\" rel=\"noreferrernoopener nofollow\" class=\"shariff-link\" style=\"; background-color:#cb2027; color:#fff\" target=\"_blank\"><span class=\"shariff-icon\" style=\"\"><svg width=\"32px\" height=\"20px\" xmlns=\"http:\/\/www.w3.org\/2000\/svg\" viewBox=\"0 0 27 32\"><path fill=\"#cb2027\" d=\"M27.4 16q0 3.7-1.8 6.9t-5 5-6.9 1.9q-2 0-3.9-0.6 1.1-1.7 1.4-2.9 0.2-0.6 1-3.8 0.4 0.7 1.3 1.2t2 0.5q2.1 0 3.8-1.2t2.7-3.4 0.9-4.8q0-2-1.1-3.8t-3.1-2.9-4.5-1.2q-1.9 0-3.5 0.5t-2.8 1.4-2 2-1.2 2.3-0.4 2.4q0 1.9 0.7 3.3t2.1 2q0.5 0.2 0.7-0.4 0-0.1 0.1-0.5t0.2-0.5q0.1-0.4-0.2-0.8-0.9-1.1-0.9-2.7 0-2.7 1.9-4.6t4.9-2q2.7 0 4.2 1.5t1.5 3.8q0 3-1.2 5.2t-3.1 2.1q-1.1 0-1.7-0.8t-0.4-1.9q0.1-0.6 0.5-1.7t0.5-1.8 0.2-1.4q0-0.9-0.5-1.5t-1.4-0.6q-1.1 0-1.9 1t-0.8 2.6q0 1.3 0.4 2.2l-1.8 7.5q-0.3 1.2-0.2 3.2-3.7-1.6-6-5t-2.3-7.6q0-3.7 1.9-6.9t5-5 6.9-1.9 6.9 1.9 5 5 1.8 6.9z\"\/><\/svg><\/span><span class=\"shariff-text\">merken<\/span>&nbsp;<span data-service=\"pinterest\" style=\"color:#cb2027\" class=\"shariff-count\"> 599<\/span>&nbsp;<\/a><\/li><li class=\"shariff-button facebook shariff-nocustomcolor\" style=\"background-color:#4273c8\"><a href=\"https:\/\/www.facebook.com\/sharer\/sharer.php?u=https%3A%2F%2Fcrearesa.de%2Fshop%2Fprodukt%2Fguerteltasche-schnittmuster-cambag-tessa%2F\" title=\"Bei Facebook teilen\" aria-label=\"Bei Facebook teilen\" role=\"button\" rel=\"noreferrernoopener nofollow\" class=\"shariff-link\" style=\"; background-color:#3b5998; color:#fff\" target=\"_blank\"><span class=\"shariff-icon\" style=\"\"><svg width=\"32px\" height=\"20px\" xmlns=\"http:\/\/www.w3.org\/2000\/svg\" viewBox=\"0 0 18 32\"><path fill=\"#3b5998\" d=\"M17.1 0.2v4.7h-2.8q-1.5 0-2.1 0.6t-0.5 1.9v3.4h5.2l-0.7 5.3h-4.5v13.6h-5.5v-13.6h-4.5v-5.3h4.5v-3.9q0-3.3 1.9-5.2t5-1.8q2.6 0 4.1 0.2z\"\/><\/svg><\/span><span class=\"shariff-text\">teilen<\/span>&nbsp;<span data-service=\"facebook\" style=\"color:#3b5998\" class=\"shariff-count shariff-hidezero\"><\/span>&nbsp;<\/a><\/li><li class=\"shariff-button printer shariff-nocustomcolor\" style=\"background-color:#a8a8a8\"><a href=\"javascript:window.print()\" title=\"drucken\" aria-label=\"drucken\" role=\"button\" rel=\"noreferrernoopener nofollow\" class=\"shariff-link\" style=\"; background-color:#999; color:#fff\"><span class=\"shariff-icon\" style=\"\"><svg width=\"32px\" height=\"20px\" xmlns=\"http:\/\/www.w3.org\/2000\/svg\" viewBox=\"0 0 30 32\"><path fill=\"#999\" d=\"M6.8 27.4h16v-4.6h-16v4.6zM6.8 16h16v-6.8h-2.8q-0.7 0-1.2-0.5t-0.5-1.2v-2.8h-11.4v11.4zM27.4 17.2q0-0.5-0.3-0.8t-0.8-0.4-0.8 0.4-0.3 0.8 0.3 0.8 0.8 0.3 0.8-0.3 0.3-0.8zM29.7 17.2v7.4q0 0.2-0.2 0.4t-0.4 0.2h-4v2.8q0 0.7-0.5 1.2t-1.2 0.5h-17.2q-0.7 0-1.2-0.5t-0.5-1.2v-2.8h-4q-0.2 0-0.4-0.2t-0.2-0.4v-7.4q0-1.4 1-2.4t2.4-1h1.2v-9.7q0-0.7 0.5-1.2t1.2-0.5h12q0.7 0 1.6 0.4t1.3 0.8l2.7 2.7q0.5 0.5 0.9 1.4t0.4 1.6v4.6h1.1q1.4 0 2.4 1t1 2.4z\"\/><\/svg><\/span><span class=\"shariff-text\">drucken<\/span>&nbsp;<\/a><\/li><\/ul><\/div>","protected":false},"excerpt":{"rendered":"<p>Schnittmuster f\u00fcr eine G\u00fcrteltasche in den Gr\u00f6\u00dfen XS und S\u00a0 mit Schritt- f\u00fcr Schritt-N\u00e4hanleitung.<\/p>\n<p>Gr. XS: 16 x 11,5 x 4 cm (eckige Form)<br \/>\nGr. S: 18 x 12,5 cm x 4 oder 5 cm (eckige Form)<br \/>\nGr. S:\u00a018 x 12,5cm x 4 oder 5 cm (Variante 1, halbrundere Form)<\/p>\n<p>Die Tasche kann f\u00fcr Damen, Herren und Kinder gen\u00e4ht werden.<\/p>\n<p>&nbsp;<\/p>\n","protected":false},"featured_media":11571,"comment_status":"open","ping_status":"closed","template":"","meta":{"site-sidebar-layout":"default","site-content-layout":"default","ast-site-content-layout":"default","site-content-style":"default","site-sidebar-style":"default","ast-global-header-display":"","ast-banner-title-visibility":"","ast-main-header-display":"","ast-hfb-above-header-display":"","ast-hfb-below-header-display":"","ast-hfb-mobile-header-display":"","site-post-title":"","ast-breadcrumbs-content":"","ast-featured-img":"","footer-sml-layout":"","ast-disable-related-posts":"","theme-transparent-header-meta":"default","adv-header-id-meta":"","stick-header-meta":"default","header-above-stick-meta":"","header-main-stick-meta":"","header-below-stick-meta":"","astra-migrate-meta-layouts":"default","ast-page-background-enabled":"default","ast-page-background-meta":{"desktop":{"background-color":"","background-image":"","background-repeat":"repeat","background-position":"center center","background-size":"auto","background-attachment":"scroll","background-type":"","background-media":"","overlay-type":"","overlay-color":"","overlay-opacity":"","overlay-gradient":""},"tablet":{"background-color":"","background-image":"","background-repeat":"repeat","background-position":"center center","background-size":"auto","background-attachment":"scroll","background-type":"","background-media":"","overlay-type":"","overlay-color":"","overlay-opacity":"","overlay-gradient":""},"mobile":{"background-color":"","background-image":"","background-repeat":"repeat","background-position":"center center","background-size":"auto","background-attachment":"scroll","background-type":"","background-media":"","overlay-type":"","overlay-color":"","overlay-opacity":"","overlay-gradient":""}},"ast-content-background-meta":{"desktop":{"background-color":"var(--ast-global-color-5)","background-image":"","background-repeat":"repeat","background-position":"center center","background-size":"auto","background-attachment":"scroll","background-type":"","background-media":"","overlay-type":"","overlay-color":"","overlay-opacity":"","overlay-gradient":""},"tablet":{"background-color":"var(--ast-global-color-5)","background-image":"","background-repeat":"repeat","background-position":"center center","background-size":"auto","background-attachment":"scroll","background-type":"","background-media":"","overlay-type":"","overlay-color":"","overlay-opacity":"","overlay-gradient":""},"mobile":{"background-color":"var(--ast-global-color-5)","background-image":"","background-repeat":"repeat","background-position":"center center","background-size":"auto","background-attachment":"scroll","background-type":"","background-media":"","overlay-type":"","overlay-color":"","overlay-opacity":"","overlay-gradient":""}}},"product_brand":[],"product_cat":[34],"product_tag":[76,78,83,64],"class_list":{"0":"post-6683","1":"product","2":"type-product","3":"status-publish","4":"has-post-thumbnail","6":"product_cat-schnittmuster-fuer-taschen","7":"product_tag-ledertasche","8":"product_tag-kleine-tasche","9":"product_tag-cambag-tessa","10":"product_tag-guerteltasche","11":"desktop-align-left","12":"tablet-align-left","13":"mobile-align-left","14":"ast-product-gallery-layout-horizontal","15":"ast-product-tabs-layout-vertical","17":"first","18":"instock","19":"downloadable","20":"virtual","21":"sold-individually","22":"taxable","23":"purchasable","24":"product-type-simple"},"yoast_head":"<!-- This site is optimized with the Yoast SEO plugin v27.3 - https:\/\/yoast.com\/product\/yoast-seo-wordpress\/ -->\n<title>Schnittmuster G\u00fcrteltasche Cambag Tessa mit N\u00e4hanleitung<\/title>\n<meta name=\"description\" content=\"N\u00e4h dir eine G\u00fcrteltasche in 2 Gr\u00f6\u00dfen und zwei Formen. Auf der R\u00fcckseite sind Schlaufen f\u00fcr ein Gurtband oder deinen eigenen G\u00fcrtel. Mit N\u00e4hanleitung.\" \/>\n<meta name=\"robots\" content=\"index, follow, max-snippet:-1, max-image-preview:large, max-video-preview:-1\" \/>\n<link rel=\"canonical\" href=\"https:\/\/crearesa.de\/shop\/produkt\/guerteltasche-schnittmuster-cambag-tessa\/\" \/>\n<meta property=\"og:locale\" content=\"de_DE\" \/>\n<meta property=\"og:type\" content=\"article\" \/>\n<meta property=\"og:title\" content=\"Schnittmuster G\u00fcrteltasche Cambag Tessa mit N\u00e4hanleitung\" \/>\n<meta property=\"og:description\" content=\"N\u00e4h dir eine G\u00fcrteltasche in 2 Gr\u00f6\u00dfen und zwei Formen. Auf der R\u00fcckseite sind Schlaufen f\u00fcr ein Gurtband oder deinen eigenen G\u00fcrtel. Mit N\u00e4hanleitung.\" \/>\n<meta property=\"og:url\" content=\"https:\/\/crearesa.de\/shop\/produkt\/guerteltasche-schnittmuster-cambag-tessa\/\" \/>\n<meta property=\"og:site_name\" content=\"creaResa - sch\u00f6ne Sachen selber machen\" \/>\n<meta property=\"article:publisher\" content=\"https:\/\/www.facebook.com\/crearesa\/\" \/>\n<meta property=\"article:modified_time\" content=\"2022-09-16T15:38:49+00:00\" \/>\n<meta property=\"og:image\" content=\"https:\/\/crearesa.de\/shop\/wp-content\/uploads\/2018\/06\/cambag-tessa-mirror-1.jpg\" \/>\n\t<meta property=\"og:image:width\" content=\"1080\" \/>\n\t<meta property=\"og:image:height\" content=\"1080\" \/>\n\t<meta property=\"og:image:type\" content=\"image\/jpeg\" \/>\n<meta name=\"twitter:card\" content=\"summary_large_image\" \/>\n<meta name=\"twitter:label1\" content=\"Gesch\u00e4tzte Lesezeit\" \/>\n\t<meta name=\"twitter:data1\" content=\"1\u00a0Minute\" \/>\n<script type=\"application\/ld+json\" class=\"yoast-schema-graph\">{\"@context\":\"https:\\\/\\\/schema.org\",\"@graph\":[{\"@type\":\"WebPage\",\"@id\":\"https:\\\/\\\/crearesa.de\\\/shop\\\/produkt\\\/guerteltasche-schnittmuster-cambag-tessa\\\/\",\"url\":\"https:\\\/\\\/crearesa.de\\\/shop\\\/produkt\\\/guerteltasche-schnittmuster-cambag-tessa\\\/\",\"name\":\"Schnittmuster G\u00fcrteltasche Cambag Tessa mit N\u00e4hanleitung\",\"isPartOf\":{\"@id\":\"https:\\\/\\\/crearesa.de\\\/shop\\\/#website\"},\"primaryImageOfPage\":{\"@id\":\"https:\\\/\\\/crearesa.de\\\/shop\\\/produkt\\\/guerteltasche-schnittmuster-cambag-tessa\\\/#primaryimage\"},\"image\":{\"@id\":\"https:\\\/\\\/crearesa.de\\\/shop\\\/produkt\\\/guerteltasche-schnittmuster-cambag-tessa\\\/#primaryimage\"},\"thumbnailUrl\":\"https:\\\/\\\/crearesa.de\\\/shop\\\/wp-content\\\/uploads\\\/2018\\\/06\\\/cambag-tessa-mirror-1.jpg\",\"datePublished\":\"2018-06-25T21:45:12+00:00\",\"dateModified\":\"2022-09-16T15:38:49+00:00\",\"description\":\"N\u00e4h dir eine G\u00fcrteltasche in 2 Gr\u00f6\u00dfen und zwei Formen. Auf der R\u00fcckseite sind Schlaufen f\u00fcr ein Gurtband oder deinen eigenen G\u00fcrtel. Mit N\u00e4hanleitung.\",\"breadcrumb\":{\"@id\":\"https:\\\/\\\/crearesa.de\\\/shop\\\/produkt\\\/guerteltasche-schnittmuster-cambag-tessa\\\/#breadcrumb\"},\"inLanguage\":\"de\",\"potentialAction\":[{\"@type\":\"ReadAction\",\"target\":[\"https:\\\/\\\/crearesa.de\\\/shop\\\/produkt\\\/guerteltasche-schnittmuster-cambag-tessa\\\/\"]}]},{\"@type\":\"ImageObject\",\"inLanguage\":\"de\",\"@id\":\"https:\\\/\\\/crearesa.de\\\/shop\\\/produkt\\\/guerteltasche-schnittmuster-cambag-tessa\\\/#primaryimage\",\"url\":\"https:\\\/\\\/crearesa.de\\\/shop\\\/wp-content\\\/uploads\\\/2018\\\/06\\\/cambag-tessa-mirror-1.jpg\",\"contentUrl\":\"https:\\\/\\\/crearesa.de\\\/shop\\\/wp-content\\\/uploads\\\/2018\\\/06\\\/cambag-tessa-mirror-1.jpg\",\"width\":1080,\"height\":1080},{\"@type\":\"BreadcrumbList\",\"@id\":\"https:\\\/\\\/crearesa.de\\\/shop\\\/produkt\\\/guerteltasche-schnittmuster-cambag-tessa\\\/#breadcrumb\",\"itemListElement\":[{\"@type\":\"ListItem\",\"position\":1,\"name\":\"Startseite\",\"item\":\"https:\\\/\\\/crearesa.de\\\/shop\\\/\"},{\"@type\":\"ListItem\",\"position\":2,\"name\":\"Schnittmuster Shop\",\"item\":\"https:\\\/\\\/crearesa.de\\\/shop\\\/\"},{\"@type\":\"ListItem\",\"position\":3,\"name\":\"G\u00fcrteltasche Cambag Tessa\"}]},{\"@type\":\"WebSite\",\"@id\":\"https:\\\/\\\/crearesa.de\\\/shop\\\/#website\",\"url\":\"https:\\\/\\\/crearesa.de\\\/shop\\\/\",\"name\":\"creaResa - sch\u00f6ne Sachen selber machen\",\"description\":\"Shop f\u00fcr Schnittmuster und N\u00e4hpakete\",\"publisher\":{\"@id\":\"https:\\\/\\\/crearesa.de\\\/shop\\\/#organization\"},\"potentialAction\":[{\"@type\":\"SearchAction\",\"target\":{\"@type\":\"EntryPoint\",\"urlTemplate\":\"https:\\\/\\\/crearesa.de\\\/shop\\\/?s={search_term_string}\"},\"query-input\":{\"@type\":\"PropertyValueSpecification\",\"valueRequired\":true,\"valueName\":\"search_term_string\"}}],\"inLanguage\":\"de\"},{\"@type\":\"Organization\",\"@id\":\"https:\\\/\\\/crearesa.de\\\/shop\\\/#organization\",\"name\":\"creaResa\",\"url\":\"https:\\\/\\\/crearesa.de\\\/shop\\\/\",\"logo\":{\"@type\":\"ImageObject\",\"inLanguage\":\"de\",\"@id\":\"https:\\\/\\\/crearesa.de\\\/shop\\\/#\\\/schema\\\/logo\\\/image\\\/\",\"url\":\"https:\\\/\\\/crearesa.de\\\/shop\\\/wp-content\\\/uploads\\\/2020\\\/06\\\/logo_crearesa-1.png\",\"contentUrl\":\"https:\\\/\\\/crearesa.de\\\/shop\\\/wp-content\\\/uploads\\\/2020\\\/06\\\/logo_crearesa-1.png\",\"width\":400,\"height\":172,\"caption\":\"creaResa\"},\"image\":{\"@id\":\"https:\\\/\\\/crearesa.de\\\/shop\\\/#\\\/schema\\\/logo\\\/image\\\/\"},\"sameAs\":[\"https:\\\/\\\/www.facebook.com\\\/crearesa\\\/\",\"https:\\\/\\\/www.instagram.com\\\/crearesa\\\/\",\"https:\\\/\\\/www.pinterest.de\\\/resa_crearesa\\\/\"]}]}<\/script>\n<!-- \/ Yoast SEO plugin. -->","yoast_head_json":{"title":"Schnittmuster G\u00fcrteltasche Cambag Tessa mit N\u00e4hanleitung","description":"N\u00e4h dir eine G\u00fcrteltasche in 2 Gr\u00f6\u00dfen und zwei Formen. Auf der R\u00fcckseite sind Schlaufen f\u00fcr ein Gurtband oder deinen eigenen G\u00fcrtel. Mit N\u00e4hanleitung.","robots":{"index":"index","follow":"follow","max-snippet":"max-snippet:-1","max-image-preview":"max-image-preview:large","max-video-preview":"max-video-preview:-1"},"canonical":"https:\/\/crearesa.de\/shop\/produkt\/guerteltasche-schnittmuster-cambag-tessa\/","og_locale":"de_DE","og_type":"article","og_title":"Schnittmuster G\u00fcrteltasche Cambag Tessa mit N\u00e4hanleitung","og_description":"N\u00e4h dir eine G\u00fcrteltasche in 2 Gr\u00f6\u00dfen und zwei Formen. Auf der R\u00fcckseite sind Schlaufen f\u00fcr ein Gurtband oder deinen eigenen G\u00fcrtel. Mit N\u00e4hanleitung.","og_url":"https:\/\/crearesa.de\/shop\/produkt\/guerteltasche-schnittmuster-cambag-tessa\/","og_site_name":"creaResa - sch\u00f6ne Sachen selber machen","article_publisher":"https:\/\/www.facebook.com\/crearesa\/","article_modified_time":"2022-09-16T15:38:49+00:00","og_image":[{"width":1080,"height":1080,"url":"https:\/\/crearesa.de\/shop\/wp-content\/uploads\/2018\/06\/cambag-tessa-mirror-1.jpg","type":"image\/jpeg"}],"twitter_card":"summary_large_image","twitter_misc":{"Gesch\u00e4tzte Lesezeit":"1\u00a0Minute"},"schema":{"@context":"https:\/\/schema.org","@graph":[{"@type":"WebPage","@id":"https:\/\/crearesa.de\/shop\/produkt\/guerteltasche-schnittmuster-cambag-tessa\/","url":"https:\/\/crearesa.de\/shop\/produkt\/guerteltasche-schnittmuster-cambag-tessa\/","name":"Schnittmuster G\u00fcrteltasche Cambag Tessa mit N\u00e4hanleitung","isPartOf":{"@id":"https:\/\/crearesa.de\/shop\/#website"},"primaryImageOfPage":{"@id":"https:\/\/crearesa.de\/shop\/produkt\/guerteltasche-schnittmuster-cambag-tessa\/#primaryimage"},"image":{"@id":"https:\/\/crearesa.de\/shop\/produkt\/guerteltasche-schnittmuster-cambag-tessa\/#primaryimage"},"thumbnailUrl":"https:\/\/crearesa.de\/shop\/wp-content\/uploads\/2018\/06\/cambag-tessa-mirror-1.jpg","datePublished":"2018-06-25T21:45:12+00:00","dateModified":"2022-09-16T15:38:49+00:00","description":"N\u00e4h dir eine G\u00fcrteltasche in 2 Gr\u00f6\u00dfen und zwei Formen. Auf der R\u00fcckseite sind Schlaufen f\u00fcr ein Gurtband oder deinen eigenen G\u00fcrtel. Mit N\u00e4hanleitung.","breadcrumb":{"@id":"https:\/\/crearesa.de\/shop\/produkt\/guerteltasche-schnittmuster-cambag-tessa\/#breadcrumb"},"inLanguage":"de","potentialAction":[{"@type":"ReadAction","target":["https:\/\/crearesa.de\/shop\/produkt\/guerteltasche-schnittmuster-cambag-tessa\/"]}]},{"@type":"ImageObject","inLanguage":"de","@id":"https:\/\/crearesa.de\/shop\/produkt\/guerteltasche-schnittmuster-cambag-tessa\/#primaryimage","url":"https:\/\/crearesa.de\/shop\/wp-content\/uploads\/2018\/06\/cambag-tessa-mirror-1.jpg","contentUrl":"https:\/\/crearesa.de\/shop\/wp-content\/uploads\/2018\/06\/cambag-tessa-mirror-1.jpg","width":1080,"height":1080},{"@type":"BreadcrumbList","@id":"https:\/\/crearesa.de\/shop\/produkt\/guerteltasche-schnittmuster-cambag-tessa\/#breadcrumb","itemListElement":[{"@type":"ListItem","position":1,"name":"Startseite","item":"https:\/\/crearesa.de\/shop\/"},{"@type":"ListItem","position":2,"name":"Schnittmuster Shop","item":"https:\/\/crearesa.de\/shop\/"},{"@type":"ListItem","position":3,"name":"G\u00fcrteltasche Cambag Tessa"}]},{"@type":"WebSite","@id":"https:\/\/crearesa.de\/shop\/#website","url":"https:\/\/crearesa.de\/shop\/","name":"creaResa - sch\u00f6ne Sachen selber machen","description":"Shop f\u00fcr Schnittmuster und N\u00e4hpakete","publisher":{"@id":"https:\/\/crearesa.de\/shop\/#organization"},"potentialAction":[{"@type":"SearchAction","target":{"@type":"EntryPoint","urlTemplate":"https:\/\/crearesa.de\/shop\/?s={search_term_string}"},"query-input":{"@type":"PropertyValueSpecification","valueRequired":true,"valueName":"search_term_string"}}],"inLanguage":"de"},{"@type":"Organization","@id":"https:\/\/crearesa.de\/shop\/#organization","name":"creaResa","url":"https:\/\/crearesa.de\/shop\/","logo":{"@type":"ImageObject","inLanguage":"de","@id":"https:\/\/crearesa.de\/shop\/#\/schema\/logo\/image\/","url":"https:\/\/crearesa.de\/shop\/wp-content\/uploads\/2020\/06\/logo_crearesa-1.png","contentUrl":"https:\/\/crearesa.de\/shop\/wp-content\/uploads\/2020\/06\/logo_crearesa-1.png","width":400,"height":172,"caption":"creaResa"},"image":{"@id":"https:\/\/crearesa.de\/shop\/#\/schema\/logo\/image\/"},"sameAs":["https:\/\/www.facebook.com\/crearesa\/","https:\/\/www.instagram.com\/crearesa\/","https:\/\/www.pinterest.de\/resa_crearesa\/"]}]}},"_links":{"self":[{"href":"https:\/\/crearesa.de\/shop\/wp-json\/wp\/v2\/product\/6683","targetHints":{"allow":["GET"]}}],"collection":[{"href":"https:\/\/crearesa.de\/shop\/wp-json\/wp\/v2\/product"}],"about":[{"href":"https:\/\/crearesa.de\/shop\/wp-json\/wp\/v2\/types\/product"}],"replies":[{"embeddable":true,"href":"https:\/\/crearesa.de\/shop\/wp-json\/wp\/v2\/comments?post=6683"}],"wp:featuredmedia":[{"embeddable":true,"href":"https:\/\/crearesa.de\/shop\/wp-json\/wp\/v2\/media\/11571"}],"wp:attachment":[{"href":"https:\/\/crearesa.de\/shop\/wp-json\/wp\/v2\/media?parent=6683"}],"wp:term":[{"taxonomy":"product_brand","embeddable":true,"href":"https:\/\/crearesa.de\/shop\/wp-json\/wp\/v2\/product_brand?post=6683"},{"taxonomy":"product_cat","embeddable":true,"href":"https:\/\/crearesa.de\/shop\/wp-json\/wp\/v2\/product_cat?post=6683"},{"taxonomy":"product_tag","embeddable":true,"href":"https:\/\/crearesa.de\/shop\/wp-json\/wp\/v2\/product_tag?post=6683"}],"curies":[{"name":"wp","href":"https:\/\/api.w.org\/{rel}","templated":true}]}}