{"id":9094,"date":"2018-11-12T20:39:34","date_gmt":"2018-11-12T19:39:34","guid":{"rendered":"https:\/\/shop.crearesa.de\/?post_type=product&#038;p=9094"},"modified":"2021-11-11T10:31:18","modified_gmt":"2021-11-11T09:31:18","slug":"rock-resa-mit-volant-schnittmuster","status":"publish","type":"product","link":"https:\/\/crearesa.de\/shop\/produkt\/rock-resa-mit-volant-schnittmuster\/","title":{"rendered":"Rock Resa mit Volant &#8211; Schnittmuster (E-Book)"},"content":{"rendered":"<p><span class=\"bold_text\"><strong>Der Rock Resa ist ein gerade geschnittener Rock mit einem modischen Volant am Saum.<\/strong>\u00a0Der Rock wird aus dehnbaren Stoffen gen\u00e4ht und hat eine perfekte Passform auch ohne Rei\u00dfverschluss. Dass der Rock Resa einen bequemen Gummizug hat, merkt nur die Tr\u00e4gerin, denn dank des figurfreundlichen Schnittes tr\u00e4gt der Rock keinesfalls auf.\u00a0Du kannst den Rock sogar\u00a0<strong>f\u00fcttern<\/strong> oder mit diesem Schnitt einen <strong>separaten Futterrock<\/strong> n\u00e4hen. <\/span><\/p>\n<p><strong>So l\u00e4sst sich der Rock beschreiben<\/strong><\/p>\n<div class=\"thrv_wrapper thrv_bullets_shortcode\">\n<ul class=\"tve_ul tve_ul3 tve_red\">\n<li class=\"\">Rock aus dehnbarem Strickstoff oder gewebtem Stretchstoff<\/li>\n<li class=\"\">mit Gummizug, daher schnell gen\u00e4ht<\/li>\n<li>Schmal um die Hu\u0308fte und mit Volantsaum formt der Rock weibliche Kurven<\/li>\n<li>der Rock sitzt eher auf der Hu\u0308fte<\/li>\n<li>variable Volantl\u00e4nge: von mini bis u\u0308bers Knie<\/li>\n<li>optional: Gu\u0308rtelschlaufen<\/li>\n<li>optional: mit Futter oder extra Futterrock<\/li>\n<li>geht bu\u0308rotauglich, fu\u0308r die Freizeit und festlich<\/li>\n<li class=\"\">anf\u00e4ngerleicht und schnell gen\u00e4ht<\/li>\n<li class=\"\">kann mit der Haushaltsmaschine gen\u00e4ht werden (ohne Overlock)<\/li>\n<li class=\"\">Gr\u00f6\u00dfe 34 bis 50 (H\u00fcftweite von ca. 92 cm bis \u00a0ca. 124 cm)<\/li>\n<\/ul>\n<\/div>\n<p><strong>Das E-Book enth\u00e4lt das Schnittmuster in Gr\u00f6\u00dfe 34 bis 50<\/strong>. Eine ausf\u00fchrliche Schritt-f\u00fcr-Schritt-Anleitung mit zahlreichen Fotos richtet sich vor allem an N\u00e4hanf\u00e4nger.<\/p>\n<p>Erg\u00e4nzend zur Anleitung findest du im E-Book <strong>viele Tipps<\/strong> und auch Grundlagenwissen f\u00fcr Anf\u00e4nger die ohne Overlockmaschine n\u00e4hen. Insbesondere wird auch auf die Verarbeitung von Jersey eingegangen.<\/p>\n<p><strong>Nach dem Kauf kannst du das E-Book herunterladen und selber ausdrucken.<\/strong><\/p>\n<p><a href=\"https:\/\/crearesa.de\/schnittmuster-e-book-ausdrucken-und-kleben\/\" target=\"_blank\" rel=\"noopener noreferrer\">&gt;&gt; Eine Anleitung dazu findest du auf meinem Blog.<\/a><\/p>\n<p><strong>f\u00fcr mehr Designbeispiele und Tutorials st\u00f6bere durch meinen Blog\u00a0<a href=\"https:\/\/crearesa.de\/rock-mit-volant-naehen\/\" rel=\"noopener noreferrer\">www.crearesa.de<\/a><\/strong><\/p>\n<p>F\u00fcr alle Blogger unter euch: Zeigt uns eure fertigen R\u00f6cke\u00a0auf <a href=\"https:\/\/www.instagram.com\/explore\/tags\/rockresa\/\" target=\"_blank\" rel=\"noopener noreferrer\">Instagram unter #rockresa<\/a>\u00a0 <a href=\"https:\/\/www.instagram.com\/explore\/tags\/rockresamitvolant\/\" target=\"_blank\" rel=\"noopener noreferrer\">#rockresamitvolant<\/a> #crearesa<\/p>\n","protected":false},"excerpt":{"rendered":"<p><strong>Schnittmuster und N\u00e4hanleitung f\u00fcr den Rock Resa mit Volant<\/strong><\/p>\n<div class=\"thrv_wrapper thrv_bullets_shortcode\">\n<ul>\n<li>Rock mit Gummizug, daher anf\u00e4ngerleicht und schnell gen\u00e4ht<\/li>\n<li>perfekte Passform auch ohne Rei\u00dfverschluss<\/li>\n<li>Schmal um die Hu\u0308fte und mit Volantsaum formt der Rock weibliche Kurven<\/li>\n<li>der Rock sitzt eher auf der Hu\u0308fte<\/li>\n<li>variable Volantl\u00e4nge: von mini bis u\u0308bers Knie<\/li>\n<li>optional: Gu\u0308rtelschlaufen<\/li>\n<li>optional: mit Futter oder extra Futterrock<\/li>\n<li>geht bu\u0308rotauglich, fu\u0308r die Freizeit und festlich<\/li>\n<li>mit vielen Tipps f\u00fcr N\u00e4hanf\u00e4nger<\/li>\n<\/ul>\n<p>F\u00fcr alle, die das Schnittmuster &#8220;Rock Resa&#8221; bereits haben, gibt es als Erweiterung das Schnittmuster &#8220;Volant f\u00fcr R\u00f6cke, Kleider, Blusen, Shirts&#8221;.<\/p>\n<\/div>\n<p>&nbsp;<\/p>\n","protected":false},"featured_media":11582,"comment_status":"open","ping_status":"closed","template":"","meta":{"site-sidebar-layout":"default","site-content-layout":"","ast-site-content-layout":"default","site-content-style":"default","site-sidebar-style":"default","ast-global-header-display":"","ast-banner-title-visibility":"","ast-main-header-display":"","ast-hfb-above-header-display":"","ast-hfb-below-header-display":"","ast-hfb-mobile-header-display":"","site-post-title":"","ast-breadcrumbs-content":"","ast-featured-img":"","footer-sml-layout":"","ast-disable-related-posts":"","theme-transparent-header-meta":"","adv-header-id-meta":"","stick-header-meta":"","header-above-stick-meta":"","header-main-stick-meta":"","header-below-stick-meta":"","astra-migrate-meta-layouts":"default","ast-page-background-enabled":"default","ast-page-background-meta":{"desktop":{"background-color":"","background-image":"","background-repeat":"repeat","background-position":"center center","background-size":"auto","background-attachment":"scroll","background-type":"","background-media":"","overlay-type":"","overlay-color":"","overlay-opacity":"","overlay-gradient":""},"tablet":{"background-color":"","background-image":"","background-repeat":"repeat","background-position":"center center","background-size":"auto","background-attachment":"scroll","background-type":"","background-media":"","overlay-type":"","overlay-color":"","overlay-opacity":"","overlay-gradient":""},"mobile":{"background-color":"","background-image":"","background-repeat":"repeat","background-position":"center center","background-size":"auto","background-attachment":"scroll","background-type":"","background-media":"","overlay-type":"","overlay-color":"","overlay-opacity":"","overlay-gradient":""}},"ast-content-background-meta":{"desktop":{"background-color":"var(--ast-global-color-5)","background-image":"","background-repeat":"repeat","background-position":"center center","background-size":"auto","background-attachment":"scroll","background-type":"","background-media":"","overlay-type":"","overlay-color":"","overlay-opacity":"","overlay-gradient":""},"tablet":{"background-color":"var(--ast-global-color-5)","background-image":"","background-repeat":"repeat","background-position":"center center","background-size":"auto","background-attachment":"scroll","background-type":"","background-media":"","overlay-type":"","overlay-color":"","overlay-opacity":"","overlay-gradient":""},"mobile":{"background-color":"var(--ast-global-color-5)","background-image":"","background-repeat":"repeat","background-position":"center center","background-size":"auto","background-attachment":"scroll","background-type":"","background-media":"","overlay-type":"","overlay-color":"","overlay-opacity":"","overlay-gradient":""}}},"product_brand":[],"product_cat":[35],"product_tag":[89,90,92,97],"class_list":{"0":"post-9094","1":"product","2":"type-product","3":"status-publish","4":"has-post-thumbnail","6":"product_cat-schnittmuster-fuer-damen-und-kinder","7":"product_tag-volant","8":"product_tag-rock","9":"product_tag-rock-resa","10":"product_tag-damen","11":"desktop-align-left","12":"tablet-align-left","13":"mobile-align-left","14":"ast-product-gallery-layout-horizontal","15":"ast-product-tabs-layout-vertical","17":"first","18":"instock","19":"downloadable","20":"virtual","21":"sold-individually","22":"taxable","23":"purchasable","24":"product-type-simple"},"yoast_head":"<!-- This site is optimized with the Yoast SEO plugin v27.1.1 - https:\/\/yoast.com\/product\/yoast-seo-wordpress\/ -->\n<title>Rock Resa mit Volant - Schnittmuster (E-Book) - creaResa - sch\u00f6ne Sachen selber machen<\/title>\n<meta name=\"robots\" content=\"index, follow, max-snippet:-1, max-image-preview:large, max-video-preview:-1\" \/>\n<link rel=\"canonical\" href=\"https:\/\/crearesa.de\/shop\/produkt\/rock-resa-mit-volant-schnittmuster\/\" \/>\n<meta property=\"og:locale\" content=\"de_DE\" \/>\n<meta property=\"og:type\" content=\"article\" \/>\n<meta property=\"og:title\" content=\"Rock Resa mit Volant - Schnittmuster (E-Book) - creaResa - sch\u00f6ne Sachen selber machen\" \/>\n<meta property=\"og:description\" content=\"Schnittmuster und N\u00e4hanleitung f\u00fcr den Rock Resa mit Volant    Rock mit Gummizug, daher anf\u00e4ngerleicht und schnell gen\u00e4ht  perfekte Passform auch ohne Rei\u00dfverschluss  Schmal um die Hu\u0308fte und mit Volantsaum formt der Rock weibliche Kurven  der Rock sitzt eher auf der Hu\u0308fte  variable Volantl\u00e4nge: von mini bis u\u0308bers Knie  optional: Gu\u0308rtelschlaufen  optional: mit Futter oder extra Futterrock  geht bu\u0308rotauglich, fu\u0308r die Freizeit und festlich  mit vielen Tipps f\u00fcr N\u00e4hanf\u00e4nger  F\u00fcr alle, die das Schnittmuster &quot;Rock Resa&quot; bereits haben, gibt es als Erweiterung das Schnittmuster &quot;Volant f\u00fcr R\u00f6cke, Kleider, Blusen, Shirts&quot;.   &nbsp;\" \/>\n<meta property=\"og:url\" content=\"https:\/\/crearesa.de\/shop\/produkt\/rock-resa-mit-volant-schnittmuster\/\" \/>\n<meta property=\"og:site_name\" content=\"creaResa - sch\u00f6ne Sachen selber machen\" \/>\n<meta property=\"article:publisher\" content=\"https:\/\/www.facebook.com\/crearesa\/\" \/>\n<meta property=\"article:modified_time\" content=\"2021-11-11T09:31:18+00:00\" \/>\n<meta property=\"og:image\" content=\"https:\/\/crearesa.de\/shop\/wp-content\/uploads\/2018\/11\/rockresa-imagefilm-23.jpg\" \/>\n\t<meta property=\"og:image:width\" content=\"1080\" \/>\n\t<meta property=\"og:image:height\" content=\"1080\" \/>\n\t<meta property=\"og:image:type\" content=\"image\/jpeg\" \/>\n<meta name=\"twitter:card\" content=\"summary_large_image\" \/>\n<meta name=\"twitter:label1\" content=\"Gesch\u00e4tzte Lesezeit\" \/>\n\t<meta name=\"twitter:data1\" content=\"1\u00a0Minute\" \/>\n<script type=\"application\/ld+json\" class=\"yoast-schema-graph\">{\"@context\":\"https:\/\/schema.org\",\"@graph\":[{\"@type\":\"WebPage\",\"@id\":\"https:\/\/crearesa.de\/shop\/produkt\/rock-resa-mit-volant-schnittmuster\/\",\"url\":\"https:\/\/crearesa.de\/shop\/produkt\/rock-resa-mit-volant-schnittmuster\/\",\"name\":\"Rock Resa mit Volant - Schnittmuster (E-Book) - creaResa - sch\u00f6ne Sachen selber machen\",\"isPartOf\":{\"@id\":\"https:\/\/crearesa.de\/shop\/#website\"},\"primaryImageOfPage\":{\"@id\":\"https:\/\/crearesa.de\/shop\/produkt\/rock-resa-mit-volant-schnittmuster\/#primaryimage\"},\"image\":{\"@id\":\"https:\/\/crearesa.de\/shop\/produkt\/rock-resa-mit-volant-schnittmuster\/#primaryimage\"},\"thumbnailUrl\":\"https:\/\/crearesa.de\/shop\/wp-content\/uploads\/2018\/11\/rockresa-imagefilm-23.jpg\",\"datePublished\":\"2018-11-12T19:39:34+00:00\",\"dateModified\":\"2021-11-11T09:31:18+00:00\",\"breadcrumb\":{\"@id\":\"https:\/\/crearesa.de\/shop\/produkt\/rock-resa-mit-volant-schnittmuster\/#breadcrumb\"},\"inLanguage\":\"de\",\"potentialAction\":[{\"@type\":\"ReadAction\",\"target\":[\"https:\/\/crearesa.de\/shop\/produkt\/rock-resa-mit-volant-schnittmuster\/\"]}]},{\"@type\":\"ImageObject\",\"inLanguage\":\"de\",\"@id\":\"https:\/\/crearesa.de\/shop\/produkt\/rock-resa-mit-volant-schnittmuster\/#primaryimage\",\"url\":\"https:\/\/crearesa.de\/shop\/wp-content\/uploads\/2018\/11\/rockresa-imagefilm-23.jpg\",\"contentUrl\":\"https:\/\/crearesa.de\/shop\/wp-content\/uploads\/2018\/11\/rockresa-imagefilm-23.jpg\",\"width\":1080,\"height\":1080},{\"@type\":\"BreadcrumbList\",\"@id\":\"https:\/\/crearesa.de\/shop\/produkt\/rock-resa-mit-volant-schnittmuster\/#breadcrumb\",\"itemListElement\":[{\"@type\":\"ListItem\",\"position\":1,\"name\":\"Startseite\",\"item\":\"https:\/\/crearesa.de\/shop\/\"},{\"@type\":\"ListItem\",\"position\":2,\"name\":\"Schnittmuster Shop\",\"item\":\"https:\/\/crearesa.de\/shop\/\"},{\"@type\":\"ListItem\",\"position\":3,\"name\":\"Rock Resa mit Volant &#8211; Schnittmuster (E-Book)\"}]},{\"@type\":\"WebSite\",\"@id\":\"https:\/\/crearesa.de\/shop\/#website\",\"url\":\"https:\/\/crearesa.de\/shop\/\",\"name\":\"creaResa - sch\u00f6ne Sachen selber machen\",\"description\":\"Shop f\u00fcr Schnittmuster und N\u00e4hpakete\",\"publisher\":{\"@id\":\"https:\/\/crearesa.de\/shop\/#organization\"},\"potentialAction\":[{\"@type\":\"SearchAction\",\"target\":{\"@type\":\"EntryPoint\",\"urlTemplate\":\"https:\/\/crearesa.de\/shop\/?s={search_term_string}\"},\"query-input\":{\"@type\":\"PropertyValueSpecification\",\"valueRequired\":true,\"valueName\":\"search_term_string\"}}],\"inLanguage\":\"de\"},{\"@type\":\"Organization\",\"@id\":\"https:\/\/crearesa.de\/shop\/#organization\",\"name\":\"creaResa\",\"url\":\"https:\/\/crearesa.de\/shop\/\",\"logo\":{\"@type\":\"ImageObject\",\"inLanguage\":\"de\",\"@id\":\"https:\/\/crearesa.de\/shop\/#\/schema\/logo\/image\/\",\"url\":\"https:\/\/crearesa.de\/shop\/wp-content\/uploads\/2020\/06\/logo_crearesa-1.png\",\"contentUrl\":\"https:\/\/crearesa.de\/shop\/wp-content\/uploads\/2020\/06\/logo_crearesa-1.png\",\"width\":400,\"height\":172,\"caption\":\"creaResa\"},\"image\":{\"@id\":\"https:\/\/crearesa.de\/shop\/#\/schema\/logo\/image\/\"},\"sameAs\":[\"https:\/\/www.facebook.com\/crearesa\/\",\"https:\/\/www.instagram.com\/crearesa\/\",\"https:\/\/www.pinterest.de\/resa_crearesa\/\"]}]}<\/script>\n<!-- \/ Yoast SEO plugin. -->","yoast_head_json":{"title":"Rock Resa mit Volant - Schnittmuster (E-Book) - creaResa - sch\u00f6ne Sachen selber machen","robots":{"index":"index","follow":"follow","max-snippet":"max-snippet:-1","max-image-preview":"max-image-preview:large","max-video-preview":"max-video-preview:-1"},"canonical":"https:\/\/crearesa.de\/shop\/produkt\/rock-resa-mit-volant-schnittmuster\/","og_locale":"de_DE","og_type":"article","og_title":"Rock Resa mit Volant - Schnittmuster (E-Book) - creaResa - sch\u00f6ne Sachen selber machen","og_description":"Schnittmuster und N\u00e4hanleitung f\u00fcr den Rock Resa mit Volant    Rock mit Gummizug, daher anf\u00e4ngerleicht und schnell gen\u00e4ht  perfekte Passform auch ohne Rei\u00dfverschluss  Schmal um die Hu\u0308fte und mit Volantsaum formt der Rock weibliche Kurven  der Rock sitzt eher auf der Hu\u0308fte  variable Volantl\u00e4nge: von mini bis u\u0308bers Knie  optional: Gu\u0308rtelschlaufen  optional: mit Futter oder extra Futterrock  geht bu\u0308rotauglich, fu\u0308r die Freizeit und festlich  mit vielen Tipps f\u00fcr N\u00e4hanf\u00e4nger  F\u00fcr alle, die das Schnittmuster \"Rock Resa\" bereits haben, gibt es als Erweiterung das Schnittmuster \"Volant f\u00fcr R\u00f6cke, Kleider, Blusen, Shirts\".   &nbsp;","og_url":"https:\/\/crearesa.de\/shop\/produkt\/rock-resa-mit-volant-schnittmuster\/","og_site_name":"creaResa - sch\u00f6ne Sachen selber machen","article_publisher":"https:\/\/www.facebook.com\/crearesa\/","article_modified_time":"2021-11-11T09:31:18+00:00","og_image":[{"width":1080,"height":1080,"url":"https:\/\/crearesa.de\/shop\/wp-content\/uploads\/2018\/11\/rockresa-imagefilm-23.jpg","type":"image\/jpeg"}],"twitter_card":"summary_large_image","twitter_misc":{"Gesch\u00e4tzte Lesezeit":"1\u00a0Minute"},"schema":{"@context":"https:\/\/schema.org","@graph":[{"@type":"WebPage","@id":"https:\/\/crearesa.de\/shop\/produkt\/rock-resa-mit-volant-schnittmuster\/","url":"https:\/\/crearesa.de\/shop\/produkt\/rock-resa-mit-volant-schnittmuster\/","name":"Rock Resa mit Volant - Schnittmuster (E-Book) - creaResa - sch\u00f6ne Sachen selber machen","isPartOf":{"@id":"https:\/\/crearesa.de\/shop\/#website"},"primaryImageOfPage":{"@id":"https:\/\/crearesa.de\/shop\/produkt\/rock-resa-mit-volant-schnittmuster\/#primaryimage"},"image":{"@id":"https:\/\/crearesa.de\/shop\/produkt\/rock-resa-mit-volant-schnittmuster\/#primaryimage"},"thumbnailUrl":"https:\/\/crearesa.de\/shop\/wp-content\/uploads\/2018\/11\/rockresa-imagefilm-23.jpg","datePublished":"2018-11-12T19:39:34+00:00","dateModified":"2021-11-11T09:31:18+00:00","breadcrumb":{"@id":"https:\/\/crearesa.de\/shop\/produkt\/rock-resa-mit-volant-schnittmuster\/#breadcrumb"},"inLanguage":"de","potentialAction":[{"@type":"ReadAction","target":["https:\/\/crearesa.de\/shop\/produkt\/rock-resa-mit-volant-schnittmuster\/"]}]},{"@type":"ImageObject","inLanguage":"de","@id":"https:\/\/crearesa.de\/shop\/produkt\/rock-resa-mit-volant-schnittmuster\/#primaryimage","url":"https:\/\/crearesa.de\/shop\/wp-content\/uploads\/2018\/11\/rockresa-imagefilm-23.jpg","contentUrl":"https:\/\/crearesa.de\/shop\/wp-content\/uploads\/2018\/11\/rockresa-imagefilm-23.jpg","width":1080,"height":1080},{"@type":"BreadcrumbList","@id":"https:\/\/crearesa.de\/shop\/produkt\/rock-resa-mit-volant-schnittmuster\/#breadcrumb","itemListElement":[{"@type":"ListItem","position":1,"name":"Startseite","item":"https:\/\/crearesa.de\/shop\/"},{"@type":"ListItem","position":2,"name":"Schnittmuster Shop","item":"https:\/\/crearesa.de\/shop\/"},{"@type":"ListItem","position":3,"name":"Rock Resa mit Volant &#8211; Schnittmuster (E-Book)"}]},{"@type":"WebSite","@id":"https:\/\/crearesa.de\/shop\/#website","url":"https:\/\/crearesa.de\/shop\/","name":"creaResa - sch\u00f6ne Sachen selber machen","description":"Shop f\u00fcr Schnittmuster und N\u00e4hpakete","publisher":{"@id":"https:\/\/crearesa.de\/shop\/#organization"},"potentialAction":[{"@type":"SearchAction","target":{"@type":"EntryPoint","urlTemplate":"https:\/\/crearesa.de\/shop\/?s={search_term_string}"},"query-input":{"@type":"PropertyValueSpecification","valueRequired":true,"valueName":"search_term_string"}}],"inLanguage":"de"},{"@type":"Organization","@id":"https:\/\/crearesa.de\/shop\/#organization","name":"creaResa","url":"https:\/\/crearesa.de\/shop\/","logo":{"@type":"ImageObject","inLanguage":"de","@id":"https:\/\/crearesa.de\/shop\/#\/schema\/logo\/image\/","url":"https:\/\/crearesa.de\/shop\/wp-content\/uploads\/2020\/06\/logo_crearesa-1.png","contentUrl":"https:\/\/crearesa.de\/shop\/wp-content\/uploads\/2020\/06\/logo_crearesa-1.png","width":400,"height":172,"caption":"creaResa"},"image":{"@id":"https:\/\/crearesa.de\/shop\/#\/schema\/logo\/image\/"},"sameAs":["https:\/\/www.facebook.com\/crearesa\/","https:\/\/www.instagram.com\/crearesa\/","https:\/\/www.pinterest.de\/resa_crearesa\/"]}]}},"_links":{"self":[{"href":"https:\/\/crearesa.de\/shop\/wp-json\/wp\/v2\/product\/9094","targetHints":{"allow":["GET"]}}],"collection":[{"href":"https:\/\/crearesa.de\/shop\/wp-json\/wp\/v2\/product"}],"about":[{"href":"https:\/\/crearesa.de\/shop\/wp-json\/wp\/v2\/types\/product"}],"replies":[{"embeddable":true,"href":"https:\/\/crearesa.de\/shop\/wp-json\/wp\/v2\/comments?post=9094"}],"wp:featuredmedia":[{"embeddable":true,"href":"https:\/\/crearesa.de\/shop\/wp-json\/wp\/v2\/media\/11582"}],"wp:attachment":[{"href":"https:\/\/crearesa.de\/shop\/wp-json\/wp\/v2\/media?parent=9094"}],"wp:term":[{"taxonomy":"product_brand","embeddable":true,"href":"https:\/\/crearesa.de\/shop\/wp-json\/wp\/v2\/product_brand?post=9094"},{"taxonomy":"product_cat","embeddable":true,"href":"https:\/\/crearesa.de\/shop\/wp-json\/wp\/v2\/product_cat?post=9094"},{"taxonomy":"product_tag","embeddable":true,"href":"https:\/\/crearesa.de\/shop\/wp-json\/wp\/v2\/product_tag?post=9094"}],"curies":[{"name":"wp","href":"https:\/\/api.w.org\/{rel}","templated":true}]}}